{"id":532,"date":"2022-05-05T02:59:21","date_gmt":"2022-05-05T02:59:21","guid":{"rendered":"https:\/\/plazart.templaza.net\/?post_type=product&#038;p=532"},"modified":"2025-05-30T20:11:47","modified_gmt":"2025-05-30T19:11:47","slug":"all-season-rooftop-tent-built-for-extremes-designed-for-comfort","status":"publish","type":"product","link":"https:\/\/wildcatcampers.eu\/lv\/product\/all-season-rooftop-tent-built-for-extremes-designed-for-comfort\/","title":{"rendered":"Vissezonas jumta telts \u2013 rad\u012bta ekstrem\u0101l\u0101m situ\u0101cij\u0101m. Rad\u012bta komfortam."},"content":{"rendered":"<p>Tiem, kas dodas t\u0101l\u0101k un paliek ilg\u0101k,\u00a0<strong>Visu sezonu jumta telts<\/strong>\u00a0ir j\u016bsu uzticamais sabiedrotais jebkuros laikapst\u0101k\u013cos. Ar iztur\u012bgu cieto apvalku, autom\u0101tisko atv\u0113r\u0161anas sist\u0113mu un uzlabot\u0101m izol\u0101cijas funkcij\u0101m \u0161\u012b telts ienes m\u0101ju komfortu dab\u0101 \u2014 neatkar\u012bgi no gadalaika.<\/p>\n<p>Rad\u012bts nopietniem p\u0113tniekiem, tas pied\u0101v\u0101\u00a0<strong>uzlabota aizsardz\u012bba<\/strong>\u00a0aizsardz\u012bba pret mitrumu, v\u0113ju un aukstumu, pateicoties t\u0101\u00a0<strong>no\u0146emama ziemas izol\u0101cija<\/strong>\u00a0un\u00a0<strong>mitrumiztur\u012bgs iek\u0161\u0113jais sl\u0101nis<\/strong>Biezais poliestera-kokvilnas audekls ar vair\u0101k nek\u0101\u00a0<strong>3000 mm \u016bdensnecaurlaid\u012bbas klase<\/strong>\u00a0Uztur j\u016bs sausu pat visskarb\u0101kajos apst\u0101k\u013cos, savuk\u0101rt paaugstin\u0101tais dizains nodro\u0161ina t\u012bru, l\u012bdzenu miegu virs zemes.<\/p>\n<p>Iek\u0161pus\u0113 j\u016bs atrad\u012bsiet p\u0101rdom\u0101tas deta\u013cas, piem\u0113ram,\u00a0<strong>integr\u0113ts LED apgaismojums<\/strong>, ieb\u016bv\u0113ta kontaktligzda,\u00a0<strong>\u0113rts matracis ar apak\u0161kl\u0101ju<\/strong>, un lieliska gaisa pl\u016bsma ar sieta pane\u013ciem un logiem. Katra deta\u013ca ir rad\u012bta ilgam kalpo\u0161anas laikam \u2014 un rad\u012bta, lai atst\u0101tu iespaidu.<\/p>\n<p><strong>Galven\u0101s iez\u012bmes:<\/strong><\/p>\n<ul>\n<li><strong>Atv\u0101\u017eams cietais apvalks<\/strong>aerodinamiskam profilam un \u0101trai izvieto\u0161anai<\/li>\n<li><strong>\u0100tra autom\u0101tisk\u0101 iestat\u012b\u0161ana<\/strong>\u2013 gatavs da\u017eu sekun\u017eu laik\u0101 ar minim\u0101lu piep\u016bli<\/li>\n<li><strong>Visu sezonu izol\u0101cija<\/strong>\u2013 no\u0146emams ziemas p\u0101rkl\u0101js aizsardz\u012bbai pret aukstumu<\/li>\n<li><strong>Mitrumu atgr\u016bdo\u0161s interjers<\/strong>\u2013 matracis ar mitrumiztur\u012bgu pamatni<\/li>\n<li><strong>\u016adensnecaurlaid\u012bgs audums (3000 mm+)<\/strong>\u2013 sniegumam visa gada garum\u0101<\/li>\n<li><strong>LED apgaismojums un kontaktligzda<\/strong>\u2013 gaisma un jauda tur, kur jums t\u0101 nepiecie\u0161ama<\/li>\n<li><strong>Komplekt\u0101 ietilpst k\u0101pnes, uzglab\u0101\u0161anas soma, mosk\u012btu t\u012bkli un citi piederumi<\/strong><\/li>\n<\/ul>","protected":false},"excerpt":{"rendered":"<p><strong>Specifik\u0101cijas:<\/strong><\/p>\n<ul>\n<li>Gu\u013cvietu skaits: 2 cilv\u0113ki<\/li>\n<li>Saloc\u012bt\u0101 veid\u0101 izm\u0113rs: 210 \u00d7 132 \u00d7 18 cm<\/li>\n<li>Izm\u0113rs atv\u0113rt\u0101 veid\u0101: 210 \u00d7 132 \u00d7 140 cm<\/li>\n<li>Svars: 70 kg<\/li>\n<li>Audums: 280 g poliestera-kokvilnas audekls<\/li>\n<li>Kr\u0101sa: pel\u0113ka ar oran\u017eu apmali<\/li>\n<li>Iepakojums: Pieg\u0101d\u0101ts iztur\u012bg\u0101 kartona kast\u0113. \u0160\u012b jumta telts ir augst\u0101k\u0101s klases uzlabojums tiem, kas sagaida vair\u0101k \u2014 liel\u0101ku iztur\u012bbu, liel\u0101ku komfortu, liel\u0101ku br\u012bv\u012bbu.<strong>Piedz\u012bvojumi jebkur\u0101 gadalaik\u0101. Gul\u0113t jebkuros laikapst\u0101k\u013cos. Ce\u013cot bez ierobe\u017eojumiem.<\/strong><\/li>\n<\/ul>","protected":false},"featured_media":24474,"comment_status":"open","ping_status":"closed","template":"","meta":[],"product_brand":[105],"product_cat":[106],"product_tag":[],"class_list":{"0":"post-532","1":"product","2":"type-product","3":"status-publish","4":"has-post-thumbnail","6":"product_brand-wild-cat","7":"product_cat-rooftop","8":"layout-1","9":"product-add-to-cart-ajax","11":"first","12":"instock","13":"sold-individually","14":"shipping-taxable","15":"purchasable","16":"product-type-simple"},"yoast_head":"<!-- This site is optimized with the Yoast SEO Premium plugin v25.2 (Yoast SEO v27.3) - https:\/\/yoast.com\/product\/yoast-seo-premium-wordpress\/ -->\n<title>All-Season Rooftop Tent \u2013 Built for Extremes. Designed for Comfort - Wildcat Campers<\/title>\n<meta name=\"robots\" content=\"index, follow, max-snippet:-1, max-image-preview:large, max-video-preview:-1\" \/>\n<link rel=\"canonical\" href=\"https:\/\/wildcatcampers.eu\/lv\/products\/all-season-rooftop-tent-built-for-extremes-designed-for-comfort\/\" \/>\n<meta property=\"og:locale\" content=\"lv_LV\" \/>\n<meta property=\"og:type\" content=\"article\" \/>\n<meta property=\"og:title\" content=\"All-Season Rooftop Tent \u2013 Built for Extremes. Designed for Comfort\" \/>\n<meta property=\"og:description\" content=\"Specifications:   Sleeping capacity: 2 people  Folded size: 210 \u00d7 132 \u00d7 18 cm  Opened size: 210 \u00d7 132 \u00d7 140 cm  Weight: 70 kg  Fabric: 280g polyester-cotton canvas  Color: Grey with orange trim  Packaging: Delivered in a durable cardboard boxThis rooftop tent is a premium upgrade for those who expect more \u2014 more durability, more comfort, more freedom.Adventure in any season. Sleep in any weather. Travel without limits.\" \/>\n<meta property=\"og:url\" content=\"https:\/\/wildcatcampers.eu\/lv\/products\/all-season-rooftop-tent-built-for-extremes-designed-for-comfort\/\" \/>\n<meta property=\"og:site_name\" content=\"Wildcat Campers\" \/>\n<meta property=\"article:modified_time\" content=\"2025-05-30T19:11:47+00:00\" \/>\n<meta property=\"og:image\" content=\"https:\/\/wildcatcampers.eu\/wp-content\/uploads\/2022\/05\/1-\u2014-\u043a\u043e\u043f\u0438\u044f.jpg\" \/>\n\t<meta property=\"og:image:width\" content=\"800\" \/>\n\t<meta property=\"og:image:height\" content=\"800\" \/>\n\t<meta property=\"og:image:type\" content=\"image\/jpeg\" \/>\n<meta name=\"twitter:card\" content=\"summary_large_image\" \/>\n<meta name=\"twitter:label1\" content=\"Est. reading time\" \/>\n\t<meta name=\"twitter:data1\" content=\"1 min\u016bte\" \/>\n<script type=\"application\/ld+json\" class=\"yoast-schema-graph\">{\"@context\":\"https:\\\/\\\/schema.org\",\"@graph\":[{\"@type\":\"WebPage\",\"@id\":\"https:\\\/\\\/wildcatcampers.eu\\\/product\\\/all-season-rooftop-tent-built-for-extremes-designed-for-comfort\\\/\",\"url\":\"https:\\\/\\\/wildcatcampers.eu\\\/product\\\/all-season-rooftop-tent-built-for-extremes-designed-for-comfort\\\/\",\"name\":\"All-Season Rooftop Tent \u2013 Built for Extremes. Designed for Comfort - Wildcat Campers\",\"isPartOf\":{\"@id\":\"https:\\\/\\\/wildcatcampers.eu\\\/#website\"},\"primaryImageOfPage\":{\"@id\":\"https:\\\/\\\/wildcatcampers.eu\\\/product\\\/all-season-rooftop-tent-built-for-extremes-designed-for-comfort\\\/#primaryimage\"},\"image\":{\"@id\":\"https:\\\/\\\/wildcatcampers.eu\\\/product\\\/all-season-rooftop-tent-built-for-extremes-designed-for-comfort\\\/#primaryimage\"},\"thumbnailUrl\":\"https:\\\/\\\/wildcatcampers.eu\\\/wp-content\\\/uploads\\\/2022\\\/05\\\/1-\u2014-\u043a\u043e\u043f\u0438\u044f.jpg\",\"datePublished\":\"2022-05-05T02:59:21+00:00\",\"dateModified\":\"2025-05-30T19:11:47+00:00\",\"breadcrumb\":{\"@id\":\"https:\\\/\\\/wildcatcampers.eu\\\/product\\\/all-season-rooftop-tent-built-for-extremes-designed-for-comfort\\\/#breadcrumb\"},\"inLanguage\":\"lv-LV\",\"potentialAction\":[{\"@type\":\"ReadAction\",\"target\":[\"https:\\\/\\\/wildcatcampers.eu\\\/product\\\/all-season-rooftop-tent-built-for-extremes-designed-for-comfort\\\/\"]}]},{\"@type\":\"ImageObject\",\"inLanguage\":\"lv-LV\",\"@id\":\"https:\\\/\\\/wildcatcampers.eu\\\/product\\\/all-season-rooftop-tent-built-for-extremes-designed-for-comfort\\\/#primaryimage\",\"url\":\"https:\\\/\\\/wildcatcampers.eu\\\/wp-content\\\/uploads\\\/2022\\\/05\\\/1-\u2014-\u043a\u043e\u043f\u0438\u044f.jpg\",\"contentUrl\":\"https:\\\/\\\/wildcatcampers.eu\\\/wp-content\\\/uploads\\\/2022\\\/05\\\/1-\u2014-\u043a\u043e\u043f\u0438\u044f.jpg\",\"width\":800,\"height\":800},{\"@type\":\"BreadcrumbList\",\"@id\":\"https:\\\/\\\/wildcatcampers.eu\\\/product\\\/all-season-rooftop-tent-built-for-extremes-designed-for-comfort\\\/#breadcrumb\",\"itemListElement\":[{\"@type\":\"ListItem\",\"position\":1,\"name\":\"Home\",\"item\":\"https:\\\/\\\/wildcatcampers.eu\\\/\"},{\"@type\":\"ListItem\",\"position\":2,\"name\":\"Produkte\",\"item\":\"https:\\\/\\\/wildcatcampers.eu\\\/de\\\/geschaft\\\/\"},{\"@type\":\"ListItem\",\"position\":3,\"name\":\"All-Season Rooftop Tent \u2013 Built for Extremes. Designed for Comfort\"}]},{\"@type\":\"WebSite\",\"@id\":\"https:\\\/\\\/wildcatcampers.eu\\\/#website\",\"url\":\"https:\\\/\\\/wildcatcampers.eu\\\/\",\"name\":\"Wild Cat Campers\",\"description\":\"When Adventure Meets Comfort\",\"publisher\":{\"@id\":\"https:\\\/\\\/wildcatcampers.eu\\\/#organization\"},\"potentialAction\":[{\"@type\":\"SearchAction\",\"target\":{\"@type\":\"EntryPoint\",\"urlTemplate\":\"https:\\\/\\\/wildcatcampers.eu\\\/?s={search_term_string}\"},\"query-input\":{\"@type\":\"PropertyValueSpecification\",\"valueRequired\":true,\"valueName\":\"search_term_string\"}}],\"inLanguage\":\"lv-LV\"},{\"@type\":\"Organization\",\"@id\":\"https:\\\/\\\/wildcatcampers.eu\\\/#organization\",\"name\":\"Wild Cat Campers\",\"url\":\"https:\\\/\\\/wildcatcampers.eu\\\/\",\"logo\":{\"@type\":\"ImageObject\",\"inLanguage\":\"lv-LV\",\"@id\":\"https:\\\/\\\/wildcatcampers.eu\\\/#\\\/schema\\\/logo\\\/image\\\/\",\"url\":\"https:\\\/\\\/wildcatcampers.eu\\\/wp-content\\\/uploads\\\/2025\\\/04\\\/WildCat_Wheel-1.png\",\"contentUrl\":\"https:\\\/\\\/wildcatcampers.eu\\\/wp-content\\\/uploads\\\/2025\\\/04\\\/WildCat_Wheel-1.png\",\"width\":1520,\"height\":1586,\"caption\":\"Wild Cat Campers\"},\"image\":{\"@id\":\"https:\\\/\\\/wildcatcampers.eu\\\/#\\\/schema\\\/logo\\\/image\\\/\"}}]}<\/script>\n<!-- \/ Yoast SEO Premium plugin. -->","yoast_head_json":{"title":"Vissezonas jumta telts \u2013 rad\u012bta ekstrem\u0101l\u0101m situ\u0101cij\u0101m. Rad\u012bta komfortam \u2013 Wildcat Campers","robots":{"index":"index","follow":"follow","max-snippet":"max-snippet:-1","max-image-preview":"max-image-preview:large","max-video-preview":"max-video-preview:-1"},"canonical":"https:\/\/wildcatcampers.eu\/lv\/products\/all-season-rooftop-tent-built-for-extremes-designed-for-comfort\/","og_locale":"lv_LV","og_type":"article","og_title":"All-Season Rooftop Tent \u2013 Built for Extremes. Designed for Comfort","og_description":"Specifications:   Sleeping capacity: 2 people  Folded size: 210 \u00d7 132 \u00d7 18 cm  Opened size: 210 \u00d7 132 \u00d7 140 cm  Weight: 70 kg  Fabric: 280g polyester-cotton canvas  Color: Grey with orange trim  Packaging: Delivered in a durable cardboard boxThis rooftop tent is a premium upgrade for those who expect more \u2014 more durability, more comfort, more freedom.Adventure in any season. Sleep in any weather. Travel without limits.","og_url":"https:\/\/wildcatcampers.eu\/lv\/products\/all-season-rooftop-tent-built-for-extremes-designed-for-comfort\/","og_site_name":"Wildcat Campers","article_modified_time":"2025-05-30T19:11:47+00:00","og_image":[{"width":800,"height":800,"url":"https:\/\/wildcatcampers.eu\/wp-content\/uploads\/2022\/05\/1-\u2014-\u043a\u043e\u043f\u0438\u044f.jpg","type":"image\/jpeg"}],"twitter_card":"summary_large_image","twitter_misc":{"Est. reading time":"1 min\u016bte"},"schema":{"@context":"https:\/\/schema.org","@graph":[{"@type":"WebPage","@id":"https:\/\/wildcatcampers.eu\/product\/all-season-rooftop-tent-built-for-extremes-designed-for-comfort\/","url":"https:\/\/wildcatcampers.eu\/product\/all-season-rooftop-tent-built-for-extremes-designed-for-comfort\/","name":"Vissezonas jumta telts \u2013 rad\u012bta ekstrem\u0101l\u0101m situ\u0101cij\u0101m. Rad\u012bta komfortam \u2013 Wildcat Campers","isPartOf":{"@id":"https:\/\/wildcatcampers.eu\/#website"},"primaryImageOfPage":{"@id":"https:\/\/wildcatcampers.eu\/product\/all-season-rooftop-tent-built-for-extremes-designed-for-comfort\/#primaryimage"},"image":{"@id":"https:\/\/wildcatcampers.eu\/product\/all-season-rooftop-tent-built-for-extremes-designed-for-comfort\/#primaryimage"},"thumbnailUrl":"https:\/\/wildcatcampers.eu\/wp-content\/uploads\/2022\/05\/1-\u2014-\u043a\u043e\u043f\u0438\u044f.jpg","datePublished":"2022-05-05T02:59:21+00:00","dateModified":"2025-05-30T19:11:47+00:00","breadcrumb":{"@id":"https:\/\/wildcatcampers.eu\/product\/all-season-rooftop-tent-built-for-extremes-designed-for-comfort\/#breadcrumb"},"inLanguage":"lv-LV","potentialAction":[{"@type":"ReadAction","target":["https:\/\/wildcatcampers.eu\/product\/all-season-rooftop-tent-built-for-extremes-designed-for-comfort\/"]}]},{"@type":"ImageObject","inLanguage":"lv-LV","@id":"https:\/\/wildcatcampers.eu\/product\/all-season-rooftop-tent-built-for-extremes-designed-for-comfort\/#primaryimage","url":"https:\/\/wildcatcampers.eu\/wp-content\/uploads\/2022\/05\/1-\u2014-\u043a\u043e\u043f\u0438\u044f.jpg","contentUrl":"https:\/\/wildcatcampers.eu\/wp-content\/uploads\/2022\/05\/1-\u2014-\u043a\u043e\u043f\u0438\u044f.jpg","width":800,"height":800},{"@type":"BreadcrumbList","@id":"https:\/\/wildcatcampers.eu\/product\/all-season-rooftop-tent-built-for-extremes-designed-for-comfort\/#breadcrumb","itemListElement":[{"@type":"ListItem","position":1,"name":"Home","item":"https:\/\/wildcatcampers.eu\/"},{"@type":"ListItem","position":2,"name":"Produkte","item":"https:\/\/wildcatcampers.eu\/de\/geschaft\/"},{"@type":"ListItem","position":3,"name":"All-Season Rooftop Tent \u2013 Built for Extremes. Designed for Comfort"}]},{"@type":"WebSite","@id":"https:\/\/wildcatcampers.eu\/#website","url":"https:\/\/wildcatcampers.eu\/","name":"Savva\u013cas ka\u0137u kempingi","description":"Kad piedz\u012bvojums satiekas ar komfortu","publisher":{"@id":"https:\/\/wildcatcampers.eu\/#organization"},"potentialAction":[{"@type":"SearchAction","target":{"@type":"EntryPoint","urlTemplate":"https:\/\/wildcatcampers.eu\/?s={search_term_string}"},"query-input":{"@type":"PropertyValueSpecification","valueRequired":true,"valueName":"search_term_string"}}],"inLanguage":"lv-LV"},{"@type":"Organization","@id":"https:\/\/wildcatcampers.eu\/#organization","name":"Savva\u013cas ka\u0137u kempingi","url":"https:\/\/wildcatcampers.eu\/","logo":{"@type":"ImageObject","inLanguage":"lv-LV","@id":"https:\/\/wildcatcampers.eu\/#\/schema\/logo\/image\/","url":"https:\/\/wildcatcampers.eu\/wp-content\/uploads\/2025\/04\/WildCat_Wheel-1.png","contentUrl":"https:\/\/wildcatcampers.eu\/wp-content\/uploads\/2025\/04\/WildCat_Wheel-1.png","width":1520,"height":1586,"caption":"Wild Cat Campers"},"image":{"@id":"https:\/\/wildcatcampers.eu\/#\/schema\/logo\/image\/"}}]}},"_links":{"self":[{"href":"https:\/\/wildcatcampers.eu\/lv\/wp-json\/wp\/v2\/product\/532","targetHints":{"allow":["GET"]}}],"collection":[{"href":"https:\/\/wildcatcampers.eu\/lv\/wp-json\/wp\/v2\/product"}],"about":[{"href":"https:\/\/wildcatcampers.eu\/lv\/wp-json\/wp\/v2\/types\/product"}],"replies":[{"embeddable":true,"href":"https:\/\/wildcatcampers.eu\/lv\/wp-json\/wp\/v2\/comments?post=532"}],"wp:featuredmedia":[{"embeddable":true,"href":"https:\/\/wildcatcampers.eu\/lv\/wp-json\/wp\/v2\/media\/24474"}],"wp:attachment":[{"href":"https:\/\/wildcatcampers.eu\/lv\/wp-json\/wp\/v2\/media?parent=532"}],"wp:term":[{"taxonomy":"product_brand","embeddable":true,"href":"https:\/\/wildcatcampers.eu\/lv\/wp-json\/wp\/v2\/product_brand?post=532"},{"taxonomy":"product_cat","embeddable":true,"href":"https:\/\/wildcatcampers.eu\/lv\/wp-json\/wp\/v2\/product_cat?post=532"},{"taxonomy":"product_tag","embeddable":true,"href":"https:\/\/wildcatcampers.eu\/lv\/wp-json\/wp\/v2\/product_tag?post=532"}],"curies":[{"name":"wp","href":"https:\/\/api.w.org\/{rel}","templated":true}]}}