{"id":24492,"date":"2025-05-30T20:03:43","date_gmt":"2025-05-30T19:03:43","guid":{"rendered":"https:\/\/wildcatcampers.eu\/?post_type=product&#038;p=24492"},"modified":"2025-07-11T11:00:55","modified_gmt":"2025-07-11T10:00:55","slug":"aluminum-case-car-side-awning-tent","status":"publish","type":"product","link":"https:\/\/wildcatcampers.eu\/lv\/product\/aluminum-case-car-side-awning-tent\/","title":{"rendered":"Alum\u012bnija korpusa automa\u0161\u012bnas s\u0101nu tentu telts"},"content":{"rendered":"<p>Iztur\u012bgs alum\u012bnija korpuss.<\/p>\n<p>Iztur\u012bga alum\u012bnija mark\u012bze nodro\u0161ina \u0101tru \u0113nu un patv\u0113rumu j\u016bsu transportl\u012bdzeklim. Ide\u0101li piem\u0113rota bezce\u013cu braucieniem un kempingam, t\u0101 nodro\u0161ina komfortu un aizsardz\u012bbu no saules un lietus. Ide\u0101li piem\u0113rota kempingam, eksped\u012bcij\u0101m un ce\u013cojumiem bezce\u013cos.<\/p>\n<p>Izm\u0113rs: 250 * 250 * 2,1 cm<br \/>\nR\u0101mis: alum\u012bnija sakaus\u0113jums<br \/>\nAudums: 420D rip-stop Oxford ar melnu PU p\u0101rkl\u0101jumu<br \/>\n1500\u20132000 mm platums\/\u016bdens\/att\u0101lums<br \/>\nK\u0101ts: alum\u012bnija k\u0101ts 22mm\/25mm<\/p>","protected":false},"excerpt":{"rendered":"<p>Iztur\u012bgs alum\u012bnija korpuss. Iztur\u012bga alum\u012bnija mark\u012bze nodro\u0161ina \u0101tru \u0113nu un patv\u0113rumu j\u016bsu transportl\u012bdzeklim. Ide\u0101li piem\u0113rota bezce\u013cu braucieniem un kempingam, t\u0101 nodro\u0161ina komfortu un aizsardz\u012bbu no saules un lietus. Ide\u0101li piem\u0113rota kempingam, eksped\u012bcij\u0101m un ce\u013cojumiem bezce\u013cos. Izm\u0113rs: 250 x 250 x 2,1 cm. R\u0101mis: alum\u012bnija sakaus\u0113jums. Audums: 420D rip-stop Oxford ar melnu p\u0101rkl\u0101jumu. PU 1500\u20132000 mm platums\/aizmugur\u0113jais platums\/att\u0101lums no apak\u0161as. K\u0101ts: alum\u012bnija k\u0101ts 22 mm\/25 mm.<\/p>","protected":false},"featured_media":24493,"comment_status":"open","ping_status":"closed","template":"","meta":[],"product_brand":[105],"product_cat":[106],"product_tag":[],"class_list":{"0":"post-24492","1":"product","2":"type-product","3":"status-publish","4":"has-post-thumbnail","6":"product_brand-wild-cat","7":"product_cat-rooftop","8":"layout-1","9":"product-add-to-cart-ajax","11":"first","12":"instock","13":"shipping-taxable","14":"purchasable","15":"product-type-simple"},"yoast_head":"<!-- This site is optimized with the Yoast SEO Premium plugin v25.2 (Yoast SEO v27.3) - https:\/\/yoast.com\/product\/yoast-seo-premium-wordpress\/ -->\n<title>Aluminum case car side awning tent - Wildcat Campers<\/title>\n<meta name=\"robots\" content=\"index, follow, max-snippet:-1, max-image-preview:large, max-video-preview:-1\" \/>\n<link rel=\"canonical\" href=\"https:\/\/wildcatcampers.eu\/lv\/products\/aluminum-case-car-side-awning-tent\/\" \/>\n<meta property=\"og:locale\" content=\"lv_LV\" \/>\n<meta property=\"og:type\" content=\"article\" \/>\n<meta property=\"og:title\" content=\"Aluminum case car side awning tent\" \/>\n<meta property=\"og:description\" content=\"Durable aluminum case. Durable aluminum case awning provides quick shade and shelter for your vehicle. Ideal for off-road trips and camping, it adds comfort and protection from sun and rain. Ideal for camping, expeditions, and off-road travel Size: 250*250*2.1CM Frame: Aluminum Alloy Fabric:420D rip-stop Oxford with black coating PU 1500-2000MM W\/P.W\/R Pole:Aluminum pole 22mm\/25mm\" \/>\n<meta property=\"og:url\" content=\"https:\/\/wildcatcampers.eu\/lv\/products\/aluminum-case-car-side-awning-tent\/\" \/>\n<meta property=\"og:site_name\" content=\"Wildcat Campers\" \/>\n<meta property=\"article:modified_time\" content=\"2025-07-11T10:00:55+00:00\" \/>\n<meta property=\"og:image\" content=\"https:\/\/wildcatcampers.eu\/wp-content\/uploads\/2025\/05\/afd5d4c8-4e5a-4f7f-b66b-cffebbc464ac.jpg\" \/>\n\t<meta property=\"og:image:width\" content=\"1600\" \/>\n\t<meta property=\"og:image:height\" content=\"1199\" \/>\n\t<meta property=\"og:image:type\" content=\"image\/jpeg\" \/>\n<meta name=\"twitter:card\" content=\"summary_large_image\" \/>\n<script type=\"application\/ld+json\" class=\"yoast-schema-graph\">{\"@context\":\"https:\\\/\\\/schema.org\",\"@graph\":[{\"@type\":\"WebPage\",\"@id\":\"https:\\\/\\\/wildcatcampers.eu\\\/product\\\/aluminum-case-car-side-awning-tent\\\/\",\"url\":\"https:\\\/\\\/wildcatcampers.eu\\\/product\\\/aluminum-case-car-side-awning-tent\\\/\",\"name\":\"Aluminum case car side awning tent - Wildcat Campers\",\"isPartOf\":{\"@id\":\"https:\\\/\\\/wildcatcampers.eu\\\/#website\"},\"primaryImageOfPage\":{\"@id\":\"https:\\\/\\\/wildcatcampers.eu\\\/product\\\/aluminum-case-car-side-awning-tent\\\/#primaryimage\"},\"image\":{\"@id\":\"https:\\\/\\\/wildcatcampers.eu\\\/product\\\/aluminum-case-car-side-awning-tent\\\/#primaryimage\"},\"thumbnailUrl\":\"https:\\\/\\\/wildcatcampers.eu\\\/wp-content\\\/uploads\\\/2025\\\/05\\\/afd5d4c8-4e5a-4f7f-b66b-cffebbc464ac.jpg\",\"datePublished\":\"2025-05-30T19:03:43+00:00\",\"dateModified\":\"2025-07-11T10:00:55+00:00\",\"breadcrumb\":{\"@id\":\"https:\\\/\\\/wildcatcampers.eu\\\/product\\\/aluminum-case-car-side-awning-tent\\\/#breadcrumb\"},\"inLanguage\":\"lv-LV\",\"potentialAction\":[{\"@type\":\"ReadAction\",\"target\":[\"https:\\\/\\\/wildcatcampers.eu\\\/product\\\/aluminum-case-car-side-awning-tent\\\/\"]}]},{\"@type\":\"ImageObject\",\"inLanguage\":\"lv-LV\",\"@id\":\"https:\\\/\\\/wildcatcampers.eu\\\/product\\\/aluminum-case-car-side-awning-tent\\\/#primaryimage\",\"url\":\"https:\\\/\\\/wildcatcampers.eu\\\/wp-content\\\/uploads\\\/2025\\\/05\\\/afd5d4c8-4e5a-4f7f-b66b-cffebbc464ac.jpg\",\"contentUrl\":\"https:\\\/\\\/wildcatcampers.eu\\\/wp-content\\\/uploads\\\/2025\\\/05\\\/afd5d4c8-4e5a-4f7f-b66b-cffebbc464ac.jpg\",\"width\":1600,\"height\":1199},{\"@type\":\"BreadcrumbList\",\"@id\":\"https:\\\/\\\/wildcatcampers.eu\\\/product\\\/aluminum-case-car-side-awning-tent\\\/#breadcrumb\",\"itemListElement\":[{\"@type\":\"ListItem\",\"position\":1,\"name\":\"Home\",\"item\":\"https:\\\/\\\/wildcatcampers.eu\\\/\"},{\"@type\":\"ListItem\",\"position\":2,\"name\":\"Produkte\",\"item\":\"https:\\\/\\\/wildcatcampers.eu\\\/de\\\/geschaft\\\/\"},{\"@type\":\"ListItem\",\"position\":3,\"name\":\"Aluminum case car side awning tent\"}]},{\"@type\":\"WebSite\",\"@id\":\"https:\\\/\\\/wildcatcampers.eu\\\/#website\",\"url\":\"https:\\\/\\\/wildcatcampers.eu\\\/\",\"name\":\"Wild Cat Campers\",\"description\":\"When Adventure Meets Comfort\",\"publisher\":{\"@id\":\"https:\\\/\\\/wildcatcampers.eu\\\/#organization\"},\"potentialAction\":[{\"@type\":\"SearchAction\",\"target\":{\"@type\":\"EntryPoint\",\"urlTemplate\":\"https:\\\/\\\/wildcatcampers.eu\\\/?s={search_term_string}\"},\"query-input\":{\"@type\":\"PropertyValueSpecification\",\"valueRequired\":true,\"valueName\":\"search_term_string\"}}],\"inLanguage\":\"lv-LV\"},{\"@type\":\"Organization\",\"@id\":\"https:\\\/\\\/wildcatcampers.eu\\\/#organization\",\"name\":\"Wild Cat Campers\",\"url\":\"https:\\\/\\\/wildcatcampers.eu\\\/\",\"logo\":{\"@type\":\"ImageObject\",\"inLanguage\":\"lv-LV\",\"@id\":\"https:\\\/\\\/wildcatcampers.eu\\\/#\\\/schema\\\/logo\\\/image\\\/\",\"url\":\"https:\\\/\\\/wildcatcampers.eu\\\/wp-content\\\/uploads\\\/2025\\\/04\\\/WildCat_Wheel-1.png\",\"contentUrl\":\"https:\\\/\\\/wildcatcampers.eu\\\/wp-content\\\/uploads\\\/2025\\\/04\\\/WildCat_Wheel-1.png\",\"width\":1520,\"height\":1586,\"caption\":\"Wild Cat Campers\"},\"image\":{\"@id\":\"https:\\\/\\\/wildcatcampers.eu\\\/#\\\/schema\\\/logo\\\/image\\\/\"}}]}<\/script>\n<!-- \/ Yoast SEO Premium plugin. -->","yoast_head_json":{"title":"Alum\u012bnija korpusa automa\u0161\u012bnas s\u0101nu tentu telts - Wildcat Campers","robots":{"index":"index","follow":"follow","max-snippet":"max-snippet:-1","max-image-preview":"max-image-preview:large","max-video-preview":"max-video-preview:-1"},"canonical":"https:\/\/wildcatcampers.eu\/lv\/products\/aluminum-case-car-side-awning-tent\/","og_locale":"lv_LV","og_type":"article","og_title":"Aluminum case car side awning tent","og_description":"Durable aluminum case. Durable aluminum case awning provides quick shade and shelter for your vehicle. Ideal for off-road trips and camping, it adds comfort and protection from sun and rain. Ideal for camping, expeditions, and off-road travel Size: 250*250*2.1CM Frame: Aluminum Alloy Fabric:420D rip-stop Oxford with black coating PU 1500-2000MM W\/P.W\/R Pole:Aluminum pole 22mm\/25mm","og_url":"https:\/\/wildcatcampers.eu\/lv\/products\/aluminum-case-car-side-awning-tent\/","og_site_name":"Wildcat Campers","article_modified_time":"2025-07-11T10:00:55+00:00","og_image":[{"width":1600,"height":1199,"url":"https:\/\/wildcatcampers.eu\/wp-content\/uploads\/2025\/05\/afd5d4c8-4e5a-4f7f-b66b-cffebbc464ac.jpg","type":"image\/jpeg"}],"twitter_card":"summary_large_image","schema":{"@context":"https:\/\/schema.org","@graph":[{"@type":"WebPage","@id":"https:\/\/wildcatcampers.eu\/product\/aluminum-case-car-side-awning-tent\/","url":"https:\/\/wildcatcampers.eu\/product\/aluminum-case-car-side-awning-tent\/","name":"Alum\u012bnija korpusa automa\u0161\u012bnas s\u0101nu tentu telts - Wildcat Campers","isPartOf":{"@id":"https:\/\/wildcatcampers.eu\/#website"},"primaryImageOfPage":{"@id":"https:\/\/wildcatcampers.eu\/product\/aluminum-case-car-side-awning-tent\/#primaryimage"},"image":{"@id":"https:\/\/wildcatcampers.eu\/product\/aluminum-case-car-side-awning-tent\/#primaryimage"},"thumbnailUrl":"https:\/\/wildcatcampers.eu\/wp-content\/uploads\/2025\/05\/afd5d4c8-4e5a-4f7f-b66b-cffebbc464ac.jpg","datePublished":"2025-05-30T19:03:43+00:00","dateModified":"2025-07-11T10:00:55+00:00","breadcrumb":{"@id":"https:\/\/wildcatcampers.eu\/product\/aluminum-case-car-side-awning-tent\/#breadcrumb"},"inLanguage":"lv-LV","potentialAction":[{"@type":"ReadAction","target":["https:\/\/wildcatcampers.eu\/product\/aluminum-case-car-side-awning-tent\/"]}]},{"@type":"ImageObject","inLanguage":"lv-LV","@id":"https:\/\/wildcatcampers.eu\/product\/aluminum-case-car-side-awning-tent\/#primaryimage","url":"https:\/\/wildcatcampers.eu\/wp-content\/uploads\/2025\/05\/afd5d4c8-4e5a-4f7f-b66b-cffebbc464ac.jpg","contentUrl":"https:\/\/wildcatcampers.eu\/wp-content\/uploads\/2025\/05\/afd5d4c8-4e5a-4f7f-b66b-cffebbc464ac.jpg","width":1600,"height":1199},{"@type":"BreadcrumbList","@id":"https:\/\/wildcatcampers.eu\/product\/aluminum-case-car-side-awning-tent\/#breadcrumb","itemListElement":[{"@type":"ListItem","position":1,"name":"Home","item":"https:\/\/wildcatcampers.eu\/"},{"@type":"ListItem","position":2,"name":"Produkte","item":"https:\/\/wildcatcampers.eu\/de\/geschaft\/"},{"@type":"ListItem","position":3,"name":"Aluminum case car side awning tent"}]},{"@type":"WebSite","@id":"https:\/\/wildcatcampers.eu\/#website","url":"https:\/\/wildcatcampers.eu\/","name":"Savva\u013cas ka\u0137u kempingi","description":"Kad piedz\u012bvojums satiekas ar komfortu","publisher":{"@id":"https:\/\/wildcatcampers.eu\/#organization"},"potentialAction":[{"@type":"SearchAction","target":{"@type":"EntryPoint","urlTemplate":"https:\/\/wildcatcampers.eu\/?s={search_term_string}"},"query-input":{"@type":"PropertyValueSpecification","valueRequired":true,"valueName":"search_term_string"}}],"inLanguage":"lv-LV"},{"@type":"Organization","@id":"https:\/\/wildcatcampers.eu\/#organization","name":"Savva\u013cas ka\u0137u kempingi","url":"https:\/\/wildcatcampers.eu\/","logo":{"@type":"ImageObject","inLanguage":"lv-LV","@id":"https:\/\/wildcatcampers.eu\/#\/schema\/logo\/image\/","url":"https:\/\/wildcatcampers.eu\/wp-content\/uploads\/2025\/04\/WildCat_Wheel-1.png","contentUrl":"https:\/\/wildcatcampers.eu\/wp-content\/uploads\/2025\/04\/WildCat_Wheel-1.png","width":1520,"height":1586,"caption":"Wild Cat Campers"},"image":{"@id":"https:\/\/wildcatcampers.eu\/#\/schema\/logo\/image\/"}}]}},"_links":{"self":[{"href":"https:\/\/wildcatcampers.eu\/lv\/wp-json\/wp\/v2\/product\/24492","targetHints":{"allow":["GET"]}}],"collection":[{"href":"https:\/\/wildcatcampers.eu\/lv\/wp-json\/wp\/v2\/product"}],"about":[{"href":"https:\/\/wildcatcampers.eu\/lv\/wp-json\/wp\/v2\/types\/product"}],"replies":[{"embeddable":true,"href":"https:\/\/wildcatcampers.eu\/lv\/wp-json\/wp\/v2\/comments?post=24492"}],"wp:featuredmedia":[{"embeddable":true,"href":"https:\/\/wildcatcampers.eu\/lv\/wp-json\/wp\/v2\/media\/24493"}],"wp:attachment":[{"href":"https:\/\/wildcatcampers.eu\/lv\/wp-json\/wp\/v2\/media?parent=24492"}],"wp:term":[{"taxonomy":"product_brand","embeddable":true,"href":"https:\/\/wildcatcampers.eu\/lv\/wp-json\/wp\/v2\/product_brand?post=24492"},{"taxonomy":"product_cat","embeddable":true,"href":"https:\/\/wildcatcampers.eu\/lv\/wp-json\/wp\/v2\/product_cat?post=24492"},{"taxonomy":"product_tag","embeddable":true,"href":"https:\/\/wildcatcampers.eu\/lv\/wp-json\/wp\/v2\/product_tag?post=24492"}],"curies":[{"name":"wp","href":"https:\/\/api.w.org\/{rel}","templated":true}]}}