{"id":24488,"date":"2025-05-30T18:38:47","date_gmt":"2025-05-30T17:38:47","guid":{"rendered":"https:\/\/wildcatcampers.eu\/?post_type=product&#038;p=24488"},"modified":"2025-07-09T13:44:43","modified_gmt":"2025-07-09T12:44:43","slug":"car-side-awning-beige","status":"publish","type":"product","link":"https:\/\/wildcatcampers.eu\/lv\/product\/car-side-awning-beige\/","title":{"rendered":"Automa\u0161\u012bnas s\u0101nu tenti\u0146\u0161 b\u0113\u0161s"},"content":{"rendered":"<p>Praktiska un viegli lietojama s\u0101nu mark\u012bze<\/p>\n<p>Automa\u0161\u012bnas s\u0101nu nojume. Praktiska un viegli lietojama s\u0101nu nojume, kas paredz\u0113ta piedz\u012bvojumiem br\u012bv\u0101 dab\u0101. Nodro\u0161ina papildu vietu un \u0113nu atp\u016btai ce\u013cojuma laik\u0101.<\/p>\n<p>Izm\u0113rs: 250 * 250 * 2,1 cm<br \/>\nR\u0101mis: alum\u012bnija sakaus\u0113jums<br \/>\nAudums: 420D rip-stop Oxford ar melnu PU p\u0101rkl\u0101jumu<br \/>\n1500\u20132000 mm platums\/\u016bdens\/att\u0101lums<br \/>\nK\u0101ts: alum\u012bnija k\u0101ts 22mm\/25mm<\/p>","protected":false},"excerpt":{"rendered":"<p>Automa\u0161\u012bnas s\u0101nu nojume. Praktiska un viegli lietojama s\u0101nu nojume, kas paredz\u0113ta piedz\u012bvojumiem br\u012bv\u0101 dab\u0101. Nodro\u0161ina papildu vietu un \u0113nu atp\u016btai ce\u013cojuma laik\u0101.<\/p>","protected":false},"featured_media":24490,"comment_status":"open","ping_status":"closed","template":"","meta":[],"product_brand":[105],"product_cat":[65],"product_tag":[],"class_list":{"0":"post-24488","1":"product","2":"type-product","3":"status-publish","4":"has-post-thumbnail","6":"product_brand-wild-cat","7":"product_cat-car-marquees","8":"layout-1","9":"product-add-to-cart-ajax","10":"has-gallery-image","12":"first","13":"instock","14":"shipping-taxable","15":"purchasable","16":"product-type-simple"},"yoast_head":"<!-- This site is optimized with the Yoast SEO Premium plugin v25.2 (Yoast SEO v27.3) - https:\/\/yoast.com\/product\/yoast-seo-premium-wordpress\/ -->\n<title>Car side awning beige - Wildcat Campers<\/title>\n<meta name=\"robots\" content=\"index, follow, max-snippet:-1, max-image-preview:large, max-video-preview:-1\" \/>\n<link rel=\"canonical\" href=\"https:\/\/wildcatcampers.eu\/lv\/products\/car-side-awning-beige\/\" \/>\n<meta property=\"og:locale\" content=\"lv_LV\" \/>\n<meta property=\"og:type\" content=\"article\" \/>\n<meta property=\"og:title\" content=\"Car side awning beige\" \/>\n<meta property=\"og:description\" content=\"Car Side Awning Tent. A practical and easy-to-use side awning designed for outdoor adventures. Ensures extra space and shade for relaxing during travel.\" \/>\n<meta property=\"og:url\" content=\"https:\/\/wildcatcampers.eu\/lv\/products\/car-side-awning-beige\/\" \/>\n<meta property=\"og:site_name\" content=\"Wildcat Campers\" \/>\n<meta property=\"article:modified_time\" content=\"2025-07-09T12:44:43+00:00\" \/>\n<meta property=\"og:image\" content=\"https:\/\/wildcatcampers.eu\/wp-content\/uploads\/2025\/05\/PHOTO-2025-05-04-06-37-39.jpg\" \/>\n\t<meta property=\"og:image:width\" content=\"1140\" \/>\n\t<meta property=\"og:image:height\" content=\"740\" \/>\n\t<meta property=\"og:image:type\" content=\"image\/jpeg\" \/>\n<meta name=\"twitter:card\" content=\"summary_large_image\" \/>\n<script type=\"application\/ld+json\" class=\"yoast-schema-graph\">{\"@context\":\"https:\\\/\\\/schema.org\",\"@graph\":[{\"@type\":\"WebPage\",\"@id\":\"https:\\\/\\\/wildcatcampers.eu\\\/product\\\/car-side-awning-beige\\\/\",\"url\":\"https:\\\/\\\/wildcatcampers.eu\\\/product\\\/car-side-awning-beige\\\/\",\"name\":\"Car side awning beige - Wildcat Campers\",\"isPartOf\":{\"@id\":\"https:\\\/\\\/wildcatcampers.eu\\\/#website\"},\"primaryImageOfPage\":{\"@id\":\"https:\\\/\\\/wildcatcampers.eu\\\/product\\\/car-side-awning-beige\\\/#primaryimage\"},\"image\":{\"@id\":\"https:\\\/\\\/wildcatcampers.eu\\\/product\\\/car-side-awning-beige\\\/#primaryimage\"},\"thumbnailUrl\":\"https:\\\/\\\/wildcatcampers.eu\\\/wp-content\\\/uploads\\\/2025\\\/05\\\/PHOTO-2025-05-04-06-37-39.jpg\",\"datePublished\":\"2025-05-30T17:38:47+00:00\",\"dateModified\":\"2025-07-09T12:44:43+00:00\",\"breadcrumb\":{\"@id\":\"https:\\\/\\\/wildcatcampers.eu\\\/product\\\/car-side-awning-beige\\\/#breadcrumb\"},\"inLanguage\":\"lv-LV\",\"potentialAction\":[{\"@type\":\"ReadAction\",\"target\":[\"https:\\\/\\\/wildcatcampers.eu\\\/product\\\/car-side-awning-beige\\\/\"]}]},{\"@type\":\"ImageObject\",\"inLanguage\":\"lv-LV\",\"@id\":\"https:\\\/\\\/wildcatcampers.eu\\\/product\\\/car-side-awning-beige\\\/#primaryimage\",\"url\":\"https:\\\/\\\/wildcatcampers.eu\\\/wp-content\\\/uploads\\\/2025\\\/05\\\/PHOTO-2025-05-04-06-37-39.jpg\",\"contentUrl\":\"https:\\\/\\\/wildcatcampers.eu\\\/wp-content\\\/uploads\\\/2025\\\/05\\\/PHOTO-2025-05-04-06-37-39.jpg\",\"width\":1140,\"height\":740},{\"@type\":\"BreadcrumbList\",\"@id\":\"https:\\\/\\\/wildcatcampers.eu\\\/product\\\/car-side-awning-beige\\\/#breadcrumb\",\"itemListElement\":[{\"@type\":\"ListItem\",\"position\":1,\"name\":\"Home\",\"item\":\"https:\\\/\\\/wildcatcampers.eu\\\/\"},{\"@type\":\"ListItem\",\"position\":2,\"name\":\"Produkte\",\"item\":\"https:\\\/\\\/wildcatcampers.eu\\\/de\\\/geschaft\\\/\"},{\"@type\":\"ListItem\",\"position\":3,\"name\":\"Car side awning beige\"}]},{\"@type\":\"WebSite\",\"@id\":\"https:\\\/\\\/wildcatcampers.eu\\\/#website\",\"url\":\"https:\\\/\\\/wildcatcampers.eu\\\/\",\"name\":\"Wild Cat Campers\",\"description\":\"When Adventure Meets Comfort\",\"publisher\":{\"@id\":\"https:\\\/\\\/wildcatcampers.eu\\\/#organization\"},\"potentialAction\":[{\"@type\":\"SearchAction\",\"target\":{\"@type\":\"EntryPoint\",\"urlTemplate\":\"https:\\\/\\\/wildcatcampers.eu\\\/?s={search_term_string}\"},\"query-input\":{\"@type\":\"PropertyValueSpecification\",\"valueRequired\":true,\"valueName\":\"search_term_string\"}}],\"inLanguage\":\"lv-LV\"},{\"@type\":\"Organization\",\"@id\":\"https:\\\/\\\/wildcatcampers.eu\\\/#organization\",\"name\":\"Wild Cat Campers\",\"url\":\"https:\\\/\\\/wildcatcampers.eu\\\/\",\"logo\":{\"@type\":\"ImageObject\",\"inLanguage\":\"lv-LV\",\"@id\":\"https:\\\/\\\/wildcatcampers.eu\\\/#\\\/schema\\\/logo\\\/image\\\/\",\"url\":\"https:\\\/\\\/wildcatcampers.eu\\\/wp-content\\\/uploads\\\/2025\\\/04\\\/WildCat_Wheel-1.png\",\"contentUrl\":\"https:\\\/\\\/wildcatcampers.eu\\\/wp-content\\\/uploads\\\/2025\\\/04\\\/WildCat_Wheel-1.png\",\"width\":1520,\"height\":1586,\"caption\":\"Wild Cat Campers\"},\"image\":{\"@id\":\"https:\\\/\\\/wildcatcampers.eu\\\/#\\\/schema\\\/logo\\\/image\\\/\"}}]}<\/script>\n<!-- \/ Yoast SEO Premium plugin. -->","yoast_head_json":{"title":"Automa\u0161\u012bnas s\u0101nu tenti\u0146\u0161 b\u0113\u0161\u0101 kr\u0101s\u0101 - Wildcat Campers","robots":{"index":"index","follow":"follow","max-snippet":"max-snippet:-1","max-image-preview":"max-image-preview:large","max-video-preview":"max-video-preview:-1"},"canonical":"https:\/\/wildcatcampers.eu\/lv\/products\/car-side-awning-beige\/","og_locale":"lv_LV","og_type":"article","og_title":"Car side awning beige","og_description":"Car Side Awning Tent. A practical and easy-to-use side awning designed for outdoor adventures. Ensures extra space and shade for relaxing during travel.","og_url":"https:\/\/wildcatcampers.eu\/lv\/products\/car-side-awning-beige\/","og_site_name":"Wildcat Campers","article_modified_time":"2025-07-09T12:44:43+00:00","og_image":[{"width":1140,"height":740,"url":"https:\/\/wildcatcampers.eu\/wp-content\/uploads\/2025\/05\/PHOTO-2025-05-04-06-37-39.jpg","type":"image\/jpeg"}],"twitter_card":"summary_large_image","schema":{"@context":"https:\/\/schema.org","@graph":[{"@type":"WebPage","@id":"https:\/\/wildcatcampers.eu\/product\/car-side-awning-beige\/","url":"https:\/\/wildcatcampers.eu\/product\/car-side-awning-beige\/","name":"Automa\u0161\u012bnas s\u0101nu tenti\u0146\u0161 b\u0113\u0161\u0101 kr\u0101s\u0101 - Wildcat Campers","isPartOf":{"@id":"https:\/\/wildcatcampers.eu\/#website"},"primaryImageOfPage":{"@id":"https:\/\/wildcatcampers.eu\/product\/car-side-awning-beige\/#primaryimage"},"image":{"@id":"https:\/\/wildcatcampers.eu\/product\/car-side-awning-beige\/#primaryimage"},"thumbnailUrl":"https:\/\/wildcatcampers.eu\/wp-content\/uploads\/2025\/05\/PHOTO-2025-05-04-06-37-39.jpg","datePublished":"2025-05-30T17:38:47+00:00","dateModified":"2025-07-09T12:44:43+00:00","breadcrumb":{"@id":"https:\/\/wildcatcampers.eu\/product\/car-side-awning-beige\/#breadcrumb"},"inLanguage":"lv-LV","potentialAction":[{"@type":"ReadAction","target":["https:\/\/wildcatcampers.eu\/product\/car-side-awning-beige\/"]}]},{"@type":"ImageObject","inLanguage":"lv-LV","@id":"https:\/\/wildcatcampers.eu\/product\/car-side-awning-beige\/#primaryimage","url":"https:\/\/wildcatcampers.eu\/wp-content\/uploads\/2025\/05\/PHOTO-2025-05-04-06-37-39.jpg","contentUrl":"https:\/\/wildcatcampers.eu\/wp-content\/uploads\/2025\/05\/PHOTO-2025-05-04-06-37-39.jpg","width":1140,"height":740},{"@type":"BreadcrumbList","@id":"https:\/\/wildcatcampers.eu\/product\/car-side-awning-beige\/#breadcrumb","itemListElement":[{"@type":"ListItem","position":1,"name":"Home","item":"https:\/\/wildcatcampers.eu\/"},{"@type":"ListItem","position":2,"name":"Produkte","item":"https:\/\/wildcatcampers.eu\/de\/geschaft\/"},{"@type":"ListItem","position":3,"name":"Car side awning beige"}]},{"@type":"WebSite","@id":"https:\/\/wildcatcampers.eu\/#website","url":"https:\/\/wildcatcampers.eu\/","name":"Savva\u013cas ka\u0137u kempingi","description":"Kad piedz\u012bvojums satiekas ar komfortu","publisher":{"@id":"https:\/\/wildcatcampers.eu\/#organization"},"potentialAction":[{"@type":"SearchAction","target":{"@type":"EntryPoint","urlTemplate":"https:\/\/wildcatcampers.eu\/?s={search_term_string}"},"query-input":{"@type":"PropertyValueSpecification","valueRequired":true,"valueName":"search_term_string"}}],"inLanguage":"lv-LV"},{"@type":"Organization","@id":"https:\/\/wildcatcampers.eu\/#organization","name":"Savva\u013cas ka\u0137u kempingi","url":"https:\/\/wildcatcampers.eu\/","logo":{"@type":"ImageObject","inLanguage":"lv-LV","@id":"https:\/\/wildcatcampers.eu\/#\/schema\/logo\/image\/","url":"https:\/\/wildcatcampers.eu\/wp-content\/uploads\/2025\/04\/WildCat_Wheel-1.png","contentUrl":"https:\/\/wildcatcampers.eu\/wp-content\/uploads\/2025\/04\/WildCat_Wheel-1.png","width":1520,"height":1586,"caption":"Wild Cat Campers"},"image":{"@id":"https:\/\/wildcatcampers.eu\/#\/schema\/logo\/image\/"}}]}},"_links":{"self":[{"href":"https:\/\/wildcatcampers.eu\/lv\/wp-json\/wp\/v2\/product\/24488","targetHints":{"allow":["GET"]}}],"collection":[{"href":"https:\/\/wildcatcampers.eu\/lv\/wp-json\/wp\/v2\/product"}],"about":[{"href":"https:\/\/wildcatcampers.eu\/lv\/wp-json\/wp\/v2\/types\/product"}],"replies":[{"embeddable":true,"href":"https:\/\/wildcatcampers.eu\/lv\/wp-json\/wp\/v2\/comments?post=24488"}],"wp:featuredmedia":[{"embeddable":true,"href":"https:\/\/wildcatcampers.eu\/lv\/wp-json\/wp\/v2\/media\/24490"}],"wp:attachment":[{"href":"https:\/\/wildcatcampers.eu\/lv\/wp-json\/wp\/v2\/media?parent=24488"}],"wp:term":[{"taxonomy":"product_brand","embeddable":true,"href":"https:\/\/wildcatcampers.eu\/lv\/wp-json\/wp\/v2\/product_brand?post=24488"},{"taxonomy":"product_cat","embeddable":true,"href":"https:\/\/wildcatcampers.eu\/lv\/wp-json\/wp\/v2\/product_cat?post=24488"},{"taxonomy":"product_tag","embeddable":true,"href":"https:\/\/wildcatcampers.eu\/lv\/wp-json\/wp\/v2\/product_tag?post=24488"}],"curies":[{"name":"wp","href":"https:\/\/api.w.org\/{rel}","templated":true}]}}