{"id":24477,"date":"2025-05-30T14:51:41","date_gmt":"2025-05-30T13:51:41","guid":{"rendered":"https:\/\/wildcatcampers.eu\/?post_type=product&#038;p=24477"},"modified":"2025-05-30T14:52:47","modified_gmt":"2025-05-30T13:52:47","slug":"rectangular-rooftop-tent","status":"publish","type":"product","link":"https:\/\/wildcatcampers.eu\/lv\/product\/rectangular-rooftop-tent\/","title":{"rendered":"Taisnst\u016bra jumta telts"},"content":{"rendered":"<p>Taisnst\u016brveida jumta telts \u2013 t\u012bras l\u012bnijas. Pla\u0161s redzesloks. Nevainojams komforts.<\/p>\n<p><strong>Taisnst\u016brveida jumta telts \u2013 t\u012bras l\u012bnijas. Pla\u0161s redzesloks. Nevainojams komforts.<\/strong><\/p>\n<p>Padariet savu pieredzi br\u012bv\u0101 dab\u0101 lab\u0101ku ar m\u016bsu\u00a0<strong>Taisnst\u016bra jumta telts<\/strong>\u00a0\u2014 perfekts eleganta dizaina, iztur\u012bgu materi\u0101lu un visa nepiecie\u0161am\u0101 komforta apvienojums p\u0113c piedz\u012bvojumiem bag\u0101tas dienas.<\/p>\n<p>Ar savu zemo profilu, aerodinamisko formu un izteiksm\u012bgo melno alum\u012bnija apvalku \u0161\u012b telts ir rad\u012bta, lai izskat\u012btos eleganti uz ce\u013ca un justos k\u0101 m\u0101j\u0101s savva\u013c\u0101. T\u0101s pla\u0161\u0101 taisnst\u016bra forma pied\u0101v\u0101 vair\u0101k vietas galvai un gr\u012bdai \u2014 ide\u0101li piem\u0113rota, lai izstaip\u012btos, las\u012btu gr\u0101matu vai vienk\u0101r\u0161i klaus\u012btos dabas ska\u0146as no paaugstin\u0101tas atp\u016btas vietas.<\/p>\n<p>Uzst\u0101d\u012b\u0161ana ir \u0101tra un intuit\u012bva: vienk\u0101r\u0161i atveriet to, izvelciet\u00a0<strong>2,3 metru alum\u012bnija k\u0101pnes<\/strong>, un j\u016bsu priv\u0101t\u0101 atp\u016btas vieta ir gatava da\u017eu sekun\u017eu laik\u0101. Iek\u0161pus\u0113 ir\u00a0<strong>5 cm biezs s\u016bk\u013ca matracis<\/strong>\u00a0nodro\u0161ina dzi\u013cu, nep\u0101rtrauktu atp\u016btu. Lieli sieta logi nodro\u0161ina gaisa cirkul\u0101ciju, vienlaikus neielai\u017eot kukai\u0146us \u2014 ide\u0101li piem\u0113roti zvaig\u017e\u0146ot\u0101m nakt\u012bm un zeltainiem saull\u0113ktiem.<\/p>\n<p><strong>K\u0101p\u0113c tas tev patiks:<\/strong><\/p>\n<ul>\n<li><strong>Moderns taisnst\u016bra dizains<\/strong>liel\u0101kai salona telpai un t\u012br\u0101kai jumta l\u012bnijai<\/li>\n<li><strong>Rad\u012bts visiem apst\u0101k\u013ciem<\/strong>ar \u016bdensnecaurlaid\u012bgu, pl\u012bsumiztur\u012bgu audumu un UV50+ aizsardz\u012bbu<\/li>\n<li><strong>Iztur\u012bgs un stil\u012bgs<\/strong>melns alum\u012bnija korpuss ar pastiprin\u0101tu \u0161\u016bnveida strukt\u016bru<\/li>\n<li><strong>Gatavs miegam<\/strong>ar biezu, elpojo\u0161u matraci komplekt\u0101<\/li>\n<li><strong>\u0100tra piek\u013cuve<\/strong>ar viegl\u0101m, iztur\u012bg\u0101m teleskopisk\u0101m k\u0101pn\u0113m<\/li>\n<li><strong>Elpojiet un atp\u016btieties<\/strong>caur augsta bl\u012bvuma sieta logiem<\/li>\n<\/ul>\n<p><strong>Iek\u013cautie piederumi:<\/strong><br \/>\n\u2714\ufe0f LED gaismas (2 gab.) \u2013 siltam mirdzumam nakt\u012b<br \/>\n\u2714\ufe0f Apavu maisi\u0146i \u2013 lai j\u016bsu gu\u013cvieta nesaskartos ar net\u012brumiem<br \/>\n\u2714\ufe0f Bag\u0101\u017eas plaukts (2 balsti) \u2013 papildu apr\u012bkojumam, ja nepiecie\u0161ams<br \/>\n\u2714\ufe0f Matracis \u2013 ieb\u016bv\u0113ts komforts, nav nepiecie\u0161amas nek\u0101das papildu lietas<br \/>\n\u2714\ufe0f Pilns uzst\u0101d\u012b\u0161anas instrumentu komplekts<\/p>\n<p>&nbsp;<\/p>\n<p><strong>Specifik\u0101cijas:<\/strong><\/p>\n<ul>\n<li>Atv\u0113rt\u0101 veid\u0101: 217 \u00d7 139 \u00d7 110 cm<\/li>\n<li>Saloc\u012bt\u0101 veid\u0101: 217 \u00d7 139 \u00d7 17 cm<\/li>\n<li>Neto svars: 85 kg | Bruto svars: 99 kg<\/li>\n<li>Iepakojuma izm\u0113rs: 230 \u00d7 150 \u00d7 25 cm<\/li>\n<\/ul>","protected":false},"excerpt":{"rendered":"<p><span style=\"color: black;\">Neatkar\u012bgi no t\u0101, vai t\u0101 ir ned\u0113\u013cas nogales atp\u016bta vai t\u0101ls ce\u013cojums, \u0161\u012b jumta telts ir j\u016bsu atsl\u0113ga uz neaizmirstam\u0101m nakt\u012bm virs zemes \u2014 un t\u0101lu no ikdieni\u0161\u0137\u0101m.<\/span><\/p>\n<p><strong>Piedz\u012bvojums aug\u0161\u0101. Atp\u016bta aiz t\u0101s.<\/strong><\/p>","protected":false},"featured_media":24478,"comment_status":"open","ping_status":"closed","template":"","meta":[],"product_brand":[],"product_cat":[106],"product_tag":[],"class_list":{"0":"post-24477","1":"product","2":"type-product","3":"status-publish","4":"has-post-thumbnail","6":"product_cat-rooftop","7":"layout-1","8":"product-add-to-cart-ajax","9":"has-gallery-image","11":"first","12":"instock","13":"shipping-taxable","14":"purchasable","15":"product-type-simple"},"yoast_head":"<!-- This site is optimized with the Yoast SEO Premium plugin v25.2 (Yoast SEO v27.3) - https:\/\/yoast.com\/product\/yoast-seo-premium-wordpress\/ -->\n<title>Rectangular Rooftop Tent - Wildcat Campers<\/title>\n<meta name=\"robots\" content=\"index, follow, max-snippet:-1, max-image-preview:large, max-video-preview:-1\" \/>\n<link rel=\"canonical\" href=\"https:\/\/wildcatcampers.eu\/lv\/products\/rectangular-rooftop-tent\/\" \/>\n<meta property=\"og:locale\" content=\"lv_LV\" \/>\n<meta property=\"og:type\" content=\"article\" \/>\n<meta property=\"og:title\" content=\"Rectangular Rooftop Tent\" \/>\n<meta property=\"og:description\" content=\"Whether it\u2019s a weekend escape or a long-haul expedition, this rooftop tent is your key to unforgettable nights above ground \u2014 and far from ordinary.  Adventure above. Rest beyond.\" \/>\n<meta property=\"og:url\" content=\"https:\/\/wildcatcampers.eu\/lv\/products\/rectangular-rooftop-tent\/\" \/>\n<meta property=\"og:site_name\" content=\"Wildcat Campers\" \/>\n<meta property=\"article:modified_time\" content=\"2025-05-30T13:52:47+00:00\" \/>\n<meta property=\"og:image\" content=\"https:\/\/wildcatcampers.eu\/wp-content\/uploads\/2025\/05\/PHOTO-2025-05-06-12-04-48.jpg\" \/>\n\t<meta property=\"og:image:width\" content=\"800\" \/>\n\t<meta property=\"og:image:height\" content=\"800\" \/>\n\t<meta property=\"og:image:type\" content=\"image\/jpeg\" \/>\n<meta name=\"twitter:card\" content=\"summary_large_image\" \/>\n<meta name=\"twitter:label1\" content=\"Est. reading time\" \/>\n\t<meta name=\"twitter:data1\" content=\"1 min\u016bte\" \/>\n<script type=\"application\/ld+json\" class=\"yoast-schema-graph\">{\"@context\":\"https:\\\/\\\/schema.org\",\"@graph\":[{\"@type\":\"WebPage\",\"@id\":\"https:\\\/\\\/wildcatcampers.eu\\\/product\\\/rectangular-rooftop-tent\\\/\",\"url\":\"https:\\\/\\\/wildcatcampers.eu\\\/product\\\/rectangular-rooftop-tent\\\/\",\"name\":\"Rectangular Rooftop Tent - Wildcat Campers\",\"isPartOf\":{\"@id\":\"https:\\\/\\\/wildcatcampers.eu\\\/#website\"},\"primaryImageOfPage\":{\"@id\":\"https:\\\/\\\/wildcatcampers.eu\\\/product\\\/rectangular-rooftop-tent\\\/#primaryimage\"},\"image\":{\"@id\":\"https:\\\/\\\/wildcatcampers.eu\\\/product\\\/rectangular-rooftop-tent\\\/#primaryimage\"},\"thumbnailUrl\":\"https:\\\/\\\/wildcatcampers.eu\\\/wp-content\\\/uploads\\\/2025\\\/05\\\/PHOTO-2025-05-06-12-04-48.jpg\",\"datePublished\":\"2025-05-30T13:51:41+00:00\",\"dateModified\":\"2025-05-30T13:52:47+00:00\",\"breadcrumb\":{\"@id\":\"https:\\\/\\\/wildcatcampers.eu\\\/product\\\/rectangular-rooftop-tent\\\/#breadcrumb\"},\"inLanguage\":\"lv-LV\",\"potentialAction\":[{\"@type\":\"ReadAction\",\"target\":[\"https:\\\/\\\/wildcatcampers.eu\\\/product\\\/rectangular-rooftop-tent\\\/\"]}]},{\"@type\":\"ImageObject\",\"inLanguage\":\"lv-LV\",\"@id\":\"https:\\\/\\\/wildcatcampers.eu\\\/product\\\/rectangular-rooftop-tent\\\/#primaryimage\",\"url\":\"https:\\\/\\\/wildcatcampers.eu\\\/wp-content\\\/uploads\\\/2025\\\/05\\\/PHOTO-2025-05-06-12-04-48.jpg\",\"contentUrl\":\"https:\\\/\\\/wildcatcampers.eu\\\/wp-content\\\/uploads\\\/2025\\\/05\\\/PHOTO-2025-05-06-12-04-48.jpg\",\"width\":800,\"height\":800},{\"@type\":\"BreadcrumbList\",\"@id\":\"https:\\\/\\\/wildcatcampers.eu\\\/product\\\/rectangular-rooftop-tent\\\/#breadcrumb\",\"itemListElement\":[{\"@type\":\"ListItem\",\"position\":1,\"name\":\"Home\",\"item\":\"https:\\\/\\\/wildcatcampers.eu\\\/\"},{\"@type\":\"ListItem\",\"position\":2,\"name\":\"Produkte\",\"item\":\"https:\\\/\\\/wildcatcampers.eu\\\/de\\\/geschaft\\\/\"},{\"@type\":\"ListItem\",\"position\":3,\"name\":\"Rectangular Rooftop Tent\"}]},{\"@type\":\"WebSite\",\"@id\":\"https:\\\/\\\/wildcatcampers.eu\\\/#website\",\"url\":\"https:\\\/\\\/wildcatcampers.eu\\\/\",\"name\":\"Wild Cat Campers\",\"description\":\"When Adventure Meets Comfort\",\"publisher\":{\"@id\":\"https:\\\/\\\/wildcatcampers.eu\\\/#organization\"},\"potentialAction\":[{\"@type\":\"SearchAction\",\"target\":{\"@type\":\"EntryPoint\",\"urlTemplate\":\"https:\\\/\\\/wildcatcampers.eu\\\/?s={search_term_string}\"},\"query-input\":{\"@type\":\"PropertyValueSpecification\",\"valueRequired\":true,\"valueName\":\"search_term_string\"}}],\"inLanguage\":\"lv-LV\"},{\"@type\":\"Organization\",\"@id\":\"https:\\\/\\\/wildcatcampers.eu\\\/#organization\",\"name\":\"Wild Cat Campers\",\"url\":\"https:\\\/\\\/wildcatcampers.eu\\\/\",\"logo\":{\"@type\":\"ImageObject\",\"inLanguage\":\"lv-LV\",\"@id\":\"https:\\\/\\\/wildcatcampers.eu\\\/#\\\/schema\\\/logo\\\/image\\\/\",\"url\":\"https:\\\/\\\/wildcatcampers.eu\\\/wp-content\\\/uploads\\\/2025\\\/04\\\/WildCat_Wheel-1.png\",\"contentUrl\":\"https:\\\/\\\/wildcatcampers.eu\\\/wp-content\\\/uploads\\\/2025\\\/04\\\/WildCat_Wheel-1.png\",\"width\":1520,\"height\":1586,\"caption\":\"Wild Cat Campers\"},\"image\":{\"@id\":\"https:\\\/\\\/wildcatcampers.eu\\\/#\\\/schema\\\/logo\\\/image\\\/\"}}]}<\/script>\n<!-- \/ Yoast SEO Premium plugin. -->","yoast_head_json":{"title":"Taisnst\u016bra jumta telts - Wildcat Campers","robots":{"index":"index","follow":"follow","max-snippet":"max-snippet:-1","max-image-preview":"max-image-preview:large","max-video-preview":"max-video-preview:-1"},"canonical":"https:\/\/wildcatcampers.eu\/lv\/products\/rectangular-rooftop-tent\/","og_locale":"lv_LV","og_type":"article","og_title":"Rectangular Rooftop Tent","og_description":"Whether it\u2019s a weekend escape or a long-haul expedition, this rooftop tent is your key to unforgettable nights above ground \u2014 and far from ordinary.  Adventure above. Rest beyond.","og_url":"https:\/\/wildcatcampers.eu\/lv\/products\/rectangular-rooftop-tent\/","og_site_name":"Wildcat Campers","article_modified_time":"2025-05-30T13:52:47+00:00","og_image":[{"width":800,"height":800,"url":"https:\/\/wildcatcampers.eu\/wp-content\/uploads\/2025\/05\/PHOTO-2025-05-06-12-04-48.jpg","type":"image\/jpeg"}],"twitter_card":"summary_large_image","twitter_misc":{"Est. reading time":"1 min\u016bte"},"schema":{"@context":"https:\/\/schema.org","@graph":[{"@type":"WebPage","@id":"https:\/\/wildcatcampers.eu\/product\/rectangular-rooftop-tent\/","url":"https:\/\/wildcatcampers.eu\/product\/rectangular-rooftop-tent\/","name":"Taisnst\u016bra jumta telts - Wildcat Campers","isPartOf":{"@id":"https:\/\/wildcatcampers.eu\/#website"},"primaryImageOfPage":{"@id":"https:\/\/wildcatcampers.eu\/product\/rectangular-rooftop-tent\/#primaryimage"},"image":{"@id":"https:\/\/wildcatcampers.eu\/product\/rectangular-rooftop-tent\/#primaryimage"},"thumbnailUrl":"https:\/\/wildcatcampers.eu\/wp-content\/uploads\/2025\/05\/PHOTO-2025-05-06-12-04-48.jpg","datePublished":"2025-05-30T13:51:41+00:00","dateModified":"2025-05-30T13:52:47+00:00","breadcrumb":{"@id":"https:\/\/wildcatcampers.eu\/product\/rectangular-rooftop-tent\/#breadcrumb"},"inLanguage":"lv-LV","potentialAction":[{"@type":"ReadAction","target":["https:\/\/wildcatcampers.eu\/product\/rectangular-rooftop-tent\/"]}]},{"@type":"ImageObject","inLanguage":"lv-LV","@id":"https:\/\/wildcatcampers.eu\/product\/rectangular-rooftop-tent\/#primaryimage","url":"https:\/\/wildcatcampers.eu\/wp-content\/uploads\/2025\/05\/PHOTO-2025-05-06-12-04-48.jpg","contentUrl":"https:\/\/wildcatcampers.eu\/wp-content\/uploads\/2025\/05\/PHOTO-2025-05-06-12-04-48.jpg","width":800,"height":800},{"@type":"BreadcrumbList","@id":"https:\/\/wildcatcampers.eu\/product\/rectangular-rooftop-tent\/#breadcrumb","itemListElement":[{"@type":"ListItem","position":1,"name":"Home","item":"https:\/\/wildcatcampers.eu\/"},{"@type":"ListItem","position":2,"name":"Produkte","item":"https:\/\/wildcatcampers.eu\/de\/geschaft\/"},{"@type":"ListItem","position":3,"name":"Rectangular Rooftop Tent"}]},{"@type":"WebSite","@id":"https:\/\/wildcatcampers.eu\/#website","url":"https:\/\/wildcatcampers.eu\/","name":"Savva\u013cas ka\u0137u kempingi","description":"Kad piedz\u012bvojums satiekas ar komfortu","publisher":{"@id":"https:\/\/wildcatcampers.eu\/#organization"},"potentialAction":[{"@type":"SearchAction","target":{"@type":"EntryPoint","urlTemplate":"https:\/\/wildcatcampers.eu\/?s={search_term_string}"},"query-input":{"@type":"PropertyValueSpecification","valueRequired":true,"valueName":"search_term_string"}}],"inLanguage":"lv-LV"},{"@type":"Organization","@id":"https:\/\/wildcatcampers.eu\/#organization","name":"Savva\u013cas ka\u0137u kempingi","url":"https:\/\/wildcatcampers.eu\/","logo":{"@type":"ImageObject","inLanguage":"lv-LV","@id":"https:\/\/wildcatcampers.eu\/#\/schema\/logo\/image\/","url":"https:\/\/wildcatcampers.eu\/wp-content\/uploads\/2025\/04\/WildCat_Wheel-1.png","contentUrl":"https:\/\/wildcatcampers.eu\/wp-content\/uploads\/2025\/04\/WildCat_Wheel-1.png","width":1520,"height":1586,"caption":"Wild Cat Campers"},"image":{"@id":"https:\/\/wildcatcampers.eu\/#\/schema\/logo\/image\/"}}]}},"_links":{"self":[{"href":"https:\/\/wildcatcampers.eu\/lv\/wp-json\/wp\/v2\/product\/24477","targetHints":{"allow":["GET"]}}],"collection":[{"href":"https:\/\/wildcatcampers.eu\/lv\/wp-json\/wp\/v2\/product"}],"about":[{"href":"https:\/\/wildcatcampers.eu\/lv\/wp-json\/wp\/v2\/types\/product"}],"replies":[{"embeddable":true,"href":"https:\/\/wildcatcampers.eu\/lv\/wp-json\/wp\/v2\/comments?post=24477"}],"wp:featuredmedia":[{"embeddable":true,"href":"https:\/\/wildcatcampers.eu\/lv\/wp-json\/wp\/v2\/media\/24478"}],"wp:attachment":[{"href":"https:\/\/wildcatcampers.eu\/lv\/wp-json\/wp\/v2\/media?parent=24477"}],"wp:term":[{"taxonomy":"product_brand","embeddable":true,"href":"https:\/\/wildcatcampers.eu\/lv\/wp-json\/wp\/v2\/product_brand?post=24477"},{"taxonomy":"product_cat","embeddable":true,"href":"https:\/\/wildcatcampers.eu\/lv\/wp-json\/wp\/v2\/product_cat?post=24477"},{"taxonomy":"product_tag","embeddable":true,"href":"https:\/\/wildcatcampers.eu\/lv\/wp-json\/wp\/v2\/product_tag?post=24477"}],"curies":[{"name":"wp","href":"https:\/\/api.w.org\/{rel}","templated":true}]}}