{"id":24475,"date":"2025-05-30T14:49:27","date_gmt":"2025-05-30T13:49:27","guid":{"rendered":"https:\/\/wildcatcampers.eu\/?post_type=product&#038;p=24475"},"modified":"2025-05-30T14:49:27","modified_gmt":"2025-05-30T13:49:27","slug":"freestanding-roof-awning-2-5-x-2-5-m-2-5-x-3-m-2-5-x-3-5-m","status":"publish","type":"product","link":"https:\/\/wildcatcampers.eu\/lv\/product\/freestanding-roof-awning-2-5-x-2-5-m-2-5-x-3-m-2-5-x-3-5-m\/","title":{"rendered":"Br\u012bvi st\u0101vo\u0161a jumta mark\u012bze \u2013 2,5 x 2,5 m \/ 2,5 x 3 m \/ 2,5 x 3,5 m"},"content":{"rendered":"<p>Uzticams risin\u0101jums t\u016bl\u012bt\u0113jai \u0113nas rad\u012b\u0161anai neatkar\u012bgi no j\u016bsu novieto\u0161anas vietas. \u0160o taisno mark\u012bzi var viegli piestiprin\u0101t pie jumta bag\u0101\u017enieka un atv\u0113rt da\u017eu min\u016b\u0161u laik\u0101, pied\u0101v\u0101jot aizsarg\u0101tu vietu atp\u016btai, \u0113diena gatavo\u0161anai vai negaid\u012btu laikapst\u0101k\u013cu gaid\u012b\u0161anai.<\/p>\n<p>Pieejams tr\u012bs izm\u0113ros \u2014 250 \u00d7 250 cm un 250 \u00d7 300 cm, un <strong>250 x 350 cm<\/strong><\/p>\n<p>\u2014 tas ir izstr\u0101d\u0101ts, lai atbilstu j\u016bsu iek\u0101rtojumam un telpas vajadz\u012bb\u0101m, neapdraudot komfortu.<\/p>\n<p>Izgatavota no pa\u0161balsto\u0161a alum\u012bnija r\u0101mja un UV un \u016bdensiztur\u012bga ar PVC p\u0101rkl\u0101ta auduma, \u0161\u012b mark\u012bze ir iztur\u012bga pret sauli un nelielu lietu. Neatkar\u012bgi no t\u0101, vai dodaties ce\u013cojum\u0101, kemping\u0101 pie ezera vai apst\u0101jaties uz pauzi p\u0101rg\u0101jiena tak\u0101 \u2014 t\u0101 nodro\u0161ina papildu komfortu, neaiz\u0146emot vietu bag\u0101\u017eniek\u0101.<\/p>\n<p><strong>Svar\u012bg\u0101kie momenti:<\/strong><\/p>\n<p>Izm\u0113ri: 250 \u00d7 250 cm \/ 250 \u00d7 300 cm \/ <strong>250 x 350 cm<\/strong><\/p>\n<ul>\n<li><\/li>\n<li>\u0100tra uzst\u0101d\u012b\u0161ana un salik\u0161ana<\/li>\n<li>Iztur\u012bgs, UV un \u016bdensnecaurlaid\u012bgs PVC audums<\/li>\n<li>Br\u012bvi st\u0101vo\u0161s alum\u012bnija r\u0101mis<\/li>\n<li>Savietojams ar liel\u0101ko da\u013cu jumta bag\u0101\u017enieka sist\u0113mu<\/li>\n<\/ul>","protected":false},"excerpt":{"rendered":"<p>A reliable solution for creating instant shade wherever you park. This straight awning easily mounts to your roof rack and unfolds in minutes, offering a sheltered space for relaxing, cooking, or waiting out unexpected weather. Available in three sizes \u2014 250 \u00d7 250 cm and 250 \u00d7 300 cm and 250\u00a0 x 350 cm \u2014&hellip; <a class=\"more-link\" href=\"https:\/\/wildcatcampers.eu\/lv\/product\/freestanding-roof-awning-2-5-x-2-5-m-2-5-x-3-m-2-5-x-3-5-m\/\">Turpin\u0101t las\u012bt <span class=\"screen-reader-text\">Br\u012bvi st\u0101vo\u0161a jumta mark\u012bze \u2013 2,5 x 2,5 m \/ 2,5 x 3 m \/ 2,5 x 3,5 m<\/span><\/a><\/p>","protected":false},"featured_media":24476,"comment_status":"open","ping_status":"closed","template":"","meta":[],"product_brand":[105],"product_cat":[65],"product_tag":[],"class_list":{"0":"post-24475","1":"product","2":"type-product","3":"status-publish","4":"has-post-thumbnail","6":"product_brand-wild-cat","7":"product_cat-car-marquees","8":"layout-1","9":"product-add-to-cart-ajax","11":"first","12":"instock","13":"shipping-taxable","14":"purchasable","15":"product-type-simple"},"yoast_head":"<!-- This site is optimized with the Yoast SEO Premium plugin v25.2 (Yoast SEO v27.3) - https:\/\/yoast.com\/product\/yoast-seo-premium-wordpress\/ -->\n<title>Freestanding Roof Awning \u2013 2.5 x 2.5 m \/ 2.5 x 3 m\/ 2.5 x 3.5 m - Wildcat Campers<\/title>\n<meta name=\"robots\" content=\"index, follow, max-snippet:-1, max-image-preview:large, max-video-preview:-1\" \/>\n<link rel=\"canonical\" href=\"https:\/\/wildcatcampers.eu\/lv\/products\/freestanding-roof-awning-2-5-x-2-5-m-2-5-x-3-m-2-5-x-3-5-m\/\" \/>\n<meta property=\"og:locale\" content=\"lv_LV\" \/>\n<meta property=\"og:type\" content=\"article\" \/>\n<meta property=\"og:title\" content=\"Freestanding Roof Awning \u2013 2.5 x 2.5 m \/ 2.5 x 3 m\/ 2.5 x 3.5 m\" \/>\n<meta property=\"og:description\" content=\"A reliable solution for creating instant shade wherever you park. This straight awning easily mounts to your roof rack and unfolds in minutes, offering a sheltered space for relaxing, cooking, or waiting out unexpected weather. Available in three sizes \u2014 250 \u00d7 250 cm and 250 \u00d7 300 cm and 250\u00a0 x 350 cm \u2014&hellip; Continue reading Freestanding Roof Awning \u2013 2.5 x 2.5 m \/ 2.5 x 3 m\/ 2.5 x 3.5 m\" \/>\n<meta property=\"og:url\" content=\"https:\/\/wildcatcampers.eu\/lv\/products\/freestanding-roof-awning-2-5-x-2-5-m-2-5-x-3-m-2-5-x-3-5-m\/\" \/>\n<meta property=\"og:site_name\" content=\"Wildcat Campers\" \/>\n<meta property=\"og:image\" content=\"https:\/\/wildcatcampers.eu\/wp-content\/uploads\/2025\/05\/1-15.55.41.jpg\" \/>\n\t<meta property=\"og:image:width\" content=\"800\" \/>\n\t<meta property=\"og:image:height\" content=\"800\" \/>\n\t<meta property=\"og:image:type\" content=\"image\/jpeg\" \/>\n<meta name=\"twitter:card\" content=\"summary_large_image\" \/>\n<meta name=\"twitter:label1\" content=\"Est. reading time\" \/>\n\t<meta name=\"twitter:data1\" content=\"1 min\u016bte\" \/>\n<script type=\"application\/ld+json\" class=\"yoast-schema-graph\">{\"@context\":\"https:\\\/\\\/schema.org\",\"@graph\":[{\"@type\":\"WebPage\",\"@id\":\"https:\\\/\\\/wildcatcampers.eu\\\/product\\\/freestanding-roof-awning-2-5-x-2-5-m-2-5-x-3-m-2-5-x-3-5-m\\\/\",\"url\":\"https:\\\/\\\/wildcatcampers.eu\\\/product\\\/freestanding-roof-awning-2-5-x-2-5-m-2-5-x-3-m-2-5-x-3-5-m\\\/\",\"name\":\"Freestanding Roof Awning \u2013 2.5 x 2.5 m \\\/ 2.5 x 3 m\\\/ 2.5 x 3.5 m - Wildcat Campers\",\"isPartOf\":{\"@id\":\"https:\\\/\\\/wildcatcampers.eu\\\/#website\"},\"primaryImageOfPage\":{\"@id\":\"https:\\\/\\\/wildcatcampers.eu\\\/product\\\/freestanding-roof-awning-2-5-x-2-5-m-2-5-x-3-m-2-5-x-3-5-m\\\/#primaryimage\"},\"image\":{\"@id\":\"https:\\\/\\\/wildcatcampers.eu\\\/product\\\/freestanding-roof-awning-2-5-x-2-5-m-2-5-x-3-m-2-5-x-3-5-m\\\/#primaryimage\"},\"thumbnailUrl\":\"https:\\\/\\\/wildcatcampers.eu\\\/wp-content\\\/uploads\\\/2025\\\/05\\\/1-15.55.41.jpg\",\"datePublished\":\"2025-05-30T13:49:27+00:00\",\"breadcrumb\":{\"@id\":\"https:\\\/\\\/wildcatcampers.eu\\\/product\\\/freestanding-roof-awning-2-5-x-2-5-m-2-5-x-3-m-2-5-x-3-5-m\\\/#breadcrumb\"},\"inLanguage\":\"lv-LV\",\"potentialAction\":[{\"@type\":\"ReadAction\",\"target\":[\"https:\\\/\\\/wildcatcampers.eu\\\/product\\\/freestanding-roof-awning-2-5-x-2-5-m-2-5-x-3-m-2-5-x-3-5-m\\\/\"]}]},{\"@type\":\"ImageObject\",\"inLanguage\":\"lv-LV\",\"@id\":\"https:\\\/\\\/wildcatcampers.eu\\\/product\\\/freestanding-roof-awning-2-5-x-2-5-m-2-5-x-3-m-2-5-x-3-5-m\\\/#primaryimage\",\"url\":\"https:\\\/\\\/wildcatcampers.eu\\\/wp-content\\\/uploads\\\/2025\\\/05\\\/1-15.55.41.jpg\",\"contentUrl\":\"https:\\\/\\\/wildcatcampers.eu\\\/wp-content\\\/uploads\\\/2025\\\/05\\\/1-15.55.41.jpg\",\"width\":800,\"height\":800},{\"@type\":\"BreadcrumbList\",\"@id\":\"https:\\\/\\\/wildcatcampers.eu\\\/product\\\/freestanding-roof-awning-2-5-x-2-5-m-2-5-x-3-m-2-5-x-3-5-m\\\/#breadcrumb\",\"itemListElement\":[{\"@type\":\"ListItem\",\"position\":1,\"name\":\"Home\",\"item\":\"https:\\\/\\\/wildcatcampers.eu\\\/\"},{\"@type\":\"ListItem\",\"position\":2,\"name\":\"Produkte\",\"item\":\"https:\\\/\\\/wildcatcampers.eu\\\/de\\\/geschaft\\\/\"},{\"@type\":\"ListItem\",\"position\":3,\"name\":\"Freestanding Roof Awning \u2013 2.5 x 2.5 m \\\/ 2.5 x 3 m\\\/ 2.5 x 3.5 m\"}]},{\"@type\":\"WebSite\",\"@id\":\"https:\\\/\\\/wildcatcampers.eu\\\/#website\",\"url\":\"https:\\\/\\\/wildcatcampers.eu\\\/\",\"name\":\"Wild Cat Campers\",\"description\":\"When Adventure Meets Comfort\",\"publisher\":{\"@id\":\"https:\\\/\\\/wildcatcampers.eu\\\/#organization\"},\"potentialAction\":[{\"@type\":\"SearchAction\",\"target\":{\"@type\":\"EntryPoint\",\"urlTemplate\":\"https:\\\/\\\/wildcatcampers.eu\\\/?s={search_term_string}\"},\"query-input\":{\"@type\":\"PropertyValueSpecification\",\"valueRequired\":true,\"valueName\":\"search_term_string\"}}],\"inLanguage\":\"lv-LV\"},{\"@type\":\"Organization\",\"@id\":\"https:\\\/\\\/wildcatcampers.eu\\\/#organization\",\"name\":\"Wild Cat Campers\",\"url\":\"https:\\\/\\\/wildcatcampers.eu\\\/\",\"logo\":{\"@type\":\"ImageObject\",\"inLanguage\":\"lv-LV\",\"@id\":\"https:\\\/\\\/wildcatcampers.eu\\\/#\\\/schema\\\/logo\\\/image\\\/\",\"url\":\"https:\\\/\\\/wildcatcampers.eu\\\/wp-content\\\/uploads\\\/2025\\\/04\\\/WildCat_Wheel-1.png\",\"contentUrl\":\"https:\\\/\\\/wildcatcampers.eu\\\/wp-content\\\/uploads\\\/2025\\\/04\\\/WildCat_Wheel-1.png\",\"width\":1520,\"height\":1586,\"caption\":\"Wild Cat Campers\"},\"image\":{\"@id\":\"https:\\\/\\\/wildcatcampers.eu\\\/#\\\/schema\\\/logo\\\/image\\\/\"}}]}<\/script>\n<!-- \/ Yoast SEO Premium plugin. -->","yoast_head_json":{"title":"Br\u012bvi st\u0101vo\u0161a jumta mark\u012bze \u2013 2,5 x 2,5 m \/ 2,5 x 3 m \/ 2,5 x 3,5 m - Wildcat Campers","robots":{"index":"index","follow":"follow","max-snippet":"max-snippet:-1","max-image-preview":"max-image-preview:large","max-video-preview":"max-video-preview:-1"},"canonical":"https:\/\/wildcatcampers.eu\/lv\/products\/freestanding-roof-awning-2-5-x-2-5-m-2-5-x-3-m-2-5-x-3-5-m\/","og_locale":"lv_LV","og_type":"article","og_title":"Freestanding Roof Awning \u2013 2.5 x 2.5 m \/ 2.5 x 3 m\/ 2.5 x 3.5 m","og_description":"A reliable solution for creating instant shade wherever you park. This straight awning easily mounts to your roof rack and unfolds in minutes, offering a sheltered space for relaxing, cooking, or waiting out unexpected weather. Available in three sizes \u2014 250 \u00d7 250 cm and 250 \u00d7 300 cm and 250\u00a0 x 350 cm \u2014&hellip; Continue reading Freestanding Roof Awning \u2013 2.5 x 2.5 m \/ 2.5 x 3 m\/ 2.5 x 3.5 m","og_url":"https:\/\/wildcatcampers.eu\/lv\/products\/freestanding-roof-awning-2-5-x-2-5-m-2-5-x-3-m-2-5-x-3-5-m\/","og_site_name":"Wildcat Campers","og_image":[{"width":800,"height":800,"url":"https:\/\/wildcatcampers.eu\/wp-content\/uploads\/2025\/05\/1-15.55.41.jpg","type":"image\/jpeg"}],"twitter_card":"summary_large_image","twitter_misc":{"Est. reading time":"1 min\u016bte"},"schema":{"@context":"https:\/\/schema.org","@graph":[{"@type":"WebPage","@id":"https:\/\/wildcatcampers.eu\/product\/freestanding-roof-awning-2-5-x-2-5-m-2-5-x-3-m-2-5-x-3-5-m\/","url":"https:\/\/wildcatcampers.eu\/product\/freestanding-roof-awning-2-5-x-2-5-m-2-5-x-3-m-2-5-x-3-5-m\/","name":"Br\u012bvi st\u0101vo\u0161a jumta mark\u012bze \u2013 2,5 x 2,5 m \/ 2,5 x 3 m \/ 2,5 x 3,5 m - Wildcat Campers","isPartOf":{"@id":"https:\/\/wildcatcampers.eu\/#website"},"primaryImageOfPage":{"@id":"https:\/\/wildcatcampers.eu\/product\/freestanding-roof-awning-2-5-x-2-5-m-2-5-x-3-m-2-5-x-3-5-m\/#primaryimage"},"image":{"@id":"https:\/\/wildcatcampers.eu\/product\/freestanding-roof-awning-2-5-x-2-5-m-2-5-x-3-m-2-5-x-3-5-m\/#primaryimage"},"thumbnailUrl":"https:\/\/wildcatcampers.eu\/wp-content\/uploads\/2025\/05\/1-15.55.41.jpg","datePublished":"2025-05-30T13:49:27+00:00","breadcrumb":{"@id":"https:\/\/wildcatcampers.eu\/product\/freestanding-roof-awning-2-5-x-2-5-m-2-5-x-3-m-2-5-x-3-5-m\/#breadcrumb"},"inLanguage":"lv-LV","potentialAction":[{"@type":"ReadAction","target":["https:\/\/wildcatcampers.eu\/product\/freestanding-roof-awning-2-5-x-2-5-m-2-5-x-3-m-2-5-x-3-5-m\/"]}]},{"@type":"ImageObject","inLanguage":"lv-LV","@id":"https:\/\/wildcatcampers.eu\/product\/freestanding-roof-awning-2-5-x-2-5-m-2-5-x-3-m-2-5-x-3-5-m\/#primaryimage","url":"https:\/\/wildcatcampers.eu\/wp-content\/uploads\/2025\/05\/1-15.55.41.jpg","contentUrl":"https:\/\/wildcatcampers.eu\/wp-content\/uploads\/2025\/05\/1-15.55.41.jpg","width":800,"height":800},{"@type":"BreadcrumbList","@id":"https:\/\/wildcatcampers.eu\/product\/freestanding-roof-awning-2-5-x-2-5-m-2-5-x-3-m-2-5-x-3-5-m\/#breadcrumb","itemListElement":[{"@type":"ListItem","position":1,"name":"Home","item":"https:\/\/wildcatcampers.eu\/"},{"@type":"ListItem","position":2,"name":"Produkte","item":"https:\/\/wildcatcampers.eu\/de\/geschaft\/"},{"@type":"ListItem","position":3,"name":"Freestanding Roof Awning \u2013 2.5 x 2.5 m \/ 2.5 x 3 m\/ 2.5 x 3.5 m"}]},{"@type":"WebSite","@id":"https:\/\/wildcatcampers.eu\/#website","url":"https:\/\/wildcatcampers.eu\/","name":"Savva\u013cas ka\u0137u kempingi","description":"Kad piedz\u012bvojums satiekas ar komfortu","publisher":{"@id":"https:\/\/wildcatcampers.eu\/#organization"},"potentialAction":[{"@type":"SearchAction","target":{"@type":"EntryPoint","urlTemplate":"https:\/\/wildcatcampers.eu\/?s={search_term_string}"},"query-input":{"@type":"PropertyValueSpecification","valueRequired":true,"valueName":"search_term_string"}}],"inLanguage":"lv-LV"},{"@type":"Organization","@id":"https:\/\/wildcatcampers.eu\/#organization","name":"Savva\u013cas ka\u0137u kempingi","url":"https:\/\/wildcatcampers.eu\/","logo":{"@type":"ImageObject","inLanguage":"lv-LV","@id":"https:\/\/wildcatcampers.eu\/#\/schema\/logo\/image\/","url":"https:\/\/wildcatcampers.eu\/wp-content\/uploads\/2025\/04\/WildCat_Wheel-1.png","contentUrl":"https:\/\/wildcatcampers.eu\/wp-content\/uploads\/2025\/04\/WildCat_Wheel-1.png","width":1520,"height":1586,"caption":"Wild Cat Campers"},"image":{"@id":"https:\/\/wildcatcampers.eu\/#\/schema\/logo\/image\/"}}]}},"_links":{"self":[{"href":"https:\/\/wildcatcampers.eu\/lv\/wp-json\/wp\/v2\/product\/24475","targetHints":{"allow":["GET"]}}],"collection":[{"href":"https:\/\/wildcatcampers.eu\/lv\/wp-json\/wp\/v2\/product"}],"about":[{"href":"https:\/\/wildcatcampers.eu\/lv\/wp-json\/wp\/v2\/types\/product"}],"replies":[{"embeddable":true,"href":"https:\/\/wildcatcampers.eu\/lv\/wp-json\/wp\/v2\/comments?post=24475"}],"wp:featuredmedia":[{"embeddable":true,"href":"https:\/\/wildcatcampers.eu\/lv\/wp-json\/wp\/v2\/media\/24476"}],"wp:attachment":[{"href":"https:\/\/wildcatcampers.eu\/lv\/wp-json\/wp\/v2\/media?parent=24475"}],"wp:term":[{"taxonomy":"product_brand","embeddable":true,"href":"https:\/\/wildcatcampers.eu\/lv\/wp-json\/wp\/v2\/product_brand?post=24475"},{"taxonomy":"product_cat","embeddable":true,"href":"https:\/\/wildcatcampers.eu\/lv\/wp-json\/wp\/v2\/product_cat?post=24475"},{"taxonomy":"product_tag","embeddable":true,"href":"https:\/\/wildcatcampers.eu\/lv\/wp-json\/wp\/v2\/product_tag?post=24475"}],"curies":[{"name":"wp","href":"https:\/\/api.w.org\/{rel}","templated":true}]}}