{"id":24470,"date":"2025-05-30T14:39:20","date_gmt":"2025-05-30T13:39:20","guid":{"rendered":"https:\/\/wildcatcampers.eu\/?post_type=product&#038;p=24470"},"modified":"2025-05-30T14:46:21","modified_gmt":"2025-05-30T13:46:21","slug":"shower-cabin-with-steel-frame","status":"publish","type":"product","link":"https:\/\/wildcatcampers.eu\/lv\/product\/shower-cabin-with-steel-frame\/","title":{"rendered":"Du\u0161as kab\u012bne ar t\u0113rauda r\u0101mi"},"content":{"rendered":"<p>Automa\u0161\u012bnas s\u0101nu du\u0161as nojume ar t\u0113rauda r\u0101mi<\/p>\n<p>Kompakta un funkcion\u0101la, uz transportl\u012bdzek\u013ca stiprin\u0101ma du\u0161as kab\u012bne, kas ir ide\u0101li piem\u0113rota kempingam, brauk\u0161anai pa sauszemi un ce\u013cojumiem. Viegli piestiprin\u0101ma pie automa\u0161\u012bnas, kempera vai piekabes s\u0101niem, radot priv\u0101tu telpu du\u0161o\u0161anai, dr\u0113bju mai\u0146ai vai portat\u012bv\u0101s tualetes lieto\u0161anai.<\/p>\n<p>The\u00a0<strong>r\u0101mis ir izgatavots no iztur\u012bga t\u0113rauda<\/strong>, nodro\u0161inot ilgtermi\u0146a uzticam\u012bbu un konstrukcijas iztur\u012bbu pat sare\u017e\u0123\u012btos \u0101ra apst\u0101k\u013cos. Du\u0161as telpas funkcijas\u00a0<strong>augstas kvalit\u0101tes \u016bdensnecaurlaid\u012bgs audums<\/strong>, pied\u0101v\u0101jot aizsardz\u012bbu un priv\u0101tumu, lai kurp j\u016bs aizvestu j\u016bsu piedz\u012bvojumi.<\/p>\n<p><strong>Galven\u0101s iez\u012bmes:<\/strong><\/p>\n<ul>\n<li>\u0100tra un vienk\u0101r\u0161a uzst\u0101d\u012b\u0161ana uz liel\u0101k\u0101s da\u013cas transportl\u012bdzek\u013cu<\/li>\n<li>Sp\u0113c\u012bgs\u00a0<strong>t\u0113rauda r\u0101mis<\/strong>\u00a0iztur\u012bbai un stabilit\u0101tei<\/li>\n<li><strong>\u016adensiztur\u012bgs audums<\/strong>\u00a0aizsardz\u012bbai pret laikapst\u0101k\u013ciem<\/li>\n<li>Viegls, salok\u0101ms un \u0113rti transport\u0113jams<\/li>\n<li>Ide\u0101li piem\u0113rots kempingam, eksped\u012bcij\u0101m un ce\u013cojumiem bezce\u013cos<\/li>\n<\/ul>","protected":false},"excerpt":{"rendered":"<p>Kompakta un funkcion\u0101la, uz transportl\u012bdzek\u013ca stiprin\u0101ma du\u0161as kab\u012bne, kas ir ide\u0101li piem\u0113rota kempingam, brauk\u0161anai pa sauszemi un ce\u013cojumiem. Viegli piestiprin\u0101ma pie automa\u0161\u012bnas, kempera vai piekabes s\u0101niem, radot priv\u0101tu telpu du\u0161o\u0161anai, dr\u0113bju mai\u0146ai vai portat\u012bv\u0101s tualetes lieto\u0161anai.<\/p>","protected":false},"featured_media":24471,"comment_status":"open","ping_status":"closed","template":"","meta":[],"product_brand":[105],"product_cat":[36],"product_tag":[],"class_list":{"0":"post-24470","1":"product","2":"type-product","3":"status-publish","4":"has-post-thumbnail","6":"product_brand-wild-cat","7":"product_cat-accessories","8":"layout-1","9":"product-add-to-cart-ajax","10":"has-gallery-image","12":"first","13":"instock","14":"shipping-taxable","15":"purchasable","16":"product-type-simple"},"yoast_head":"<!-- This site is optimized with the Yoast SEO Premium plugin v25.2 (Yoast SEO v27.3) - https:\/\/yoast.com\/product\/yoast-seo-premium-wordpress\/ -->\n<title>Shower Cabin with Steel Frame - Wildcat Campers<\/title>\n<meta name=\"robots\" content=\"index, follow, max-snippet:-1, max-image-preview:large, max-video-preview:-1\" \/>\n<link rel=\"canonical\" href=\"https:\/\/wildcatcampers.eu\/lv\/products\/shower-cabin-with-steel-frame\/\" \/>\n<meta property=\"og:locale\" content=\"lv_LV\" \/>\n<meta property=\"og:type\" content=\"article\" \/>\n<meta property=\"og:title\" content=\"Shower Cabin with Steel Frame\" \/>\n<meta property=\"og:description\" content=\"A compact and functional vehicle-mounted shower cabin, ideal for camping, overlanding, and road trips. Easily attaches to the side of your car, camper, or trailer, creating a private space for showering, changing clothes, or using a portable toilet.\" \/>\n<meta property=\"og:url\" content=\"https:\/\/wildcatcampers.eu\/lv\/products\/shower-cabin-with-steel-frame\/\" \/>\n<meta property=\"og:site_name\" content=\"Wildcat Campers\" \/>\n<meta property=\"article:modified_time\" content=\"2025-05-30T13:46:21+00:00\" \/>\n<meta property=\"og:image\" content=\"https:\/\/wildcatcampers.eu\/wp-content\/uploads\/2025\/05\/3-15.54.28.jpg\" \/>\n\t<meta property=\"og:image:width\" content=\"750\" \/>\n\t<meta property=\"og:image:height\" content=\"847\" \/>\n\t<meta property=\"og:image:type\" content=\"image\/jpeg\" \/>\n<meta name=\"twitter:card\" content=\"summary_large_image\" \/>\n<meta name=\"twitter:label1\" content=\"Est. reading time\" \/>\n\t<meta name=\"twitter:data1\" content=\"1 min\u016bte\" \/>\n<script type=\"application\/ld+json\" class=\"yoast-schema-graph\">{\"@context\":\"https:\\\/\\\/schema.org\",\"@graph\":[{\"@type\":\"WebPage\",\"@id\":\"https:\\\/\\\/wildcatcampers.eu\\\/product\\\/shower-cabin-with-steel-frame\\\/\",\"url\":\"https:\\\/\\\/wildcatcampers.eu\\\/product\\\/shower-cabin-with-steel-frame\\\/\",\"name\":\"Shower Cabin with Steel Frame - Wildcat Campers\",\"isPartOf\":{\"@id\":\"https:\\\/\\\/wildcatcampers.eu\\\/#website\"},\"primaryImageOfPage\":{\"@id\":\"https:\\\/\\\/wildcatcampers.eu\\\/product\\\/shower-cabin-with-steel-frame\\\/#primaryimage\"},\"image\":{\"@id\":\"https:\\\/\\\/wildcatcampers.eu\\\/product\\\/shower-cabin-with-steel-frame\\\/#primaryimage\"},\"thumbnailUrl\":\"https:\\\/\\\/wildcatcampers.eu\\\/wp-content\\\/uploads\\\/2025\\\/05\\\/3-15.54.28.jpg\",\"datePublished\":\"2025-05-30T13:39:20+00:00\",\"dateModified\":\"2025-05-30T13:46:21+00:00\",\"breadcrumb\":{\"@id\":\"https:\\\/\\\/wildcatcampers.eu\\\/product\\\/shower-cabin-with-steel-frame\\\/#breadcrumb\"},\"inLanguage\":\"lv-LV\",\"potentialAction\":[{\"@type\":\"ReadAction\",\"target\":[\"https:\\\/\\\/wildcatcampers.eu\\\/product\\\/shower-cabin-with-steel-frame\\\/\"]}]},{\"@type\":\"ImageObject\",\"inLanguage\":\"lv-LV\",\"@id\":\"https:\\\/\\\/wildcatcampers.eu\\\/product\\\/shower-cabin-with-steel-frame\\\/#primaryimage\",\"url\":\"https:\\\/\\\/wildcatcampers.eu\\\/wp-content\\\/uploads\\\/2025\\\/05\\\/3-15.54.28.jpg\",\"contentUrl\":\"https:\\\/\\\/wildcatcampers.eu\\\/wp-content\\\/uploads\\\/2025\\\/05\\\/3-15.54.28.jpg\",\"width\":750,\"height\":847},{\"@type\":\"BreadcrumbList\",\"@id\":\"https:\\\/\\\/wildcatcampers.eu\\\/product\\\/shower-cabin-with-steel-frame\\\/#breadcrumb\",\"itemListElement\":[{\"@type\":\"ListItem\",\"position\":1,\"name\":\"Home\",\"item\":\"https:\\\/\\\/wildcatcampers.eu\\\/\"},{\"@type\":\"ListItem\",\"position\":2,\"name\":\"Produkte\",\"item\":\"https:\\\/\\\/wildcatcampers.eu\\\/de\\\/geschaft\\\/\"},{\"@type\":\"ListItem\",\"position\":3,\"name\":\"Shower Cabin with Steel Frame\"}]},{\"@type\":\"WebSite\",\"@id\":\"https:\\\/\\\/wildcatcampers.eu\\\/#website\",\"url\":\"https:\\\/\\\/wildcatcampers.eu\\\/\",\"name\":\"Wild Cat Campers\",\"description\":\"When Adventure Meets Comfort\",\"publisher\":{\"@id\":\"https:\\\/\\\/wildcatcampers.eu\\\/#organization\"},\"potentialAction\":[{\"@type\":\"SearchAction\",\"target\":{\"@type\":\"EntryPoint\",\"urlTemplate\":\"https:\\\/\\\/wildcatcampers.eu\\\/?s={search_term_string}\"},\"query-input\":{\"@type\":\"PropertyValueSpecification\",\"valueRequired\":true,\"valueName\":\"search_term_string\"}}],\"inLanguage\":\"lv-LV\"},{\"@type\":\"Organization\",\"@id\":\"https:\\\/\\\/wildcatcampers.eu\\\/#organization\",\"name\":\"Wild Cat Campers\",\"url\":\"https:\\\/\\\/wildcatcampers.eu\\\/\",\"logo\":{\"@type\":\"ImageObject\",\"inLanguage\":\"lv-LV\",\"@id\":\"https:\\\/\\\/wildcatcampers.eu\\\/#\\\/schema\\\/logo\\\/image\\\/\",\"url\":\"https:\\\/\\\/wildcatcampers.eu\\\/wp-content\\\/uploads\\\/2025\\\/04\\\/WildCat_Wheel-1.png\",\"contentUrl\":\"https:\\\/\\\/wildcatcampers.eu\\\/wp-content\\\/uploads\\\/2025\\\/04\\\/WildCat_Wheel-1.png\",\"width\":1520,\"height\":1586,\"caption\":\"Wild Cat Campers\"},\"image\":{\"@id\":\"https:\\\/\\\/wildcatcampers.eu\\\/#\\\/schema\\\/logo\\\/image\\\/\"}}]}<\/script>\n<!-- \/ Yoast SEO Premium plugin. -->","yoast_head_json":{"title":"Du\u0161as kab\u012bne ar t\u0113rauda r\u0101mi - Wildcat Campers","robots":{"index":"index","follow":"follow","max-snippet":"max-snippet:-1","max-image-preview":"max-image-preview:large","max-video-preview":"max-video-preview:-1"},"canonical":"https:\/\/wildcatcampers.eu\/lv\/products\/shower-cabin-with-steel-frame\/","og_locale":"lv_LV","og_type":"article","og_title":"Shower Cabin with Steel Frame","og_description":"A compact and functional vehicle-mounted shower cabin, ideal for camping, overlanding, and road trips. Easily attaches to the side of your car, camper, or trailer, creating a private space for showering, changing clothes, or using a portable toilet.","og_url":"https:\/\/wildcatcampers.eu\/lv\/products\/shower-cabin-with-steel-frame\/","og_site_name":"Wildcat Campers","article_modified_time":"2025-05-30T13:46:21+00:00","og_image":[{"width":750,"height":847,"url":"https:\/\/wildcatcampers.eu\/wp-content\/uploads\/2025\/05\/3-15.54.28.jpg","type":"image\/jpeg"}],"twitter_card":"summary_large_image","twitter_misc":{"Est. reading time":"1 min\u016bte"},"schema":{"@context":"https:\/\/schema.org","@graph":[{"@type":"WebPage","@id":"https:\/\/wildcatcampers.eu\/product\/shower-cabin-with-steel-frame\/","url":"https:\/\/wildcatcampers.eu\/product\/shower-cabin-with-steel-frame\/","name":"Du\u0161as kab\u012bne ar t\u0113rauda r\u0101mi - Wildcat Campers","isPartOf":{"@id":"https:\/\/wildcatcampers.eu\/#website"},"primaryImageOfPage":{"@id":"https:\/\/wildcatcampers.eu\/product\/shower-cabin-with-steel-frame\/#primaryimage"},"image":{"@id":"https:\/\/wildcatcampers.eu\/product\/shower-cabin-with-steel-frame\/#primaryimage"},"thumbnailUrl":"https:\/\/wildcatcampers.eu\/wp-content\/uploads\/2025\/05\/3-15.54.28.jpg","datePublished":"2025-05-30T13:39:20+00:00","dateModified":"2025-05-30T13:46:21+00:00","breadcrumb":{"@id":"https:\/\/wildcatcampers.eu\/product\/shower-cabin-with-steel-frame\/#breadcrumb"},"inLanguage":"lv-LV","potentialAction":[{"@type":"ReadAction","target":["https:\/\/wildcatcampers.eu\/product\/shower-cabin-with-steel-frame\/"]}]},{"@type":"ImageObject","inLanguage":"lv-LV","@id":"https:\/\/wildcatcampers.eu\/product\/shower-cabin-with-steel-frame\/#primaryimage","url":"https:\/\/wildcatcampers.eu\/wp-content\/uploads\/2025\/05\/3-15.54.28.jpg","contentUrl":"https:\/\/wildcatcampers.eu\/wp-content\/uploads\/2025\/05\/3-15.54.28.jpg","width":750,"height":847},{"@type":"BreadcrumbList","@id":"https:\/\/wildcatcampers.eu\/product\/shower-cabin-with-steel-frame\/#breadcrumb","itemListElement":[{"@type":"ListItem","position":1,"name":"Home","item":"https:\/\/wildcatcampers.eu\/"},{"@type":"ListItem","position":2,"name":"Produkte","item":"https:\/\/wildcatcampers.eu\/de\/geschaft\/"},{"@type":"ListItem","position":3,"name":"Shower Cabin with Steel Frame"}]},{"@type":"WebSite","@id":"https:\/\/wildcatcampers.eu\/#website","url":"https:\/\/wildcatcampers.eu\/","name":"Savva\u013cas ka\u0137u kempingi","description":"Kad piedz\u012bvojums satiekas ar komfortu","publisher":{"@id":"https:\/\/wildcatcampers.eu\/#organization"},"potentialAction":[{"@type":"SearchAction","target":{"@type":"EntryPoint","urlTemplate":"https:\/\/wildcatcampers.eu\/?s={search_term_string}"},"query-input":{"@type":"PropertyValueSpecification","valueRequired":true,"valueName":"search_term_string"}}],"inLanguage":"lv-LV"},{"@type":"Organization","@id":"https:\/\/wildcatcampers.eu\/#organization","name":"Savva\u013cas ka\u0137u kempingi","url":"https:\/\/wildcatcampers.eu\/","logo":{"@type":"ImageObject","inLanguage":"lv-LV","@id":"https:\/\/wildcatcampers.eu\/#\/schema\/logo\/image\/","url":"https:\/\/wildcatcampers.eu\/wp-content\/uploads\/2025\/04\/WildCat_Wheel-1.png","contentUrl":"https:\/\/wildcatcampers.eu\/wp-content\/uploads\/2025\/04\/WildCat_Wheel-1.png","width":1520,"height":1586,"caption":"Wild Cat Campers"},"image":{"@id":"https:\/\/wildcatcampers.eu\/#\/schema\/logo\/image\/"}}]}},"_links":{"self":[{"href":"https:\/\/wildcatcampers.eu\/lv\/wp-json\/wp\/v2\/product\/24470","targetHints":{"allow":["GET"]}}],"collection":[{"href":"https:\/\/wildcatcampers.eu\/lv\/wp-json\/wp\/v2\/product"}],"about":[{"href":"https:\/\/wildcatcampers.eu\/lv\/wp-json\/wp\/v2\/types\/product"}],"replies":[{"embeddable":true,"href":"https:\/\/wildcatcampers.eu\/lv\/wp-json\/wp\/v2\/comments?post=24470"}],"wp:featuredmedia":[{"embeddable":true,"href":"https:\/\/wildcatcampers.eu\/lv\/wp-json\/wp\/v2\/media\/24471"}],"wp:attachment":[{"href":"https:\/\/wildcatcampers.eu\/lv\/wp-json\/wp\/v2\/media?parent=24470"}],"wp:term":[{"taxonomy":"product_brand","embeddable":true,"href":"https:\/\/wildcatcampers.eu\/lv\/wp-json\/wp\/v2\/product_brand?post=24470"},{"taxonomy":"product_cat","embeddable":true,"href":"https:\/\/wildcatcampers.eu\/lv\/wp-json\/wp\/v2\/product_cat?post=24470"},{"taxonomy":"product_tag","embeddable":true,"href":"https:\/\/wildcatcampers.eu\/lv\/wp-json\/wp\/v2\/product_tag?post=24470"}],"curies":[{"name":"wp","href":"https:\/\/api.w.org\/{rel}","templated":true}]}}