{"id":24199,"date":"2025-04-24T22:46:03","date_gmt":"2025-04-24T21:46:03","guid":{"rendered":"https:\/\/wildcatcampers.eu\/?post_type=product&#038;p=24199"},"modified":"2025-05-30T18:32:52","modified_gmt":"2025-05-30T17:32:52","slug":"270-fan-awning-with-side-walls-and-led-lighting","status":"publish","type":"product","link":"https:\/\/wildcatcampers.eu\/lv\/product\/270-fan-awning-with-side-walls-and-led-lighting\/","title":{"rendered":"270\u00b0 ventilatora mark\u012bze ar s\u0101nu sien\u0101m un LED apgaismojumu"},"content":{"rendered":"<p><span data-sheets-root=\"1\">Kr\u0101sa: b\u0113\u0161a\/dzeltenbr\u016bna\/pel\u0113ka\/kafija, piel\u0101gota pie\u0146emama<br \/>\nFunkcija: 270 gr\u0101du p\u0101rkl\u0101jums, mont\u0101\u017eas komplektus var ieg\u0101d\u0101ties liel\u0101kajai da\u013cai plauktu veidu<br \/>\nKorpuss: iztur\u012bgs pret pel\u0113jumu un r\u016bsu<br \/>\nK\u0101ts: br\u012bvi st\u0101vo\u0161s, iztur\u012bgs pret pel\u0113jumu un r\u016bsu<br \/>\nIzm\u0113rs: R = 2m\/2,5m p\u0113c izv\u0113les<br \/>\nAudums: Ripstop audekls, UV aizsarg\u0101ts, \u016bdensnecaurlaid\u012bgs<br \/>\nLietojums: Kempings br\u012bv\u0101 dab\u0101<br \/>\nKomplekt\u0101 ietilpst: Komplekt\u0101 ietilpst visi nepiecie\u0161amie stie\u0146i ar nagl\u0101m, mieti\u0146i un virves, kuras var uzglab\u0101t p\u0101rsega som\u0101.<br \/>\nP\u0113c izv\u0113les: Foxwing mark\u012bzes pagarin\u0101jums, Foxwing konusveida r\u0101v\u0113jsl\u0113dz\u0113ja pagarin\u0101jums<\/span><\/p>","protected":false},"excerpt":{"rendered":"<p><span data-sheets-root=\"1\">Vair\u0101k vietas. Vair\u0101k br\u012bv\u012bbas. \u0100tra uzst\u0101d\u012b\u0161ana.<\/span><\/p>","protected":false},"featured_media":24203,"comment_status":"open","ping_status":"closed","template":"","meta":[],"product_brand":[105],"product_cat":[65],"product_tag":[],"class_list":{"0":"post-24199","1":"product","2":"type-product","3":"status-publish","4":"has-post-thumbnail","6":"product_brand-wild-cat","7":"product_cat-car-marquees","8":"layout-1","9":"product-add-to-cart-ajax","10":"has-gallery-image","12":"first","13":"instock","14":"shipping-taxable","15":"purchasable","16":"product-type-simple"},"yoast_head":"<!-- This site is optimized with the Yoast SEO Premium plugin v25.2 (Yoast SEO v27.3) - https:\/\/yoast.com\/product\/yoast-seo-premium-wordpress\/ -->\n<title>270\u00b0 Fan Awning with Side Walls and LED Lighting - Wildcat Campers<\/title>\n<meta name=\"robots\" content=\"index, follow, max-snippet:-1, max-image-preview:large, max-video-preview:-1\" \/>\n<link rel=\"canonical\" href=\"https:\/\/wildcatcampers.eu\/lv\/de\/products\/270-cm-ventilatormarkise-mit-seitenwanden-und-led-beleuchtung\/\" \/>\n<meta property=\"og:locale\" content=\"lv_LV\" \/>\n<meta property=\"og:type\" content=\"article\" \/>\n<meta property=\"og:title\" content=\"270\u00b0 Fan Awning with Side Walls and LED Lighting\" \/>\n<meta property=\"og:description\" content=\"Extra Space. Extra Freedom. Quick setup.\" \/>\n<meta property=\"og:url\" content=\"https:\/\/wildcatcampers.eu\/lv\/de\/products\/270-cm-ventilatormarkise-mit-seitenwanden-und-led-beleuchtung\/\" \/>\n<meta property=\"og:site_name\" content=\"Wildcat Campers\" \/>\n<meta property=\"article:modified_time\" content=\"2025-05-30T17:32:52+00:00\" \/>\n<meta name=\"twitter:card\" content=\"summary_large_image\" \/>\n<script type=\"application\/ld+json\" class=\"yoast-schema-graph\">{\"@context\":\"https:\\\/\\\/schema.org\",\"@graph\":[{\"@type\":\"WebPage\",\"@id\":\"https:\\\/\\\/wildcatcampers.eu\\\/de\\\/produkt\\\/270-cm-ventilatormarkise-mit-seitenwanden-und-led-beleuchtung\\\/\",\"url\":\"https:\\\/\\\/wildcatcampers.eu\\\/de\\\/produkt\\\/270-cm-ventilatormarkise-mit-seitenwanden-und-led-beleuchtung\\\/\",\"name\":\"270\u00b0 Fan Awning with Side Walls and LED Lighting - Wildcat Campers\",\"isPartOf\":{\"@id\":\"https:\\\/\\\/wildcatcampers.eu\\\/#website\"},\"primaryImageOfPage\":{\"@id\":\"https:\\\/\\\/wildcatcampers.eu\\\/de\\\/produkt\\\/270-cm-ventilatormarkise-mit-seitenwanden-und-led-beleuchtung\\\/#primaryimage\"},\"image\":{\"@id\":\"https:\\\/\\\/wildcatcampers.eu\\\/de\\\/produkt\\\/270-cm-ventilatormarkise-mit-seitenwanden-und-led-beleuchtung\\\/#primaryimage\"},\"thumbnailUrl\":\"https:\\\/\\\/wildcatcampers.eu\\\/wp-content\\\/uploads\\\/2025\\\/04\\\/H6f4e1ddf9e5a4f5e9d4a28a7f186c8065.jpg_720x720q50.avif\",\"datePublished\":\"2025-04-24T21:46:03+00:00\",\"dateModified\":\"2025-05-30T17:32:52+00:00\",\"breadcrumb\":{\"@id\":\"https:\\\/\\\/wildcatcampers.eu\\\/de\\\/produkt\\\/270-cm-ventilatormarkise-mit-seitenwanden-und-led-beleuchtung\\\/#breadcrumb\"},\"inLanguage\":\"lv-LV\",\"potentialAction\":[{\"@type\":\"ReadAction\",\"target\":[\"https:\\\/\\\/wildcatcampers.eu\\\/de\\\/produkt\\\/270-cm-ventilatormarkise-mit-seitenwanden-und-led-beleuchtung\\\/\"]}]},{\"@type\":\"ImageObject\",\"inLanguage\":\"lv-LV\",\"@id\":\"https:\\\/\\\/wildcatcampers.eu\\\/de\\\/produkt\\\/270-cm-ventilatormarkise-mit-seitenwanden-und-led-beleuchtung\\\/#primaryimage\",\"url\":\"https:\\\/\\\/wildcatcampers.eu\\\/wp-content\\\/uploads\\\/2025\\\/04\\\/H6f4e1ddf9e5a4f5e9d4a28a7f186c8065.jpg_720x720q50.avif\",\"contentUrl\":\"https:\\\/\\\/wildcatcampers.eu\\\/wp-content\\\/uploads\\\/2025\\\/04\\\/H6f4e1ddf9e5a4f5e9d4a28a7f186c8065.jpg_720x720q50.avif\",\"width\":500,\"height\":500,\"caption\":\"270\u00b0 Fan Awning with Side Walls and LED Lighting\"},{\"@type\":\"BreadcrumbList\",\"@id\":\"https:\\\/\\\/wildcatcampers.eu\\\/de\\\/produkt\\\/270-cm-ventilatormarkise-mit-seitenwanden-und-led-beleuchtung\\\/#breadcrumb\",\"itemListElement\":[{\"@type\":\"ListItem\",\"position\":1,\"name\":\"Home\",\"item\":\"https:\\\/\\\/wildcatcampers.eu\\\/\"},{\"@type\":\"ListItem\",\"position\":2,\"name\":\"Produkte\",\"item\":\"https:\\\/\\\/wildcatcampers.eu\\\/de\\\/geschaft\\\/\"},{\"@type\":\"ListItem\",\"position\":3,\"name\":\"270\u00b0 Fan Awning with Side Walls and LED Lighting\"}]},{\"@type\":\"WebSite\",\"@id\":\"https:\\\/\\\/wildcatcampers.eu\\\/#website\",\"url\":\"https:\\\/\\\/wildcatcampers.eu\\\/\",\"name\":\"Wild Cat Campers\",\"description\":\"When Adventure Meets Comfort\",\"publisher\":{\"@id\":\"https:\\\/\\\/wildcatcampers.eu\\\/#organization\"},\"potentialAction\":[{\"@type\":\"SearchAction\",\"target\":{\"@type\":\"EntryPoint\",\"urlTemplate\":\"https:\\\/\\\/wildcatcampers.eu\\\/?s={search_term_string}\"},\"query-input\":{\"@type\":\"PropertyValueSpecification\",\"valueRequired\":true,\"valueName\":\"search_term_string\"}}],\"inLanguage\":\"lv-LV\"},{\"@type\":\"Organization\",\"@id\":\"https:\\\/\\\/wildcatcampers.eu\\\/#organization\",\"name\":\"Wild Cat Campers\",\"url\":\"https:\\\/\\\/wildcatcampers.eu\\\/\",\"logo\":{\"@type\":\"ImageObject\",\"inLanguage\":\"lv-LV\",\"@id\":\"https:\\\/\\\/wildcatcampers.eu\\\/#\\\/schema\\\/logo\\\/image\\\/\",\"url\":\"https:\\\/\\\/wildcatcampers.eu\\\/wp-content\\\/uploads\\\/2025\\\/04\\\/WildCat_Wheel-1.png\",\"contentUrl\":\"https:\\\/\\\/wildcatcampers.eu\\\/wp-content\\\/uploads\\\/2025\\\/04\\\/WildCat_Wheel-1.png\",\"width\":1520,\"height\":1586,\"caption\":\"Wild Cat Campers\"},\"image\":{\"@id\":\"https:\\\/\\\/wildcatcampers.eu\\\/#\\\/schema\\\/logo\\\/image\\\/\"}}]}<\/script>\n<!-- \/ Yoast SEO Premium plugin. -->","yoast_head_json":{"title":"270\u00b0 ventilatora mark\u012bze ar s\u0101nu sien\u0101m un LED apgaismojumu - Wildcat Campers","robots":{"index":"index","follow":"follow","max-snippet":"max-snippet:-1","max-image-preview":"max-image-preview:large","max-video-preview":"max-video-preview:-1"},"canonical":"https:\/\/wildcatcampers.eu\/lv\/de\/products\/270-cm-ventilatormarkise-mit-seitenwanden-und-led-beleuchtung\/","og_locale":"lv_LV","og_type":"article","og_title":"270\u00b0 Fan Awning with Side Walls and LED Lighting","og_description":"Extra Space. Extra Freedom. Quick setup.","og_url":"https:\/\/wildcatcampers.eu\/lv\/de\/products\/270-cm-ventilatormarkise-mit-seitenwanden-und-led-beleuchtung\/","og_site_name":"Wildcat Campers","article_modified_time":"2025-05-30T17:32:52+00:00","twitter_card":"summary_large_image","schema":{"@context":"https:\/\/schema.org","@graph":[{"@type":"WebPage","@id":"https:\/\/wildcatcampers.eu\/de\/produkt\/270-cm-ventilatormarkise-mit-seitenwanden-und-led-beleuchtung\/","url":"https:\/\/wildcatcampers.eu\/de\/produkt\/270-cm-ventilatormarkise-mit-seitenwanden-und-led-beleuchtung\/","name":"270\u00b0 ventilatora mark\u012bze ar s\u0101nu sien\u0101m un LED apgaismojumu - Wildcat Campers","isPartOf":{"@id":"https:\/\/wildcatcampers.eu\/#website"},"primaryImageOfPage":{"@id":"https:\/\/wildcatcampers.eu\/de\/produkt\/270-cm-ventilatormarkise-mit-seitenwanden-und-led-beleuchtung\/#primaryimage"},"image":{"@id":"https:\/\/wildcatcampers.eu\/de\/produkt\/270-cm-ventilatormarkise-mit-seitenwanden-und-led-beleuchtung\/#primaryimage"},"thumbnailUrl":"https:\/\/wildcatcampers.eu\/wp-content\/uploads\/2025\/04\/H6f4e1ddf9e5a4f5e9d4a28a7f186c8065.jpg_720x720q50.avif","datePublished":"2025-04-24T21:46:03+00:00","dateModified":"2025-05-30T17:32:52+00:00","breadcrumb":{"@id":"https:\/\/wildcatcampers.eu\/de\/produkt\/270-cm-ventilatormarkise-mit-seitenwanden-und-led-beleuchtung\/#breadcrumb"},"inLanguage":"lv-LV","potentialAction":[{"@type":"ReadAction","target":["https:\/\/wildcatcampers.eu\/de\/produkt\/270-cm-ventilatormarkise-mit-seitenwanden-und-led-beleuchtung\/"]}]},{"@type":"ImageObject","inLanguage":"lv-LV","@id":"https:\/\/wildcatcampers.eu\/de\/produkt\/270-cm-ventilatormarkise-mit-seitenwanden-und-led-beleuchtung\/#primaryimage","url":"https:\/\/wildcatcampers.eu\/wp-content\/uploads\/2025\/04\/H6f4e1ddf9e5a4f5e9d4a28a7f186c8065.jpg_720x720q50.avif","contentUrl":"https:\/\/wildcatcampers.eu\/wp-content\/uploads\/2025\/04\/H6f4e1ddf9e5a4f5e9d4a28a7f186c8065.jpg_720x720q50.avif","width":500,"height":500,"caption":"270\u00b0 Fan Awning with Side Walls and LED Lighting"},{"@type":"BreadcrumbList","@id":"https:\/\/wildcatcampers.eu\/de\/produkt\/270-cm-ventilatormarkise-mit-seitenwanden-und-led-beleuchtung\/#breadcrumb","itemListElement":[{"@type":"ListItem","position":1,"name":"Home","item":"https:\/\/wildcatcampers.eu\/"},{"@type":"ListItem","position":2,"name":"Produkte","item":"https:\/\/wildcatcampers.eu\/de\/geschaft\/"},{"@type":"ListItem","position":3,"name":"270\u00b0 Fan Awning with Side Walls and LED Lighting"}]},{"@type":"WebSite","@id":"https:\/\/wildcatcampers.eu\/#website","url":"https:\/\/wildcatcampers.eu\/","name":"Savva\u013cas ka\u0137u kempingi","description":"Kad piedz\u012bvojums satiekas ar komfortu","publisher":{"@id":"https:\/\/wildcatcampers.eu\/#organization"},"potentialAction":[{"@type":"SearchAction","target":{"@type":"EntryPoint","urlTemplate":"https:\/\/wildcatcampers.eu\/?s={search_term_string}"},"query-input":{"@type":"PropertyValueSpecification","valueRequired":true,"valueName":"search_term_string"}}],"inLanguage":"lv-LV"},{"@type":"Organization","@id":"https:\/\/wildcatcampers.eu\/#organization","name":"Savva\u013cas ka\u0137u kempingi","url":"https:\/\/wildcatcampers.eu\/","logo":{"@type":"ImageObject","inLanguage":"lv-LV","@id":"https:\/\/wildcatcampers.eu\/#\/schema\/logo\/image\/","url":"https:\/\/wildcatcampers.eu\/wp-content\/uploads\/2025\/04\/WildCat_Wheel-1.png","contentUrl":"https:\/\/wildcatcampers.eu\/wp-content\/uploads\/2025\/04\/WildCat_Wheel-1.png","width":1520,"height":1586,"caption":"Wild Cat Campers"},"image":{"@id":"https:\/\/wildcatcampers.eu\/#\/schema\/logo\/image\/"}}]}},"_links":{"self":[{"href":"https:\/\/wildcatcampers.eu\/lv\/wp-json\/wp\/v2\/product\/24199","targetHints":{"allow":["GET"]}}],"collection":[{"href":"https:\/\/wildcatcampers.eu\/lv\/wp-json\/wp\/v2\/product"}],"about":[{"href":"https:\/\/wildcatcampers.eu\/lv\/wp-json\/wp\/v2\/types\/product"}],"replies":[{"embeddable":true,"href":"https:\/\/wildcatcampers.eu\/lv\/wp-json\/wp\/v2\/comments?post=24199"}],"wp:featuredmedia":[{"embeddable":true,"href":"https:\/\/wildcatcampers.eu\/lv\/wp-json\/wp\/v2\/media\/24203"}],"wp:attachment":[{"href":"https:\/\/wildcatcampers.eu\/lv\/wp-json\/wp\/v2\/media?parent=24199"}],"wp:term":[{"taxonomy":"product_brand","embeddable":true,"href":"https:\/\/wildcatcampers.eu\/lv\/wp-json\/wp\/v2\/product_brand?post=24199"},{"taxonomy":"product_cat","embeddable":true,"href":"https:\/\/wildcatcampers.eu\/lv\/wp-json\/wp\/v2\/product_cat?post=24199"},{"taxonomy":"product_tag","embeddable":true,"href":"https:\/\/wildcatcampers.eu\/lv\/wp-json\/wp\/v2\/product_tag?post=24199"}],"curies":[{"name":"wp","href":"https:\/\/api.w.org\/{rel}","templated":true}]}}