{"id":24194,"date":"2025-04-24T18:10:42","date_gmt":"2025-04-24T17:10:42","guid":{"rendered":"https:\/\/wildcatcampers.eu\/?post_type=product&#038;p=24194"},"modified":"2025-05-30T18:33:03","modified_gmt":"2025-05-30T17:33:03","slug":"wheel-chocks-for-vehicles-comfort","status":"publish","type":"product","link":"https:\/\/wildcatcampers.eu\/lv\/product\/wheel-chocks-for-vehicles-comfort\/","title":{"rendered":"Rite\u0146u \u0137\u012b\u013ci transportl\u012bdzek\u013cu komfortam"},"content":{"rendered":"<p><span data-sheets-root=\"1\">Izm\u0113rs; 18 x 10 x 10 cm<br \/>\nMateri\u0101ls: plastmasa<br \/>\nKomplekta svars: 1,6 kg<br \/>\nKomplekt\u0101 2 \u0137\u012b\u013ci<br \/>\n<\/span><\/p>","protected":false},"excerpt":{"rendered":"<p><span data-sheets-root=\"1\">Rite\u0146u \u0137\u012b\u013ci tiek izmantoti automa\u0161\u012bnu, kravas automa\u0161\u012bnu, dz\u012bvojamo piekabju un piekabju nostiprin\u0101\u0161anai, lai nov\u0113rstu nejau\u0161u aizripo\u0161anu.<br \/>\n<\/span><\/p>","protected":false},"featured_media":24195,"comment_status":"open","ping_status":"closed","template":"","meta":[],"product_brand":[105],"product_cat":[36],"product_tag":[],"class_list":{"0":"post-24194","1":"product","2":"type-product","3":"status-publish","4":"has-post-thumbnail","6":"product_brand-wild-cat","7":"product_cat-accessories","8":"layout-1","9":"product-add-to-cart-ajax","10":"has-gallery-image","12":"first","13":"instock","14":"shipping-taxable","15":"purchasable","16":"product-type-simple"},"yoast_head":"<!-- This site is optimized with the Yoast SEO Premium plugin v25.2 (Yoast SEO v27.3) - https:\/\/yoast.com\/product\/yoast-seo-premium-wordpress\/ -->\n<title>Wheel Chocks for Vehicles Comfort - Wildcat Campers<\/title>\n<meta name=\"robots\" content=\"index, follow, max-snippet:-1, max-image-preview:large, max-video-preview:-1\" \/>\n<link rel=\"canonical\" href=\"https:\/\/wildcatcampers.eu\/lv\/products\/wheel-chocks-for-vehicles-comfort\/\" \/>\n<meta property=\"og:locale\" content=\"lv_LV\" \/>\n<meta property=\"og:type\" content=\"article\" \/>\n<meta property=\"og:title\" content=\"Wheel Chocks for Vehicles Comfort\" \/>\n<meta property=\"og:description\" content=\"Wheel Chocks are used for securing cars, trucks, caravans, trailers serves to prevent unintentional rolling away.\" \/>\n<meta property=\"og:url\" content=\"https:\/\/wildcatcampers.eu\/lv\/products\/wheel-chocks-for-vehicles-comfort\/\" \/>\n<meta property=\"og:site_name\" content=\"Wildcat Campers\" \/>\n<meta property=\"article:modified_time\" content=\"2025-05-30T17:33:03+00:00\" \/>\n<meta name=\"twitter:card\" content=\"summary_large_image\" \/>\n<script type=\"application\/ld+json\" class=\"yoast-schema-graph\">{\"@context\":\"https:\\\/\\\/schema.org\",\"@graph\":[{\"@type\":\"WebPage\",\"@id\":\"https:\\\/\\\/wildcatcampers.eu\\\/product\\\/wheel-chocks-for-vehicles-comfort\\\/\",\"url\":\"https:\\\/\\\/wildcatcampers.eu\\\/product\\\/wheel-chocks-for-vehicles-comfort\\\/\",\"name\":\"Wheel Chocks for Vehicles Comfort - Wildcat Campers\",\"isPartOf\":{\"@id\":\"https:\\\/\\\/wildcatcampers.eu\\\/#website\"},\"primaryImageOfPage\":{\"@id\":\"https:\\\/\\\/wildcatcampers.eu\\\/product\\\/wheel-chocks-for-vehicles-comfort\\\/#primaryimage\"},\"image\":{\"@id\":\"https:\\\/\\\/wildcatcampers.eu\\\/product\\\/wheel-chocks-for-vehicles-comfort\\\/#primaryimage\"},\"thumbnailUrl\":\"https:\\\/\\\/wildcatcampers.eu\\\/wp-content\\\/uploads\\\/2025\\\/04\\\/H26b0c7343f314bd6ba00dd134423c7c5R.png_720x720q50.avif\",\"datePublished\":\"2025-04-24T17:10:42+00:00\",\"dateModified\":\"2025-05-30T17:33:03+00:00\",\"breadcrumb\":{\"@id\":\"https:\\\/\\\/wildcatcampers.eu\\\/product\\\/wheel-chocks-for-vehicles-comfort\\\/#breadcrumb\"},\"inLanguage\":\"lv-LV\",\"potentialAction\":[{\"@type\":\"ReadAction\",\"target\":[\"https:\\\/\\\/wildcatcampers.eu\\\/product\\\/wheel-chocks-for-vehicles-comfort\\\/\"]}]},{\"@type\":\"ImageObject\",\"inLanguage\":\"lv-LV\",\"@id\":\"https:\\\/\\\/wildcatcampers.eu\\\/product\\\/wheel-chocks-for-vehicles-comfort\\\/#primaryimage\",\"url\":\"https:\\\/\\\/wildcatcampers.eu\\\/wp-content\\\/uploads\\\/2025\\\/04\\\/H26b0c7343f314bd6ba00dd134423c7c5R.png_720x720q50.avif\",\"contentUrl\":\"https:\\\/\\\/wildcatcampers.eu\\\/wp-content\\\/uploads\\\/2025\\\/04\\\/H26b0c7343f314bd6ba00dd134423c7c5R.png_720x720q50.avif\",\"width\":564,\"height\":559,\"caption\":\"Wheel Chocks for Vehicles Comfort\"},{\"@type\":\"BreadcrumbList\",\"@id\":\"https:\\\/\\\/wildcatcampers.eu\\\/product\\\/wheel-chocks-for-vehicles-comfort\\\/#breadcrumb\",\"itemListElement\":[{\"@type\":\"ListItem\",\"position\":1,\"name\":\"Home\",\"item\":\"https:\\\/\\\/wildcatcampers.eu\\\/\"},{\"@type\":\"ListItem\",\"position\":2,\"name\":\"Produkte\",\"item\":\"https:\\\/\\\/wildcatcampers.eu\\\/de\\\/geschaft\\\/\"},{\"@type\":\"ListItem\",\"position\":3,\"name\":\"Wheel Chocks for Vehicles Comfort\"}]},{\"@type\":\"WebSite\",\"@id\":\"https:\\\/\\\/wildcatcampers.eu\\\/#website\",\"url\":\"https:\\\/\\\/wildcatcampers.eu\\\/\",\"name\":\"Wild Cat Campers\",\"description\":\"When Adventure Meets Comfort\",\"publisher\":{\"@id\":\"https:\\\/\\\/wildcatcampers.eu\\\/#organization\"},\"potentialAction\":[{\"@type\":\"SearchAction\",\"target\":{\"@type\":\"EntryPoint\",\"urlTemplate\":\"https:\\\/\\\/wildcatcampers.eu\\\/?s={search_term_string}\"},\"query-input\":{\"@type\":\"PropertyValueSpecification\",\"valueRequired\":true,\"valueName\":\"search_term_string\"}}],\"inLanguage\":\"lv-LV\"},{\"@type\":\"Organization\",\"@id\":\"https:\\\/\\\/wildcatcampers.eu\\\/#organization\",\"name\":\"Wild Cat Campers\",\"url\":\"https:\\\/\\\/wildcatcampers.eu\\\/\",\"logo\":{\"@type\":\"ImageObject\",\"inLanguage\":\"lv-LV\",\"@id\":\"https:\\\/\\\/wildcatcampers.eu\\\/#\\\/schema\\\/logo\\\/image\\\/\",\"url\":\"https:\\\/\\\/wildcatcampers.eu\\\/wp-content\\\/uploads\\\/2025\\\/04\\\/WildCat_Wheel-1.png\",\"contentUrl\":\"https:\\\/\\\/wildcatcampers.eu\\\/wp-content\\\/uploads\\\/2025\\\/04\\\/WildCat_Wheel-1.png\",\"width\":1520,\"height\":1586,\"caption\":\"Wild Cat Campers\"},\"image\":{\"@id\":\"https:\\\/\\\/wildcatcampers.eu\\\/#\\\/schema\\\/logo\\\/image\\\/\"}}]}<\/script>\n<!-- \/ Yoast SEO Premium plugin. -->","yoast_head_json":{"title":"Rite\u0146u \u0137\u012b\u013ci transportl\u012bdzek\u013cu komfortam \u2014 Wildcat Campers","robots":{"index":"index","follow":"follow","max-snippet":"max-snippet:-1","max-image-preview":"max-image-preview:large","max-video-preview":"max-video-preview:-1"},"canonical":"https:\/\/wildcatcampers.eu\/lv\/products\/wheel-chocks-for-vehicles-comfort\/","og_locale":"lv_LV","og_type":"article","og_title":"Wheel Chocks for Vehicles Comfort","og_description":"Wheel Chocks are used for securing cars, trucks, caravans, trailers serves to prevent unintentional rolling away.","og_url":"https:\/\/wildcatcampers.eu\/lv\/products\/wheel-chocks-for-vehicles-comfort\/","og_site_name":"Wildcat Campers","article_modified_time":"2025-05-30T17:33:03+00:00","twitter_card":"summary_large_image","schema":{"@context":"https:\/\/schema.org","@graph":[{"@type":"WebPage","@id":"https:\/\/wildcatcampers.eu\/product\/wheel-chocks-for-vehicles-comfort\/","url":"https:\/\/wildcatcampers.eu\/product\/wheel-chocks-for-vehicles-comfort\/","name":"Rite\u0146u \u0137\u012b\u013ci transportl\u012bdzek\u013cu komfortam \u2014 Wildcat Campers","isPartOf":{"@id":"https:\/\/wildcatcampers.eu\/#website"},"primaryImageOfPage":{"@id":"https:\/\/wildcatcampers.eu\/product\/wheel-chocks-for-vehicles-comfort\/#primaryimage"},"image":{"@id":"https:\/\/wildcatcampers.eu\/product\/wheel-chocks-for-vehicles-comfort\/#primaryimage"},"thumbnailUrl":"https:\/\/wildcatcampers.eu\/wp-content\/uploads\/2025\/04\/H26b0c7343f314bd6ba00dd134423c7c5R.png_720x720q50.avif","datePublished":"2025-04-24T17:10:42+00:00","dateModified":"2025-05-30T17:33:03+00:00","breadcrumb":{"@id":"https:\/\/wildcatcampers.eu\/product\/wheel-chocks-for-vehicles-comfort\/#breadcrumb"},"inLanguage":"lv-LV","potentialAction":[{"@type":"ReadAction","target":["https:\/\/wildcatcampers.eu\/product\/wheel-chocks-for-vehicles-comfort\/"]}]},{"@type":"ImageObject","inLanguage":"lv-LV","@id":"https:\/\/wildcatcampers.eu\/product\/wheel-chocks-for-vehicles-comfort\/#primaryimage","url":"https:\/\/wildcatcampers.eu\/wp-content\/uploads\/2025\/04\/H26b0c7343f314bd6ba00dd134423c7c5R.png_720x720q50.avif","contentUrl":"https:\/\/wildcatcampers.eu\/wp-content\/uploads\/2025\/04\/H26b0c7343f314bd6ba00dd134423c7c5R.png_720x720q50.avif","width":564,"height":559,"caption":"Wheel Chocks for Vehicles Comfort"},{"@type":"BreadcrumbList","@id":"https:\/\/wildcatcampers.eu\/product\/wheel-chocks-for-vehicles-comfort\/#breadcrumb","itemListElement":[{"@type":"ListItem","position":1,"name":"Home","item":"https:\/\/wildcatcampers.eu\/"},{"@type":"ListItem","position":2,"name":"Produkte","item":"https:\/\/wildcatcampers.eu\/de\/geschaft\/"},{"@type":"ListItem","position":3,"name":"Wheel Chocks for Vehicles Comfort"}]},{"@type":"WebSite","@id":"https:\/\/wildcatcampers.eu\/#website","url":"https:\/\/wildcatcampers.eu\/","name":"Savva\u013cas ka\u0137u kempingi","description":"Kad piedz\u012bvojums satiekas ar komfortu","publisher":{"@id":"https:\/\/wildcatcampers.eu\/#organization"},"potentialAction":[{"@type":"SearchAction","target":{"@type":"EntryPoint","urlTemplate":"https:\/\/wildcatcampers.eu\/?s={search_term_string}"},"query-input":{"@type":"PropertyValueSpecification","valueRequired":true,"valueName":"search_term_string"}}],"inLanguage":"lv-LV"},{"@type":"Organization","@id":"https:\/\/wildcatcampers.eu\/#organization","name":"Savva\u013cas ka\u0137u kempingi","url":"https:\/\/wildcatcampers.eu\/","logo":{"@type":"ImageObject","inLanguage":"lv-LV","@id":"https:\/\/wildcatcampers.eu\/#\/schema\/logo\/image\/","url":"https:\/\/wildcatcampers.eu\/wp-content\/uploads\/2025\/04\/WildCat_Wheel-1.png","contentUrl":"https:\/\/wildcatcampers.eu\/wp-content\/uploads\/2025\/04\/WildCat_Wheel-1.png","width":1520,"height":1586,"caption":"Wild Cat Campers"},"image":{"@id":"https:\/\/wildcatcampers.eu\/#\/schema\/logo\/image\/"}}]}},"_links":{"self":[{"href":"https:\/\/wildcatcampers.eu\/lv\/wp-json\/wp\/v2\/product\/24194","targetHints":{"allow":["GET"]}}],"collection":[{"href":"https:\/\/wildcatcampers.eu\/lv\/wp-json\/wp\/v2\/product"}],"about":[{"href":"https:\/\/wildcatcampers.eu\/lv\/wp-json\/wp\/v2\/types\/product"}],"replies":[{"embeddable":true,"href":"https:\/\/wildcatcampers.eu\/lv\/wp-json\/wp\/v2\/comments?post=24194"}],"wp:featuredmedia":[{"embeddable":true,"href":"https:\/\/wildcatcampers.eu\/lv\/wp-json\/wp\/v2\/media\/24195"}],"wp:attachment":[{"href":"https:\/\/wildcatcampers.eu\/lv\/wp-json\/wp\/v2\/media?parent=24194"}],"wp:term":[{"taxonomy":"product_brand","embeddable":true,"href":"https:\/\/wildcatcampers.eu\/lv\/wp-json\/wp\/v2\/product_brand?post=24194"},{"taxonomy":"product_cat","embeddable":true,"href":"https:\/\/wildcatcampers.eu\/lv\/wp-json\/wp\/v2\/product_cat?post=24194"},{"taxonomy":"product_tag","embeddable":true,"href":"https:\/\/wildcatcampers.eu\/lv\/wp-json\/wp\/v2\/product_tag?post=24194"}],"curies":[{"name":"wp","href":"https:\/\/api.w.org\/{rel}","templated":true}]}}