{"id":24192,"date":"2025-04-24T16:46:24","date_gmt":"2025-04-24T15:46:24","guid":{"rendered":"https:\/\/wildcatcampers.eu\/?post_type=product&#038;p=24192"},"modified":"2025-05-17T17:09:59","modified_gmt":"2025-05-17T16:09:59","slug":"wheel-chocks-for-vehicles-start","status":"publish","type":"product","link":"https:\/\/wildcatcampers.eu\/lv\/product\/wheel-chocks-for-vehicles-start\/","title":{"rendered":"Rite\u0146u \u0137\u012b\u013ci transportl\u012bdzek\u013cu palai\u0161anai"},"content":{"rendered":"<p><span data-sheets-root=\"1\">Izm\u0113rs; 18 x 10 x 10 cm<br \/>\nMateri\u0101ls: plastmasa<br \/>\nKomplekta svars: 1,6 kg<br \/>\nKomplekt\u0101 2 \u0137\u012b\u013ci <\/span><\/p>","protected":false},"excerpt":{"rendered":"<p><span data-sheets-root=\"1\">Rite\u0146u \u0137\u012b\u013ci tiek izmantoti automa\u0161\u012bnu, kravas automa\u0161\u012bnu, dz\u012bvojamo piekabju un piekabju nostiprin\u0101\u0161anai, lai nov\u0113rstu nejau\u0161u aizripo\u0161anu.<br \/>\n<\/span><\/p>","protected":false},"featured_media":24193,"comment_status":"open","ping_status":"closed","template":"","meta":[],"product_brand":[105],"product_cat":[36],"product_tag":[],"class_list":{"0":"post-24192","1":"product","2":"type-product","3":"status-publish","4":"has-post-thumbnail","6":"product_brand-wild-cat","7":"product_cat-accessories","8":"layout-1","9":"product-add-to-cart-ajax","11":"first","12":"instock","13":"shipping-taxable","14":"purchasable","15":"product-type-simple"},"yoast_head":"<!-- This site is optimized with the Yoast SEO Premium plugin v25.2 (Yoast SEO v27.0) - https:\/\/yoast.com\/product\/yoast-seo-premium-wordpress\/ -->\n<title>Wheel Chocks for Vehicles Start - Wildcat Campers<\/title>\n<meta name=\"robots\" content=\"index, follow, max-snippet:-1, max-image-preview:large, max-video-preview:-1\" \/>\n<link rel=\"canonical\" href=\"https:\/\/wildcatcampers.eu\/lv\/products\/wheel-chocks-for-vehicles-start\/\" \/>\n<meta property=\"og:locale\" content=\"lv_LV\" \/>\n<meta property=\"og:type\" content=\"article\" \/>\n<meta property=\"og:title\" content=\"Wheel Chocks for Vehicles Start\" \/>\n<meta property=\"og:description\" content=\"Wheel Chocks are used for securing cars, trucks, caravans, trailers serves to prevent unintentional rolling away.\" \/>\n<meta property=\"og:url\" content=\"https:\/\/wildcatcampers.eu\/lv\/products\/wheel-chocks-for-vehicles-start\/\" \/>\n<meta property=\"og:site_name\" content=\"Wildcat Campers\" \/>\n<meta property=\"article:modified_time\" content=\"2025-05-17T16:09:59+00:00\" \/>\n<meta property=\"og:image\" content=\"https:\/\/wildcatcampers.eu\/wp-content\/uploads\/2025\/04\/Had817f2e655e4f1daffd305546c93de2Y.webp\" \/>\n\t<meta property=\"og:image:width\" content=\"800\" \/>\n\t<meta property=\"og:image:height\" content=\"800\" \/>\n\t<meta property=\"og:image:type\" content=\"image\/webp\" \/>\n<meta name=\"twitter:card\" content=\"summary_large_image\" \/>\n<script type=\"application\/ld+json\" class=\"yoast-schema-graph\">{\"@context\":\"https:\/\/schema.org\",\"@graph\":[{\"@type\":\"WebPage\",\"@id\":\"https:\/\/wildcatcampers.eu\/product\/wheel-chocks-for-vehicles-start\/\",\"url\":\"https:\/\/wildcatcampers.eu\/product\/wheel-chocks-for-vehicles-start\/\",\"name\":\"Wheel Chocks for Vehicles Start - Wildcat Campers\",\"isPartOf\":{\"@id\":\"https:\/\/wildcatcampers.eu\/#website\"},\"primaryImageOfPage\":{\"@id\":\"https:\/\/wildcatcampers.eu\/product\/wheel-chocks-for-vehicles-start\/#primaryimage\"},\"image\":{\"@id\":\"https:\/\/wildcatcampers.eu\/product\/wheel-chocks-for-vehicles-start\/#primaryimage\"},\"thumbnailUrl\":\"https:\/\/wildcatcampers.eu\/wp-content\/uploads\/2025\/04\/Had817f2e655e4f1daffd305546c93de2Y.webp\",\"datePublished\":\"2025-04-24T15:46:24+00:00\",\"dateModified\":\"2025-05-17T16:09:59+00:00\",\"breadcrumb\":{\"@id\":\"https:\/\/wildcatcampers.eu\/product\/wheel-chocks-for-vehicles-start\/#breadcrumb\"},\"inLanguage\":\"lv-LV\",\"potentialAction\":[{\"@type\":\"ReadAction\",\"target\":[\"https:\/\/wildcatcampers.eu\/product\/wheel-chocks-for-vehicles-start\/\"]}]},{\"@type\":\"ImageObject\",\"inLanguage\":\"lv-LV\",\"@id\":\"https:\/\/wildcatcampers.eu\/product\/wheel-chocks-for-vehicles-start\/#primaryimage\",\"url\":\"https:\/\/wildcatcampers.eu\/wp-content\/uploads\/2025\/04\/Had817f2e655e4f1daffd305546c93de2Y.webp\",\"contentUrl\":\"https:\/\/wildcatcampers.eu\/wp-content\/uploads\/2025\/04\/Had817f2e655e4f1daffd305546c93de2Y.webp\",\"width\":800,\"height\":800,\"caption\":\"Wheel Chocks for Vehicles Start\"},{\"@type\":\"BreadcrumbList\",\"@id\":\"https:\/\/wildcatcampers.eu\/product\/wheel-chocks-for-vehicles-start\/#breadcrumb\",\"itemListElement\":[{\"@type\":\"ListItem\",\"position\":1,\"name\":\"Home\",\"item\":\"https:\/\/wildcatcampers.eu\/\"},{\"@type\":\"ListItem\",\"position\":2,\"name\":\"Produkte\",\"item\":\"https:\/\/wildcatcampers.eu\/de\/geschaft\/\"},{\"@type\":\"ListItem\",\"position\":3,\"name\":\"Wheel Chocks for Vehicles Start\"}]},{\"@type\":\"WebSite\",\"@id\":\"https:\/\/wildcatcampers.eu\/#website\",\"url\":\"https:\/\/wildcatcampers.eu\/\",\"name\":\"Wild Cat Campers\",\"description\":\"When Adventure Meets Comfort\",\"publisher\":{\"@id\":\"https:\/\/wildcatcampers.eu\/#organization\"},\"potentialAction\":[{\"@type\":\"SearchAction\",\"target\":{\"@type\":\"EntryPoint\",\"urlTemplate\":\"https:\/\/wildcatcampers.eu\/?s={search_term_string}\"},\"query-input\":{\"@type\":\"PropertyValueSpecification\",\"valueRequired\":true,\"valueName\":\"search_term_string\"}}],\"inLanguage\":\"lv-LV\"},{\"@type\":\"Organization\",\"@id\":\"https:\/\/wildcatcampers.eu\/#organization\",\"name\":\"Wild Cat Campers\",\"url\":\"https:\/\/wildcatcampers.eu\/\",\"logo\":{\"@type\":\"ImageObject\",\"inLanguage\":\"lv-LV\",\"@id\":\"https:\/\/wildcatcampers.eu\/#\/schema\/logo\/image\/\",\"url\":\"https:\/\/wildcatcampers.eu\/wp-content\/uploads\/2025\/04\/WildCat_Wheel-1.png\",\"contentUrl\":\"https:\/\/wildcatcampers.eu\/wp-content\/uploads\/2025\/04\/WildCat_Wheel-1.png\",\"width\":1520,\"height\":1586,\"caption\":\"Wild Cat Campers\"},\"image\":{\"@id\":\"https:\/\/wildcatcampers.eu\/#\/schema\/logo\/image\/\"}}]}<\/script>\n<!-- \/ Yoast SEO Premium plugin. -->","yoast_head_json":{"title":"Rite\u0146u \u0137\u012b\u013ci transportl\u012bdzek\u013ciem Start - Wildcat Campers","robots":{"index":"index","follow":"follow","max-snippet":"max-snippet:-1","max-image-preview":"max-image-preview:large","max-video-preview":"max-video-preview:-1"},"canonical":"https:\/\/wildcatcampers.eu\/lv\/products\/wheel-chocks-for-vehicles-start\/","og_locale":"lv_LV","og_type":"article","og_title":"Wheel Chocks for Vehicles Start","og_description":"Wheel Chocks are used for securing cars, trucks, caravans, trailers serves to prevent unintentional rolling away.","og_url":"https:\/\/wildcatcampers.eu\/lv\/products\/wheel-chocks-for-vehicles-start\/","og_site_name":"Wildcat Campers","article_modified_time":"2025-05-17T16:09:59+00:00","og_image":[{"width":800,"height":800,"url":"https:\/\/wildcatcampers.eu\/wp-content\/uploads\/2025\/04\/Had817f2e655e4f1daffd305546c93de2Y.webp","type":"image\/webp"}],"twitter_card":"summary_large_image","schema":{"@context":"https:\/\/schema.org","@graph":[{"@type":"WebPage","@id":"https:\/\/wildcatcampers.eu\/product\/wheel-chocks-for-vehicles-start\/","url":"https:\/\/wildcatcampers.eu\/product\/wheel-chocks-for-vehicles-start\/","name":"Rite\u0146u \u0137\u012b\u013ci transportl\u012bdzek\u013ciem Start - Wildcat Campers","isPartOf":{"@id":"https:\/\/wildcatcampers.eu\/#website"},"primaryImageOfPage":{"@id":"https:\/\/wildcatcampers.eu\/product\/wheel-chocks-for-vehicles-start\/#primaryimage"},"image":{"@id":"https:\/\/wildcatcampers.eu\/product\/wheel-chocks-for-vehicles-start\/#primaryimage"},"thumbnailUrl":"https:\/\/wildcatcampers.eu\/wp-content\/uploads\/2025\/04\/Had817f2e655e4f1daffd305546c93de2Y.webp","datePublished":"2025-04-24T15:46:24+00:00","dateModified":"2025-05-17T16:09:59+00:00","breadcrumb":{"@id":"https:\/\/wildcatcampers.eu\/product\/wheel-chocks-for-vehicles-start\/#breadcrumb"},"inLanguage":"lv-LV","potentialAction":[{"@type":"ReadAction","target":["https:\/\/wildcatcampers.eu\/product\/wheel-chocks-for-vehicles-start\/"]}]},{"@type":"ImageObject","inLanguage":"lv-LV","@id":"https:\/\/wildcatcampers.eu\/product\/wheel-chocks-for-vehicles-start\/#primaryimage","url":"https:\/\/wildcatcampers.eu\/wp-content\/uploads\/2025\/04\/Had817f2e655e4f1daffd305546c93de2Y.webp","contentUrl":"https:\/\/wildcatcampers.eu\/wp-content\/uploads\/2025\/04\/Had817f2e655e4f1daffd305546c93de2Y.webp","width":800,"height":800,"caption":"Wheel Chocks for Vehicles Start"},{"@type":"BreadcrumbList","@id":"https:\/\/wildcatcampers.eu\/product\/wheel-chocks-for-vehicles-start\/#breadcrumb","itemListElement":[{"@type":"ListItem","position":1,"name":"Home","item":"https:\/\/wildcatcampers.eu\/"},{"@type":"ListItem","position":2,"name":"Produkte","item":"https:\/\/wildcatcampers.eu\/de\/geschaft\/"},{"@type":"ListItem","position":3,"name":"Wheel Chocks for Vehicles Start"}]},{"@type":"WebSite","@id":"https:\/\/wildcatcampers.eu\/#website","url":"https:\/\/wildcatcampers.eu\/","name":"Savva\u013cas ka\u0137u kempingi","description":"Kad piedz\u012bvojums satiekas ar komfortu","publisher":{"@id":"https:\/\/wildcatcampers.eu\/#organization"},"potentialAction":[{"@type":"SearchAction","target":{"@type":"EntryPoint","urlTemplate":"https:\/\/wildcatcampers.eu\/?s={search_term_string}"},"query-input":{"@type":"PropertyValueSpecification","valueRequired":true,"valueName":"search_term_string"}}],"inLanguage":"lv-LV"},{"@type":"Organization","@id":"https:\/\/wildcatcampers.eu\/#organization","name":"Savva\u013cas ka\u0137u kempingi","url":"https:\/\/wildcatcampers.eu\/","logo":{"@type":"ImageObject","inLanguage":"lv-LV","@id":"https:\/\/wildcatcampers.eu\/#\/schema\/logo\/image\/","url":"https:\/\/wildcatcampers.eu\/wp-content\/uploads\/2025\/04\/WildCat_Wheel-1.png","contentUrl":"https:\/\/wildcatcampers.eu\/wp-content\/uploads\/2025\/04\/WildCat_Wheel-1.png","width":1520,"height":1586,"caption":"Wild Cat Campers"},"image":{"@id":"https:\/\/wildcatcampers.eu\/#\/schema\/logo\/image\/"}}]}},"_links":{"self":[{"href":"https:\/\/wildcatcampers.eu\/lv\/wp-json\/wp\/v2\/product\/24192","targetHints":{"allow":["GET"]}}],"collection":[{"href":"https:\/\/wildcatcampers.eu\/lv\/wp-json\/wp\/v2\/product"}],"about":[{"href":"https:\/\/wildcatcampers.eu\/lv\/wp-json\/wp\/v2\/types\/product"}],"replies":[{"embeddable":true,"href":"https:\/\/wildcatcampers.eu\/lv\/wp-json\/wp\/v2\/comments?post=24192"}],"wp:featuredmedia":[{"embeddable":true,"href":"https:\/\/wildcatcampers.eu\/lv\/wp-json\/wp\/v2\/media\/24193"}],"wp:attachment":[{"href":"https:\/\/wildcatcampers.eu\/lv\/wp-json\/wp\/v2\/media?parent=24192"}],"wp:term":[{"taxonomy":"product_brand","embeddable":true,"href":"https:\/\/wildcatcampers.eu\/lv\/wp-json\/wp\/v2\/product_brand?post=24192"},{"taxonomy":"product_cat","embeddable":true,"href":"https:\/\/wildcatcampers.eu\/lv\/wp-json\/wp\/v2\/product_cat?post=24192"},{"taxonomy":"product_tag","embeddable":true,"href":"https:\/\/wildcatcampers.eu\/lv\/wp-json\/wp\/v2\/product_tag?post=24192"}],"curies":[{"name":"wp","href":"https:\/\/api.w.org\/{rel}","templated":true}]}}