{"id":10269,"date":"2022-05-13T08:16:14","date_gmt":"2022-05-13T08:16:14","guid":{"rendered":"https:\/\/plazart.templaza.net\/?post_type=product&#038;p=10269"},"modified":"2025-05-05T11:10:50","modified_gmt":"2025-05-05T10:10:50","slug":"sand-tracks-start","status":"publish","type":"product","link":"https:\/\/wildcatcampers.eu\/lv\/product\/sand-tracks-start\/","title":{"rendered":"Smil\u0161u celi\u0146i S\u0100KT"},"content":{"rendered":"<p>Paredz\u0113ti kemperiem, pikapiem un pilnpiedzi\u0146as automa\u0161\u012bn\u0101m \u2014 \u0161ie iztur\u012bgie d\u0113\u013ci ietriecas smilt\u012bs, snieg\u0101 un dub\u013cos. \u012apa\u0161i viegli, tom\u0113r pietiekami iztur\u012bgi, lai tos nest.\u00a0<strong>10 tonnas<\/strong>, tie liecas, nevis plais\u0101.<br \/>\nP\u0101rbaud\u012bts dabai. Gatavs braucienam.<\/p>\n<ul>\n<li>Izm\u0113rs: 105 \u00d7 30 \u00d7 6 cm<\/li>\n<li>Svars (p\u0101ris): 6,5 kg<\/li>\n<li>Materi\u0101ls: polietil\u0113ns (2 mm biezs)<\/li>\n<li>Maksim\u0101l\u0101 novirze: 110\u00b0<\/li>\n<li>Iztur\u012bgs pret triecieniem un koroziju<\/li>\n<li>Kr\u0101sas: melna vai spilgti oran\u017ea<\/li>\n<li>Komplekt\u0101 ietilpst 2 d\u0113\u013ci<\/li>\n<\/ul>\n<p><strong>Piem\u0113rots:<\/strong>\u00a0Visiem reljefiem un laikapst\u0101k\u013ciem<\/p>","protected":false},"excerpt":{"rendered":"<p>Ne\u013caujiet savva\u013cas dabai j\u016bs aptur\u0113t<\/p>","protected":false},"featured_media":24003,"comment_status":"open","ping_status":"closed","template":"","meta":[],"product_brand":[105],"product_cat":[36],"product_tag":[],"class_list":{"0":"post-10269","1":"product","2":"type-product","3":"status-publish","4":"has-post-thumbnail","6":"product_brand-wild-cat","7":"product_cat-accessories","8":"layout-1","9":"product-add-to-cart-ajax","10":"has-gallery-image","12":"first","13":"instock","14":"shipping-taxable","15":"purchasable","16":"product-type-simple"},"yoast_head":"<!-- This site is optimized with the Yoast SEO Premium plugin v25.2 (Yoast SEO v27.3) - https:\/\/yoast.com\/product\/yoast-seo-premium-wordpress\/ -->\n<title>Sand Tracks START - Wildcat Campers<\/title>\n<meta name=\"robots\" content=\"index, follow, max-snippet:-1, max-image-preview:large, max-video-preview:-1\" \/>\n<link rel=\"canonical\" href=\"https:\/\/wildcatcampers.eu\/lv\/products\/sand-tracks-start\/\" \/>\n<meta property=\"og:locale\" content=\"lv_LV\" \/>\n<meta property=\"og:type\" content=\"article\" \/>\n<meta property=\"og:title\" content=\"Sand Tracks START\" \/>\n<meta property=\"og:description\" content=\"Don\u2019t Let the Wild Stop You\" \/>\n<meta property=\"og:url\" content=\"https:\/\/wildcatcampers.eu\/lv\/products\/sand-tracks-start\/\" \/>\n<meta property=\"og:site_name\" content=\"Wildcat Campers\" \/>\n<meta property=\"article:modified_time\" content=\"2025-05-05T10:10:50+00:00\" \/>\n<meta property=\"og:image\" content=\"https:\/\/wildcatcampers.eu\/wp-content\/uploads\/2022\/05\/H024d44beee3d4150aa61272281d083cbS.webp\" \/>\n\t<meta property=\"og:image:width\" content=\"1000\" \/>\n\t<meta property=\"og:image:height\" content=\"1000\" \/>\n\t<meta property=\"og:image:type\" content=\"image\/webp\" \/>\n<meta name=\"twitter:card\" content=\"summary_large_image\" \/>\n<script type=\"application\/ld+json\" class=\"yoast-schema-graph\">{\"@context\":\"https:\\\/\\\/schema.org\",\"@graph\":[{\"@type\":\"WebPage\",\"@id\":\"https:\\\/\\\/wildcatcampers.eu\\\/product\\\/sand-tracks-start\\\/\",\"url\":\"https:\\\/\\\/wildcatcampers.eu\\\/product\\\/sand-tracks-start\\\/\",\"name\":\"Sand Tracks START - Wildcat Campers\",\"isPartOf\":{\"@id\":\"https:\\\/\\\/wildcatcampers.eu\\\/#website\"},\"primaryImageOfPage\":{\"@id\":\"https:\\\/\\\/wildcatcampers.eu\\\/product\\\/sand-tracks-start\\\/#primaryimage\"},\"image\":{\"@id\":\"https:\\\/\\\/wildcatcampers.eu\\\/product\\\/sand-tracks-start\\\/#primaryimage\"},\"thumbnailUrl\":\"https:\\\/\\\/wildcatcampers.eu\\\/wp-content\\\/uploads\\\/2022\\\/05\\\/H024d44beee3d4150aa61272281d083cbS.webp\",\"datePublished\":\"2022-05-13T08:16:14+00:00\",\"dateModified\":\"2025-05-05T10:10:50+00:00\",\"breadcrumb\":{\"@id\":\"https:\\\/\\\/wildcatcampers.eu\\\/product\\\/sand-tracks-start\\\/#breadcrumb\"},\"inLanguage\":\"lv-LV\",\"potentialAction\":[{\"@type\":\"ReadAction\",\"target\":[\"https:\\\/\\\/wildcatcampers.eu\\\/product\\\/sand-tracks-start\\\/\"]}]},{\"@type\":\"ImageObject\",\"inLanguage\":\"lv-LV\",\"@id\":\"https:\\\/\\\/wildcatcampers.eu\\\/product\\\/sand-tracks-start\\\/#primaryimage\",\"url\":\"https:\\\/\\\/wildcatcampers.eu\\\/wp-content\\\/uploads\\\/2022\\\/05\\\/H024d44beee3d4150aa61272281d083cbS.webp\",\"contentUrl\":\"https:\\\/\\\/wildcatcampers.eu\\\/wp-content\\\/uploads\\\/2022\\\/05\\\/H024d44beee3d4150aa61272281d083cbS.webp\",\"width\":1000,\"height\":1000},{\"@type\":\"BreadcrumbList\",\"@id\":\"https:\\\/\\\/wildcatcampers.eu\\\/product\\\/sand-tracks-start\\\/#breadcrumb\",\"itemListElement\":[{\"@type\":\"ListItem\",\"position\":1,\"name\":\"Home\",\"item\":\"https:\\\/\\\/wildcatcampers.eu\\\/\"},{\"@type\":\"ListItem\",\"position\":2,\"name\":\"Produkte\",\"item\":\"https:\\\/\\\/wildcatcampers.eu\\\/de\\\/geschaft\\\/\"},{\"@type\":\"ListItem\",\"position\":3,\"name\":\"Sand Tracks START\"}]},{\"@type\":\"WebSite\",\"@id\":\"https:\\\/\\\/wildcatcampers.eu\\\/#website\",\"url\":\"https:\\\/\\\/wildcatcampers.eu\\\/\",\"name\":\"Wild Cat Campers\",\"description\":\"When Adventure Meets Comfort\",\"publisher\":{\"@id\":\"https:\\\/\\\/wildcatcampers.eu\\\/#organization\"},\"potentialAction\":[{\"@type\":\"SearchAction\",\"target\":{\"@type\":\"EntryPoint\",\"urlTemplate\":\"https:\\\/\\\/wildcatcampers.eu\\\/?s={search_term_string}\"},\"query-input\":{\"@type\":\"PropertyValueSpecification\",\"valueRequired\":true,\"valueName\":\"search_term_string\"}}],\"inLanguage\":\"lv-LV\"},{\"@type\":\"Organization\",\"@id\":\"https:\\\/\\\/wildcatcampers.eu\\\/#organization\",\"name\":\"Wild Cat Campers\",\"url\":\"https:\\\/\\\/wildcatcampers.eu\\\/\",\"logo\":{\"@type\":\"ImageObject\",\"inLanguage\":\"lv-LV\",\"@id\":\"https:\\\/\\\/wildcatcampers.eu\\\/#\\\/schema\\\/logo\\\/image\\\/\",\"url\":\"https:\\\/\\\/wildcatcampers.eu\\\/wp-content\\\/uploads\\\/2025\\\/04\\\/WildCat_Wheel-1.png\",\"contentUrl\":\"https:\\\/\\\/wildcatcampers.eu\\\/wp-content\\\/uploads\\\/2025\\\/04\\\/WildCat_Wheel-1.png\",\"width\":1520,\"height\":1586,\"caption\":\"Wild Cat Campers\"},\"image\":{\"@id\":\"https:\\\/\\\/wildcatcampers.eu\\\/#\\\/schema\\\/logo\\\/image\\\/\"}}]}<\/script>\n<!-- \/ Yoast SEO Premium plugin. -->","yoast_head_json":{"title":"Smil\u0161u celi\u0146i S\u0100KUMS \u2014 Wildcat Campers","robots":{"index":"index","follow":"follow","max-snippet":"max-snippet:-1","max-image-preview":"max-image-preview:large","max-video-preview":"max-video-preview:-1"},"canonical":"https:\/\/wildcatcampers.eu\/lv\/products\/sand-tracks-start\/","og_locale":"lv_LV","og_type":"article","og_title":"Sand Tracks START","og_description":"Don\u2019t Let the Wild Stop You","og_url":"https:\/\/wildcatcampers.eu\/lv\/products\/sand-tracks-start\/","og_site_name":"Wildcat Campers","article_modified_time":"2025-05-05T10:10:50+00:00","og_image":[{"width":1000,"height":1000,"url":"https:\/\/wildcatcampers.eu\/wp-content\/uploads\/2022\/05\/H024d44beee3d4150aa61272281d083cbS.webp","type":"image\/webp"}],"twitter_card":"summary_large_image","schema":{"@context":"https:\/\/schema.org","@graph":[{"@type":"WebPage","@id":"https:\/\/wildcatcampers.eu\/product\/sand-tracks-start\/","url":"https:\/\/wildcatcampers.eu\/product\/sand-tracks-start\/","name":"Smil\u0161u celi\u0146i S\u0100KUMS \u2014 Wildcat Campers","isPartOf":{"@id":"https:\/\/wildcatcampers.eu\/#website"},"primaryImageOfPage":{"@id":"https:\/\/wildcatcampers.eu\/product\/sand-tracks-start\/#primaryimage"},"image":{"@id":"https:\/\/wildcatcampers.eu\/product\/sand-tracks-start\/#primaryimage"},"thumbnailUrl":"https:\/\/wildcatcampers.eu\/wp-content\/uploads\/2022\/05\/H024d44beee3d4150aa61272281d083cbS.webp","datePublished":"2022-05-13T08:16:14+00:00","dateModified":"2025-05-05T10:10:50+00:00","breadcrumb":{"@id":"https:\/\/wildcatcampers.eu\/product\/sand-tracks-start\/#breadcrumb"},"inLanguage":"lv-LV","potentialAction":[{"@type":"ReadAction","target":["https:\/\/wildcatcampers.eu\/product\/sand-tracks-start\/"]}]},{"@type":"ImageObject","inLanguage":"lv-LV","@id":"https:\/\/wildcatcampers.eu\/product\/sand-tracks-start\/#primaryimage","url":"https:\/\/wildcatcampers.eu\/wp-content\/uploads\/2022\/05\/H024d44beee3d4150aa61272281d083cbS.webp","contentUrl":"https:\/\/wildcatcampers.eu\/wp-content\/uploads\/2022\/05\/H024d44beee3d4150aa61272281d083cbS.webp","width":1000,"height":1000},{"@type":"BreadcrumbList","@id":"https:\/\/wildcatcampers.eu\/product\/sand-tracks-start\/#breadcrumb","itemListElement":[{"@type":"ListItem","position":1,"name":"Home","item":"https:\/\/wildcatcampers.eu\/"},{"@type":"ListItem","position":2,"name":"Produkte","item":"https:\/\/wildcatcampers.eu\/de\/geschaft\/"},{"@type":"ListItem","position":3,"name":"Sand Tracks START"}]},{"@type":"WebSite","@id":"https:\/\/wildcatcampers.eu\/#website","url":"https:\/\/wildcatcampers.eu\/","name":"Savva\u013cas ka\u0137u kempingi","description":"Kad piedz\u012bvojums satiekas ar komfortu","publisher":{"@id":"https:\/\/wildcatcampers.eu\/#organization"},"potentialAction":[{"@type":"SearchAction","target":{"@type":"EntryPoint","urlTemplate":"https:\/\/wildcatcampers.eu\/?s={search_term_string}"},"query-input":{"@type":"PropertyValueSpecification","valueRequired":true,"valueName":"search_term_string"}}],"inLanguage":"lv-LV"},{"@type":"Organization","@id":"https:\/\/wildcatcampers.eu\/#organization","name":"Savva\u013cas ka\u0137u kempingi","url":"https:\/\/wildcatcampers.eu\/","logo":{"@type":"ImageObject","inLanguage":"lv-LV","@id":"https:\/\/wildcatcampers.eu\/#\/schema\/logo\/image\/","url":"https:\/\/wildcatcampers.eu\/wp-content\/uploads\/2025\/04\/WildCat_Wheel-1.png","contentUrl":"https:\/\/wildcatcampers.eu\/wp-content\/uploads\/2025\/04\/WildCat_Wheel-1.png","width":1520,"height":1586,"caption":"Wild Cat Campers"},"image":{"@id":"https:\/\/wildcatcampers.eu\/#\/schema\/logo\/image\/"}}]}},"_links":{"self":[{"href":"https:\/\/wildcatcampers.eu\/lv\/wp-json\/wp\/v2\/product\/10269","targetHints":{"allow":["GET"]}}],"collection":[{"href":"https:\/\/wildcatcampers.eu\/lv\/wp-json\/wp\/v2\/product"}],"about":[{"href":"https:\/\/wildcatcampers.eu\/lv\/wp-json\/wp\/v2\/types\/product"}],"replies":[{"embeddable":true,"href":"https:\/\/wildcatcampers.eu\/lv\/wp-json\/wp\/v2\/comments?post=10269"}],"wp:featuredmedia":[{"embeddable":true,"href":"https:\/\/wildcatcampers.eu\/lv\/wp-json\/wp\/v2\/media\/24003"}],"wp:attachment":[{"href":"https:\/\/wildcatcampers.eu\/lv\/wp-json\/wp\/v2\/media?parent=10269"}],"wp:term":[{"taxonomy":"product_brand","embeddable":true,"href":"https:\/\/wildcatcampers.eu\/lv\/wp-json\/wp\/v2\/product_brand?post=10269"},{"taxonomy":"product_cat","embeddable":true,"href":"https:\/\/wildcatcampers.eu\/lv\/wp-json\/wp\/v2\/product_cat?post=10269"},{"taxonomy":"product_tag","embeddable":true,"href":"https:\/\/wildcatcampers.eu\/lv\/wp-json\/wp\/v2\/product_tag?post=10269"}],"curies":[{"name":"wp","href":"https:\/\/api.w.org\/{rel}","templated":true}]}}