{"id":10267,"date":"2022-05-13T07:59:07","date_gmt":"2022-05-13T07:59:07","guid":{"rendered":"https:\/\/plazart.templaza.net\/?post_type=product&#038;p=10267"},"modified":"2025-05-05T11:10:50","modified_gmt":"2025-05-05T10:10:50","slug":"sand-tracks-maximum","status":"publish","type":"product","link":"https:\/\/wildcatcampers.eu\/lv\/product\/sand-tracks-maximum\/","title":{"rendered":"Smil\u0161u celi\u0146i MAKSIM\u0100LI"},"content":{"rendered":"<p><strong>Rad\u012bts ekstrem\u0101l\u0101m situ\u0101cij\u0101m. <\/strong>Tiem, kas dodas turp, kur citi grie\u017eas atpaka\u013c.<br \/>\nIzgatavots no\u00a0<strong>UV stabiliz\u0113ts automobi\u013cu neilons<\/strong>, \u0161\u012bs iztur\u012bg\u0101s atjauno\u0161anas d\u0113\u013ci iztur l\u012bdz\u00a0<strong>20 tonnas<\/strong>\u00a0un darbojas ekstrem\u0101l\u0101s temperat\u016br\u0101s \u2014 no svelmes l\u012bdz dzi\u013cai sasal\u0161anai. Iztur\u012bgs. Uzticams. Neapturams.<\/p>\n<ul>\n<li>Materi\u0101ls: pastiprin\u0101ts UV stabiliz\u0113ts neilons<\/li>\n<li>Celtsp\u0113ja: l\u012bdz 20 tonn\u0101m<\/li>\n<li>Darba temperat\u016bra: no -30\u00b0C l\u012bdz +60\u00b0C<\/li>\n<li>Virsma: Agres\u012bvi vilces zobi<\/li>\n<li>Kr\u0101sa: melna<\/li>\n<li>Savietojam\u012bba: kemperi, apvidus auto, pikapi, furgoni<\/li>\n<li>Komplekt\u0101 ietilpst: 2 d\u0113\u013ci<\/li>\n<li>Garantija: 1 gads<\/li>\n<\/ul>\n<p>Sastopies ar me\u017eon\u012bbu. P\u0101r\u0146em mirkli sav\u0101 var\u0101.<\/p>","protected":false},"excerpt":{"rendered":"<p><strong>Rad\u012bts ekstrem\u0101l\u0101m situ\u0101cij\u0101m. <\/strong>Tiem, kas dodas turp, kur citi grie\u017eas atpaka\u013c.<\/p>","protected":false},"featured_media":24009,"comment_status":"open","ping_status":"closed","template":"","meta":[],"product_brand":[105],"product_cat":[36],"product_tag":[75,88],"class_list":{"0":"post-10267","1":"product","2":"type-product","3":"status-publish","4":"has-post-thumbnail","6":"product_brand-wild-cat","7":"product_cat-accessories","8":"product_tag-picnic","9":"product_tag-tent","10":"layout-1","11":"product-add-to-cart-ajax","12":"has-gallery-image","14":"first","15":"instock","16":"shipping-taxable","17":"purchasable","18":"product-type-simple"},"yoast_head":"<!-- This site is optimized with the Yoast SEO Premium plugin v25.2 (Yoast SEO v27.3) - https:\/\/yoast.com\/product\/yoast-seo-premium-wordpress\/ -->\n<title>Sand Tracks MAXIMUM - Wildcat Campers<\/title>\n<meta name=\"robots\" content=\"index, follow, max-snippet:-1, max-image-preview:large, max-video-preview:-1\" \/>\n<link rel=\"canonical\" href=\"https:\/\/wildcatcampers.eu\/lv\/products\/sand-tracks-maximum\/\" \/>\n<meta property=\"og:locale\" content=\"lv_LV\" \/>\n<meta property=\"og:type\" content=\"article\" \/>\n<meta property=\"og:title\" content=\"Sand Tracks MAXIMUM\" \/>\n<meta property=\"og:description\" content=\"Built for the Extreme. For those who go where others turn back.\" \/>\n<meta property=\"og:url\" content=\"https:\/\/wildcatcampers.eu\/lv\/products\/sand-tracks-maximum\/\" \/>\n<meta property=\"og:site_name\" content=\"Wildcat Campers\" \/>\n<meta property=\"article:modified_time\" content=\"2025-05-05T10:10:50+00:00\" \/>\n<meta property=\"og:image\" content=\"https:\/\/wildcatcampers.eu\/wp-content\/uploads\/2022\/05\/H7bd9239cb68f4919822bd2a055d22bdah.webp\" \/>\n\t<meta property=\"og:image:width\" content=\"720\" \/>\n\t<meta property=\"og:image:height\" content=\"720\" \/>\n\t<meta property=\"og:image:type\" content=\"image\/webp\" \/>\n<meta name=\"twitter:card\" content=\"summary_large_image\" \/>\n<script type=\"application\/ld+json\" class=\"yoast-schema-graph\">{\"@context\":\"https:\\\/\\\/schema.org\",\"@graph\":[{\"@type\":\"WebPage\",\"@id\":\"https:\\\/\\\/wildcatcampers.eu\\\/product\\\/sand-tracks-maximum\\\/\",\"url\":\"https:\\\/\\\/wildcatcampers.eu\\\/product\\\/sand-tracks-maximum\\\/\",\"name\":\"Sand Tracks MAXIMUM - Wildcat Campers\",\"isPartOf\":{\"@id\":\"https:\\\/\\\/wildcatcampers.eu\\\/#website\"},\"primaryImageOfPage\":{\"@id\":\"https:\\\/\\\/wildcatcampers.eu\\\/product\\\/sand-tracks-maximum\\\/#primaryimage\"},\"image\":{\"@id\":\"https:\\\/\\\/wildcatcampers.eu\\\/product\\\/sand-tracks-maximum\\\/#primaryimage\"},\"thumbnailUrl\":\"https:\\\/\\\/wildcatcampers.eu\\\/wp-content\\\/uploads\\\/2022\\\/05\\\/H7bd9239cb68f4919822bd2a055d22bdah.webp\",\"datePublished\":\"2022-05-13T07:59:07+00:00\",\"dateModified\":\"2025-05-05T10:10:50+00:00\",\"breadcrumb\":{\"@id\":\"https:\\\/\\\/wildcatcampers.eu\\\/product\\\/sand-tracks-maximum\\\/#breadcrumb\"},\"inLanguage\":\"lv-LV\",\"potentialAction\":[{\"@type\":\"ReadAction\",\"target\":[\"https:\\\/\\\/wildcatcampers.eu\\\/product\\\/sand-tracks-maximum\\\/\"]}]},{\"@type\":\"ImageObject\",\"inLanguage\":\"lv-LV\",\"@id\":\"https:\\\/\\\/wildcatcampers.eu\\\/product\\\/sand-tracks-maximum\\\/#primaryimage\",\"url\":\"https:\\\/\\\/wildcatcampers.eu\\\/wp-content\\\/uploads\\\/2022\\\/05\\\/H7bd9239cb68f4919822bd2a055d22bdah.webp\",\"contentUrl\":\"https:\\\/\\\/wildcatcampers.eu\\\/wp-content\\\/uploads\\\/2022\\\/05\\\/H7bd9239cb68f4919822bd2a055d22bdah.webp\",\"width\":720,\"height\":720},{\"@type\":\"BreadcrumbList\",\"@id\":\"https:\\\/\\\/wildcatcampers.eu\\\/product\\\/sand-tracks-maximum\\\/#breadcrumb\",\"itemListElement\":[{\"@type\":\"ListItem\",\"position\":1,\"name\":\"Home\",\"item\":\"https:\\\/\\\/wildcatcampers.eu\\\/\"},{\"@type\":\"ListItem\",\"position\":2,\"name\":\"Produkte\",\"item\":\"https:\\\/\\\/wildcatcampers.eu\\\/de\\\/geschaft\\\/\"},{\"@type\":\"ListItem\",\"position\":3,\"name\":\"Sand Tracks MAXIMUM\"}]},{\"@type\":\"WebSite\",\"@id\":\"https:\\\/\\\/wildcatcampers.eu\\\/#website\",\"url\":\"https:\\\/\\\/wildcatcampers.eu\\\/\",\"name\":\"Wild Cat Campers\",\"description\":\"When Adventure Meets Comfort\",\"publisher\":{\"@id\":\"https:\\\/\\\/wildcatcampers.eu\\\/#organization\"},\"potentialAction\":[{\"@type\":\"SearchAction\",\"target\":{\"@type\":\"EntryPoint\",\"urlTemplate\":\"https:\\\/\\\/wildcatcampers.eu\\\/?s={search_term_string}\"},\"query-input\":{\"@type\":\"PropertyValueSpecification\",\"valueRequired\":true,\"valueName\":\"search_term_string\"}}],\"inLanguage\":\"lv-LV\"},{\"@type\":\"Organization\",\"@id\":\"https:\\\/\\\/wildcatcampers.eu\\\/#organization\",\"name\":\"Wild Cat Campers\",\"url\":\"https:\\\/\\\/wildcatcampers.eu\\\/\",\"logo\":{\"@type\":\"ImageObject\",\"inLanguage\":\"lv-LV\",\"@id\":\"https:\\\/\\\/wildcatcampers.eu\\\/#\\\/schema\\\/logo\\\/image\\\/\",\"url\":\"https:\\\/\\\/wildcatcampers.eu\\\/wp-content\\\/uploads\\\/2025\\\/04\\\/WildCat_Wheel-1.png\",\"contentUrl\":\"https:\\\/\\\/wildcatcampers.eu\\\/wp-content\\\/uploads\\\/2025\\\/04\\\/WildCat_Wheel-1.png\",\"width\":1520,\"height\":1586,\"caption\":\"Wild Cat Campers\"},\"image\":{\"@id\":\"https:\\\/\\\/wildcatcampers.eu\\\/#\\\/schema\\\/logo\\\/image\\\/\"}}]}<\/script>\n<!-- \/ Yoast SEO Premium plugin. -->","yoast_head_json":{"title":"Smil\u0161u celi\u0146i MAXIMUM \u2014 Wildcat Campers","robots":{"index":"index","follow":"follow","max-snippet":"max-snippet:-1","max-image-preview":"max-image-preview:large","max-video-preview":"max-video-preview:-1"},"canonical":"https:\/\/wildcatcampers.eu\/lv\/products\/sand-tracks-maximum\/","og_locale":"lv_LV","og_type":"article","og_title":"Sand Tracks MAXIMUM","og_description":"Built for the Extreme. For those who go where others turn back.","og_url":"https:\/\/wildcatcampers.eu\/lv\/products\/sand-tracks-maximum\/","og_site_name":"Wildcat Campers","article_modified_time":"2025-05-05T10:10:50+00:00","og_image":[{"width":720,"height":720,"url":"https:\/\/wildcatcampers.eu\/wp-content\/uploads\/2022\/05\/H7bd9239cb68f4919822bd2a055d22bdah.webp","type":"image\/webp"}],"twitter_card":"summary_large_image","schema":{"@context":"https:\/\/schema.org","@graph":[{"@type":"WebPage","@id":"https:\/\/wildcatcampers.eu\/product\/sand-tracks-maximum\/","url":"https:\/\/wildcatcampers.eu\/product\/sand-tracks-maximum\/","name":"Smil\u0161u celi\u0146i MAXIMUM \u2014 Wildcat Campers","isPartOf":{"@id":"https:\/\/wildcatcampers.eu\/#website"},"primaryImageOfPage":{"@id":"https:\/\/wildcatcampers.eu\/product\/sand-tracks-maximum\/#primaryimage"},"image":{"@id":"https:\/\/wildcatcampers.eu\/product\/sand-tracks-maximum\/#primaryimage"},"thumbnailUrl":"https:\/\/wildcatcampers.eu\/wp-content\/uploads\/2022\/05\/H7bd9239cb68f4919822bd2a055d22bdah.webp","datePublished":"2022-05-13T07:59:07+00:00","dateModified":"2025-05-05T10:10:50+00:00","breadcrumb":{"@id":"https:\/\/wildcatcampers.eu\/product\/sand-tracks-maximum\/#breadcrumb"},"inLanguage":"lv-LV","potentialAction":[{"@type":"ReadAction","target":["https:\/\/wildcatcampers.eu\/product\/sand-tracks-maximum\/"]}]},{"@type":"ImageObject","inLanguage":"lv-LV","@id":"https:\/\/wildcatcampers.eu\/product\/sand-tracks-maximum\/#primaryimage","url":"https:\/\/wildcatcampers.eu\/wp-content\/uploads\/2022\/05\/H7bd9239cb68f4919822bd2a055d22bdah.webp","contentUrl":"https:\/\/wildcatcampers.eu\/wp-content\/uploads\/2022\/05\/H7bd9239cb68f4919822bd2a055d22bdah.webp","width":720,"height":720},{"@type":"BreadcrumbList","@id":"https:\/\/wildcatcampers.eu\/product\/sand-tracks-maximum\/#breadcrumb","itemListElement":[{"@type":"ListItem","position":1,"name":"Home","item":"https:\/\/wildcatcampers.eu\/"},{"@type":"ListItem","position":2,"name":"Produkte","item":"https:\/\/wildcatcampers.eu\/de\/geschaft\/"},{"@type":"ListItem","position":3,"name":"Sand Tracks MAXIMUM"}]},{"@type":"WebSite","@id":"https:\/\/wildcatcampers.eu\/#website","url":"https:\/\/wildcatcampers.eu\/","name":"Savva\u013cas ka\u0137u kempingi","description":"Kad piedz\u012bvojums satiekas ar komfortu","publisher":{"@id":"https:\/\/wildcatcampers.eu\/#organization"},"potentialAction":[{"@type":"SearchAction","target":{"@type":"EntryPoint","urlTemplate":"https:\/\/wildcatcampers.eu\/?s={search_term_string}"},"query-input":{"@type":"PropertyValueSpecification","valueRequired":true,"valueName":"search_term_string"}}],"inLanguage":"lv-LV"},{"@type":"Organization","@id":"https:\/\/wildcatcampers.eu\/#organization","name":"Savva\u013cas ka\u0137u kempingi","url":"https:\/\/wildcatcampers.eu\/","logo":{"@type":"ImageObject","inLanguage":"lv-LV","@id":"https:\/\/wildcatcampers.eu\/#\/schema\/logo\/image\/","url":"https:\/\/wildcatcampers.eu\/wp-content\/uploads\/2025\/04\/WildCat_Wheel-1.png","contentUrl":"https:\/\/wildcatcampers.eu\/wp-content\/uploads\/2025\/04\/WildCat_Wheel-1.png","width":1520,"height":1586,"caption":"Wild Cat Campers"},"image":{"@id":"https:\/\/wildcatcampers.eu\/#\/schema\/logo\/image\/"}}]}},"_links":{"self":[{"href":"https:\/\/wildcatcampers.eu\/lv\/wp-json\/wp\/v2\/product\/10267","targetHints":{"allow":["GET"]}}],"collection":[{"href":"https:\/\/wildcatcampers.eu\/lv\/wp-json\/wp\/v2\/product"}],"about":[{"href":"https:\/\/wildcatcampers.eu\/lv\/wp-json\/wp\/v2\/types\/product"}],"replies":[{"embeddable":true,"href":"https:\/\/wildcatcampers.eu\/lv\/wp-json\/wp\/v2\/comments?post=10267"}],"wp:featuredmedia":[{"embeddable":true,"href":"https:\/\/wildcatcampers.eu\/lv\/wp-json\/wp\/v2\/media\/24009"}],"wp:attachment":[{"href":"https:\/\/wildcatcampers.eu\/lv\/wp-json\/wp\/v2\/media?parent=10267"}],"wp:term":[{"taxonomy":"product_brand","embeddable":true,"href":"https:\/\/wildcatcampers.eu\/lv\/wp-json\/wp\/v2\/product_brand?post=10267"},{"taxonomy":"product_cat","embeddable":true,"href":"https:\/\/wildcatcampers.eu\/lv\/wp-json\/wp\/v2\/product_cat?post=10267"},{"taxonomy":"product_tag","embeddable":true,"href":"https:\/\/wildcatcampers.eu\/lv\/wp-json\/wp\/v2\/product_tag?post=10267"}],"curies":[{"name":"wp","href":"https:\/\/api.w.org\/{rel}","templated":true}]}}