{"id":10266,"date":"2022-05-13T04:14:27","date_gmt":"2022-05-13T04:14:27","guid":{"rendered":"https:\/\/plazart.templaza.net\/?post_type=product&#038;p=10266"},"modified":"2025-05-05T11:10:50","modified_gmt":"2025-05-05T10:10:50","slug":"sand-tracks-comfort","status":"publish","type":"product","link":"https:\/\/wildcatcampers.eu\/lv\/product\/sand-tracks-comfort\/","title":{"rendered":"Smil\u0161u celi\u0146i COMFORT"},"content":{"rendered":"<p>Plat\u0101ks. Gar\u0101ks. Gudr\u0101ks.<br \/>\n\u0160ie jaun\u0101k\u0101s paaudzes atjauno\u0161anas d\u0113\u013ci pied\u0101v\u0101 uzlabotu sa\u0137eri un veiktsp\u0113ju, pateicoties to\u00a0<strong>kompoz\u012btmateri\u0101la konstrukcija<\/strong>\u00a0un\u00a0<strong>pacelti vilces zobi<\/strong>Ar 10 tonnu celtsp\u0113ju un kompaktu sakrau\u0161anas sp\u0113ju tie ir ide\u0101ls papildin\u0101jums bezce\u013cu brauc\u0113jiem, kuri nopietni uztver sa\u0137eri.<\/p>\n<ul>\n<li>Izm\u0113rs: 125 \u00d7 35 \u00d7 12 cm<\/li>\n<li>Svars (p\u0101ris): 7,5 kg<\/li>\n<li>Materi\u0101ls: Kompoz\u012bts<\/li>\n<li>Celtsp\u0113ja: l\u012bdz 10 tonn\u0101m<\/li>\n<li>Kr\u0101sa: melna ar agres\u012bvu sa\u0137eres virsmu<\/li>\n<li>Iepakojum\u0101: 2 d\u0113\u013ci<\/li>\n<li>Garantija: 1 gads<\/li>\n<\/ul>","protected":false},"excerpt":{"rendered":"<p>Kad iztur\u012bgs k\u013c\u016bst gudr\u0101ks. Rad\u012bts tiem, kas ne tikai brauc dab\u0101 \u2014 vi\u0146i <strong>pieder tam.<\/strong><\/p>","protected":false},"featured_media":24007,"comment_status":"open","ping_status":"closed","template":"","meta":[],"product_brand":[105],"product_cat":[36],"product_tag":[],"class_list":{"0":"post-10266","1":"product","2":"type-product","3":"status-publish","4":"has-post-thumbnail","6":"product_brand-wild-cat","7":"product_cat-accessories","8":"layout-1","9":"product-add-to-cart-ajax","10":"has-gallery-image","12":"first","13":"instock","14":"shipping-taxable","15":"purchasable","16":"product-type-simple"},"yoast_head":"<!-- This site is optimized with the Yoast SEO Premium plugin v25.2 (Yoast SEO v27.3) - https:\/\/yoast.com\/product\/yoast-seo-premium-wordpress\/ -->\n<title>Sand Tracks COMFORT - Wildcat Campers<\/title>\n<meta name=\"robots\" content=\"index, follow, max-snippet:-1, max-image-preview:large, max-video-preview:-1\" \/>\n<link rel=\"canonical\" href=\"https:\/\/wildcatcampers.eu\/lv\/products\/sand-tracks-comfort\/\" \/>\n<meta property=\"og:locale\" content=\"lv_LV\" \/>\n<meta property=\"og:type\" content=\"article\" \/>\n<meta property=\"og:title\" content=\"Sand Tracks COMFORT\" \/>\n<meta property=\"og:description\" content=\"When Tough Gets Smarter. Made for those who don\u2019t just drive into the wild \u2014 they own it.\" \/>\n<meta property=\"og:url\" content=\"https:\/\/wildcatcampers.eu\/lv\/products\/sand-tracks-comfort\/\" \/>\n<meta property=\"og:site_name\" content=\"Wildcat Campers\" \/>\n<meta property=\"article:modified_time\" content=\"2025-05-05T10:10:50+00:00\" \/>\n<meta property=\"og:image\" content=\"https:\/\/wildcatcampers.eu\/wp-content\/uploads\/2022\/05\/H15a2b0a7c5d748f58df5177ae5373150r.webp\" \/>\n\t<meta property=\"og:image:width\" content=\"1001\" \/>\n\t<meta property=\"og:image:height\" content=\"1001\" \/>\n\t<meta property=\"og:image:type\" content=\"image\/webp\" \/>\n<meta name=\"twitter:card\" content=\"summary_large_image\" \/>\n<script type=\"application\/ld+json\" class=\"yoast-schema-graph\">{\"@context\":\"https:\\\/\\\/schema.org\",\"@graph\":[{\"@type\":\"WebPage\",\"@id\":\"https:\\\/\\\/wildcatcampers.eu\\\/product\\\/sand-tracks-comfort\\\/\",\"url\":\"https:\\\/\\\/wildcatcampers.eu\\\/product\\\/sand-tracks-comfort\\\/\",\"name\":\"Sand Tracks COMFORT - Wildcat Campers\",\"isPartOf\":{\"@id\":\"https:\\\/\\\/wildcatcampers.eu\\\/#website\"},\"primaryImageOfPage\":{\"@id\":\"https:\\\/\\\/wildcatcampers.eu\\\/product\\\/sand-tracks-comfort\\\/#primaryimage\"},\"image\":{\"@id\":\"https:\\\/\\\/wildcatcampers.eu\\\/product\\\/sand-tracks-comfort\\\/#primaryimage\"},\"thumbnailUrl\":\"https:\\\/\\\/wildcatcampers.eu\\\/wp-content\\\/uploads\\\/2022\\\/05\\\/H15a2b0a7c5d748f58df5177ae5373150r.webp\",\"datePublished\":\"2022-05-13T04:14:27+00:00\",\"dateModified\":\"2025-05-05T10:10:50+00:00\",\"breadcrumb\":{\"@id\":\"https:\\\/\\\/wildcatcampers.eu\\\/product\\\/sand-tracks-comfort\\\/#breadcrumb\"},\"inLanguage\":\"lv-LV\",\"potentialAction\":[{\"@type\":\"ReadAction\",\"target\":[\"https:\\\/\\\/wildcatcampers.eu\\\/product\\\/sand-tracks-comfort\\\/\"]}]},{\"@type\":\"ImageObject\",\"inLanguage\":\"lv-LV\",\"@id\":\"https:\\\/\\\/wildcatcampers.eu\\\/product\\\/sand-tracks-comfort\\\/#primaryimage\",\"url\":\"https:\\\/\\\/wildcatcampers.eu\\\/wp-content\\\/uploads\\\/2022\\\/05\\\/H15a2b0a7c5d748f58df5177ae5373150r.webp\",\"contentUrl\":\"https:\\\/\\\/wildcatcampers.eu\\\/wp-content\\\/uploads\\\/2022\\\/05\\\/H15a2b0a7c5d748f58df5177ae5373150r.webp\",\"width\":1001,\"height\":1001},{\"@type\":\"BreadcrumbList\",\"@id\":\"https:\\\/\\\/wildcatcampers.eu\\\/product\\\/sand-tracks-comfort\\\/#breadcrumb\",\"itemListElement\":[{\"@type\":\"ListItem\",\"position\":1,\"name\":\"Home\",\"item\":\"https:\\\/\\\/wildcatcampers.eu\\\/\"},{\"@type\":\"ListItem\",\"position\":2,\"name\":\"Produkte\",\"item\":\"https:\\\/\\\/wildcatcampers.eu\\\/de\\\/geschaft\\\/\"},{\"@type\":\"ListItem\",\"position\":3,\"name\":\"Sand Tracks COMFORT\"}]},{\"@type\":\"WebSite\",\"@id\":\"https:\\\/\\\/wildcatcampers.eu\\\/#website\",\"url\":\"https:\\\/\\\/wildcatcampers.eu\\\/\",\"name\":\"Wild Cat Campers\",\"description\":\"When Adventure Meets Comfort\",\"publisher\":{\"@id\":\"https:\\\/\\\/wildcatcampers.eu\\\/#organization\"},\"potentialAction\":[{\"@type\":\"SearchAction\",\"target\":{\"@type\":\"EntryPoint\",\"urlTemplate\":\"https:\\\/\\\/wildcatcampers.eu\\\/?s={search_term_string}\"},\"query-input\":{\"@type\":\"PropertyValueSpecification\",\"valueRequired\":true,\"valueName\":\"search_term_string\"}}],\"inLanguage\":\"lv-LV\"},{\"@type\":\"Organization\",\"@id\":\"https:\\\/\\\/wildcatcampers.eu\\\/#organization\",\"name\":\"Wild Cat Campers\",\"url\":\"https:\\\/\\\/wildcatcampers.eu\\\/\",\"logo\":{\"@type\":\"ImageObject\",\"inLanguage\":\"lv-LV\",\"@id\":\"https:\\\/\\\/wildcatcampers.eu\\\/#\\\/schema\\\/logo\\\/image\\\/\",\"url\":\"https:\\\/\\\/wildcatcampers.eu\\\/wp-content\\\/uploads\\\/2025\\\/04\\\/WildCat_Wheel-1.png\",\"contentUrl\":\"https:\\\/\\\/wildcatcampers.eu\\\/wp-content\\\/uploads\\\/2025\\\/04\\\/WildCat_Wheel-1.png\",\"width\":1520,\"height\":1586,\"caption\":\"Wild Cat Campers\"},\"image\":{\"@id\":\"https:\\\/\\\/wildcatcampers.eu\\\/#\\\/schema\\\/logo\\\/image\\\/\"}}]}<\/script>\n<!-- \/ Yoast SEO Premium plugin. -->","yoast_head_json":{"title":"Smil\u0161u celi\u0146i COMFORT - Wildcat kemperi","robots":{"index":"index","follow":"follow","max-snippet":"max-snippet:-1","max-image-preview":"max-image-preview:large","max-video-preview":"max-video-preview:-1"},"canonical":"https:\/\/wildcatcampers.eu\/lv\/products\/sand-tracks-comfort\/","og_locale":"lv_LV","og_type":"article","og_title":"Sand Tracks COMFORT","og_description":"When Tough Gets Smarter. Made for those who don\u2019t just drive into the wild \u2014 they own it.","og_url":"https:\/\/wildcatcampers.eu\/lv\/products\/sand-tracks-comfort\/","og_site_name":"Wildcat Campers","article_modified_time":"2025-05-05T10:10:50+00:00","og_image":[{"width":1001,"height":1001,"url":"https:\/\/wildcatcampers.eu\/wp-content\/uploads\/2022\/05\/H15a2b0a7c5d748f58df5177ae5373150r.webp","type":"image\/webp"}],"twitter_card":"summary_large_image","schema":{"@context":"https:\/\/schema.org","@graph":[{"@type":"WebPage","@id":"https:\/\/wildcatcampers.eu\/product\/sand-tracks-comfort\/","url":"https:\/\/wildcatcampers.eu\/product\/sand-tracks-comfort\/","name":"Smil\u0161u celi\u0146i COMFORT - Wildcat kemperi","isPartOf":{"@id":"https:\/\/wildcatcampers.eu\/#website"},"primaryImageOfPage":{"@id":"https:\/\/wildcatcampers.eu\/product\/sand-tracks-comfort\/#primaryimage"},"image":{"@id":"https:\/\/wildcatcampers.eu\/product\/sand-tracks-comfort\/#primaryimage"},"thumbnailUrl":"https:\/\/wildcatcampers.eu\/wp-content\/uploads\/2022\/05\/H15a2b0a7c5d748f58df5177ae5373150r.webp","datePublished":"2022-05-13T04:14:27+00:00","dateModified":"2025-05-05T10:10:50+00:00","breadcrumb":{"@id":"https:\/\/wildcatcampers.eu\/product\/sand-tracks-comfort\/#breadcrumb"},"inLanguage":"lv-LV","potentialAction":[{"@type":"ReadAction","target":["https:\/\/wildcatcampers.eu\/product\/sand-tracks-comfort\/"]}]},{"@type":"ImageObject","inLanguage":"lv-LV","@id":"https:\/\/wildcatcampers.eu\/product\/sand-tracks-comfort\/#primaryimage","url":"https:\/\/wildcatcampers.eu\/wp-content\/uploads\/2022\/05\/H15a2b0a7c5d748f58df5177ae5373150r.webp","contentUrl":"https:\/\/wildcatcampers.eu\/wp-content\/uploads\/2022\/05\/H15a2b0a7c5d748f58df5177ae5373150r.webp","width":1001,"height":1001},{"@type":"BreadcrumbList","@id":"https:\/\/wildcatcampers.eu\/product\/sand-tracks-comfort\/#breadcrumb","itemListElement":[{"@type":"ListItem","position":1,"name":"Home","item":"https:\/\/wildcatcampers.eu\/"},{"@type":"ListItem","position":2,"name":"Produkte","item":"https:\/\/wildcatcampers.eu\/de\/geschaft\/"},{"@type":"ListItem","position":3,"name":"Sand Tracks COMFORT"}]},{"@type":"WebSite","@id":"https:\/\/wildcatcampers.eu\/#website","url":"https:\/\/wildcatcampers.eu\/","name":"Savva\u013cas ka\u0137u kempingi","description":"Kad piedz\u012bvojums satiekas ar komfortu","publisher":{"@id":"https:\/\/wildcatcampers.eu\/#organization"},"potentialAction":[{"@type":"SearchAction","target":{"@type":"EntryPoint","urlTemplate":"https:\/\/wildcatcampers.eu\/?s={search_term_string}"},"query-input":{"@type":"PropertyValueSpecification","valueRequired":true,"valueName":"search_term_string"}}],"inLanguage":"lv-LV"},{"@type":"Organization","@id":"https:\/\/wildcatcampers.eu\/#organization","name":"Savva\u013cas ka\u0137u kempingi","url":"https:\/\/wildcatcampers.eu\/","logo":{"@type":"ImageObject","inLanguage":"lv-LV","@id":"https:\/\/wildcatcampers.eu\/#\/schema\/logo\/image\/","url":"https:\/\/wildcatcampers.eu\/wp-content\/uploads\/2025\/04\/WildCat_Wheel-1.png","contentUrl":"https:\/\/wildcatcampers.eu\/wp-content\/uploads\/2025\/04\/WildCat_Wheel-1.png","width":1520,"height":1586,"caption":"Wild Cat Campers"},"image":{"@id":"https:\/\/wildcatcampers.eu\/#\/schema\/logo\/image\/"}}]}},"_links":{"self":[{"href":"https:\/\/wildcatcampers.eu\/lv\/wp-json\/wp\/v2\/product\/10266","targetHints":{"allow":["GET"]}}],"collection":[{"href":"https:\/\/wildcatcampers.eu\/lv\/wp-json\/wp\/v2\/product"}],"about":[{"href":"https:\/\/wildcatcampers.eu\/lv\/wp-json\/wp\/v2\/types\/product"}],"replies":[{"embeddable":true,"href":"https:\/\/wildcatcampers.eu\/lv\/wp-json\/wp\/v2\/comments?post=10266"}],"wp:featuredmedia":[{"embeddable":true,"href":"https:\/\/wildcatcampers.eu\/lv\/wp-json\/wp\/v2\/media\/24007"}],"wp:attachment":[{"href":"https:\/\/wildcatcampers.eu\/lv\/wp-json\/wp\/v2\/media?parent=10266"}],"wp:term":[{"taxonomy":"product_brand","embeddable":true,"href":"https:\/\/wildcatcampers.eu\/lv\/wp-json\/wp\/v2\/product_brand?post=10266"},{"taxonomy":"product_cat","embeddable":true,"href":"https:\/\/wildcatcampers.eu\/lv\/wp-json\/wp\/v2\/product_cat?post=10266"},{"taxonomy":"product_tag","embeddable":true,"href":"https:\/\/wildcatcampers.eu\/lv\/wp-json\/wp\/v2\/product_tag?post=10266"}],"curies":[{"name":"wp","href":"https:\/\/api.w.org\/{rel}","templated":true}]}}