{"id":10263,"date":"2022-05-13T03:58:23","date_gmt":"2022-05-13T03:58:23","guid":{"rendered":"https:\/\/plazart.templaza.net\/?post_type=product&#038;p=10263"},"modified":"2025-05-05T11:10:50","modified_gmt":"2025-05-05T10:10:50","slug":"rooftop-tent-square-comfort","status":"publish","type":"product","link":"https:\/\/wildcatcampers.eu\/lv\/product\/rooftop-tent-square-comfort\/","title":{"rendered":"Jumta telts Square Comfort ar s\u0101nu ieeju"},"content":{"rendered":"<p>\uf0b7\u00a0 <strong>Audums:<\/strong>\u00a0Oksforda (280 g poliestera-kokvilnas audums, elpojo\u0161a membr\u0101na)<\/p>\n<p>\uf0b7\u00a0 <strong>Telts \u0101r\u0113j\u0101s \u016bdensnecaurlaid\u012bbas v\u0113rt\u0113jums:<\/strong>\u00a0&gt; 3000 mm<\/p>\n<p>\uf0b7\u00a0 <strong>Apak\u0161as \u016bdensnecaurlaid\u012bbas v\u0113rt\u0113jums:<\/strong>\u00a0&gt; 3000 mm<\/p>\n<p>\uf0b7\u00a0 <strong>Strukt\u016bras tips:<\/strong>\u00a0\u0100tra autom\u0101tisk\u0101 iestat\u012b\u0161ana<\/p>\n<p><strong>\u00a0 \u00a0 Kr\u0101sa:<\/strong> Pel\u0113ks<\/p>\n<p>\uf0b7\u00a0 <strong>Materi\u0101ls:<\/strong>\u00a0280 g poliestera-kokvilnas<\/p>\n<p>\uf0b7\u00a0 <strong>Iepakojums:<\/strong>\u00a0Kartona kaste<\/p>\n<p>\uf0b7\u00a0 <strong>Ietilp\u012bba:<\/strong>\u00a02 cilv\u0113ki<\/p>\n<p>\uf0b7\u00a0 <strong>Izm\u0113rs:<\/strong>\u00a0210 \u00d7 132 \u00d7 110 cm<\/p>\n<p><strong>\u00a0 \u00a0 Komplekt\u0101 iek\u013cauts<\/strong><strong>:<\/strong>\u00a0Uzglab\u0101\u0161anas soma \/ K\u0101pnes \/ Matracis, LED apgaismojums, kontaktligzda, mitrumiztur\u012bgs matracis, mosk\u012btu t\u012bkli, kontaktligzda, 2 alum\u012bnija auduma tur\u0113t\u0101ji<\/p>\n<p>\uf0b7\u00a0 <strong>Svars:<\/strong>\u00a065 kg<\/p>","protected":false},"excerpt":{"rendered":"<p><strong>Komplekt\u0101 iek\u013cauts<\/strong><strong>:<\/strong>\u00a0Uzglab\u0101\u0161anas soma \/ K\u0101pnes \/ Matracis, LED apgaismojums, kontaktligzda, mitrumiztur\u012bgs matracis, mosk\u012btu t\u012bkli, kontaktligzda, 2 alum\u012bnija auduma tur\u0113t\u0101ji<\/p>","protected":false},"featured_media":24013,"comment_status":"open","ping_status":"closed","template":"","meta":[],"product_brand":[105],"product_cat":[106],"product_tag":[],"class_list":{"0":"post-10263","1":"product","2":"type-product","3":"status-publish","4":"has-post-thumbnail","6":"product_brand-wild-cat","7":"product_cat-rooftop","8":"layout-1","9":"product-add-to-cart-ajax","10":"has-gallery-image","12":"first","13":"instock","14":"shipping-taxable","15":"purchasable","16":"product-type-simple"},"yoast_head":"<!-- This site is optimized with the Yoast SEO Premium plugin v25.2 (Yoast SEO v27.3) - https:\/\/yoast.com\/product\/yoast-seo-premium-wordpress\/ -->\n<title>Rooftop Tent Square Comfort with side entrance - Wildcat Campers<\/title>\n<meta name=\"robots\" content=\"index, follow, max-snippet:-1, max-image-preview:large, max-video-preview:-1\" \/>\n<link rel=\"canonical\" href=\"https:\/\/wildcatcampers.eu\/lv\/products\/rooftop-tent-square-comfort\/\" \/>\n<meta property=\"og:locale\" content=\"lv_LV\" \/>\n<meta property=\"og:type\" content=\"article\" \/>\n<meta property=\"og:title\" content=\"Rooftop Tent Square Comfort with side entrance\" \/>\n<meta property=\"og:description\" content=\"Included in the set:\u00a0Storage bag \/ Ladder \/ Mattress, LED lighting, socket,\u00a0 moisture-resistant mattress, mosquito nets, socket, 2 aluminum fabric holders\" \/>\n<meta property=\"og:url\" content=\"https:\/\/wildcatcampers.eu\/lv\/products\/rooftop-tent-square-comfort\/\" \/>\n<meta property=\"og:site_name\" content=\"Wildcat Campers\" \/>\n<meta property=\"article:modified_time\" content=\"2025-05-05T10:10:50+00:00\" \/>\n<meta property=\"og:image\" content=\"https:\/\/wildcatcampers.eu\/wp-content\/uploads\/2022\/05\/Hd3bc7bd769404b9793df78e17f784629i.webp\" \/>\n\t<meta property=\"og:image:width\" content=\"800\" \/>\n\t<meta property=\"og:image:height\" content=\"800\" \/>\n\t<meta property=\"og:image:type\" content=\"image\/webp\" \/>\n<meta name=\"twitter:card\" content=\"summary_large_image\" \/>\n<script type=\"application\/ld+json\" class=\"yoast-schema-graph\">{\"@context\":\"https:\\\/\\\/schema.org\",\"@graph\":[{\"@type\":\"WebPage\",\"@id\":\"https:\\\/\\\/wildcatcampers.eu\\\/product\\\/rooftop-tent-square-comfort\\\/\",\"url\":\"https:\\\/\\\/wildcatcampers.eu\\\/product\\\/rooftop-tent-square-comfort\\\/\",\"name\":\"Rooftop Tent Square Comfort with side entrance - Wildcat Campers\",\"isPartOf\":{\"@id\":\"https:\\\/\\\/wildcatcampers.eu\\\/#website\"},\"primaryImageOfPage\":{\"@id\":\"https:\\\/\\\/wildcatcampers.eu\\\/product\\\/rooftop-tent-square-comfort\\\/#primaryimage\"},\"image\":{\"@id\":\"https:\\\/\\\/wildcatcampers.eu\\\/product\\\/rooftop-tent-square-comfort\\\/#primaryimage\"},\"thumbnailUrl\":\"https:\\\/\\\/wildcatcampers.eu\\\/wp-content\\\/uploads\\\/2022\\\/05\\\/Hd3bc7bd769404b9793df78e17f784629i.webp\",\"datePublished\":\"2022-05-13T03:58:23+00:00\",\"dateModified\":\"2025-05-05T10:10:50+00:00\",\"breadcrumb\":{\"@id\":\"https:\\\/\\\/wildcatcampers.eu\\\/product\\\/rooftop-tent-square-comfort\\\/#breadcrumb\"},\"inLanguage\":\"lv-LV\",\"potentialAction\":[{\"@type\":\"ReadAction\",\"target\":[\"https:\\\/\\\/wildcatcampers.eu\\\/product\\\/rooftop-tent-square-comfort\\\/\"]}]},{\"@type\":\"ImageObject\",\"inLanguage\":\"lv-LV\",\"@id\":\"https:\\\/\\\/wildcatcampers.eu\\\/product\\\/rooftop-tent-square-comfort\\\/#primaryimage\",\"url\":\"https:\\\/\\\/wildcatcampers.eu\\\/wp-content\\\/uploads\\\/2022\\\/05\\\/Hd3bc7bd769404b9793df78e17f784629i.webp\",\"contentUrl\":\"https:\\\/\\\/wildcatcampers.eu\\\/wp-content\\\/uploads\\\/2022\\\/05\\\/Hd3bc7bd769404b9793df78e17f784629i.webp\",\"width\":800,\"height\":800},{\"@type\":\"BreadcrumbList\",\"@id\":\"https:\\\/\\\/wildcatcampers.eu\\\/product\\\/rooftop-tent-square-comfort\\\/#breadcrumb\",\"itemListElement\":[{\"@type\":\"ListItem\",\"position\":1,\"name\":\"Home\",\"item\":\"https:\\\/\\\/wildcatcampers.eu\\\/\"},{\"@type\":\"ListItem\",\"position\":2,\"name\":\"Produkte\",\"item\":\"https:\\\/\\\/wildcatcampers.eu\\\/de\\\/geschaft\\\/\"},{\"@type\":\"ListItem\",\"position\":3,\"name\":\"Rooftop Tent Square Comfort with side entrance\"}]},{\"@type\":\"WebSite\",\"@id\":\"https:\\\/\\\/wildcatcampers.eu\\\/#website\",\"url\":\"https:\\\/\\\/wildcatcampers.eu\\\/\",\"name\":\"Wild Cat Campers\",\"description\":\"When Adventure Meets Comfort\",\"publisher\":{\"@id\":\"https:\\\/\\\/wildcatcampers.eu\\\/#organization\"},\"potentialAction\":[{\"@type\":\"SearchAction\",\"target\":{\"@type\":\"EntryPoint\",\"urlTemplate\":\"https:\\\/\\\/wildcatcampers.eu\\\/?s={search_term_string}\"},\"query-input\":{\"@type\":\"PropertyValueSpecification\",\"valueRequired\":true,\"valueName\":\"search_term_string\"}}],\"inLanguage\":\"lv-LV\"},{\"@type\":\"Organization\",\"@id\":\"https:\\\/\\\/wildcatcampers.eu\\\/#organization\",\"name\":\"Wild Cat Campers\",\"url\":\"https:\\\/\\\/wildcatcampers.eu\\\/\",\"logo\":{\"@type\":\"ImageObject\",\"inLanguage\":\"lv-LV\",\"@id\":\"https:\\\/\\\/wildcatcampers.eu\\\/#\\\/schema\\\/logo\\\/image\\\/\",\"url\":\"https:\\\/\\\/wildcatcampers.eu\\\/wp-content\\\/uploads\\\/2025\\\/04\\\/WildCat_Wheel-1.png\",\"contentUrl\":\"https:\\\/\\\/wildcatcampers.eu\\\/wp-content\\\/uploads\\\/2025\\\/04\\\/WildCat_Wheel-1.png\",\"width\":1520,\"height\":1586,\"caption\":\"Wild Cat Campers\"},\"image\":{\"@id\":\"https:\\\/\\\/wildcatcampers.eu\\\/#\\\/schema\\\/logo\\\/image\\\/\"}}]}<\/script>\n<!-- \/ Yoast SEO Premium plugin. -->","yoast_head_json":{"title":"Jumta telts kvadr\u0101tveida komforts ar s\u0101nu ieeju - Wildcat Campers","robots":{"index":"index","follow":"follow","max-snippet":"max-snippet:-1","max-image-preview":"max-image-preview:large","max-video-preview":"max-video-preview:-1"},"canonical":"https:\/\/wildcatcampers.eu\/lv\/products\/rooftop-tent-square-comfort\/","og_locale":"lv_LV","og_type":"article","og_title":"Rooftop Tent Square Comfort with side entrance","og_description":"Included in the set:\u00a0Storage bag \/ Ladder \/ Mattress, LED lighting, socket,\u00a0 moisture-resistant mattress, mosquito nets, socket, 2 aluminum fabric holders","og_url":"https:\/\/wildcatcampers.eu\/lv\/products\/rooftop-tent-square-comfort\/","og_site_name":"Wildcat Campers","article_modified_time":"2025-05-05T10:10:50+00:00","og_image":[{"width":800,"height":800,"url":"https:\/\/wildcatcampers.eu\/wp-content\/uploads\/2022\/05\/Hd3bc7bd769404b9793df78e17f784629i.webp","type":"image\/webp"}],"twitter_card":"summary_large_image","schema":{"@context":"https:\/\/schema.org","@graph":[{"@type":"WebPage","@id":"https:\/\/wildcatcampers.eu\/product\/rooftop-tent-square-comfort\/","url":"https:\/\/wildcatcampers.eu\/product\/rooftop-tent-square-comfort\/","name":"Jumta telts kvadr\u0101tveida komforts ar s\u0101nu ieeju - Wildcat Campers","isPartOf":{"@id":"https:\/\/wildcatcampers.eu\/#website"},"primaryImageOfPage":{"@id":"https:\/\/wildcatcampers.eu\/product\/rooftop-tent-square-comfort\/#primaryimage"},"image":{"@id":"https:\/\/wildcatcampers.eu\/product\/rooftop-tent-square-comfort\/#primaryimage"},"thumbnailUrl":"https:\/\/wildcatcampers.eu\/wp-content\/uploads\/2022\/05\/Hd3bc7bd769404b9793df78e17f784629i.webp","datePublished":"2022-05-13T03:58:23+00:00","dateModified":"2025-05-05T10:10:50+00:00","breadcrumb":{"@id":"https:\/\/wildcatcampers.eu\/product\/rooftop-tent-square-comfort\/#breadcrumb"},"inLanguage":"lv-LV","potentialAction":[{"@type":"ReadAction","target":["https:\/\/wildcatcampers.eu\/product\/rooftop-tent-square-comfort\/"]}]},{"@type":"ImageObject","inLanguage":"lv-LV","@id":"https:\/\/wildcatcampers.eu\/product\/rooftop-tent-square-comfort\/#primaryimage","url":"https:\/\/wildcatcampers.eu\/wp-content\/uploads\/2022\/05\/Hd3bc7bd769404b9793df78e17f784629i.webp","contentUrl":"https:\/\/wildcatcampers.eu\/wp-content\/uploads\/2022\/05\/Hd3bc7bd769404b9793df78e17f784629i.webp","width":800,"height":800},{"@type":"BreadcrumbList","@id":"https:\/\/wildcatcampers.eu\/product\/rooftop-tent-square-comfort\/#breadcrumb","itemListElement":[{"@type":"ListItem","position":1,"name":"Home","item":"https:\/\/wildcatcampers.eu\/"},{"@type":"ListItem","position":2,"name":"Produkte","item":"https:\/\/wildcatcampers.eu\/de\/geschaft\/"},{"@type":"ListItem","position":3,"name":"Rooftop Tent Square Comfort with side entrance"}]},{"@type":"WebSite","@id":"https:\/\/wildcatcampers.eu\/#website","url":"https:\/\/wildcatcampers.eu\/","name":"Savva\u013cas ka\u0137u kempingi","description":"Kad piedz\u012bvojums satiekas ar komfortu","publisher":{"@id":"https:\/\/wildcatcampers.eu\/#organization"},"potentialAction":[{"@type":"SearchAction","target":{"@type":"EntryPoint","urlTemplate":"https:\/\/wildcatcampers.eu\/?s={search_term_string}"},"query-input":{"@type":"PropertyValueSpecification","valueRequired":true,"valueName":"search_term_string"}}],"inLanguage":"lv-LV"},{"@type":"Organization","@id":"https:\/\/wildcatcampers.eu\/#organization","name":"Savva\u013cas ka\u0137u kempingi","url":"https:\/\/wildcatcampers.eu\/","logo":{"@type":"ImageObject","inLanguage":"lv-LV","@id":"https:\/\/wildcatcampers.eu\/#\/schema\/logo\/image\/","url":"https:\/\/wildcatcampers.eu\/wp-content\/uploads\/2025\/04\/WildCat_Wheel-1.png","contentUrl":"https:\/\/wildcatcampers.eu\/wp-content\/uploads\/2025\/04\/WildCat_Wheel-1.png","width":1520,"height":1586,"caption":"Wild Cat Campers"},"image":{"@id":"https:\/\/wildcatcampers.eu\/#\/schema\/logo\/image\/"}}]}},"_links":{"self":[{"href":"https:\/\/wildcatcampers.eu\/lv\/wp-json\/wp\/v2\/product\/10263","targetHints":{"allow":["GET"]}}],"collection":[{"href":"https:\/\/wildcatcampers.eu\/lv\/wp-json\/wp\/v2\/product"}],"about":[{"href":"https:\/\/wildcatcampers.eu\/lv\/wp-json\/wp\/v2\/types\/product"}],"replies":[{"embeddable":true,"href":"https:\/\/wildcatcampers.eu\/lv\/wp-json\/wp\/v2\/comments?post=10263"}],"wp:featuredmedia":[{"embeddable":true,"href":"https:\/\/wildcatcampers.eu\/lv\/wp-json\/wp\/v2\/media\/24013"}],"wp:attachment":[{"href":"https:\/\/wildcatcampers.eu\/lv\/wp-json\/wp\/v2\/media?parent=10263"}],"wp:term":[{"taxonomy":"product_brand","embeddable":true,"href":"https:\/\/wildcatcampers.eu\/lv\/wp-json\/wp\/v2\/product_brand?post=10263"},{"taxonomy":"product_cat","embeddable":true,"href":"https:\/\/wildcatcampers.eu\/lv\/wp-json\/wp\/v2\/product_cat?post=10263"},{"taxonomy":"product_tag","embeddable":true,"href":"https:\/\/wildcatcampers.eu\/lv\/wp-json\/wp\/v2\/product_tag?post=10263"}],"curies":[{"name":"wp","href":"https:\/\/api.w.org\/{rel}","templated":true}]}}