{"id":25479,"date":"2025-11-24T14:56:05","date_gmt":"2025-11-24T14:56:05","guid":{"rendered":"https:\/\/wildcatcampers.eu\/?page_id=25479"},"modified":"2026-01-08T17:42:47","modified_gmt":"2026-01-08T17:42:47","slug":"wildcat-campers-accessories-and-upgrades","status":"publish","type":"page","link":"https:\/\/wildcatcampers.eu\/lv\/wildcat-campers-accessories-and-upgrades\/","title":{"rendered":"Piederumi"},"content":{"rendered":"<div data-elementor-type=\"wp-page\" data-elementor-id=\"25479\" class=\"elementor elementor-25479\" data-elementor-post-type=\"page\">\n\t\t\t\t<div class=\"elementor-element elementor-element-1ed7271 e-flex e-con-boxed e-con e-parent\" data-id=\"1ed7271\" data-element_type=\"container\" data-e-type=\"container\">\n\t\t\t\t\t<div class=\"e-con-inner\">\n\t\t\t\t<div class=\"elementor-element elementor-element-cfbe2de elementor-widget elementor-widget-heading\" data-id=\"cfbe2de\" data-element_type=\"widget\" data-e-type=\"widget\" data-widget_type=\"heading.default\">\n\t\t\t\t\t<h2 class=\"elementor-heading-title elementor-size-default\">Wildcat Campers aksesu\u0101ri un uzlabojumi<\/h2>\t\t\t\t<\/div>\n\t\t\t\t<div class=\"elementor-element elementor-element-1560539 elementor-grid-4 elementor-grid-tablet-3 elementor-grid-mobile-2 elementor-products-grid elementor-wc-products elementor-widget elementor-widget-wc-categories\" data-id=\"1560539\" data-element_type=\"widget\" data-e-type=\"widget\" data-widget_type=\"wc-categories.default\">\n\t\t\t\t\t<div class=\"woocommerce columns-4\"><ul class=\"products elementor-grid  uk-child-width-1-3@l  uk-child-width-1-3@xl  uk-child-width-1-2@m  uk-child-width-1-2@s  uk-child-width-1-1  columns-4 uk-grid-default\" data-uk-grid>\n<li class=\"product-category product first\">\n\t<a aria-label=\"Apmekl\u0113jiet produktu kategoriju Jumta teltis\" href=\"https:\/\/wildcatcampers.eu\/lv\/product-category\/rooftop\/\"><img fetchpriority=\"high\" decoding=\"async\" src=\"https:\/\/wildcatcampers.eu\/wp-content\/uploads\/2025\/11\/Screenshot-2025-11-24-20.35.33-300x300.jpg\" alt=\"Jumta teltis\" width=\"300\" height=\"300\" srcset=\"https:\/\/wildcatcampers.eu\/wp-content\/uploads\/2025\/11\/Screenshot-2025-11-24-20.35.33-300x300.jpg 300w, https:\/\/wildcatcampers.eu\/wp-content\/uploads\/2025\/11\/Screenshot-2025-11-24-20.35.33-150x150.jpg 150w, https:\/\/wildcatcampers.eu\/wp-content\/uploads\/2025\/11\/Screenshot-2025-11-24-20.35.33-500x500.jpg 500w\" sizes=\"(max-width: 300px) 100vw, 300px\" \/>\t\t<h2 class=\"woocommerce-loop-category__title\">\n\t\t\tJumta teltis <mark class=\"count\">(5)<\/mark>\t\t<\/h2>\n\t\t<\/a><\/li>\n<li class=\"product-category product\">\n\t<a aria-label=\"Apmekl\u0113jiet produktu kategoriju Bezce\u013cu aksesu\u0101ri\" href=\"https:\/\/wildcatcampers.eu\/lv\/product-category\/accessories\/\"><img decoding=\"async\" src=\"https:\/\/wildcatcampers.eu\/wp-content\/uploads\/2025\/11\/Screenshot-2025-11-24-20.34.18-300x300.png\" alt=\"Bezce\u013cu aksesu\u0101ri\" width=\"300\" height=\"300\" srcset=\"https:\/\/wildcatcampers.eu\/wp-content\/uploads\/2025\/11\/Screenshot-2025-11-24-20.34.18-300x300.png 300w, https:\/\/wildcatcampers.eu\/wp-content\/uploads\/2025\/11\/Screenshot-2025-11-24-20.34.18-150x150.png 150w\" sizes=\"(max-width: 300px) 100vw, 300px\" \/>\t\t<h2 class=\"woocommerce-loop-category__title\">\n\t\t\tBezce\u013cu aksesu\u0101ri <mark class=\"count\">(6)<\/mark>\t\t<\/h2>\n\t\t<\/a><\/li>\n<li class=\"product-category product\">\n\t<a aria-label=\"Apmekl\u0113jiet produktu kategoriju Automa\u0161\u012bnu teltis\" href=\"https:\/\/wildcatcampers.eu\/lv\/product-category\/car-marquees\/\"><img decoding=\"async\" src=\"https:\/\/wildcatcampers.eu\/wp-content\/uploads\/2025\/11\/Screenshot-2025-11-24-20.32.03-300x300.png\" alt=\"Automa\u0161\u012bnu teltis\" width=\"300\" height=\"300\" srcset=\"https:\/\/wildcatcampers.eu\/wp-content\/uploads\/2025\/11\/Screenshot-2025-11-24-20.32.03-300x300.png 300w, https:\/\/wildcatcampers.eu\/wp-content\/uploads\/2025\/11\/Screenshot-2025-11-24-20.32.03-150x150.png 150w\" sizes=\"(max-width: 300px) 100vw, 300px\" \/>\t\t<h2 class=\"woocommerce-loop-category__title\">\n\t\t\tAutoma\u0161\u012bnu teltis <mark class=\"count\">(6)<\/mark>\t\t<\/h2>\n\t\t<\/a><\/li>\n<\/ul>\n<\/div>\t\t\t\t<\/div>\n\t\t\t\t\t<\/div>\n\t\t\t\t<\/div>\n\t\t<div class=\"elementor-element elementor-element-72687aa e-flex e-con-boxed e-con e-parent\" data-id=\"72687aa\" data-element_type=\"container\" data-e-type=\"container\">\n\t\t\t\t\t<div class=\"e-con-inner\">\n\t\t\t\t\t<\/div>\n\t\t\t\t<\/div>\n\t\t\t\t<\/div>","protected":false},"excerpt":{"rendered":"","protected":false},"author":1,"featured_media":0,"parent":0,"menu_order":0,"comment_status":"closed","ping_status":"closed","template":"","meta":{"footnotes":""},"class_list":["post-25479","page","type-page","status-publish","hentry","layout-1","product-add-to-cart-ajax"],"yoast_head":"<!-- This site is optimized with the Yoast SEO Premium plugin v25.2 (Yoast SEO v27.3) - https:\/\/yoast.com\/product\/yoast-seo-premium-wordpress\/ -->\n<title>Wildcat Campers accessories and upgrades<\/title>\n<meta name=\"description\" content=\"Discover official Wildcat Campers accessories and upgrades. Premium gear designed to improve your camper experience, comfort and performance.\" \/>\n<meta name=\"robots\" content=\"index, follow, max-snippet:-1, max-image-preview:large, max-video-preview:-1\" \/>\n<link rel=\"canonical\" href=\"https:\/\/wildcatcampers.eu\/lv\/wildcat-campers-accessories-and-upgrades\/\" \/>\n<meta property=\"og:locale\" content=\"lv_LV\" \/>\n<meta property=\"og:type\" content=\"article\" \/>\n<meta property=\"og:title\" content=\"Accessories\" \/>\n<meta property=\"og:description\" content=\"Discover official Wildcat Campers accessories and upgrades. Premium gear designed to improve your camper experience, comfort and performance.\" \/>\n<meta property=\"og:url\" content=\"https:\/\/wildcatcampers.eu\/lv\/wildcat-campers-accessories-and-upgrades\/\" \/>\n<meta property=\"og:site_name\" content=\"Wildcat Campers\" \/>\n<meta property=\"article:modified_time\" content=\"2026-01-08T17:42:47+00:00\" \/>\n<meta name=\"twitter:card\" content=\"summary_large_image\" \/>\n<meta name=\"twitter:label1\" content=\"Est. reading time\" \/>\n\t<meta name=\"twitter:data1\" content=\"1 min\u016bte\" \/>\n<script type=\"application\/ld+json\" class=\"yoast-schema-graph\">{\"@context\":\"https:\\\/\\\/schema.org\",\"@graph\":[{\"@type\":\"WebPage\",\"@id\":\"https:\\\/\\\/wildcatcampers.eu\\\/wildcat-campers-accessories-and-upgrades\\\/\",\"url\":\"https:\\\/\\\/wildcatcampers.eu\\\/wildcat-campers-accessories-and-upgrades\\\/\",\"name\":\"Wildcat Campers accessories and upgrades\",\"isPartOf\":{\"@id\":\"https:\\\/\\\/wildcatcampers.eu\\\/#website\"},\"datePublished\":\"2025-11-24T14:56:05+00:00\",\"dateModified\":\"2026-01-08T17:42:47+00:00\",\"description\":\"Discover official Wildcat Campers accessories and upgrades. Premium gear designed to improve your camper experience, comfort and performance.\",\"breadcrumb\":{\"@id\":\"https:\\\/\\\/wildcatcampers.eu\\\/wildcat-campers-accessories-and-upgrades\\\/#breadcrumb\"},\"inLanguage\":\"lv-LV\",\"potentialAction\":[{\"@type\":\"ReadAction\",\"target\":[\"https:\\\/\\\/wildcatcampers.eu\\\/wildcat-campers-accessories-and-upgrades\\\/\"]}]},{\"@type\":\"BreadcrumbList\",\"@id\":\"https:\\\/\\\/wildcatcampers.eu\\\/wildcat-campers-accessories-and-upgrades\\\/#breadcrumb\",\"itemListElement\":[{\"@type\":\"ListItem\",\"position\":1,\"name\":\"Home\",\"item\":\"https:\\\/\\\/wildcatcampers.eu\\\/\"},{\"@type\":\"ListItem\",\"position\":2,\"name\":\"Accessories\"}]},{\"@type\":\"WebSite\",\"@id\":\"https:\\\/\\\/wildcatcampers.eu\\\/#website\",\"url\":\"https:\\\/\\\/wildcatcampers.eu\\\/\",\"name\":\"Wild Cat Campers\",\"description\":\"When Adventure Meets Comfort\",\"publisher\":{\"@id\":\"https:\\\/\\\/wildcatcampers.eu\\\/#organization\"},\"potentialAction\":[{\"@type\":\"SearchAction\",\"target\":{\"@type\":\"EntryPoint\",\"urlTemplate\":\"https:\\\/\\\/wildcatcampers.eu\\\/?s={search_term_string}\"},\"query-input\":{\"@type\":\"PropertyValueSpecification\",\"valueRequired\":true,\"valueName\":\"search_term_string\"}}],\"inLanguage\":\"lv-LV\"},{\"@type\":\"Organization\",\"@id\":\"https:\\\/\\\/wildcatcampers.eu\\\/#organization\",\"name\":\"Wild Cat Campers\",\"url\":\"https:\\\/\\\/wildcatcampers.eu\\\/\",\"logo\":{\"@type\":\"ImageObject\",\"inLanguage\":\"lv-LV\",\"@id\":\"https:\\\/\\\/wildcatcampers.eu\\\/#\\\/schema\\\/logo\\\/image\\\/\",\"url\":\"https:\\\/\\\/wildcatcampers.eu\\\/wp-content\\\/uploads\\\/2025\\\/04\\\/WildCat_Wheel-1.png\",\"contentUrl\":\"https:\\\/\\\/wildcatcampers.eu\\\/wp-content\\\/uploads\\\/2025\\\/04\\\/WildCat_Wheel-1.png\",\"width\":1520,\"height\":1586,\"caption\":\"Wild Cat Campers\"},\"image\":{\"@id\":\"https:\\\/\\\/wildcatcampers.eu\\\/#\\\/schema\\\/logo\\\/image\\\/\"}}]}<\/script>\n<!-- \/ Yoast SEO Premium plugin. -->","yoast_head_json":{"title":"Wildcat Campers aksesu\u0101ri un uzlabojumi","description":"Atkl\u0101jiet ofici\u0101los Wildcat Campers piederumus un uzlabojumus. Augst\u0101k\u0101s kvalit\u0101tes apr\u012bkojums, kas paredz\u0113ts, lai uzlabotu j\u016bsu kemperu pieredzi, komfortu un veiktsp\u0113ju.","robots":{"index":"index","follow":"follow","max-snippet":"max-snippet:-1","max-image-preview":"max-image-preview:large","max-video-preview":"max-video-preview:-1"},"canonical":"https:\/\/wildcatcampers.eu\/lv\/wildcat-campers-accessories-and-upgrades\/","og_locale":"lv_LV","og_type":"article","og_title":"Accessories","og_description":"Discover official Wildcat Campers accessories and upgrades. Premium gear designed to improve your camper experience, comfort and performance.","og_url":"https:\/\/wildcatcampers.eu\/lv\/wildcat-campers-accessories-and-upgrades\/","og_site_name":"Wildcat Campers","article_modified_time":"2026-01-08T17:42:47+00:00","twitter_card":"summary_large_image","twitter_misc":{"Est. reading time":"1 min\u016bte"},"schema":{"@context":"https:\/\/schema.org","@graph":[{"@type":"WebPage","@id":"https:\/\/wildcatcampers.eu\/wildcat-campers-accessories-and-upgrades\/","url":"https:\/\/wildcatcampers.eu\/wildcat-campers-accessories-and-upgrades\/","name":"Wildcat Campers aksesu\u0101ri un uzlabojumi","isPartOf":{"@id":"https:\/\/wildcatcampers.eu\/#website"},"datePublished":"2025-11-24T14:56:05+00:00","dateModified":"2026-01-08T17:42:47+00:00","description":"Atkl\u0101jiet ofici\u0101los Wildcat Campers piederumus un uzlabojumus. Augst\u0101k\u0101s kvalit\u0101tes apr\u012bkojums, kas paredz\u0113ts, lai uzlabotu j\u016bsu kemperu pieredzi, komfortu un veiktsp\u0113ju.","breadcrumb":{"@id":"https:\/\/wildcatcampers.eu\/wildcat-campers-accessories-and-upgrades\/#breadcrumb"},"inLanguage":"lv-LV","potentialAction":[{"@type":"ReadAction","target":["https:\/\/wildcatcampers.eu\/wildcat-campers-accessories-and-upgrades\/"]}]},{"@type":"BreadcrumbList","@id":"https:\/\/wildcatcampers.eu\/wildcat-campers-accessories-and-upgrades\/#breadcrumb","itemListElement":[{"@type":"ListItem","position":1,"name":"Home","item":"https:\/\/wildcatcampers.eu\/"},{"@type":"ListItem","position":2,"name":"Accessories"}]},{"@type":"WebSite","@id":"https:\/\/wildcatcampers.eu\/#website","url":"https:\/\/wildcatcampers.eu\/","name":"Savva\u013cas ka\u0137u kempingi","description":"Kad piedz\u012bvojums satiekas ar komfortu","publisher":{"@id":"https:\/\/wildcatcampers.eu\/#organization"},"potentialAction":[{"@type":"SearchAction","target":{"@type":"EntryPoint","urlTemplate":"https:\/\/wildcatcampers.eu\/?s={search_term_string}"},"query-input":{"@type":"PropertyValueSpecification","valueRequired":true,"valueName":"search_term_string"}}],"inLanguage":"lv-LV"},{"@type":"Organization","@id":"https:\/\/wildcatcampers.eu\/#organization","name":"Savva\u013cas ka\u0137u kempingi","url":"https:\/\/wildcatcampers.eu\/","logo":{"@type":"ImageObject","inLanguage":"lv-LV","@id":"https:\/\/wildcatcampers.eu\/#\/schema\/logo\/image\/","url":"https:\/\/wildcatcampers.eu\/wp-content\/uploads\/2025\/04\/WildCat_Wheel-1.png","contentUrl":"https:\/\/wildcatcampers.eu\/wp-content\/uploads\/2025\/04\/WildCat_Wheel-1.png","width":1520,"height":1586,"caption":"Wild Cat Campers"},"image":{"@id":"https:\/\/wildcatcampers.eu\/#\/schema\/logo\/image\/"}}]}},"_links":{"self":[{"href":"https:\/\/wildcatcampers.eu\/lv\/wp-json\/wp\/v2\/pages\/25479","targetHints":{"allow":["GET"]}}],"collection":[{"href":"https:\/\/wildcatcampers.eu\/lv\/wp-json\/wp\/v2\/pages"}],"about":[{"href":"https:\/\/wildcatcampers.eu\/lv\/wp-json\/wp\/v2\/types\/page"}],"author":[{"embeddable":true,"href":"https:\/\/wildcatcampers.eu\/lv\/wp-json\/wp\/v2\/users\/1"}],"replies":[{"embeddable":true,"href":"https:\/\/wildcatcampers.eu\/lv\/wp-json\/wp\/v2\/comments?post=25479"}],"version-history":[{"count":10,"href":"https:\/\/wildcatcampers.eu\/lv\/wp-json\/wp\/v2\/pages\/25479\/revisions"}],"predecessor-version":[{"id":25522,"href":"https:\/\/wildcatcampers.eu\/lv\/wp-json\/wp\/v2\/pages\/25479\/revisions\/25522"}],"wp:attachment":[{"href":"https:\/\/wildcatcampers.eu\/lv\/wp-json\/wp\/v2\/media?parent=25479"}],"curies":[{"name":"wp","href":"https:\/\/api.w.org\/{rel}","templated":true}]}}