{"id":25077,"date":"2025-08-19T09:47:54","date_gmt":"2025-08-19T08:47:54","guid":{"rendered":"https:\/\/wildcatcampers.eu\/?page_id=25077"},"modified":"2026-04-05T11:51:51","modified_gmt":"2026-04-05T10:51:51","slug":"wildcat-camper-configurator","status":"publish","type":"page","link":"https:\/\/wildcatcampers.eu\/lv\/wildcat-camper-configurator\/","title":{"rendered":"Konfigurators"},"content":{"rendered":"<div data-elementor-type=\"wp-page\" data-elementor-id=\"25077\" class=\"elementor elementor-25077\" data-elementor-post-type=\"page\">\n\t\t\t\t<div class=\"elementor-element elementor-element-8803278 e-flex e-con-boxed e-con e-parent\" data-id=\"8803278\" data-element_type=\"container\" data-e-type=\"container\">\n\t\t\t\t\t<div class=\"e-con-inner\">\n\t\t\t\t<div class=\"elementor-element elementor-element-2775fe9 elementor-widget elementor-widget-heading\" data-id=\"2775fe9\" data-element_type=\"widget\" data-e-type=\"widget\" data-widget_type=\"heading.default\">\n\t\t\t\t\t<h1 class=\"elementor-heading-title elementor-size-default\">Vai esi gatavs uzb\u016bv\u0113t savu Wildcat?<\/h1>\t\t\t\t<\/div>\n\t\t\t\t\t<\/div>\n\t\t\t\t<\/div>\n\t\t<div class=\"elementor-element elementor-element-a064002 e-con-full e-flex e-con e-parent\" data-id=\"a064002\" data-element_type=\"container\" data-e-type=\"container\">\n\t\t\t\t<div class=\"elementor-element elementor-element-97e5251 elementor-widget-laptop__width-initial elementor-widget-tablet_extra__width-initial elementor-widget elementor-widget-text-editor\" data-id=\"97e5251\" data-element_type=\"widget\" data-e-type=\"widget\" data-widget_type=\"text-editor.default\">\n\t\t\t\t\t\t\t\t\t<p>L\u016bdzu, vispirms izv\u0113lieties versiju \u2014 <a href=\"https:\/\/wildcatcampers.eu\/lv\/wildcat-campers-configurator-start\/\">Start<\/a>, <a href=\"https:\/\/wildcatcampers.eu\/lv\/wildcat-campers-configurator-comfort\/\">Comfort<\/a>vai <a href=\"https:\/\/wildcatcampers.eu\/lv\/wildcat-campers-configurator-maximum\/\">Maximum<\/a> \u2014 p\u0113c tam izv\u0113lieties savas iesp\u0113jas.<br \/>Da\u017eas opcijas ir j\u0101izv\u0113las, veicot pas\u016bt\u012bjumu, citas var pievienot v\u0113l\u0101k.<br \/>Ja jums ir k\u0101di jaut\u0101jumi \u2014 <a href=\"https:\/\/wildcatcampers.eu\/lv\/contact-wildcat-campers\/\">M\u0113s esam tikai viena zvana vai e-pasta att\u0101lum\u0101.<\/a><\/p><p>Visas nor\u0101d\u012bt\u0101s cenas ir bez PVN.<\/p><p>\u00a0<\/p>\t\t\t\t\t\t\t\t<\/div>\n\t\t\t\t<\/div>\n\t\t<div class=\"elementor-element elementor-element-cec1d61 e-grid e-con-boxed e-con e-parent\" data-id=\"cec1d61\" data-element_type=\"container\" data-e-type=\"container\">\n\t\t\t\t\t<div class=\"e-con-inner\">\n\t\t<article class=\"elementor-element elementor-element-12c0952 e-con-full e-flex e-con e-child\" data-id=\"12c0952\" data-element_type=\"container\" data-e-type=\"container\">\n\t\t\t\t<div class=\"elementor-element elementor-element-3a90e4a elementor-widget elementor-widget-image\" data-id=\"3a90e4a\" data-element_type=\"widget\" data-e-type=\"widget\" data-widget_type=\"image.default\">\n\t\t\t\t\t\t\t\t\t\t\t\t\t\t\t\t<a href=\"https:\/\/wildcatcampers.eu\/lv\/configurator-start\/\">\n\t\t\t\t\t\t\t<img fetchpriority=\"high\" decoding=\"async\" width=\"540\" height=\"420\" src=\"https:\/\/wildcatcampers.eu\/wp-content\/uploads\/2025\/08\/Start-1-1.jpg\" class=\"attachment-large size-large wp-image-25079\" alt=\"\" srcset=\"https:\/\/wildcatcampers.eu\/wp-content\/uploads\/2025\/08\/Start-1-1.jpg 540w, https:\/\/wildcatcampers.eu\/wp-content\/uploads\/2025\/08\/Start-1-1-300x233.jpg 300w, https:\/\/wildcatcampers.eu\/wp-content\/uploads\/2025\/08\/Start-1-1-15x12.jpg 15w\" sizes=\"(max-width: 540px) 100vw, 540px\" \/>\t\t\t\t\t\t\t\t<\/a>\n\t\t\t\t\t\t\t\t\t\t\t\t\t\t\t<\/div>\n\t\t\t\t<div class=\"elementor-element elementor-element-bdc024c elementor-widget elementor-widget-text-editor\" data-id=\"bdc024c\" data-element_type=\"widget\" data-e-type=\"widget\" data-widget_type=\"text-editor.default\">\n\t\t\t\t\t\t\t\t\t<h4><b>Start<\/b><\/h4><p><i>Nav pieejams<\/i><\/p><p>560 kg<\/p><p><span style=\"font-weight: 400;\">Sp\u0113c\u012bga, uzlabojama b\u0101ze un br\u012bv\u012bba to uzlabot.<\/span><\/p><p><strong>\u2192 <\/strong><span style=\"text-decoration: underline;\"><strong>Konfigurators Start<\/strong><\/span><\/p>\t\t\t\t\t\t\t\t<\/div>\n\t\t\t\t<\/article>\n\t\t<article class=\"elementor-element elementor-element-db0959d e-con-full e-flex e-con e-child\" data-id=\"db0959d\" data-element_type=\"container\" data-e-type=\"container\">\n\t\t\t\t<div class=\"elementor-element elementor-element-b5cbe56 elementor-widget elementor-widget-image\" data-id=\"b5cbe56\" data-element_type=\"widget\" data-e-type=\"widget\" data-widget_type=\"image.default\">\n\t\t\t\t\t\t\t\t\t\t\t\t\t\t\t\t<a href=\"https:\/\/wildcatcampers.eu\/lv\/configurator-comfort\/\">\n\t\t\t\t\t\t\t<img decoding=\"async\" width=\"541\" height=\"423\" src=\"https:\/\/wildcatcampers.eu\/wp-content\/uploads\/2025\/08\/comfort.jpg\" class=\"attachment-large size-large wp-image-25093\" alt=\"\" srcset=\"https:\/\/wildcatcampers.eu\/wp-content\/uploads\/2025\/08\/comfort.jpg 541w, https:\/\/wildcatcampers.eu\/wp-content\/uploads\/2025\/08\/comfort-300x235.jpg 300w, https:\/\/wildcatcampers.eu\/wp-content\/uploads\/2025\/08\/comfort-15x12.jpg 15w\" sizes=\"(max-width: 541px) 100vw, 541px\" \/>\t\t\t\t\t\t\t\t<\/a>\n\t\t\t\t\t\t\t\t\t\t\t\t\t\t\t<\/div>\n\t\t\t\t<div class=\"elementor-element elementor-element-01d289f elementor-widget elementor-widget-text-editor\" data-id=\"01d289f\" data-element_type=\"widget\" data-e-type=\"widget\" data-widget_type=\"text-editor.default\">\n\t\t\t\t\t\t\t\t\t<h4><strong>Comfort<\/strong><\/h4><p><em>Nav pieejams<\/em><\/p><p>620 kg<\/p><p>Pla\u0161s noklus\u0113juma funkciju kl\u0101sts, k\u0101 ar\u012b daudzas iesp\u0113jas to piel\u0101got savam dz\u012bvesveidam.<\/p><p><span style=\"font-weight: 400;\"><strong>\u2192 <\/strong><span style=\"text-decoration: underline;\"><strong>Konfigurators Comfort<\/strong><\/span><\/span><\/p>\t\t\t\t\t\t\t\t<\/div>\n\t\t\t\t<\/article>\n\t\t<article class=\"elementor-element elementor-element-46221e9 e-con-full e-flex e-con e-child\" data-id=\"46221e9\" data-element_type=\"container\" data-e-type=\"container\">\n\t\t\t\t<div class=\"elementor-element elementor-element-0b307d2 elementor-widget elementor-widget-image\" data-id=\"0b307d2\" data-element_type=\"widget\" data-e-type=\"widget\" data-widget_type=\"image.default\">\n\t\t\t\t\t\t\t\t\t\t\t\t\t\t\t\t<a href=\"https:\/\/wildcatcampers.eu\/lv\/configurator-maximum\/\">\n\t\t\t\t\t\t\t<img decoding=\"async\" width=\"540\" height=\"420\" src=\"https:\/\/wildcatcampers.eu\/wp-content\/uploads\/2025\/08\/Maximum-1-1.jpg\" class=\"attachment-large size-large wp-image-25080\" alt=\"\" srcset=\"https:\/\/wildcatcampers.eu\/wp-content\/uploads\/2025\/08\/Maximum-1-1.jpg 540w, https:\/\/wildcatcampers.eu\/wp-content\/uploads\/2025\/08\/Maximum-1-1-300x233.jpg 300w, https:\/\/wildcatcampers.eu\/wp-content\/uploads\/2025\/08\/Maximum-1-1-15x12.jpg 15w\" sizes=\"(max-width: 540px) 100vw, 540px\" \/>\t\t\t\t\t\t\t\t<\/a>\n\t\t\t\t\t\t\t\t\t\t\t\t\t\t\t<\/div>\n\t\t\t\t<div class=\"elementor-element elementor-element-f02aa41 elementor-widget elementor-widget-text-editor\" data-id=\"f02aa41\" data-element_type=\"widget\" data-e-type=\"widget\" data-widget_type=\"text-editor.default\">\n\t\t\t\t\t\t\t\t\t<h4><strong>Maximum<\/strong><\/h4><p><em>no 19\u00a0900\u00a0eiro<\/em><\/p><p>650 kg<\/p><p>Jau pilns komplekts ar papildu iesp\u0113j\u0101m, kas padara to le\u0123end\u0101ru un individu\u0101li personaliz\u0113tu.<\/p><p><a href=\"http:\/\/wildcatcampers.eu\/lv\/configurator-maximum\/\"><span style=\"font-weight: 400;\"><strong>\u2192 <\/strong><span style=\"text-decoration: underline;\"><strong>Konfigurators Maximum<\/strong><\/span><\/span><\/a><\/p>\t\t\t\t\t\t\t\t<\/div>\n\t\t\t\t<\/article>\n\t\t\t\t\t<\/div>\n\t\t\t\t<\/div>\n\t\t<div class=\"elementor-element elementor-element-17fd14c e-flex e-con-boxed e-con e-parent\" data-id=\"17fd14c\" data-element_type=\"container\" data-e-type=\"container\">\n\t\t\t\t\t<div class=\"e-con-inner\">\n\t\t\t\t<div class=\"elementor-element elementor-element-c8e1ea4 elementor-widget elementor-widget-spacer\" data-id=\"c8e1ea4\" data-element_type=\"widget\" data-e-type=\"widget\" data-widget_type=\"spacer.default\">\n\t\t\t\t\t\t\t<div class=\"elementor-spacer\">\n\t\t\t<div class=\"elementor-spacer-inner\"><\/div>\n\t\t<\/div>\n\t\t\t\t\t\t<\/div>\n\t\t\t\t\t<\/div>\n\t\t\t\t<\/div>\n\t\t\t\t<\/div>","protected":false},"excerpt":{"rendered":"<p>Ready to build your Wildcat? Please first select the version \u2014 Start, Comfort, or Maximum \u2014 then choose your options.Some options must be selected when placing your order, others can be added later.If you have any questions \u2014 we\u2019re just a call or email away. All prices shown are net, VAT exclusive. \u00a0 Start base&hellip; <a class=\"more-link\" href=\"https:\/\/wildcatcampers.eu\/lv\/wildcat-camper-configurator\/\">Turpin\u0101t las\u012bt <span class=\"screen-reader-text\">Konfigurators<\/span><\/a><\/p>","protected":false},"author":1,"featured_media":0,"parent":0,"menu_order":0,"comment_status":"closed","ping_status":"closed","template":"","meta":{"footnotes":""},"class_list":["post-25077","page","type-page","status-publish","hentry","layout-1","product-add-to-cart-ajax"],"yoast_head":"<!-- This site is optimized with the Yoast SEO Premium plugin v25.2 (Yoast SEO v27.3) - https:\/\/yoast.com\/product\/yoast-seo-premium-wordpress\/ -->\n<title>Wildcat Campers Configurator | Build Your Camper<\/title>\n<meta name=\"description\" content=\"Use the Wildcat Campers configurator to design your perfect camper with tailored options, layouts and accessories\" \/>\n<meta name=\"robots\" content=\"index, follow, max-snippet:-1, max-image-preview:large, max-video-preview:-1\" \/>\n<link rel=\"canonical\" href=\"https:\/\/wildcatcampers.eu\/lv\/wildcat-camper-configurator\/\" \/>\n<meta property=\"og:locale\" content=\"lv_LV\" \/>\n<meta property=\"og:type\" content=\"article\" \/>\n<meta property=\"og:title\" content=\"Configurator\" \/>\n<meta property=\"og:description\" content=\"Use the Wildcat Campers configurator to design your perfect camper with tailored options, layouts and accessories\" \/>\n<meta property=\"og:url\" content=\"https:\/\/wildcatcampers.eu\/lv\/wildcat-camper-configurator\/\" \/>\n<meta property=\"og:site_name\" content=\"Wildcat Campers\" \/>\n<meta property=\"article:modified_time\" content=\"2026-04-05T10:51:51+00:00\" \/>\n<meta property=\"og:image\" content=\"https:\/\/wildcatcampers.eu\/wp-content\/uploads\/2025\/08\/Start-1-1.jpg\" \/>\n\t<meta property=\"og:image:width\" content=\"540\" \/>\n\t<meta property=\"og:image:height\" content=\"420\" \/>\n\t<meta property=\"og:image:type\" content=\"image\/jpeg\" \/>\n<meta name=\"twitter:card\" content=\"summary_large_image\" \/>\n<meta name=\"twitter:label1\" content=\"Est. reading time\" \/>\n\t<meta name=\"twitter:data1\" content=\"2 min\u016btes\" \/>\n<script type=\"application\/ld+json\" class=\"yoast-schema-graph\">{\"@context\":\"https:\\\/\\\/schema.org\",\"@graph\":[{\"@type\":\"WebPage\",\"@id\":\"https:\\\/\\\/wildcatcampers.eu\\\/wildcat-camper-configurator\\\/\",\"url\":\"https:\\\/\\\/wildcatcampers.eu\\\/wildcat-camper-configurator\\\/\",\"name\":\"Wildcat Campers Configurator | Build Your Camper\",\"isPartOf\":{\"@id\":\"https:\\\/\\\/wildcatcampers.eu\\\/#website\"},\"primaryImageOfPage\":{\"@id\":\"https:\\\/\\\/wildcatcampers.eu\\\/wildcat-camper-configurator\\\/#primaryimage\"},\"image\":{\"@id\":\"https:\\\/\\\/wildcatcampers.eu\\\/wildcat-camper-configurator\\\/#primaryimage\"},\"thumbnailUrl\":\"https:\\\/\\\/wildcatcampers.eu\\\/wp-content\\\/uploads\\\/2025\\\/08\\\/Start-1-1.jpg\",\"datePublished\":\"2025-08-19T08:47:54+00:00\",\"dateModified\":\"2026-04-05T10:51:51+00:00\",\"description\":\"Use the Wildcat Campers configurator to design your perfect camper with tailored options, layouts and accessories\",\"breadcrumb\":{\"@id\":\"https:\\\/\\\/wildcatcampers.eu\\\/wildcat-camper-configurator\\\/#breadcrumb\"},\"inLanguage\":\"lv-LV\",\"potentialAction\":[{\"@type\":\"ReadAction\",\"target\":[\"https:\\\/\\\/wildcatcampers.eu\\\/wildcat-camper-configurator\\\/\"]}]},{\"@type\":\"ImageObject\",\"inLanguage\":\"lv-LV\",\"@id\":\"https:\\\/\\\/wildcatcampers.eu\\\/wildcat-camper-configurator\\\/#primaryimage\",\"url\":\"https:\\\/\\\/wildcatcampers.eu\\\/wp-content\\\/uploads\\\/2025\\\/08\\\/Start-1-1.jpg\",\"contentUrl\":\"https:\\\/\\\/wildcatcampers.eu\\\/wp-content\\\/uploads\\\/2025\\\/08\\\/Start-1-1.jpg\"},{\"@type\":\"BreadcrumbList\",\"@id\":\"https:\\\/\\\/wildcatcampers.eu\\\/wildcat-camper-configurator\\\/#breadcrumb\",\"itemListElement\":[{\"@type\":\"ListItem\",\"position\":1,\"name\":\"Home\",\"item\":\"https:\\\/\\\/wildcatcampers.eu\\\/\"},{\"@type\":\"ListItem\",\"position\":2,\"name\":\"Configurator\"}]},{\"@type\":\"WebSite\",\"@id\":\"https:\\\/\\\/wildcatcampers.eu\\\/#website\",\"url\":\"https:\\\/\\\/wildcatcampers.eu\\\/\",\"name\":\"Wild Cat Campers\",\"description\":\"When Adventure Meets Comfort\",\"publisher\":{\"@id\":\"https:\\\/\\\/wildcatcampers.eu\\\/#organization\"},\"potentialAction\":[{\"@type\":\"SearchAction\",\"target\":{\"@type\":\"EntryPoint\",\"urlTemplate\":\"https:\\\/\\\/wildcatcampers.eu\\\/?s={search_term_string}\"},\"query-input\":{\"@type\":\"PropertyValueSpecification\",\"valueRequired\":true,\"valueName\":\"search_term_string\"}}],\"inLanguage\":\"lv-LV\"},{\"@type\":\"Organization\",\"@id\":\"https:\\\/\\\/wildcatcampers.eu\\\/#organization\",\"name\":\"Wild Cat Campers\",\"url\":\"https:\\\/\\\/wildcatcampers.eu\\\/\",\"logo\":{\"@type\":\"ImageObject\",\"inLanguage\":\"lv-LV\",\"@id\":\"https:\\\/\\\/wildcatcampers.eu\\\/#\\\/schema\\\/logo\\\/image\\\/\",\"url\":\"https:\\\/\\\/wildcatcampers.eu\\\/wp-content\\\/uploads\\\/2025\\\/04\\\/WildCat_Wheel-1.png\",\"contentUrl\":\"https:\\\/\\\/wildcatcampers.eu\\\/wp-content\\\/uploads\\\/2025\\\/04\\\/WildCat_Wheel-1.png\",\"width\":1520,\"height\":1586,\"caption\":\"Wild Cat Campers\"},\"image\":{\"@id\":\"https:\\\/\\\/wildcatcampers.eu\\\/#\\\/schema\\\/logo\\\/image\\\/\"}}]}<\/script>\n<!-- \/ Yoast SEO Premium plugin. -->","yoast_head_json":{"title":"Wildcat kemperu konfigurators | Izveidojiet savu kemperi","description":"Izmantojiet Wildcat Campers konfiguratoru, lai izveidotu savu ide\u0101lo kemperi ar piel\u0101got\u0101m iesp\u0113j\u0101m, izk\u0101rtojumiem un piederumiem.","robots":{"index":"index","follow":"follow","max-snippet":"max-snippet:-1","max-image-preview":"max-image-preview:large","max-video-preview":"max-video-preview:-1"},"canonical":"https:\/\/wildcatcampers.eu\/lv\/wildcat-camper-configurator\/","og_locale":"lv_LV","og_type":"article","og_title":"Configurator","og_description":"Use the Wildcat Campers configurator to design your perfect camper with tailored options, layouts and accessories","og_url":"https:\/\/wildcatcampers.eu\/lv\/wildcat-camper-configurator\/","og_site_name":"Wildcat Campers","article_modified_time":"2026-04-05T10:51:51+00:00","og_image":[{"width":540,"height":420,"url":"https:\/\/wildcatcampers.eu\/wp-content\/uploads\/2025\/08\/Start-1-1.jpg","type":"image\/jpeg"}],"twitter_card":"summary_large_image","twitter_misc":{"Est. reading time":"2 min\u016btes"},"schema":{"@context":"https:\/\/schema.org","@graph":[{"@type":"WebPage","@id":"https:\/\/wildcatcampers.eu\/wildcat-camper-configurator\/","url":"https:\/\/wildcatcampers.eu\/wildcat-camper-configurator\/","name":"Wildcat kemperu konfigurators | Izveidojiet savu kemperi","isPartOf":{"@id":"https:\/\/wildcatcampers.eu\/#website"},"primaryImageOfPage":{"@id":"https:\/\/wildcatcampers.eu\/wildcat-camper-configurator\/#primaryimage"},"image":{"@id":"https:\/\/wildcatcampers.eu\/wildcat-camper-configurator\/#primaryimage"},"thumbnailUrl":"https:\/\/wildcatcampers.eu\/wp-content\/uploads\/2025\/08\/Start-1-1.jpg","datePublished":"2025-08-19T08:47:54+00:00","dateModified":"2026-04-05T10:51:51+00:00","description":"Izmantojiet Wildcat Campers konfiguratoru, lai izveidotu savu ide\u0101lo kemperi ar piel\u0101got\u0101m iesp\u0113j\u0101m, izk\u0101rtojumiem un piederumiem.","breadcrumb":{"@id":"https:\/\/wildcatcampers.eu\/wildcat-camper-configurator\/#breadcrumb"},"inLanguage":"lv-LV","potentialAction":[{"@type":"ReadAction","target":["https:\/\/wildcatcampers.eu\/wildcat-camper-configurator\/"]}]},{"@type":"ImageObject","inLanguage":"lv-LV","@id":"https:\/\/wildcatcampers.eu\/wildcat-camper-configurator\/#primaryimage","url":"https:\/\/wildcatcampers.eu\/wp-content\/uploads\/2025\/08\/Start-1-1.jpg","contentUrl":"https:\/\/wildcatcampers.eu\/wp-content\/uploads\/2025\/08\/Start-1-1.jpg"},{"@type":"BreadcrumbList","@id":"https:\/\/wildcatcampers.eu\/wildcat-camper-configurator\/#breadcrumb","itemListElement":[{"@type":"ListItem","position":1,"name":"Home","item":"https:\/\/wildcatcampers.eu\/"},{"@type":"ListItem","position":2,"name":"Configurator"}]},{"@type":"WebSite","@id":"https:\/\/wildcatcampers.eu\/#website","url":"https:\/\/wildcatcampers.eu\/","name":"Savva\u013cas ka\u0137u kempingi","description":"Kad piedz\u012bvojums satiekas ar komfortu","publisher":{"@id":"https:\/\/wildcatcampers.eu\/#organization"},"potentialAction":[{"@type":"SearchAction","target":{"@type":"EntryPoint","urlTemplate":"https:\/\/wildcatcampers.eu\/?s={search_term_string}"},"query-input":{"@type":"PropertyValueSpecification","valueRequired":true,"valueName":"search_term_string"}}],"inLanguage":"lv-LV"},{"@type":"Organization","@id":"https:\/\/wildcatcampers.eu\/#organization","name":"Savva\u013cas ka\u0137u kempingi","url":"https:\/\/wildcatcampers.eu\/","logo":{"@type":"ImageObject","inLanguage":"lv-LV","@id":"https:\/\/wildcatcampers.eu\/#\/schema\/logo\/image\/","url":"https:\/\/wildcatcampers.eu\/wp-content\/uploads\/2025\/04\/WildCat_Wheel-1.png","contentUrl":"https:\/\/wildcatcampers.eu\/wp-content\/uploads\/2025\/04\/WildCat_Wheel-1.png","width":1520,"height":1586,"caption":"Wild Cat Campers"},"image":{"@id":"https:\/\/wildcatcampers.eu\/#\/schema\/logo\/image\/"}}]}},"_links":{"self":[{"href":"https:\/\/wildcatcampers.eu\/lv\/wp-json\/wp\/v2\/pages\/25077","targetHints":{"allow":["GET"]}}],"collection":[{"href":"https:\/\/wildcatcampers.eu\/lv\/wp-json\/wp\/v2\/pages"}],"about":[{"href":"https:\/\/wildcatcampers.eu\/lv\/wp-json\/wp\/v2\/types\/page"}],"author":[{"embeddable":true,"href":"https:\/\/wildcatcampers.eu\/lv\/wp-json\/wp\/v2\/users\/1"}],"replies":[{"embeddable":true,"href":"https:\/\/wildcatcampers.eu\/lv\/wp-json\/wp\/v2\/comments?post=25077"}],"version-history":[{"count":10,"href":"https:\/\/wildcatcampers.eu\/lv\/wp-json\/wp\/v2\/pages\/25077\/revisions"}],"predecessor-version":[{"id":25960,"href":"https:\/\/wildcatcampers.eu\/lv\/wp-json\/wp\/v2\/pages\/25077\/revisions\/25960"}],"wp:attachment":[{"href":"https:\/\/wildcatcampers.eu\/lv\/wp-json\/wp\/v2\/media?parent=25077"}],"curies":[{"name":"wp","href":"https:\/\/api.w.org\/{rel}","templated":true}]}}