{"id":25051,"date":"2025-08-13T16:47:58","date_gmt":"2025-08-13T15:47:58","guid":{"rendered":"https:\/\/wildcatcampers.eu\/?page_id=25051"},"modified":"2026-01-30T09:53:52","modified_gmt":"2026-01-30T09:53:52","slug":"wildcat-campers-terms-and-conditions","status":"publish","type":"page","link":"https:\/\/wildcatcampers.eu\/lv\/wildcat-campers-terms-and-conditions\/","title":{"rendered":"Noteikumi un nosac\u012bjumi"},"content":{"rendered":"<div data-elementor-type=\"wp-page\" data-elementor-id=\"25051\" class=\"elementor elementor-25051\" data-elementor-post-type=\"page\">\n\t\t\t\t<div class=\"elementor-element elementor-element-7a91914c e-flex e-con-boxed e-con e-parent\" data-id=\"7a91914c\" data-element_type=\"container\" data-e-type=\"container\">\n\t\t\t\t\t<div class=\"e-con-inner\">\n\t\t\t\t<div class=\"elementor-element elementor-element-50bd0951 elementor-widget elementor-widget-text-editor\" data-id=\"50bd0951\" data-element_type=\"widget\" data-e-type=\"widget\" data-widget_type=\"text-editor.default\">\n\t\t\t\t\t\t\t\t\t<h2>Lieto\u0161anas noteikumi un nosac\u012bjumi<\/h2>\n<p>Laipni l\u016bdzam m\u016bsu t\u012bmek\u013ca vietn\u0113. Turpinot p\u0101rl\u016bkot un lietot \u0161o t\u012bmek\u013ca vietni, j\u016bs piekr\u012btat iev\u0113rot un pak\u013cauties \u0161\u0101diem lieto\u0161anas noteikumiem un nosac\u012bjumiem. \u0160o t\u012bmek\u013ca vietni ir izstr\u0101d\u0101jusi SIA Flints Baltica (turpm\u0101k tekst\u0101 saukta par \u201cWildcat\u201d vai \u201cm\u0113s\u201d), kuras juridisk\u0101 adrese ir \u017dub\u012btes iela 55, J\u016brmala, LV-2008, Latvija, un to administr\u0113 \u0161\u012b pati persona. Ja nepiekr\u012btat k\u0101dai no \u0161o noteikumu un nosac\u012bjumu da\u013c\u0101m, l\u016bdzu, neizmantojiet m\u016bsu t\u012bmek\u013ca vietni. Termins \u201cj\u016bs\u201d attiecas uz m\u016bsu t\u012bmek\u013ca vietnes lietot\u0101ju vai skat\u012bt\u0101ju.<\/p>\n<h3>Lieto\u0161anas noteikumi<\/h3>\n<p>\u0160\u012bs t\u012bmek\u013ca vietnes lieto\u0161anai ir sp\u0113k\u0101 \u0161\u0101di lieto\u0161anas noteikumi:<\/p>\n<ul>\n<li>\u0160\u012bs t\u012bmek\u013ca vietnes lapu saturs ir paredz\u0113ts tikai visp\u0101r\u012bgai inform\u0101cijai un lieto\u0161anai. Tas var tikt main\u012bts bez iepriek\u0161\u0113ja br\u012bdin\u0101juma.<\/li>\n<li>\u0160\u012b vietne izmanto s\u012bkfailus, lai uzraudz\u012btu p\u0101rl\u016bko\u0161anas preferences. S\u012bkfailu izmanto\u0161ana ir s\u012bk\u0101k aprakst\u012bta Priv\u0101tuma politik\u0101.<\/li>\n<li>Ne m\u0113s, ne tre\u0161\u0101s personas nesniedz nek\u0101das garantijas vai apliecin\u0101jumus attiec\u012bb\u0101 uz \u0161aj\u0101 t\u012bmek\u013ca vietn\u0113 atrodam\u0101s vai pied\u0101v\u0101t\u0101s inform\u0101cijas un materi\u0101lu precizit\u0101ti, savlaic\u012bgumu, veiktsp\u0113ju, piln\u012bgumu vai piem\u0113rot\u012bbu jebk\u0101dam konkr\u0113tam m\u0113r\u0137im. J\u016bs atz\u012bstat, ka \u0161\u0101da inform\u0101cija un materi\u0101li var satur\u0113t neprecizit\u0101tes vai k\u013c\u016bdas, un m\u0113s piln\u012bb\u0101 atsak\u0101mies no atbild\u012bbas par \u0161\u0101d\u0101m neprecizit\u0101t\u0113m vai k\u013c\u016bd\u0101m, cikt\u0101l to at\u013cauj likums.<\/li>\n<li>J\u016bs piln\u012bb\u0101 uz\u0146ematies atbild\u012bbu par jebk\u0101das inform\u0101cijas vai materi\u0101lu izmanto\u0161anu \u0161aj\u0101 t\u012bmek\u013ca vietn\u0113, un m\u0113s par to neuz\u0146emamies atbild\u012bbu. J\u016bs pats esat atbild\u012bgs par to, lai visi \u0161aj\u0101 t\u012bmek\u013ca vietn\u0113 pieejamie produkti, pakalpojumi vai inform\u0101cija atbilstu j\u016bsu \u012bpa\u0161aj\u0101m pras\u012bb\u0101m.<\/li>\n<li>\u0160\u012b t\u012bmek\u013ca vietne satur materi\u0101lus, kas pieder mums vai ir mums licenc\u0113ti. \u0160ie materi\u0101li ietver, bet neaprobe\u017eojas ar dizainu, izk\u0101rtojumu, izskatu, vizu\u0101lo noform\u0113jumu un grafiku. Pavairo\u0161ana ir aizliegta, iz\u0146emot saska\u0146\u0101 ar autorties\u012bbu pazi\u0146ojumu, kas ir da\u013ca no \u0161iem noteikumiem un nosac\u012bjumiem.<\/li>\n<li>Visas \u0161aj\u0101 t\u012bmek\u013ca vietn\u0113 reproduc\u0113t\u0101s pre\u010du z\u012bmes, kas nav operatora \u012bpa\u0161ums vai nav tam licenc\u0113tas, ir atz\u012btas t\u012bmek\u013ca vietn\u0113.<\/li>\n<li>Neat\u013cauta \u0161\u012bs t\u012bmek\u013ca vietnes izmanto\u0161ana var rad\u012bt pras\u012bbas par zaud\u0113jumu atl\u012bdz\u012bbu un\/vai b\u016bt krimin\u0101lp\u0101rk\u0101pums.<\/li>\n<li>Laiku pa laikam \u0161aj\u0101 t\u012bmek\u013ca vietn\u0113 var b\u016bt iek\u013cautas ar\u012b saites uz cit\u0101m t\u012bmek\u013ca vietn\u0113m. \u0160\u012bs saites ir sniegtas j\u016bsu \u0113rt\u012bb\u0101m, lai sniegtu papildu inform\u0101ciju. T\u0101s nenoz\u012bm\u0113, ka m\u0113s atbalst\u0101m attiec\u012bgo(-\u0101s) t\u012bmek\u013ca vietni(-es). M\u0113s neuz\u0146emamies nek\u0101du atbild\u012bbu par saist\u012bto t\u012bmek\u013ca viet\u0146u saturu.<\/li>\n<li>J\u016bsu \u0161\u012bs t\u012bmek\u013ca vietnes lieto\u0161ana un jebkuri str\u012bdi, kas izriet no \u0161\u0101das t\u012bmek\u013ca vietnes lieto\u0161anas, ir pak\u013cauti Latvijas Republikas likumiem.<\/li>\n<\/ul>\t\t\t\t\t\t\t\t<\/div>\n\t\t\t\t<div class=\"elementor-element elementor-element-89bb390 elementor-widget elementor-widget-text-editor\" data-id=\"89bb390\" data-element_type=\"widget\" data-e-type=\"widget\" data-widget_type=\"text-editor.default\">\n\t\t\t\t\t\t\t\t\t<h2>Pieg\u0101des noteikumi<\/h2>\n<h3>Pieg\u0101des politika<\/h3>\n<p>Izlasiet m\u016bsu Wildcat noteikumus un nosac\u012bjumus zem\u0101k.<\/p>\n<p><strong>SIA \u201cFlints Baltica\u201d<\/strong><br \/>Uz\u0146\u0113muma re\u0123istr\u0101cijas Nr.: 40203300493<br \/>PVN re\u0123.nr.: LV40203300493<br \/>Juridisk\u0101 adrese:<br \/>\u017dub\u012btes 55, k.1, J\u016brmala LV-2008<br \/>LATVIJA<br \/>T\u0101lrunis: +37129255375<\/p>\n<h3>Maks\u0101jums<\/h3>\n<p>HeroCamper pie\u0146em tie\u0161saistes maks\u0101jumus ar \u0161\u0101d\u0101m kred\u012btkart\u0113m: Visa, Mastercard, Mobilepay Online, Visa Electron un ApplePay.<\/p>\n<p>Visas cenas t\u012bmek\u013ca vietn\u0113 ir nor\u0101d\u012btas bez PVN.<\/p>\n<p>Cenu noteik\u0161anai t\u012bmek\u013ca vietn\u0113 tiek izmantotas \u0161\u0101das val\u016btas:<br \/>Eiropa \u2013 eiro (EUR) bez PVN<\/p>\n<p>Wildcat izmanto dro\u0161u maks\u0101jumu serveri, kas \u0161ifr\u0113 visu inform\u0101ciju ar SSL protokolu, kas noz\u012bm\u0113, ka j\u016bsu dati ir dro\u0161\u012bb\u0101 un tos nevar nolas\u012bt citas tre\u0161\u0101s puses.<\/p>\n<p>Ar\u012b Wildcat t\u012bmek\u013ca vietne izmanto \u0161ifr\u0113\u0161anu ar SSL protokolu.<\/p>\n<p><strong>Maks\u0101juma fizisk\u0101 prece:<\/strong>\u00a0Maks\u0101jums no j\u016bsu konta tiks ietur\u0113ts tikai tad, kad fizisk\u0101 prece tiks nos\u016bt\u012bta, ja vien nav pan\u0101kta cita vieno\u0161an\u0101s vai nor\u0101d\u012bts cit\u0101di j\u016bsu pas\u016bt\u012bjum\u0101.<\/p>\n<p><strong>Apmaksa par Wildcat kempera rezerv\u0101ciju:<\/strong>\u00a0Maksa par nomas periodu, ieskaitot dro\u0161\u012bbas naudu, tiks apspriesta l\u012bgum\u0101, kas tiks nos\u016bt\u012bts uz j\u016bsu e-pastu p\u0113c piepras\u012bjuma apstiprin\u0101\u0161anas.<\/p>\n<h3>Pieg\u0101de un s\u016bt\u012bjums<\/h3>\n<p>J\u016bsu pas\u016bt\u012bjuma pieg\u0101des laiks ir 3\u20137 darba dienas. Tom\u0113r Wildcat Camper pieg\u0101des laiks ir 5\u20137 ned\u0113\u013cas, un Hero Camper j\u016bs sa\u0146emat pats.<\/p>\n<p>Kravas p\u0101rvad\u0101\u0161anas izmaksas tiek apr\u0113\u0137in\u0101tas no pre\u010du svara.<\/p>\n<p>J\u016bs varat izv\u0113l\u0113ties, lai j\u016bsu s\u016bt\u012bjums tiktu pieg\u0101d\u0101ts uz j\u016bsu m\u0101jas adresi vai tuv\u0101ko paku veikalu.<\/p>\n<p>P\u0113c pieg\u0101des j\u016bs sa\u0146emsiet izseko\u0161anas numuru, kas \u013caus jums visu laiku izsekot s\u016bt\u012bjumam.<\/p>\n<h3>Ja no\u017e\u0113lojat savu pirkumu (Atteik\u0161an\u0101s)<\/h3>\n<p>Wildcat pied\u0101v\u0101 pilnu naudas atmaksu 14 dienu laik\u0101 par t\u012bmek\u013ca vietn\u0113 ieg\u0101d\u0101taj\u0101m prec\u0113m, ja vien nav pan\u0101kta cita vieno\u0161an\u0101s vai nor\u0101d\u012bts cit\u0101di pas\u016bt\u012bjum\u0101.<\/p>\n<p>14 dienu periods s\u0101kas pas\u016bt\u012bjuma pieg\u0101des dien\u0101.<\/p>\n<p>Visas atgrie\u0161anas izmaksas, kas rodas jums pa\u0161am.<\/p>\n<p>Atteikuma piepras\u012bjums mums j\u0101pazi\u0146o ne v\u0113l\u0101k k\u0101 14 dienu laik\u0101 p\u0113c pieg\u0101des, un tam j\u0101b\u016bt pie mums ne v\u0113l\u0101k k\u0101 14 dienu laik\u0101 p\u0113c tam, kad m\u0113s tik\u0101m inform\u0113ti par j\u016bsu atteikuma\/atteikuma ties\u012bbu izmanto\u0161anu.<\/p>\n<p>Ja v\u0113laties izmantot savas atteikuma ties\u012bbas, l\u016bdzu, nos\u016btiet mums e-pastu uz\u00a0<a href=\"mailto:support@wildcatcampers.eu\">support@wildcatcampers.eu<\/a>Sav\u0101 zi\u0146ojum\u0101 skaidri nor\u0101diet, ka v\u0113laties izmantot atteikuma ties\u012bbas.<\/p>\n<h4>Atgriezt\u0101s preces st\u0101voklis<\/h4>\n<p>J\u016bs esat atbild\u012bgs par preces st\u0101vokli un preces v\u0113rt\u012bbas samazin\u0101\u0161anos, kas radusies, r\u012bkojoties ar to cit\u0101di, nek\u0101 nepiecie\u0161ams, lai noteiktu preces raksturu, \u012bpa\u0161\u012bbas un funkciju.<\/p>\n<p>Tas noz\u012bm\u0113, ka prece ir j\u0101izm\u0113\u0123ina t\u0101pat k\u0101 iep\u0113rkoties fizisk\u0101 veikal\u0101.<\/p>\n<p>Ja prece tiek p\u0101rbaud\u012bta\/lietota papildus iepriek\u0161 aprakst\u012btajam, t\u0101 tiek uzskat\u012bta par lietotu un ar samazin\u0101tu v\u0113rt\u012bbu. Tas noz\u012bm\u0113, ka, atce\u013cot pirkumu, j\u016bs sa\u0146emsiet atmaksu tikai nelielu da\u013cu no pirkuma summas vai nesa\u0146emsiet nek\u0101du atmaksu. Wildcat ir atbild\u012bgs par preces st\u0101vok\u013ca nov\u0113rt\u0113\u0161anu.<\/p>\n<h3>Garantija<\/h3>\n<p>Saska\u0146\u0101 ar Latvijas Tirdzniec\u012bbas likumu produktiem ir 2 gadu garantija. Garantija attiecas uz vis\u0101m programmat\u016bras, materi\u0101lu un ra\u017eo\u0161anas k\u013c\u016bd\u0101m. Tom\u0113r Wildcat Camper garantija ir j\u0101apsprie\u017e individu\u0101li, un to var pagarin\u0101t l\u012bdz 5 gadiem.<\/p>\n<p>S\u016bdz\u012bbas par k\u013c\u016bd\u0101m un defektiem j\u0101zi\u0146o Wildcat sapr\u0101t\u012bg\u0101 termi\u0146\u0101 p\u0113c pre\u010du sa\u0146em\u0161anas. Par sapr\u0101t\u012bgu laiku m\u0113s uzskat\u0101m ne vair\u0101k k\u0101 m\u0113ne\u0161us, ja vien nav pan\u0101kta cita vieno\u0161an\u0101s. M\u0113s atl\u012bdzin\u0101sim sapr\u0101t\u012bgas pieg\u0101des izmaksas.<\/p>\n<p>S\u016bdz\u012bba atsak\u0101s no ties\u012bb\u0101m uz garantiju, ja preces tiek apstr\u0101d\u0101tas nepareizi vai neparasti. Wildcat sedz atgrie\u0161anas izmaksas sapr\u0101t\u012bg\u0101 apm\u0113r\u0101. Atgrie\u017eot preci, l\u016bdzu, sazinieties ar mums, izmantojot:<\/p>\n<p><strong>Me\u017eaka\u0137is<\/strong><br \/>T\u0101lrunis: +37129255375<br \/><a href=\"mailto:support@wildcatcampers.eu\">support@wildcatcampers.eu<\/a><\/p>\n<p>Garantijas s\u016bdz\u012bbas netiks pie\u0146emtas, ja t\u0101s tiks nos\u016bt\u012btas, izmantojot apmaksas sist\u0113mu pieg\u0101des br\u012bd\u012b.<\/p>\n<h3>S\u016bdz\u012bbas<\/h3>\n<p>S\u016bdz\u012bbas par produktu var s\u016bt\u012bt uz:<\/p>\n<h4>Produkta kvalit\u0101tes s\u016bdz\u012bbas iesnieg\u0161ana<\/h4>\n<h5>Eiropas Savien\u012bbas pilso\u0146i<\/h5>\n<p>Iesniedziet savu s\u016bdz\u012bbu, izmantojot ES tie\u0161saistes str\u012bdu iz\u0161\u0137ir\u0161anas platformu (SIT):<br \/><a href=\"https:\/\/ec.europa.eu\/consumers\/odr\/\">https:\/\/ec.europa.eu\/consumers\/odr\/<\/a><\/p>\n<h5>Latvijas pilso\u0146i un iedz\u012bvot\u0101ji<\/h5>\n<p>J\u016bs varat iesniegt savu s\u016bdz\u012bbu tie\u0161i Pat\u0113r\u0113t\u0101ju ties\u012bbu aizsardz\u012bbas centram (PTAC):<br \/><a href=\"https:\/\/www.ptac.gov.lv\/\">https:\/\/www.ptac.gov.lv\/<\/a><\/p>\n<h5>Eiropas Savien\u012bbas pilso\u0146i, kas dz\u012bvo \u0101rpus ES<\/h5>\n<p>Iesniedziet savu s\u016bdz\u012bbu, izmantojot ES tie\u0161saistes str\u012bdu iz\u0161\u0137ir\u0161anas platformu (SIT):<br \/><a href=\"https:\/\/ec.europa.eu\/consumers\/odr\/\">https:\/\/ec.europa.eu\/consumers\/odr\/<\/a><\/p>\n<p>Iesniedzot s\u016bdz\u012bbu, jums ir j\u0101anul\u0113 m\u016bsu e-pasta adrese.<\/p>\n<p>M\u016bsu e-pasta adrese:\u00a0<a href=\"mailto:support@wildcatcampers.eu\">support@wildcatcampers.eu<\/a>\u00a0un t\u012bmek\u013ca vietne, kur\u0101 veic\u0101t pirkumu<\/p>\t\t\t\t\t\t\t\t<\/div>\n\t\t\t\t\t<\/div>\n\t\t\t\t<\/div>\n\t\t\t\t<\/div>","protected":false},"excerpt":{"rendered":"<p>Terms and Conditions of Use Welcome to our website. If you continue to browse and use this website, you are agreeing to comply with and be bound by the following terms and conditions of use. This website has been developed by SIA Flints Baltica (hereinafter to be referred to as &#8220;Wildcat&#8221; or &#8220;us&#8221; or &#8220;we&#8221;)&hellip; <a class=\"more-link\" href=\"https:\/\/wildcatcampers.eu\/lv\/wildcat-campers-terms-and-conditions\/\">Turpin\u0101t las\u012bt <span class=\"screen-reader-text\">Noteikumi un nosac\u012bjumi<\/span><\/a><\/p>","protected":false},"author":1,"featured_media":0,"parent":0,"menu_order":0,"comment_status":"closed","ping_status":"closed","template":"","meta":{"footnotes":""},"class_list":["post-25051","page","type-page","status-publish","hentry","layout-1","product-add-to-cart-ajax"],"yoast_head":"<!-- This site is optimized with the Yoast SEO Premium plugin v25.2 (Yoast SEO v27.3) - https:\/\/yoast.com\/product\/yoast-seo-premium-wordpress\/ -->\n<title>Wildcat Campers Terms &amp; Conditions<\/title>\n<meta name=\"description\" content=\"Read the official Wildcat Campers Terms &amp; Conditions covering purchases, warranties, and legal information for our products and services.\" \/>\n<meta name=\"robots\" content=\"index, follow, max-snippet:-1, max-image-preview:large, max-video-preview:-1\" \/>\n<link rel=\"canonical\" href=\"https:\/\/wildcatcampers.eu\/lv\/wildcat-campers-terms-and-conditions\/\" \/>\n<meta property=\"og:locale\" content=\"lv_LV\" \/>\n<meta property=\"og:type\" content=\"article\" \/>\n<meta property=\"og:title\" content=\"Terms and Conditions\" \/>\n<meta property=\"og:description\" content=\"Read the official Wildcat Campers Terms &amp; Conditions covering purchases, warranties, and legal information for our products and services.\" \/>\n<meta property=\"og:url\" content=\"https:\/\/wildcatcampers.eu\/lv\/wildcat-campers-terms-and-conditions\/\" \/>\n<meta property=\"og:site_name\" content=\"Wildcat Campers\" \/>\n<meta property=\"article:modified_time\" content=\"2026-01-30T09:53:52+00:00\" \/>\n<meta name=\"twitter:card\" content=\"summary_large_image\" \/>\n<meta name=\"twitter:label1\" content=\"Est. reading time\" \/>\n\t<meta name=\"twitter:data1\" content=\"5 min\u016btes\" \/>\n<script type=\"application\/ld+json\" class=\"yoast-schema-graph\">{\"@context\":\"https:\\\/\\\/schema.org\",\"@graph\":[{\"@type\":\"WebPage\",\"@id\":\"https:\\\/\\\/wildcatcampers.eu\\\/wildcat-campers-terms-and-conditions\\\/\",\"url\":\"https:\\\/\\\/wildcatcampers.eu\\\/wildcat-campers-terms-and-conditions\\\/\",\"name\":\"Wildcat Campers Terms & Conditions\",\"isPartOf\":{\"@id\":\"https:\\\/\\\/wildcatcampers.eu\\\/#website\"},\"datePublished\":\"2025-08-13T15:47:58+00:00\",\"dateModified\":\"2026-01-30T09:53:52+00:00\",\"description\":\"Read the official Wildcat Campers Terms & Conditions covering purchases, warranties, and legal information for our products and services.\",\"breadcrumb\":{\"@id\":\"https:\\\/\\\/wildcatcampers.eu\\\/wildcat-campers-terms-and-conditions\\\/#breadcrumb\"},\"inLanguage\":\"lv-LV\",\"potentialAction\":[{\"@type\":\"ReadAction\",\"target\":[\"https:\\\/\\\/wildcatcampers.eu\\\/wildcat-campers-terms-and-conditions\\\/\"]}]},{\"@type\":\"BreadcrumbList\",\"@id\":\"https:\\\/\\\/wildcatcampers.eu\\\/wildcat-campers-terms-and-conditions\\\/#breadcrumb\",\"itemListElement\":[{\"@type\":\"ListItem\",\"position\":1,\"name\":\"Home\",\"item\":\"https:\\\/\\\/wildcatcampers.eu\\\/\"},{\"@type\":\"ListItem\",\"position\":2,\"name\":\"Terms and Conditions\"}]},{\"@type\":\"WebSite\",\"@id\":\"https:\\\/\\\/wildcatcampers.eu\\\/#website\",\"url\":\"https:\\\/\\\/wildcatcampers.eu\\\/\",\"name\":\"Wild Cat Campers\",\"description\":\"When Adventure Meets Comfort\",\"publisher\":{\"@id\":\"https:\\\/\\\/wildcatcampers.eu\\\/#organization\"},\"potentialAction\":[{\"@type\":\"SearchAction\",\"target\":{\"@type\":\"EntryPoint\",\"urlTemplate\":\"https:\\\/\\\/wildcatcampers.eu\\\/?s={search_term_string}\"},\"query-input\":{\"@type\":\"PropertyValueSpecification\",\"valueRequired\":true,\"valueName\":\"search_term_string\"}}],\"inLanguage\":\"lv-LV\"},{\"@type\":\"Organization\",\"@id\":\"https:\\\/\\\/wildcatcampers.eu\\\/#organization\",\"name\":\"Wild Cat Campers\",\"url\":\"https:\\\/\\\/wildcatcampers.eu\\\/\",\"logo\":{\"@type\":\"ImageObject\",\"inLanguage\":\"lv-LV\",\"@id\":\"https:\\\/\\\/wildcatcampers.eu\\\/#\\\/schema\\\/logo\\\/image\\\/\",\"url\":\"https:\\\/\\\/wildcatcampers.eu\\\/wp-content\\\/uploads\\\/2025\\\/04\\\/WildCat_Wheel-1.png\",\"contentUrl\":\"https:\\\/\\\/wildcatcampers.eu\\\/wp-content\\\/uploads\\\/2025\\\/04\\\/WildCat_Wheel-1.png\",\"width\":1520,\"height\":1586,\"caption\":\"Wild Cat Campers\"},\"image\":{\"@id\":\"https:\\\/\\\/wildcatcampers.eu\\\/#\\\/schema\\\/logo\\\/image\\\/\"}}]}<\/script>\n<!-- \/ Yoast SEO Premium plugin. -->","yoast_head_json":{"title":"Wildcat Campers noteikumi un nosac\u012bjumi","description":"Izlasiet ofici\u0101los Wildcat Campers noteikumus un nosac\u012bjumus, kas attiecas uz pirkumiem, garantij\u0101m un juridisko inform\u0101ciju par m\u016bsu produktiem un pakalpojumiem.","robots":{"index":"index","follow":"follow","max-snippet":"max-snippet:-1","max-image-preview":"max-image-preview:large","max-video-preview":"max-video-preview:-1"},"canonical":"https:\/\/wildcatcampers.eu\/lv\/wildcat-campers-terms-and-conditions\/","og_locale":"lv_LV","og_type":"article","og_title":"Terms and Conditions","og_description":"Read the official Wildcat Campers Terms & Conditions covering purchases, warranties, and legal information for our products and services.","og_url":"https:\/\/wildcatcampers.eu\/lv\/wildcat-campers-terms-and-conditions\/","og_site_name":"Wildcat Campers","article_modified_time":"2026-01-30T09:53:52+00:00","twitter_card":"summary_large_image","twitter_misc":{"Est. reading time":"5 min\u016btes"},"schema":{"@context":"https:\/\/schema.org","@graph":[{"@type":"WebPage","@id":"https:\/\/wildcatcampers.eu\/wildcat-campers-terms-and-conditions\/","url":"https:\/\/wildcatcampers.eu\/wildcat-campers-terms-and-conditions\/","name":"Wildcat Campers noteikumi un nosac\u012bjumi","isPartOf":{"@id":"https:\/\/wildcatcampers.eu\/#website"},"datePublished":"2025-08-13T15:47:58+00:00","dateModified":"2026-01-30T09:53:52+00:00","description":"Izlasiet ofici\u0101los Wildcat Campers noteikumus un nosac\u012bjumus, kas attiecas uz pirkumiem, garantij\u0101m un juridisko inform\u0101ciju par m\u016bsu produktiem un pakalpojumiem.","breadcrumb":{"@id":"https:\/\/wildcatcampers.eu\/wildcat-campers-terms-and-conditions\/#breadcrumb"},"inLanguage":"lv-LV","potentialAction":[{"@type":"ReadAction","target":["https:\/\/wildcatcampers.eu\/wildcat-campers-terms-and-conditions\/"]}]},{"@type":"BreadcrumbList","@id":"https:\/\/wildcatcampers.eu\/wildcat-campers-terms-and-conditions\/#breadcrumb","itemListElement":[{"@type":"ListItem","position":1,"name":"Home","item":"https:\/\/wildcatcampers.eu\/"},{"@type":"ListItem","position":2,"name":"Terms and Conditions"}]},{"@type":"WebSite","@id":"https:\/\/wildcatcampers.eu\/#website","url":"https:\/\/wildcatcampers.eu\/","name":"Savva\u013cas ka\u0137u kempingi","description":"Kad piedz\u012bvojums satiekas ar komfortu","publisher":{"@id":"https:\/\/wildcatcampers.eu\/#organization"},"potentialAction":[{"@type":"SearchAction","target":{"@type":"EntryPoint","urlTemplate":"https:\/\/wildcatcampers.eu\/?s={search_term_string}"},"query-input":{"@type":"PropertyValueSpecification","valueRequired":true,"valueName":"search_term_string"}}],"inLanguage":"lv-LV"},{"@type":"Organization","@id":"https:\/\/wildcatcampers.eu\/#organization","name":"Savva\u013cas ka\u0137u kempingi","url":"https:\/\/wildcatcampers.eu\/","logo":{"@type":"ImageObject","inLanguage":"lv-LV","@id":"https:\/\/wildcatcampers.eu\/#\/schema\/logo\/image\/","url":"https:\/\/wildcatcampers.eu\/wp-content\/uploads\/2025\/04\/WildCat_Wheel-1.png","contentUrl":"https:\/\/wildcatcampers.eu\/wp-content\/uploads\/2025\/04\/WildCat_Wheel-1.png","width":1520,"height":1586,"caption":"Wild Cat Campers"},"image":{"@id":"https:\/\/wildcatcampers.eu\/#\/schema\/logo\/image\/"}}]}},"_links":{"self":[{"href":"https:\/\/wildcatcampers.eu\/lv\/wp-json\/wp\/v2\/pages\/25051","targetHints":{"allow":["GET"]}}],"collection":[{"href":"https:\/\/wildcatcampers.eu\/lv\/wp-json\/wp\/v2\/pages"}],"about":[{"href":"https:\/\/wildcatcampers.eu\/lv\/wp-json\/wp\/v2\/types\/page"}],"author":[{"embeddable":true,"href":"https:\/\/wildcatcampers.eu\/lv\/wp-json\/wp\/v2\/users\/1"}],"replies":[{"embeddable":true,"href":"https:\/\/wildcatcampers.eu\/lv\/wp-json\/wp\/v2\/comments?post=25051"}],"version-history":[{"count":4,"href":"https:\/\/wildcatcampers.eu\/lv\/wp-json\/wp\/v2\/pages\/25051\/revisions"}],"predecessor-version":[{"id":25541,"href":"https:\/\/wildcatcampers.eu\/lv\/wp-json\/wp\/v2\/pages\/25051\/revisions\/25541"}],"wp:attachment":[{"href":"https:\/\/wildcatcampers.eu\/lv\/wp-json\/wp\/v2\/media?parent=25051"}],"curies":[{"name":"wp","href":"https:\/\/api.w.org\/{rel}","templated":true}]}}