{"id":24336,"date":"2025-05-04T15:00:00","date_gmt":"2025-05-04T14:00:00","guid":{"rendered":"https:\/\/wildcatcampers.eu\/?page_id=24336"},"modified":"2025-11-24T10:11:56","modified_gmt":"2025-11-24T10:11:56","slug":"wildcat-campers-faq","status":"publish","type":"page","link":"https:\/\/wildcatcampers.eu\/lv\/wildcat-campers-faq\/","title":{"rendered":"Bie\u017ei uzdotie jaut\u0101jumi"},"content":{"rendered":"<div data-elementor-type=\"wp-page\" data-elementor-id=\"24336\" class=\"elementor elementor-24336\" data-elementor-post-type=\"page\">\n\t\t\t\t<div class=\"elementor-element elementor-element-18c5ece5 e-flex e-con-boxed e-con e-parent\" data-id=\"18c5ece5\" data-element_type=\"container\" data-e-type=\"container\">\n\t\t\t\t\t<div class=\"e-con-inner\">\n\t\t\t\t<div class=\"elementor-element elementor-element-57d34118 elementor-widget__width-initial elementor-invisible elementor-widget elementor-widget-uipro-heading\" data-id=\"57d34118\" data-element_type=\"widget\" data-e-type=\"widget\" data-settings=\"{&quot;_animation&quot;:&quot;fadeInUp&quot;}\" data-widget_type=\"uipro-heading.default\">\n\t\t\t\t<div class=\"elementor-widget-container\">\n\t\t\t\t\t<div class=\"templaza-parallax templaza-widget-heading template-base\">    <div data-scroll class=\"sc_heading uk-flex uk-flex-column uk-position-relative center\"><span class=\"sub-heading uk-flex uk-flex-inline uk-flex-middle\"><span class=\"sub-heading-content\">Bie\u017ei uzdotie jaut\u0101jumi<\/span><\/span><h3 class=\"title uk-h3 uk-margin-custom\"><span class=\"heading-highlighted-wrapper\"><span class=\"heading-plain-text\">Bie\u017ei uzdotie jaut\u0101jumi, skaidras atbildes<\/span><\/span><\/h3><\/div><\/div>\t\t\t\t<\/div>\n\t\t\t\t<\/div>\n\t\t\t\t\t<\/div>\n\t\t\t\t<\/div>\n\t\t<div class=\"elementor-element elementor-element-3e4f390 e-flex e-con-boxed e-con e-parent\" data-id=\"3e4f390\" data-element_type=\"container\" data-e-type=\"container\">\n\t\t\t\t\t<div class=\"e-con-inner\">\n\t\t\t\t<div class=\"elementor-element elementor-element-533711a elementor-widget elementor-widget-uipro-uiaccordion\" data-id=\"533711a\" data-element_type=\"widget\" data-e-type=\"widget\" data-widget_type=\"uipro-uiaccordion.default\">\n\t\t\t\t<div class=\"elementor-widget-container\">\n\t\t\t\t\t<div class=\"templaza-parallax templaza-widget-uiaccordion template-base\"><div class=\"ui-accordion\"><div class=\"\" data-uk-accordion=\"collapsible: true;\"><div class=\"uk-panel\"><a class=\"tz-title uk-accordion-title\" href=\"#\">K\u0101ds ir pilienveida piekabes kop\u0113jais svars, un vai es to varu vilkt ar savu automa\u0161\u012bnu?<\/a><div class=\"uk-accordion-content uk-margin-remove-first-child\"><div class=\"ui-content uk-panel uk-margin-top\"><p><span style=\"font-weight: 400;\">Wildcat asaras formas piekabes ir vieglas un paredz\u0113tas \u0113rtai vilk\u0161anai.<\/span><span style=\"font-weight: 400;\"><br \/><\/span><span style=\"font-weight: 400;\">Standarta versijas kop\u0113jais svars ir maz\u0101ks par 750 kg, kas noz\u012bm\u0113, ka to var vilkt liel\u0101k\u0101 da\u013ca vieglo automa\u0161\u012bnu, elektromobi\u013cu vai pat kvadraciklu.<\/span><span style=\"font-weight: 400;\"><br \/><\/span><span style=\"font-weight: 400;\">Ja jums nepiecie\u0161ama mini karav\u0101na ar liel\u0101ku kravnes\u012bbu, m\u0113s varam to izgatavot ar palielin\u0101tu kop\u0113jo svaru. Vienk\u0101r\u0161i inform\u0113jiet m\u016bs iepriek\u0161, veicot pas\u016bt\u012bjumu.<\/span><\/p><\/div><\/div><\/div><div class=\"uk-panel\"><a class=\"tz-title uk-accordion-title\" href=\"#\">Vai man ir nepiecie\u0161ama \u012bpa\u0161a vad\u012bt\u0101ja apliec\u012bba, lai vilktu pilienveida piekabi?<\/a><div class=\"uk-accordion-content uk-margin-remove-first-child\"><div class=\"ui-content uk-panel uk-margin-top\"><p><span style=\"font-weight: 400;\">Nav nepiecie\u0161ama \u012bpa\u0161a licence.<\/span><span style=\"font-weight: 400;\"><br \/><\/span><span style=\"font-weight: 400;\">T\u0101 k\u0101 Wildcat asaras formas kempera kop\u0113jais svars ir maz\u0101ks par 750 kg, to dr\u012bkst vilkt ar parastu B kategorijas autovad\u012bt\u0101ja apliec\u012bbu.<\/span><span style=\"font-weight: 400;\"><br \/><\/span><span style=\"font-weight: 400;\">Ja j\u016bsu piekabe ir konstru\u0113ta ar liel\u0101ku kravnes\u012bbu, viet\u0113jie noteikumi var piepras\u012bt papildu vilk\u0161anas at\u013cauju atkar\u012bb\u0101 no j\u016bsu valsts.<\/span><\/p><\/div><\/div><\/div><div class=\"uk-panel\"><a class=\"tz-title uk-accordion-title\" href=\"#\">Vai ir nepiecie\u0161ama re\u0123istr\u0101cija, un vai asaras formas piekabe ir sertific\u0113ta lieto\u0161anai man\u0101 valst\u012b?<\/a><div class=\"uk-accordion-content uk-margin-remove-first-child\"><div class=\"ui-content uk-panel uk-margin-top\"><p><span style=\"font-weight: 400;\">Katrai Wildcat piekabei ir ES CoC (atbilst\u012bbas sertifik\u0101ts) sertifik\u0101ts.<\/span><span style=\"font-weight: 400;\"><br \/><\/span><span style=\"font-weight: 400;\">\u0160is dokuments nodro\u0161ina netrauc\u0113tu re\u0123istr\u0101ciju jebkur\u0101 Eiropas Savien\u012bbas valst\u012b bez papildu p\u0101rbaud\u0113m vai izmai\u0146\u0101m.<\/span><span style=\"font-weight: 400;\"><br \/><\/span><span style=\"font-weight: 400;\">Viet\u0113j\u0101s re\u0123istr\u0101cijas proced\u016bras parasti ir vienk\u0101r\u0161as un t\u0101s var pabeigt vienas dienas laik\u0101.<\/span><\/p><\/div><\/div><\/div><div class=\"uk-panel\"><a class=\"tz-title uk-accordion-title\" href=\"#\">Vai asaras formas piekabi var izmantot ziem\u0101?<\/a><div class=\"uk-accordion-content uk-margin-remove-first-child\"><div class=\"ui-content uk-panel uk-margin-top\"><p><span style=\"font-weight: 400;\">J\u0101. Wildcat asaras formas piekabes ir paredz\u0113tas lieto\u0161anai visos gadalaikos.<\/span><span style=\"font-weight: 400;\"><br \/><\/span><span style=\"font-weight: 400;\">To izol\u0113t\u0101s sviestmaizes s\u0101nu sienas, stikl\u0161\u0137iedras jumts un aizmugur\u0113jais panelis uztur salonu siltu un sausu pat aukst\u0101 klimat\u0101.<\/span><span style=\"font-weight: 400;\"><br \/><\/span><span style=\"font-weight: 400;\">Daudzi \u012bpa\u0161nieki izv\u0113las pievienot autonomu d\u012bze\u013cdegvielas sild\u012bt\u0101ju, kas padara mini kemperi \u0113rtu visu gadu \u2014 s\u0101kot no sniegotiem kalnu braucieniem l\u012bdz ziemas atp\u016btai pie j\u016bras.<\/span><\/p><\/div><\/div><\/div><div class=\"uk-panel\"><a class=\"tz-title uk-accordion-title\" href=\"#\">Vai varu piel\u0101got kr\u0101su vai interjeru?<\/a><div class=\"uk-accordion-content uk-margin-remove-first-child\"><div class=\"ui-content uk-panel uk-margin-top\"><p><span style=\"font-weight: 400;\">J\u0101, piel\u0101go\u0161anas iesp\u0113jas ir viena no Wildcat galvenaj\u0101m funkcij\u0101m.<\/span><span style=\"font-weight: 400;\"><br \/><\/span><span style=\"font-weight: 400;\">J\u016bs varat izv\u0113l\u0113ties no da\u017e\u0101d\u0101m aizmugur\u0113j\u0101 pane\u013ca kr\u0101s\u0101m un pievienot da\u017e\u0101dus piederumus, piem\u0113ram, nojumes, jumta teltis vai papildu apr\u012bkojumu j\u016bsu piekabei.<\/span><span style=\"font-weight: 400;\"><br \/><\/span><span style=\"font-weight: 400;\">Lai iepaz\u012btos ar vis\u0101m pieejamaj\u0101m iesp\u0113j\u0101m, l\u016bdzu, izmantojiet m\u016bsu konfiguratoru.<\/span><span style=\"font-weight: 400;\"><br \/><\/span><span style=\"font-weight: 400;\">Katru piekabi var piel\u0101got j\u016bsu ce\u013co\u0161anas stilam, s\u0101kot no minim\u0101listiskiem uzst\u0101d\u012bjumiem l\u012bdz piln\u012bb\u0101 apr\u012bkot\u0101m versij\u0101m.<\/span><\/p><\/div><\/div><\/div><div class=\"uk-panel\"><a class=\"tz-title uk-accordion-title\" href=\"#\">K\u0101da ir cenu amplit\u016bda da\u017e\u0101d\u0101m asaras formas piekabes versij\u0101m?<\/a><div class=\"uk-accordion-content uk-margin-remove-first-child\"><div class=\"ui-content uk-panel uk-margin-top\"><p><span style=\"font-weight: 400;\">Wildcat asaras formas piekabes ir pieejamas tr\u012bs versij\u0101s: Start, Comfort un Maximum.<\/span><span style=\"font-weight: 400;\"><br \/><\/span><span style=\"font-weight: 400;\">Cenas s\u0101kas no 13\u00a0900\u00a0eiro (neto, neskaitot pieg\u0101di) par b\u0101zes versiju un ir atkar\u012bgas no izv\u0113l\u0113t\u0101 apr\u012bkojuma un opcij\u0101m, sasniedzot aptuveni 26\u00a0000\u00a0eiro (neto).<\/span><span style=\"font-weight: 400;\"><br \/><\/span><span style=\"font-weight: 400;\">Detaliz\u0113tas konfigur\u0101cijas un cenas varat apskat\u012bt m\u016bsu konfigurator\u0101 vai sazin\u0101ties ar mums tie\u0161i, lai sa\u0146emtu person\u012bgu cenu pied\u0101v\u0101jumu.<\/span><\/p><\/div><\/div><\/div><div class=\"uk-panel\"><a class=\"tz-title uk-accordion-title\" href=\"#\">K\u0101 veikt pas\u016bt\u012bjumu vai rezerv\u0113t ra\u017eo\u0161anas laiku?<\/a><div class=\"uk-accordion-content uk-margin-remove-first-child\"><div class=\"ui-content uk-panel uk-margin-top\"><p><span style=\"font-weight: 400;\">Vienk\u0101r\u0161i sazinieties ar mums vai k\u0101du no m\u016bsu pilnvarotajiem partneriem, lai apstiprin\u0101tu savu konfigur\u0101ciju un ra\u017eo\u0161anas vietu.<\/span><span style=\"font-weight: 400;\"><br \/><\/span><span style=\"font-weight: 400;\">Kad dizains un specifik\u0101cijas ir apstiprin\u0101tas, m\u0113s izrakst\u0101m r\u0113\u0137inu.<\/span><span style=\"font-weight: 400;\"><br \/><\/span><span style=\"font-weight: 400;\">Ra\u017eo\u0161anas vietu nodro\u0161ina 20% depoz\u012bts, ra\u017eo\u0161anas s\u0101kumposm\u0101 ir j\u0101iemaks\u0101 60%, bet atliku\u0161\u0101 summa tiek samaks\u0101ta, kad kemperis ir gatavs, pirms pieg\u0101des.<\/span><span style=\"font-weight: 400;\"><br \/><\/span><span style=\"font-weight: 400;\">Iesak\u0101m pas\u016bt\u012bt iepriek\u0161, lai nodro\u0161in\u0101tu ra\u017eo\u0161anas gatav\u012bbu j\u016bsu izv\u0113l\u0113tajai sezonai.<\/span><\/p><\/div><\/div><\/div><div class=\"uk-panel\"><a class=\"tz-title uk-accordion-title\" href=\"#\">Vai pilienveida piekabei ir pieejams finans\u0113jums vai l\u012bzings?<\/a><div class=\"uk-accordion-content uk-margin-remove-first-child\"><div class=\"ui-content uk-panel uk-margin-top\"><p><span style=\"font-weight: 400;\">J\u0101. Latvijas iedz\u012bvot\u0101jiem ir pieejamas l\u012bzinga un finans\u0113\u0161anas iesp\u0113jas.<\/span><span style=\"font-weight: 400;\"><br \/><\/span><span style=\"font-weight: 400;\">Klientiem cit\u0101s Eiropas valst\u012bs finans\u0113jumu var noorganiz\u0113t, izmantojot izplat\u012bt\u0101ja, viet\u0113jo partneru pakalpojumus vai tie\u0161i sazinoties ar savu banku.<\/span><span style=\"font-weight: 400;\"><br \/><\/span><span style=\"font-weight: 400;\">M\u0113s labpr\u0101t pal\u012bdz\u0113sim jums ar dokument\u0101ciju un izsniegsim visus nepiecie\u0161amos sertifik\u0101tus.<\/span><\/p><\/div><\/div><\/div><div class=\"uk-panel\"><a class=\"tz-title uk-accordion-title\" href=\"#\">Vai es varu ce\u013cot ar liel\u0101ku grupu mini kemper\u012b?<\/a><div class=\"uk-accordion-content uk-margin-remove-first-child\"><div class=\"ui-content uk-panel uk-margin-top\"><p><span style=\"font-weight: 400;\">Wildcat kemperos \u0113rti var izmitin\u0101t divus pieaugu\u0161os un vienu b\u0113rnu.<\/span><span style=\"font-weight: 400;\"><br \/><\/span><span style=\"font-weight: 400;\">Lai ieg\u016btu vair\u0101k vietas, varat pievienot jumta telti, lai taj\u0101 var\u0113tu izmitin\u0101t papildu cilv\u0113kus.<\/span><span style=\"font-weight: 400;\"><br \/><\/span><span style=\"font-weight: 400;\">Lai izveidotu \u0113nainu \u0101ra zonu, varat uzst\u0101d\u012bt nojumi un zem t\u0101s novietot kempinga m\u0113beles.<\/span><\/p><\/div><\/div><\/div><div class=\"uk-panel\"><a class=\"tz-title uk-accordion-title\" href=\"#\">Cik maks\u0101 pieg\u0101de?<\/a><div class=\"uk-accordion-content uk-margin-remove-first-child\"><div class=\"ui-content uk-panel uk-margin-top\"><p><span style=\"font-weight: 400;\">Pieg\u0101des maksa ir atkar\u012bga no j\u016bsu atra\u0161an\u0101s vietas. Eirop\u0101 cena parasti ir no 650 l\u012bdz 1500 eiro.<\/span><span style=\"font-weight: 400;\"><br \/><\/span><span style=\"font-weight: 400;\">Ja ieg\u0101d\u0101jaties Wildcat piekabi pie m\u016bsu pilnvarot\u0101 izplat\u012bt\u0101ja, pieg\u0101de bie\u017ei vien ir iek\u013cauta gal\u012bgaj\u0101 cen\u0101.<\/span><\/p><\/div><\/div><\/div><div class=\"uk-panel\"><a class=\"tz-title uk-accordion-title\" href=\"#\">K\u0101ds ir izpildes laiks?<\/a><div class=\"uk-accordion-content uk-margin-remove-first-child\"><div class=\"ui-content uk-panel uk-margin-top\"><p><span style=\"font-weight: 400;\">Atkar\u012bb\u0101 no ra\u017eo\u0161anas grafika Wildcat ra\u017eo\u0161anas laiks var b\u016bt no piec\u0101m l\u012bdz divpadsmit ned\u0113\u013c\u0101m vai ilg\u0101ks.<\/span><span style=\"font-weight: 400;\"><br \/><\/span><span style=\"font-weight: 400;\">T\u0101p\u0113c ir \u013coti svar\u012bgi veikt pas\u016bt\u012bjumu iepriek\u0161, ja Wildcat jums ir nepiecie\u0161ams l\u012bdz konkr\u0113tam datumam vai sezonai, piem\u0113ram, l\u012bdz pavasarim.<\/span><\/p><\/div><\/div><\/div><div class=\"uk-panel\"><a class=\"tz-title uk-accordion-title\" href=\"#\">K\u0101 tiek pieg\u0101d\u0101ta piekabe?<\/a><div class=\"uk-accordion-content uk-margin-remove-first-child\"><div class=\"ui-content uk-panel uk-margin-top\"><p><span style=\"font-weight: 400;\">Wildcat piekabes tiek dro\u0161i p\u0101rvad\u0101tas, izmantojot platformas piekabes, sl\u0113gtas kravas automa\u0161\u012bnas vai specializ\u0113tus transportl\u012bdzek\u013cus vieglaj\u0101m automa\u0161\u012bn\u0101m un piekab\u0113m.<\/span><span style=\"font-weight: 400;\"><br \/><\/span><span style=\"font-weight: 400;\">\u0100rvalstu klientiem pieg\u0101de tiek veikta ar j\u016bras kravu p\u0101rvad\u0101jumiem standarta ku\u0123niec\u012bbas konteineros.<\/span><\/p><\/div><\/div><\/div><div class=\"uk-panel\"><a class=\"tz-title uk-accordion-title\" href=\"#\">Ko sedz garantija un k\u0101 tiek veikti remontdarbi?<\/a><div class=\"uk-accordion-content uk-margin-remove-first-child\"><div class=\"ui-content uk-panel uk-margin-top\"><p><span style=\"font-weight: 400;\">Vis\u0101m Wildcat piekab\u0113m ir standarta 2 gadu garantija.<\/span><span style=\"font-weight: 400;\"><br \/><\/span><span style=\"font-weight: 400;\">Atsevi\u0161\u0137os re\u0123ionos vai p\u0113c individu\u0101las vieno\u0161an\u0101s garantiju var pagarin\u0101t l\u012bdz 5 gadiem.<\/span><span style=\"font-weight: 400;\"><br \/><\/span><span style=\"font-weight: 400;\">Wildcat piekab\u0113m ir ar\u012b m\u016b\u017ea garantija pret \u016bdens nopl\u016bd\u0113m caur jumtu, iz\u0146emot jumta l\u016bkas zonu, ko pieg\u0101d\u0101 \u0101r\u0113js ra\u017eot\u0101js.<\/span><span style=\"font-weight: 400;\"><br \/><\/span><span style=\"font-weight: 400;\">Garantijas pras\u012bbas var iesniegt, sazinoties ar mums vai pie j\u016bsu izplat\u012bt\u0101ja.<\/span><span style=\"font-weight: 400;\"><br \/><\/span><span style=\"font-weight: 400;\">Liel\u0101ko da\u013cu remontu un deta\u013cu nomai\u0146u var veikt jebkur\u0101 kemperu remonta darbn\u012bc\u0101 vai m\u016bsu partneru t\u012bkl\u0101.<\/span><span style=\"font-weight: 400;\"><br \/><\/span><span style=\"font-weight: 400;\">M\u0113s sedzam apstiprin\u0101tu tre\u0161o pu\u0161u remontu izmaksas.<\/span><span style=\"font-weight: 400;\"><br \/><\/span><span style=\"font-weight: 400;\">L\u016bdzu, \u0146emiet v\u0113r\u0101: pretenzijas netiks pie\u0146emtas, ja piekabe tika izmantota pret\u0113ji lietot\u0101ja rokasgr\u0101matai.<\/span><\/p><\/div><\/div><\/div><\/div><\/div><\/div>\t\t\t\t<\/div>\n\t\t\t\t<\/div>\n\t\t\t\t\t<\/div>\n\t\t\t\t<\/div>\n\t\t\t\t<\/div>","protected":false},"excerpt":{"rendered":"<p>Frequently Asked Questions Frequently Asked, Clearly Answered What is the total weight of the teardrop trailer, and can I tow it with my car? Wildcat teardrop trailers are lightweight and designed for easy towing.The standard version has a total weight below 750 kg, which means it can be towed by most passenger cars, electric vehicles,&hellip; <a class=\"more-link\" href=\"https:\/\/wildcatcampers.eu\/lv\/wildcat-campers-faq\/\">Turpin\u0101t las\u012bt <span class=\"screen-reader-text\">Bie\u017ei uzdotie jaut\u0101jumi<\/span><\/a><\/p>","protected":false},"author":1,"featured_media":0,"parent":0,"menu_order":0,"comment_status":"closed","ping_status":"closed","template":"","meta":{"footnotes":""},"class_list":["post-24336","page","type-page","status-publish","hentry","layout-1","product-add-to-cart-ajax"],"yoast_head":"<!-- This site is optimized with the Yoast SEO Premium plugin v25.2 (Yoast SEO v27.3) - https:\/\/yoast.com\/product\/yoast-seo-premium-wordpress\/ -->\n<title>Wildcat Campers FAQ<\/title>\n<meta name=\"description\" content=\"Explore the Wildcat Campers FAQ section for quick answers about our campers, features, pricing, delivery and support.\" \/>\n<meta name=\"robots\" content=\"index, follow, max-snippet:-1, max-image-preview:large, max-video-preview:-1\" \/>\n<link rel=\"canonical\" href=\"https:\/\/wildcatcampers.eu\/lv\/wildcat-campers-faq\/\" \/>\n<meta property=\"og:locale\" content=\"lv_LV\" \/>\n<meta property=\"og:type\" content=\"article\" \/>\n<meta property=\"og:title\" content=\"FAQ\" \/>\n<meta property=\"og:description\" content=\"Explore the Wildcat Campers FAQ section for quick answers about our campers, features, pricing, delivery and support.\" \/>\n<meta property=\"og:url\" content=\"https:\/\/wildcatcampers.eu\/lv\/wildcat-campers-faq\/\" \/>\n<meta property=\"og:site_name\" content=\"Wildcat Campers\" \/>\n<meta property=\"article:modified_time\" content=\"2025-11-24T10:11:56+00:00\" \/>\n<meta name=\"twitter:card\" content=\"summary_large_image\" \/>\n<meta name=\"twitter:label1\" content=\"Est. reading time\" \/>\n\t<meta name=\"twitter:data1\" content=\"4 min\u016btes\" \/>\n<script type=\"application\/ld+json\" class=\"yoast-schema-graph\">{\"@context\":\"https:\\\/\\\/schema.org\",\"@graph\":[{\"@type\":\"WebPage\",\"@id\":\"https:\\\/\\\/wildcatcampers.eu\\\/wildcat-campers-faq\\\/\",\"url\":\"https:\\\/\\\/wildcatcampers.eu\\\/wildcat-campers-faq\\\/\",\"name\":\"Wildcat Campers FAQ\",\"isPartOf\":{\"@id\":\"https:\\\/\\\/wildcatcampers.eu\\\/#website\"},\"datePublished\":\"2025-05-04T14:00:00+00:00\",\"dateModified\":\"2025-11-24T10:11:56+00:00\",\"description\":\"Explore the Wildcat Campers FAQ section for quick answers about our campers, features, pricing, delivery and support.\",\"breadcrumb\":{\"@id\":\"https:\\\/\\\/wildcatcampers.eu\\\/wildcat-campers-faq\\\/#breadcrumb\"},\"inLanguage\":\"lv-LV\",\"potentialAction\":[{\"@type\":\"ReadAction\",\"target\":[\"https:\\\/\\\/wildcatcampers.eu\\\/wildcat-campers-faq\\\/\"]}]},{\"@type\":\"BreadcrumbList\",\"@id\":\"https:\\\/\\\/wildcatcampers.eu\\\/wildcat-campers-faq\\\/#breadcrumb\",\"itemListElement\":[{\"@type\":\"ListItem\",\"position\":1,\"name\":\"Home\",\"item\":\"https:\\\/\\\/wildcatcampers.eu\\\/\"},{\"@type\":\"ListItem\",\"position\":2,\"name\":\"FAQ\"}]},{\"@type\":\"WebSite\",\"@id\":\"https:\\\/\\\/wildcatcampers.eu\\\/#website\",\"url\":\"https:\\\/\\\/wildcatcampers.eu\\\/\",\"name\":\"Wild Cat Campers\",\"description\":\"When Adventure Meets Comfort\",\"publisher\":{\"@id\":\"https:\\\/\\\/wildcatcampers.eu\\\/#organization\"},\"potentialAction\":[{\"@type\":\"SearchAction\",\"target\":{\"@type\":\"EntryPoint\",\"urlTemplate\":\"https:\\\/\\\/wildcatcampers.eu\\\/?s={search_term_string}\"},\"query-input\":{\"@type\":\"PropertyValueSpecification\",\"valueRequired\":true,\"valueName\":\"search_term_string\"}}],\"inLanguage\":\"lv-LV\"},{\"@type\":\"Organization\",\"@id\":\"https:\\\/\\\/wildcatcampers.eu\\\/#organization\",\"name\":\"Wild Cat Campers\",\"url\":\"https:\\\/\\\/wildcatcampers.eu\\\/\",\"logo\":{\"@type\":\"ImageObject\",\"inLanguage\":\"lv-LV\",\"@id\":\"https:\\\/\\\/wildcatcampers.eu\\\/#\\\/schema\\\/logo\\\/image\\\/\",\"url\":\"https:\\\/\\\/wildcatcampers.eu\\\/wp-content\\\/uploads\\\/2025\\\/04\\\/WildCat_Wheel-1.png\",\"contentUrl\":\"https:\\\/\\\/wildcatcampers.eu\\\/wp-content\\\/uploads\\\/2025\\\/04\\\/WildCat_Wheel-1.png\",\"width\":1520,\"height\":1586,\"caption\":\"Wild Cat Campers\"},\"image\":{\"@id\":\"https:\\\/\\\/wildcatcampers.eu\\\/#\\\/schema\\\/logo\\\/image\\\/\"}}]}<\/script>\n<!-- \/ Yoast SEO Premium plugin. -->","yoast_head_json":{"title":"Wildcat Campers bie\u017ei uzdotie jaut\u0101jumi","description":"Iepaz\u012bstieties ar Wildcat Campers bie\u017ei uzdoto jaut\u0101jumu sada\u013cu, lai \u0101tri ieg\u016btu atbildes par m\u016bsu kemperiem, to funkcij\u0101m, cen\u0101m, pieg\u0101di un atbalstu.","robots":{"index":"index","follow":"follow","max-snippet":"max-snippet:-1","max-image-preview":"max-image-preview:large","max-video-preview":"max-video-preview:-1"},"canonical":"https:\/\/wildcatcampers.eu\/lv\/wildcat-campers-faq\/","og_locale":"lv_LV","og_type":"article","og_title":"FAQ","og_description":"Explore the Wildcat Campers FAQ section for quick answers about our campers, features, pricing, delivery and support.","og_url":"https:\/\/wildcatcampers.eu\/lv\/wildcat-campers-faq\/","og_site_name":"Wildcat Campers","article_modified_time":"2025-11-24T10:11:56+00:00","twitter_card":"summary_large_image","twitter_misc":{"Est. reading time":"4 min\u016btes"},"schema":{"@context":"https:\/\/schema.org","@graph":[{"@type":"WebPage","@id":"https:\/\/wildcatcampers.eu\/wildcat-campers-faq\/","url":"https:\/\/wildcatcampers.eu\/wildcat-campers-faq\/","name":"Wildcat Campers bie\u017ei uzdotie jaut\u0101jumi","isPartOf":{"@id":"https:\/\/wildcatcampers.eu\/#website"},"datePublished":"2025-05-04T14:00:00+00:00","dateModified":"2025-11-24T10:11:56+00:00","description":"Iepaz\u012bstieties ar Wildcat Campers bie\u017ei uzdoto jaut\u0101jumu sada\u013cu, lai \u0101tri ieg\u016btu atbildes par m\u016bsu kemperiem, to funkcij\u0101m, cen\u0101m, pieg\u0101di un atbalstu.","breadcrumb":{"@id":"https:\/\/wildcatcampers.eu\/wildcat-campers-faq\/#breadcrumb"},"inLanguage":"lv-LV","potentialAction":[{"@type":"ReadAction","target":["https:\/\/wildcatcampers.eu\/wildcat-campers-faq\/"]}]},{"@type":"BreadcrumbList","@id":"https:\/\/wildcatcampers.eu\/wildcat-campers-faq\/#breadcrumb","itemListElement":[{"@type":"ListItem","position":1,"name":"Home","item":"https:\/\/wildcatcampers.eu\/"},{"@type":"ListItem","position":2,"name":"FAQ"}]},{"@type":"WebSite","@id":"https:\/\/wildcatcampers.eu\/#website","url":"https:\/\/wildcatcampers.eu\/","name":"Savva\u013cas ka\u0137u kempingi","description":"Kad piedz\u012bvojums satiekas ar komfortu","publisher":{"@id":"https:\/\/wildcatcampers.eu\/#organization"},"potentialAction":[{"@type":"SearchAction","target":{"@type":"EntryPoint","urlTemplate":"https:\/\/wildcatcampers.eu\/?s={search_term_string}"},"query-input":{"@type":"PropertyValueSpecification","valueRequired":true,"valueName":"search_term_string"}}],"inLanguage":"lv-LV"},{"@type":"Organization","@id":"https:\/\/wildcatcampers.eu\/#organization","name":"Savva\u013cas ka\u0137u kempingi","url":"https:\/\/wildcatcampers.eu\/","logo":{"@type":"ImageObject","inLanguage":"lv-LV","@id":"https:\/\/wildcatcampers.eu\/#\/schema\/logo\/image\/","url":"https:\/\/wildcatcampers.eu\/wp-content\/uploads\/2025\/04\/WildCat_Wheel-1.png","contentUrl":"https:\/\/wildcatcampers.eu\/wp-content\/uploads\/2025\/04\/WildCat_Wheel-1.png","width":1520,"height":1586,"caption":"Wild Cat Campers"},"image":{"@id":"https:\/\/wildcatcampers.eu\/#\/schema\/logo\/image\/"}}]}},"_links":{"self":[{"href":"https:\/\/wildcatcampers.eu\/lv\/wp-json\/wp\/v2\/pages\/24336","targetHints":{"allow":["GET"]}}],"collection":[{"href":"https:\/\/wildcatcampers.eu\/lv\/wp-json\/wp\/v2\/pages"}],"about":[{"href":"https:\/\/wildcatcampers.eu\/lv\/wp-json\/wp\/v2\/types\/page"}],"author":[{"embeddable":true,"href":"https:\/\/wildcatcampers.eu\/lv\/wp-json\/wp\/v2\/users\/1"}],"replies":[{"embeddable":true,"href":"https:\/\/wildcatcampers.eu\/lv\/wp-json\/wp\/v2\/comments?post=24336"}],"version-history":[{"count":1,"href":"https:\/\/wildcatcampers.eu\/lv\/wp-json\/wp\/v2\/pages\/24336\/revisions"}],"predecessor-version":[{"id":25472,"href":"https:\/\/wildcatcampers.eu\/lv\/wp-json\/wp\/v2\/pages\/24336\/revisions\/25472"}],"wp:attachment":[{"href":"https:\/\/wildcatcampers.eu\/lv\/wp-json\/wp\/v2\/media?parent=24336"}],"curies":[{"name":"wp","href":"https:\/\/api.w.org\/{rel}","templated":true}]}}