{"id":24032,"date":"2025-04-15T08:25:17","date_gmt":"2025-04-15T07:25:17","guid":{"rendered":"https:\/\/wildcatcampers.eu\/?page_id=24032"},"modified":"2026-01-30T11:26:00","modified_gmt":"2026-01-30T11:26:00","slug":"wildcat-campers-history","status":"publish","type":"page","link":"https:\/\/wildcatcampers.eu\/lv\/wildcat-campers-history\/","title":{"rendered":"Par mums"},"content":{"rendered":"<div data-elementor-type=\"wp-page\" data-elementor-id=\"24032\" class=\"elementor elementor-24032\" data-elementor-post-type=\"page\">\n\t\t\t\t<div class=\"elementor-element elementor-element-d77a79b e-flex e-con-boxed e-con e-parent\" data-id=\"d77a79b\" data-element_type=\"container\" data-e-type=\"container\">\n\t\t\t\t\t<div class=\"e-con-inner\">\n\t\t\t\t<div class=\"elementor-element elementor-element-a96ce62 elementor-widget elementor-widget-heading\" data-id=\"a96ce62\" data-element_type=\"widget\" data-e-type=\"widget\" data-widget_type=\"heading.default\">\n\t\t\t\t\t<h2 class=\"elementor-heading-title elementor-size-default\">K\u0101 tika rad\u012bti Wildcat kemperi<\/h2>\t\t\t\t<\/div>\n\t\t\t\t<div class=\"elementor-element elementor-element-d7b7f76 elementor-widget elementor-widget-text-editor\" data-id=\"d7b7f76\" data-element_type=\"widget\" data-e-type=\"widget\" data-widget_type=\"text-editor.default\">\n\t\t\t\t\t\t\t\t\t<p class=\"s6\"><span class=\"s3\">Pa\u0161reiz\u0113j\u0101 veidol\u0101 Wildcat rad\u0101s, sadarbojoties div\u0101m komand\u0101m, kuras p\u0101rzin\u0101ja kemperu pasauli no galvas l\u012bdz k\u0101j\u0101m.<\/span><\/p><p class=\"s6\"><span class=\"s3\">2024. gad\u0101<\/span><span class=\"s3\"> m\u016bsu apvienot\u0101 komanda s\u0101ka <\/span><span class=\"s3\">rad\u012bts<\/span><span class=\"s3\">e <\/span><span class=\"s3\">Wildcat Camper<\/span><span class=\"s3\">.<\/span><span class=\"s3\"><br \/><\/span><span class=\"s3\">Tas pras\u012bja laiku, paciet\u012bbu, cent\u012bbu un nopietnus ieguld\u012bjumus<\/span><span class=\"s3\">, un<\/span><span class=\"s3\">katrs solis bija svar\u012bgs.<\/span><\/p><p class=\"s6\"><span class=\"s3\">M\u016bsu m\u0113r\u0137is bija skaidrs: rad\u012bt piekabi, kas nekad netek, j\u016btas k\u0101 m\u0101j\u0101s jebkuros laikapst\u0101k\u013cos un izce\u013cas ar viedu piel\u0101go\u0161anas iesp\u0113ju un at\u0161\u0137ir\u012bgu dizainu.<\/span><\/p><p class=\"s6\"><span class=\"s3\">Un m\u0113s to pan\u0101c\u0101m.<\/span><\/p>\t\t\t\t\t\t\t\t<\/div>\n\t\t\t\t<div class=\"elementor-element elementor-element-13009e1 elementor-widget elementor-widget-image\" data-id=\"13009e1\" data-element_type=\"widget\" data-e-type=\"widget\" data-widget_type=\"image.default\">\n\t\t\t\t\t\t\t\t\t\t\t\t\t\t\t<img fetchpriority=\"high\" decoding=\"async\" width=\"580\" height=\"414\" src=\"https:\/\/wildcatcampers.eu\/wp-content\/uploads\/2025\/12\/Screenshot-2025-12-17-12.45.05.jpg\" class=\"attachment-large size-large wp-image-25709\" alt=\"\" srcset=\"https:\/\/wildcatcampers.eu\/wp-content\/uploads\/2025\/12\/Screenshot-2025-12-17-12.45.05.jpg 822w, https:\/\/wildcatcampers.eu\/wp-content\/uploads\/2025\/12\/Screenshot-2025-12-17-12.45.05-300x214.jpg 300w, https:\/\/wildcatcampers.eu\/wp-content\/uploads\/2025\/12\/Screenshot-2025-12-17-12.45.05-768x548.jpg 768w, https:\/\/wildcatcampers.eu\/wp-content\/uploads\/2025\/12\/Screenshot-2025-12-17-12.45.05-18x12.jpg 18w, https:\/\/wildcatcampers.eu\/wp-content\/uploads\/2025\/12\/Screenshot-2025-12-17-12.45.05-600x428.jpg 600w\" sizes=\"(max-width: 580px) 100vw, 580px\" \/>\t\t\t\t\t\t\t\t\t\t\t\t\t\t\t<\/div>\n\t\t\t\t\t<\/div>\n\t\t\t\t<\/div>\n\t\t<div class=\"elementor-element elementor-element-c333305 e-flex e-con-boxed e-con e-parent\" data-id=\"c333305\" data-element_type=\"container\" data-e-type=\"container\">\n\t\t\t\t\t<div class=\"e-con-inner\">\n\t\t\t\t<div class=\"elementor-element elementor-element-f0dd460 elementor-widget elementor-widget-heading\" data-id=\"f0dd460\" data-element_type=\"widget\" data-e-type=\"widget\" data-widget_type=\"heading.default\">\n\t\t\t\t\t<h2 class=\"elementor-heading-title elementor-size-default\">No skices l\u012bdz CoC sertific\u0113tam treilerim<\/h2>\t\t\t\t<\/div>\n\t\t\t\t<div class=\"elementor-element elementor-element-908f6b2 elementor-widget elementor-widget-text-editor\" data-id=\"908f6b2\" data-element_type=\"widget\" data-e-type=\"widget\" data-widget_type=\"text-editor.default\">\n\t\t\t\t\t\t\t\t\t<p class=\"s6\"><span class=\"s3\">Me\u017eon\u012bgais ka\u0137is nepar\u0101d\u012bj\u0101s vienas nakts laik\u0101.<\/span><span class=\"s3\"><br \/><\/span><span class=\"s3\">Tas att\u012bst\u012bj\u0101s no agr\u012bn\u0101m skic\u0113m un in\u017eeniertehnisk\u0101m diskusij\u0101m l\u012bdz materi\u0101lu test\u0113\u0161anai, spiediena testiem un konstrukcijas uzlabojumiem.<\/span><span class=\"s3\">,<\/span><span class=\"s3\"> l\u012bdz pat piln\u012bb\u0101 ES sertific\u0113tai (CoC) piekabei, kas ir gatava re\u0123istr\u0101cijai vis\u0101 Eirop\u0101.<\/span><\/p><p class=\"s6\"><span class=\"s3\">Katra deta\u013ca bija p\u0101rdom\u0101ta, dom\u0101jot par re\u0101liem ce\u013cojumiem.<\/span><\/p>\t\t\t\t\t\t\t\t<\/div>\n\t\t\t\t<div class=\"elementor-element elementor-element-2bf45a7 elementor-widget elementor-widget-image\" data-id=\"2bf45a7\" data-element_type=\"widget\" data-e-type=\"widget\" data-widget_type=\"image.default\">\n\t\t\t\t\t\t\t\t\t\t\t\t\t\t\t<img decoding=\"async\" width=\"580\" height=\"385\" src=\"https:\/\/wildcatcampers.eu\/wp-content\/uploads\/2025\/12\/Screenshot-2025-12-17-12.51.47.jpg\" class=\"attachment-large size-large wp-image-25710\" alt=\"Wildcat Campers p\u0101rveidots mini kemperis p\u0113c pas\u016bt\u012bjuma\" srcset=\"https:\/\/wildcatcampers.eu\/wp-content\/uploads\/2025\/12\/Screenshot-2025-12-17-12.51.47.jpg 820w, https:\/\/wildcatcampers.eu\/wp-content\/uploads\/2025\/12\/Screenshot-2025-12-17-12.51.47-300x199.jpg 300w, https:\/\/wildcatcampers.eu\/wp-content\/uploads\/2025\/12\/Screenshot-2025-12-17-12.51.47-768x510.jpg 768w, https:\/\/wildcatcampers.eu\/wp-content\/uploads\/2025\/12\/Screenshot-2025-12-17-12.51.47-18x12.jpg 18w, https:\/\/wildcatcampers.eu\/wp-content\/uploads\/2025\/12\/Screenshot-2025-12-17-12.51.47-600x399.jpg 600w\" sizes=\"(max-width: 580px) 100vw, 580px\" \/>\t\t\t\t\t\t\t\t\t\t\t\t\t\t\t<\/div>\n\t\t\t\t\t<\/div>\n\t\t\t\t<\/div>\n\t\t<div class=\"elementor-element elementor-element-6c943fa e-flex e-con-boxed e-con e-parent\" data-id=\"6c943fa\" data-element_type=\"container\" data-e-type=\"container\">\n\t\t\t\t\t<div class=\"e-con-inner\">\n\t\t\t\t<div class=\"elementor-element elementor-element-54f9799 elementor-widget elementor-widget-heading\" data-id=\"54f9799\" data-element_type=\"widget\" data-e-type=\"widget\" data-widget_type=\"heading.default\">\n\t\t\t\t\t<h2 class=\"elementor-heading-title elementor-size-default\">Ien\u0101k\u0161ana tirg\u016b<\/h2>\t\t\t\t<\/div>\n\t\t\t\t<div class=\"elementor-element elementor-element-2cef48a elementor-widget elementor-widget-text-editor\" data-id=\"2cef48a\" data-element_type=\"widget\" data-e-type=\"widget\" data-widget_type=\"text-editor.default\">\n\t\t\t\t\t\t\t\t\t<p class=\"s6\"><span class=\"s3\">2025. gada j\u016bnij\u0101 m\u0113s izlaid\u0101m savu pa\u0161u pirmo prototipu.<\/span><span class=\"s3\"><br \/><\/span><span class=\"s3\">M\u0113s<\/span> t<span class=\"s3\">p\u0101rbaud\u012bju to, pab\u012bd\u012bju, p\u0101rbaud\u012bju katru deta\u013cu<\/span><span class=\"s3\">\u2026<\/span><span class=\"s3\">un m\u0113s bij\u0101m patiesi apmierin\u0101ti ar rezult\u0101tu.<\/span><\/p><p class=\"s6\"><span class=\"s3\">Reakcija<\/span><span class=\"s3\"> tirgus<\/span><span class=\"s3\"> bija t\u016bl\u012bt\u0113js.<\/span><span class=\"s3\"><br \/><\/span><span class=\"s3\">Piekabe \u0101tri piesaist\u012bja uzman\u012bbu, un 2025. gada vasar\u0101 t\u0101 k\u013cuva \u013coti popul\u0101ra nomas nol\u016bkos vis\u0101 Latvij\u0101. Dr\u012bz p\u0113c tam par\u0101d\u012bj\u0101s ar\u012b m\u016bsu pirmie priv\u0101tie klienti.<\/span><\/p><p class=\"s6\"><span class=\"s3\">Wildcat pier\u0101d\u012bja<\/span><span class=\"s3\"> ka<\/span><span class=\"s3\"> tas nebija tikai stil\u012bgi, <\/span><span class=\"s3\">bet<\/span><span class=\"s3\"> tas darboj\u0101s.<\/span><\/p><p class=\"s6\">\u00a0<\/p>\t\t\t\t\t\t\t\t<\/div>\n\t\t\t\t<div class=\"elementor-element elementor-element-aece617 elementor-widget elementor-widget-image\" data-id=\"aece617\" data-element_type=\"widget\" data-e-type=\"widget\" data-widget_type=\"image.default\">\n\t\t\t\t\t\t\t\t\t\t\t\t\t\t\t<img decoding=\"async\" width=\"500\" height=\"368\" src=\"https:\/\/wildcatcampers.eu\/wp-content\/uploads\/2025\/12\/Screenshot-2025-12-17-12.56.57-500x368.jpg\" class=\"attachment-kamper-500-500 size-kamper-500-500 wp-image-25711\" alt=\"\" srcset=\"https:\/\/wildcatcampers.eu\/wp-content\/uploads\/2025\/12\/Screenshot-2025-12-17-12.56.57-500x368.jpg 500w, https:\/\/wildcatcampers.eu\/wp-content\/uploads\/2025\/12\/Screenshot-2025-12-17-12.56.57-18x12.jpg 18w\" sizes=\"(max-width: 500px) 100vw, 500px\" \/>\t\t\t\t\t\t\t\t\t\t\t\t\t\t\t<\/div>\n\t\t\t\t\t<\/div>\n\t\t\t\t<\/div>\n\t\t<div class=\"elementor-element elementor-element-8d1ccca e-flex e-con-boxed e-con e-parent\" data-id=\"8d1ccca\" data-element_type=\"container\" data-e-type=\"container\">\n\t\t\t\t\t<div class=\"e-con-inner\">\n\t\t\t\t<div class=\"elementor-element elementor-element-6437c3b elementor-widget elementor-widget-heading\" data-id=\"6437c3b\" data-element_type=\"widget\" data-e-type=\"widget\" data-widget_type=\"heading.default\">\n\t\t\t\t\t<h2 class=\"elementor-heading-title elementor-size-default\">Izst\u0101des<\/h2>\t\t\t\t<\/div>\n\t\t\t\t<div class=\"elementor-element elementor-element-a823863 elementor-widget elementor-widget-text-editor\" data-id=\"a823863\" data-element_type=\"widget\" data-e-type=\"widget\" data-widget_type=\"text-editor.default\">\n\t\t\t\t\t\t\t\t\t<p class=\"s6\"><span class=\"s4\">Elmia 2025, Zviedrija<\/span><span class=\"s3\">\u00a0<\/span><span class=\"s3\">k\u013cuva par m\u016bsu pirmo lielo izst\u0101di \u2014 un lielu pagrieziena punktu z\u012bmolam.<\/span><\/p><p class=\"s6\"><span class=\"s3\">Atsauc\u012bba p\u0101rsniedza cer\u012bbas: liela interese, \u012bstas sarunas, iepriek\u0161pas\u016bt\u012bjumi\u2026 un j\u0101, m\u0113s p\u0101rdev\u0101m piekabi tie\u0161i no izst\u0101des stenda.<\/span><\/p><p class=\"s6\"><span class=\"s3\">Tas bija skaidrs sign\u0101ls, ka Wildcat asaras formas kemperis ir atradis savu auditoriju.<\/span><\/p><p class=\"s11\">\u00a0<\/p>\t\t\t\t\t\t\t\t<\/div>\n\t\t\t\t<div class=\"elementor-element elementor-element-c728cac elementor-widget elementor-widget-image\" data-id=\"c728cac\" data-element_type=\"widget\" data-e-type=\"widget\" data-widget_type=\"image.default\">\n\t\t\t\t\t\t\t\t\t\t\t\t\t\t\t<img loading=\"lazy\" decoding=\"async\" width=\"500\" height=\"500\" src=\"https:\/\/wildcatcampers.eu\/wp-content\/uploads\/2025\/12\/Screenshot-2025-12-17-13.08.32-500x500.jpg\" class=\"attachment-kamper-500-500 size-kamper-500-500 wp-image-25712\" alt=\"\" srcset=\"https:\/\/wildcatcampers.eu\/wp-content\/uploads\/2025\/12\/Screenshot-2025-12-17-13.08.32-500x500.jpg 500w, https:\/\/wildcatcampers.eu\/wp-content\/uploads\/2025\/12\/Screenshot-2025-12-17-13.08.32-150x150.jpg 150w, https:\/\/wildcatcampers.eu\/wp-content\/uploads\/2025\/12\/Screenshot-2025-12-17-13.08.32-300x300.jpg 300w\" sizes=\"(max-width: 500px) 100vw, 500px\" \/>\t\t\t\t\t\t\t\t\t\t\t\t\t\t\t<\/div>\n\t\t\t\t\t<\/div>\n\t\t\t\t<\/div>\n\t\t<div class=\"elementor-element elementor-element-56465fc e-flex e-con-boxed e-con e-parent\" data-id=\"56465fc\" data-element_type=\"container\" data-e-type=\"container\">\n\t\t\t\t\t<div class=\"e-con-inner\">\n\t\t\t\t<div class=\"elementor-element elementor-element-063030a elementor-widget elementor-widget-heading\" data-id=\"063030a\" data-element_type=\"widget\" data-e-type=\"widget\" data-widget_type=\"heading.default\">\n\t\t\t\t\t<h2 class=\"elementor-heading-title elementor-size-default\">Partneri<\/h2>\t\t\t\t<\/div>\n\t\t\t\t<div class=\"elementor-element elementor-element-fbcd82c elementor-widget elementor-widget-text-editor\" data-id=\"fbcd82c\" data-element_type=\"widget\" data-e-type=\"widget\" data-widget_type=\"text-editor.default\">\n\t\t\t\t\t\t\t\t\t<p class=\"s6\"><span class=\"s3\">2025. gada decembr\u012b m\u0113s uzs\u0101k\u0101m sadarb\u012bbu ar m\u016bsu pirmajiem ofici\u0101lajiem d\u012bleriem Be\u013c\u0123ij\u0101 un V\u0101cij\u0101.<\/span><span class=\"s3\"><br \/><\/span><span class=\"s3\">\u0160\u012b st\u0101sta rakst\u012b\u0161anas br\u012bd\u012b m\u0113s jau risin\u0101m sarunas ar v\u0113l vair\u0101kiem uz\u0146\u0113mumiem, kas ir ieinteres\u0113ti k\u013c\u016bt par ofici\u0101lajiem Wildcat izplat\u012bt\u0101jiem cit\u0101s Eiropas valst\u012bs.<\/span><\/p>\t\t\t\t\t\t\t\t<\/div>\n\t\t\t\t<div class=\"elementor-element elementor-element-5e9e28b elementor-widget elementor-widget-image\" data-id=\"5e9e28b\" data-element_type=\"widget\" data-e-type=\"widget\" data-widget_type=\"image.default\">\n\t\t\t\t\t\t\t\t\t\t\t\t\t\t\t<img loading=\"lazy\" decoding=\"async\" width=\"580\" height=\"387\" src=\"https:\/\/wildcatcampers.eu\/wp-content\/uploads\/2025\/11\/WildCat_DNAMotions-57-768x512.jpg\" class=\"attachment-medium_large size-medium_large wp-image-25524\" alt=\"\" srcset=\"https:\/\/wildcatcampers.eu\/wp-content\/uploads\/2025\/11\/WildCat_DNAMotions-57-768x512.jpg 768w, https:\/\/wildcatcampers.eu\/wp-content\/uploads\/2025\/11\/WildCat_DNAMotions-57-300x200.jpg 300w, https:\/\/wildcatcampers.eu\/wp-content\/uploads\/2025\/11\/WildCat_DNAMotions-57-1024x683.jpg 1024w, https:\/\/wildcatcampers.eu\/wp-content\/uploads\/2025\/11\/WildCat_DNAMotions-57-1536x1024.jpg 1536w, https:\/\/wildcatcampers.eu\/wp-content\/uploads\/2025\/11\/WildCat_DNAMotions-57-2048x1366.jpg 2048w, https:\/\/wildcatcampers.eu\/wp-content\/uploads\/2025\/11\/WildCat_DNAMotions-57-600x400.jpg 600w\" sizes=\"(max-width: 580px) 100vw, 580px\" \/>\t\t\t\t\t\t\t\t\t\t\t\t\t\t\t<\/div>\n\t\t\t\t\t<\/div>\n\t\t\t\t<\/div>\n\t\t<div class=\"elementor-element elementor-element-cdc6691 e-flex e-con-boxed e-con e-parent\" data-id=\"cdc6691\" data-element_type=\"container\" data-e-type=\"container\">\n\t\t\t\t\t<div class=\"e-con-inner\">\n\t\t\t\t<div class=\"elementor-element elementor-element-b8f0a89 elementor-widget elementor-widget-heading\" data-id=\"b8f0a89\" data-element_type=\"widget\" data-e-type=\"widget\" data-widget_type=\"heading.default\">\n\t\t\t\t\t<h2 class=\"elementor-heading-title elementor-size-default\">Virz\u012bba uz priek\u0161u<\/h2>\t\t\t\t<\/div>\n\t\t\t\t<div class=\"elementor-element elementor-element-ea6576e elementor-widget elementor-widget-text-editor\" data-id=\"ea6576e\" data-element_type=\"widget\" data-e-type=\"widget\" data-widget_type=\"text-editor.default\">\n\t\t\t\t\t\t\t\t\t<p class=\"s6\"><span class=\"s17\"><span class=\"bumpedFont15\">M\u0113s turpin\u0101m augt soli pa solim, uzman\u012bgi, p\u0101rliecino\u0161i un ar aizraut\u012bbu.<\/span><\/span><span class=\"s3\"><br \/><\/span><span class=\"s17\"><span class=\"bumpedFont15\">Un m\u0113s sirsn\u012bgi aicin\u0101m j\u016bs k\u013c\u016bt par Wildcat \u0123imenes da\u013cu.<\/span><\/span><span class=\"s3\"><br \/><\/span><span class=\"s17\"><span class=\"bumpedFont15\">Jo Wildcat nav tikai kemperis.<\/span><\/span><span class=\"s3\"><br \/><\/span><span class=\"s17\"><span class=\"bumpedFont15\">Tas ir veids, k\u0101 ce\u013cot, dz\u012bvot un justies br\u012bvi bez kompromisiem.<\/span><\/span><\/p><p class=\"s6\">\u00a0<\/p>\t\t\t\t\t\t\t\t<\/div>\n\t\t\t\t<div class=\"elementor-element elementor-element-193c7de elementor-widget elementor-widget-image\" data-id=\"193c7de\" data-element_type=\"widget\" data-e-type=\"widget\" data-widget_type=\"image.default\">\n\t\t\t\t\t\t\t\t\t\t\t\t\t\t\t<img loading=\"lazy\" decoding=\"async\" width=\"580\" height=\"435\" src=\"https:\/\/wildcatcampers.eu\/wp-content\/uploads\/2025\/12\/thumb_show-1024x768.jpeg\" class=\"attachment-large size-large wp-image-25604\" alt=\"Wildcat Campers p\u0101rveidots mini kemperis p\u0113c pas\u016bt\u012bjuma\" srcset=\"https:\/\/wildcatcampers.eu\/wp-content\/uploads\/2025\/12\/thumb_show-1024x768.jpeg 1024w, https:\/\/wildcatcampers.eu\/wp-content\/uploads\/2025\/12\/thumb_show-300x225.jpeg 300w, https:\/\/wildcatcampers.eu\/wp-content\/uploads\/2025\/12\/thumb_show-768x576.jpeg 768w, https:\/\/wildcatcampers.eu\/wp-content\/uploads\/2025\/12\/thumb_show-16x12.jpeg 16w, https:\/\/wildcatcampers.eu\/wp-content\/uploads\/2025\/12\/thumb_show-600x450.jpeg 600w, https:\/\/wildcatcampers.eu\/wp-content\/uploads\/2025\/12\/thumb_show.jpeg 1500w\" sizes=\"(max-width: 580px) 100vw, 580px\" \/>\t\t\t\t\t\t\t\t\t\t\t\t\t\t\t<\/div>\n\t\t\t\t\t<\/div>\n\t\t\t\t<\/div>\n\t\t\t\t<\/div>","protected":false},"excerpt":{"rendered":"<p>How Wildcat Campers Were Created In its current form, Wildcat was born from the collaboration of two teams who knew the camper world from the inside out. In 2024 our joined team started to create the Wildcat Camper.It took time, patience, dedication, and serious investment, andevery step mattered. Our goal was clear: to create a&hellip; <a class=\"more-link\" href=\"https:\/\/wildcatcampers.eu\/lv\/wildcat-campers-history\/\">Turpin\u0101t las\u012bt <span class=\"screen-reader-text\">Par mums<\/span><\/a><\/p>","protected":false},"author":1,"featured_media":0,"parent":0,"menu_order":0,"comment_status":"closed","ping_status":"closed","template":"","meta":{"footnotes":""},"class_list":["post-24032","page","type-page","status-publish","hentry","layout-1","product-add-to-cart-ajax"],"yoast_head":"<!-- This site is optimized with the Yoast SEO Premium plugin v25.2 (Yoast SEO v27.3) - https:\/\/yoast.com\/product\/yoast-seo-premium-wordpress\/ -->\n<title>Discover the History of Wildcat Campers.<\/title>\n<meta name=\"description\" content=\"Discover the History of Wildcat Campers. From first idea to building premium adventure campers trusted by customers across Europe.\" \/>\n<meta name=\"robots\" content=\"index, follow, max-snippet:-1, max-image-preview:large, max-video-preview:-1\" \/>\n<link rel=\"canonical\" href=\"https:\/\/wildcatcampers.eu\/lv\/wildcat-campers-history\/\" \/>\n<meta property=\"og:locale\" content=\"lv_LV\" \/>\n<meta property=\"og:type\" content=\"article\" \/>\n<meta property=\"og:title\" content=\"About Us\" \/>\n<meta property=\"og:description\" content=\"Discover the History of Wildcat Campers. From first idea to building premium adventure campers trusted by customers across Europe.\" \/>\n<meta property=\"og:url\" content=\"https:\/\/wildcatcampers.eu\/lv\/wildcat-campers-history\/\" \/>\n<meta property=\"og:site_name\" content=\"Wildcat Campers\" \/>\n<meta property=\"article:modified_time\" content=\"2026-01-30T11:26:00+00:00\" \/>\n<meta property=\"og:image\" content=\"https:\/\/wildcatcampers.eu\/wp-content\/uploads\/2025\/12\/Screenshot-2025-12-17-12.45.05.jpg\" \/>\n<meta name=\"twitter:card\" content=\"summary_large_image\" \/>\n<meta name=\"twitter:label1\" content=\"Est. reading time\" \/>\n\t<meta name=\"twitter:data1\" content=\"3 min\u016btes\" \/>\n<script type=\"application\/ld+json\" class=\"yoast-schema-graph\">{\"@context\":\"https:\\\/\\\/schema.org\",\"@graph\":[{\"@type\":\"WebPage\",\"@id\":\"https:\\\/\\\/wildcatcampers.eu\\\/wildcat-campers-history\\\/\",\"url\":\"https:\\\/\\\/wildcatcampers.eu\\\/wildcat-campers-history\\\/\",\"name\":\"Discover the History of Wildcat Campers.\",\"isPartOf\":{\"@id\":\"https:\\\/\\\/wildcatcampers.eu\\\/#website\"},\"primaryImageOfPage\":{\"@id\":\"https:\\\/\\\/wildcatcampers.eu\\\/wildcat-campers-history\\\/#primaryimage\"},\"image\":{\"@id\":\"https:\\\/\\\/wildcatcampers.eu\\\/wildcat-campers-history\\\/#primaryimage\"},\"thumbnailUrl\":\"https:\\\/\\\/wildcatcampers.eu\\\/wp-content\\\/uploads\\\/2025\\\/12\\\/Screenshot-2025-12-17-12.45.05.jpg\",\"datePublished\":\"2025-04-15T07:25:17+00:00\",\"dateModified\":\"2026-01-30T11:26:00+00:00\",\"description\":\"Discover the History of Wildcat Campers. From first idea to building premium adventure campers trusted by customers across Europe.\",\"breadcrumb\":{\"@id\":\"https:\\\/\\\/wildcatcampers.eu\\\/wildcat-campers-history\\\/#breadcrumb\"},\"inLanguage\":\"lv-LV\",\"potentialAction\":[{\"@type\":\"ReadAction\",\"target\":[\"https:\\\/\\\/wildcatcampers.eu\\\/wildcat-campers-history\\\/\"]}]},{\"@type\":\"ImageObject\",\"inLanguage\":\"lv-LV\",\"@id\":\"https:\\\/\\\/wildcatcampers.eu\\\/wildcat-campers-history\\\/#primaryimage\",\"url\":\"https:\\\/\\\/wildcatcampers.eu\\\/wp-content\\\/uploads\\\/2025\\\/12\\\/Screenshot-2025-12-17-12.45.05.jpg\",\"contentUrl\":\"https:\\\/\\\/wildcatcampers.eu\\\/wp-content\\\/uploads\\\/2025\\\/12\\\/Screenshot-2025-12-17-12.45.05.jpg\"},{\"@type\":\"BreadcrumbList\",\"@id\":\"https:\\\/\\\/wildcatcampers.eu\\\/wildcat-campers-history\\\/#breadcrumb\",\"itemListElement\":[{\"@type\":\"ListItem\",\"position\":1,\"name\":\"Home\",\"item\":\"https:\\\/\\\/wildcatcampers.eu\\\/\"},{\"@type\":\"ListItem\",\"position\":2,\"name\":\"About Us\"}]},{\"@type\":\"WebSite\",\"@id\":\"https:\\\/\\\/wildcatcampers.eu\\\/#website\",\"url\":\"https:\\\/\\\/wildcatcampers.eu\\\/\",\"name\":\"Wild Cat Campers\",\"description\":\"When Adventure Meets Comfort\",\"publisher\":{\"@id\":\"https:\\\/\\\/wildcatcampers.eu\\\/#organization\"},\"potentialAction\":[{\"@type\":\"SearchAction\",\"target\":{\"@type\":\"EntryPoint\",\"urlTemplate\":\"https:\\\/\\\/wildcatcampers.eu\\\/?s={search_term_string}\"},\"query-input\":{\"@type\":\"PropertyValueSpecification\",\"valueRequired\":true,\"valueName\":\"search_term_string\"}}],\"inLanguage\":\"lv-LV\"},{\"@type\":\"Organization\",\"@id\":\"https:\\\/\\\/wildcatcampers.eu\\\/#organization\",\"name\":\"Wild Cat Campers\",\"url\":\"https:\\\/\\\/wildcatcampers.eu\\\/\",\"logo\":{\"@type\":\"ImageObject\",\"inLanguage\":\"lv-LV\",\"@id\":\"https:\\\/\\\/wildcatcampers.eu\\\/#\\\/schema\\\/logo\\\/image\\\/\",\"url\":\"https:\\\/\\\/wildcatcampers.eu\\\/wp-content\\\/uploads\\\/2025\\\/04\\\/WildCat_Wheel-1.png\",\"contentUrl\":\"https:\\\/\\\/wildcatcampers.eu\\\/wp-content\\\/uploads\\\/2025\\\/04\\\/WildCat_Wheel-1.png\",\"width\":1520,\"height\":1586,\"caption\":\"Wild Cat Campers\"},\"image\":{\"@id\":\"https:\\\/\\\/wildcatcampers.eu\\\/#\\\/schema\\\/logo\\\/image\\\/\"}}]}<\/script>\n<!-- \/ Yoast SEO Premium plugin. -->","yoast_head_json":{"title":"Atkl\u0101jiet Wildcat kempinga v\u0113sturi.","description":"Atkl\u0101jiet Wildcat kemperu v\u0113sturi. No pirm\u0101s idejas l\u012bdz augst\u0101k\u0101s klases piedz\u012bvojumu kemperu b\u016bvniec\u012bbai, kuriem uzticas klienti vis\u0101 Eirop\u0101.","robots":{"index":"index","follow":"follow","max-snippet":"max-snippet:-1","max-image-preview":"max-image-preview:large","max-video-preview":"max-video-preview:-1"},"canonical":"https:\/\/wildcatcampers.eu\/lv\/wildcat-campers-history\/","og_locale":"lv_LV","og_type":"article","og_title":"About Us","og_description":"Discover the History of Wildcat Campers. From first idea to building premium adventure campers trusted by customers across Europe.","og_url":"https:\/\/wildcatcampers.eu\/lv\/wildcat-campers-history\/","og_site_name":"Wildcat Campers","article_modified_time":"2026-01-30T11:26:00+00:00","og_image":[{"url":"https:\/\/wildcatcampers.eu\/wp-content\/uploads\/2025\/12\/Screenshot-2025-12-17-12.45.05.jpg","type":"","width":"","height":""}],"twitter_card":"summary_large_image","twitter_misc":{"Est. reading time":"3 min\u016btes"},"schema":{"@context":"https:\/\/schema.org","@graph":[{"@type":"WebPage","@id":"https:\/\/wildcatcampers.eu\/wildcat-campers-history\/","url":"https:\/\/wildcatcampers.eu\/wildcat-campers-history\/","name":"Atkl\u0101jiet Wildcat kempinga v\u0113sturi.","isPartOf":{"@id":"https:\/\/wildcatcampers.eu\/#website"},"primaryImageOfPage":{"@id":"https:\/\/wildcatcampers.eu\/wildcat-campers-history\/#primaryimage"},"image":{"@id":"https:\/\/wildcatcampers.eu\/wildcat-campers-history\/#primaryimage"},"thumbnailUrl":"https:\/\/wildcatcampers.eu\/wp-content\/uploads\/2025\/12\/Screenshot-2025-12-17-12.45.05.jpg","datePublished":"2025-04-15T07:25:17+00:00","dateModified":"2026-01-30T11:26:00+00:00","description":"Atkl\u0101jiet Wildcat kemperu v\u0113sturi. No pirm\u0101s idejas l\u012bdz augst\u0101k\u0101s klases piedz\u012bvojumu kemperu b\u016bvniec\u012bbai, kuriem uzticas klienti vis\u0101 Eirop\u0101.","breadcrumb":{"@id":"https:\/\/wildcatcampers.eu\/wildcat-campers-history\/#breadcrumb"},"inLanguage":"lv-LV","potentialAction":[{"@type":"ReadAction","target":["https:\/\/wildcatcampers.eu\/wildcat-campers-history\/"]}]},{"@type":"ImageObject","inLanguage":"lv-LV","@id":"https:\/\/wildcatcampers.eu\/wildcat-campers-history\/#primaryimage","url":"https:\/\/wildcatcampers.eu\/wp-content\/uploads\/2025\/12\/Screenshot-2025-12-17-12.45.05.jpg","contentUrl":"https:\/\/wildcatcampers.eu\/wp-content\/uploads\/2025\/12\/Screenshot-2025-12-17-12.45.05.jpg"},{"@type":"BreadcrumbList","@id":"https:\/\/wildcatcampers.eu\/wildcat-campers-history\/#breadcrumb","itemListElement":[{"@type":"ListItem","position":1,"name":"Home","item":"https:\/\/wildcatcampers.eu\/"},{"@type":"ListItem","position":2,"name":"About Us"}]},{"@type":"WebSite","@id":"https:\/\/wildcatcampers.eu\/#website","url":"https:\/\/wildcatcampers.eu\/","name":"Savva\u013cas ka\u0137u kempingi","description":"Kad piedz\u012bvojums satiekas ar komfortu","publisher":{"@id":"https:\/\/wildcatcampers.eu\/#organization"},"potentialAction":[{"@type":"SearchAction","target":{"@type":"EntryPoint","urlTemplate":"https:\/\/wildcatcampers.eu\/?s={search_term_string}"},"query-input":{"@type":"PropertyValueSpecification","valueRequired":true,"valueName":"search_term_string"}}],"inLanguage":"lv-LV"},{"@type":"Organization","@id":"https:\/\/wildcatcampers.eu\/#organization","name":"Savva\u013cas ka\u0137u kempingi","url":"https:\/\/wildcatcampers.eu\/","logo":{"@type":"ImageObject","inLanguage":"lv-LV","@id":"https:\/\/wildcatcampers.eu\/#\/schema\/logo\/image\/","url":"https:\/\/wildcatcampers.eu\/wp-content\/uploads\/2025\/04\/WildCat_Wheel-1.png","contentUrl":"https:\/\/wildcatcampers.eu\/wp-content\/uploads\/2025\/04\/WildCat_Wheel-1.png","width":1520,"height":1586,"caption":"Wild Cat Campers"},"image":{"@id":"https:\/\/wildcatcampers.eu\/#\/schema\/logo\/image\/"}}]}},"_links":{"self":[{"href":"https:\/\/wildcatcampers.eu\/lv\/wp-json\/wp\/v2\/pages\/24032","targetHints":{"allow":["GET"]}}],"collection":[{"href":"https:\/\/wildcatcampers.eu\/lv\/wp-json\/wp\/v2\/pages"}],"about":[{"href":"https:\/\/wildcatcampers.eu\/lv\/wp-json\/wp\/v2\/types\/page"}],"author":[{"embeddable":true,"href":"https:\/\/wildcatcampers.eu\/lv\/wp-json\/wp\/v2\/users\/1"}],"replies":[{"embeddable":true,"href":"https:\/\/wildcatcampers.eu\/lv\/wp-json\/wp\/v2\/comments?post=24032"}],"version-history":[{"count":10,"href":"https:\/\/wildcatcampers.eu\/lv\/wp-json\/wp\/v2\/pages\/24032\/revisions"}],"predecessor-version":[{"id":25921,"href":"https:\/\/wildcatcampers.eu\/lv\/wp-json\/wp\/v2\/pages\/24032\/revisions\/25921"}],"wp:attachment":[{"href":"https:\/\/wildcatcampers.eu\/lv\/wp-json\/wp\/v2\/media?parent=24032"}],"curies":[{"name":"wp","href":"https:\/\/api.w.org\/{rel}","templated":true}]}}