{"id":23765,"date":"2024-08-12T04:50:45","date_gmt":"2024-08-12T04:50:45","guid":{"rendered":"https:\/\/kamper.templaza.net\/?page_id=3"},"modified":"2026-01-30T09:52:54","modified_gmt":"2026-01-30T09:52:54","slug":"wildcat-campers-privacy-policy","status":"publish","type":"page","link":"https:\/\/wildcatcampers.eu\/lv\/wildcat-campers-privacy-policy\/","title":{"rendered":"Priv\u0101tuma politika"},"content":{"rendered":"<div data-elementor-type=\"wp-page\" data-elementor-id=\"23765\" class=\"elementor elementor-23765\" data-elementor-post-type=\"page\">\n\t\t\t\t<div class=\"elementor-element elementor-element-7a91914c e-flex e-con-boxed e-con e-parent\" data-id=\"7a91914c\" data-element_type=\"container\" data-e-type=\"container\">\n\t\t\t\t\t<div class=\"e-con-inner\">\n\t\t\t\t<div class=\"elementor-element elementor-element-50bd0951 elementor-widget elementor-widget-text-editor\" data-id=\"50bd0951\" data-element_type=\"widget\" data-e-type=\"widget\" data-widget_type=\"text-editor.default\">\n\t\t\t\t\t\t\t\t\t<h2>Priv\u0101tuma politika<\/h2>\n<p>\u0160o t\u012bmek\u013ca vietni (turpm\u0101k tekst\u0101 \u2014 \u201cT\u012bmek\u013ca vietne\u201d) p\u0101rvalda SIA \u201cFlints Baltica\u201d un z\u012bmols \u201cWildcat\u201d (\u201cm\u0113s\u201d, \u201cm\u0113s\u201d vai \u201cm\u016bsu\u201d). Lai ieg\u016btu pla\u0161\u0101ku inform\u0101ciju par T\u012bmek\u013ca vietnes pakalpojumu sniedz\u0113ju, l\u016bdzu, skatiet sada\u013cu \u201cImprint\u201d.<\/p>\n<p>\u0160aj\u0101 lap\u0101 ir sniegta inform\u0101cija par m\u016bsu politik\u0101m attiec\u012bb\u0101 uz personas datu v\u0101k\u0161anu, izmanto\u0161anu un izpau\u0161anu, kad j\u016bs izmantojat m\u016bsu t\u012bmek\u013ca vietni, un j\u016bsu izv\u0113l\u0113m saist\u012bb\u0101 ar \u0161iem datiem.<\/p>\n<p>M\u0113s izmantojam j\u016bsu datus, lai nodro\u0161in\u0101tu un uzlabotu T\u012bmek\u013ca vietni. Izmantojot T\u012bmek\u013ca vietni, j\u016bs piekr\u012btat inform\u0101cijas v\u0101k\u0161anai un izmanto\u0161anai saska\u0146\u0101 ar \u0161o politiku. Ja vien \u0161aj\u0101 Priv\u0101tuma politik\u0101 nav noteikts cit\u0101di, \u0161aj\u0101 Priv\u0101tuma politik\u0101 lietotajiem terminiem ir t\u0101da pati noz\u012bme k\u0101 m\u016bsu Lieto\u0161anas noteikumos.<\/p>\n<h3>Inform\u0101cijas v\u0101k\u0161ana un izmanto\u0161ana<\/h3>\n<p>M\u0113s apkopojam vair\u0101ku veidu inform\u0101ciju da\u017e\u0101diem m\u0113r\u0137iem, lai nodro\u0161in\u0101tu un uzlabotu m\u016bsu t\u012bmek\u013ca vietni.<\/p>\n<h4>Apkopoto datu veidi<\/h4>\n<h5>Personas dati<\/h5>\n<p>Izmantojot m\u016bsu t\u012bmek\u013ca vietni, m\u0113s varam l\u016bgt j\u016bs sniegt mums noteiktu personu identific\u0113jo\u0161u inform\u0101ciju, ko var izmantot, lai sazin\u0101tos ar jums vai identific\u0113tu j\u016bs (\u201cPersonas dati\u201d). Personu identific\u0113jo\u0161a inform\u0101cija var ietvert, bet neaprobe\u017eojas ar:<\/p>\n<ul>\n<li>E-pasta adrese<\/li>\n<li>T\u0101lru\u0146a numurs<\/li>\n<li>S\u012bkfaili un lieto\u0161anas dati<\/li>\n<\/ul>\n<p>Ja vien turpm\u0101kaj\u0101s noda\u013c\u0101s nav nor\u0101d\u012bts cit\u0101di, j\u016bsu personas datu apstr\u0101des juridiskais pamats izriet no t\u0101, ka \u0161\u0101da apstr\u0101de ir nepiecie\u0161ama, lai nodro\u0161in\u0101tu j\u016bsu piepras\u012bt\u0101s t\u012bmek\u013ca vietnes funkcijas (Visp\u0101r\u012bg\u0101s datu aizsardz\u012bbas regulas 6. panta 1. punkta b) apak\u0161punkts).<\/p>\n<h5>Lieto\u0161anas dati<\/h5>\n<p>M\u0113s varam ar\u012b apkopot inform\u0101ciju par to, k\u0101 tiek piek\u013c\u016bts T\u012bmek\u013ca vietnei un k\u0101 t\u0101 tiek izmantota (\u201cLieto\u0161anas dati\u201d). \u0160ie Lieto\u0161anas dati var ietvert t\u0101du inform\u0101ciju k\u0101 j\u016bsu datora interneta protokola adrese (piem\u0113ram, IP adrese), p\u0101rl\u016bkprogrammas veids, p\u0101rl\u016bkprogrammas versija, m\u016bsu T\u012bmek\u013ca vietnes lapas, kuras apmekl\u0113jat, apmekl\u0113juma laiks un datums, \u0161aj\u0101s lap\u0101s pavad\u012btais laiks, unik\u0101li ier\u012bces identifikatori un citi diagnostikas dati.<\/p>\n<p>Lai aizsarg\u0101tu m\u016bsu likum\u012bg\u0101s intereses, m\u0113s uzglab\u0101sim \u0161\u0101dus datus ierobe\u017eotu laika periodu, lai var\u0113tu uzs\u0101kt personas datu izseko\u0161anu faktiskas vai m\u0113\u0123in\u0101juma veikt neat\u013cautu piek\u013cuvi m\u016bsu serveriem gad\u012bjum\u0101 (Visp\u0101r\u012bg\u0101s datu aizsardz\u012bbas regulas 6. panta 1. punkta f) apak\u0161punkts).<\/p>\n<h5>Izseko\u0161anas un s\u012bkfailu dati<\/h5>\n<p>M\u0113s izmantojam s\u012bkfailus un l\u012bdz\u012bgas izseko\u0161anas tehnolo\u0123ijas, lai izsekotu aktivit\u0101tes m\u016bsu t\u012bmek\u013ca vietn\u0113 un saglab\u0101tu noteiktu inform\u0101ciju.<\/p>\n<p>S\u012bkfaili ir faili ar nelielu datu apjomu, kas var ietvert anon\u012bmu unik\u0101lu identifikatoru. S\u012bkfaili tiek nos\u016bt\u012bti uz j\u016bsu p\u0101rl\u016bkprogrammu no t\u012bmek\u013ca vietnes un saglab\u0101ti j\u016bsu ier\u012bc\u0113. Tiek izmantotas ar\u012b izseko\u0161anas tehnolo\u0123ijas, piem\u0113ram, b\u0101kas, tagi un skripti, lai apkopotu un izsekotu inform\u0101ciju, k\u0101 ar\u012b uzlabotu un analiz\u0113tu m\u016bsu t\u012bmek\u013ca vietni.<\/p>\n<p>J\u016bs varat nor\u0101d\u012bt savai p\u0101rl\u016bkprogrammai atteikt visus s\u012bkfailus vai nor\u0101d\u012bt, kad s\u012bkfails tiek nos\u016bt\u012bts. Tom\u0113r, ja j\u016bs nepie\u0146emat s\u012bkfailus, iesp\u0113jams, j\u016bs nevar\u0113siet izmantot da\u017eas m\u016bsu vietnes da\u013cas.<\/p>\n<p>M\u016bsu izmantoto s\u012bkfailu piem\u0113ri:<\/p>\n<p><strong>Sesijas s\u012bkfaili.<\/strong> M\u0113s izmantojam sesijas s\u012bkfailus m\u016bsu t\u012bmek\u013ca vietnes darb\u012bbai.<\/p>\n<h4>Kontaktformu izmanto\u0161ana<\/h4>\n<p>J\u016bs varat sazin\u0101ties ar mums tie\u0161i, izmantojot m\u016bsu t\u012bmek\u013ca vietn\u0113 pieejamo kontaktformu, un sniegt mums \u0161\u0101du inform\u0101ciju:<\/p>\n<ul>\n<li>V\u0101rds<\/li>\n<li>Valsts<\/li>\n<li>e-pasta adrese<\/li>\n<li>T\u0101lru\u0146a numurs<\/li>\n<li>Zi\u0146ojums<\/li>\n<\/ul>\n<p>M\u0113s apkopojam, apstr\u0101d\u0101jam un izmantojam j\u016bsu sniegto inform\u0101ciju, izmantojot kontaktformu, tikai j\u016bsu konkr\u0113t\u0101 piepras\u012bjuma apstr\u0101dei.<\/p>\n<h3>Datu izmanto\u0161ana<\/h3>\n<p>M\u0113s izmantojam apkopotos datus da\u017e\u0101diem m\u0113r\u0137iem:<\/p>\n<ul>\n<li>Lai nodro\u0161in\u0101tu un uztur\u0113tu t\u012bmek\u013ca vietni.<\/li>\n<li>Lai inform\u0113tu j\u016bs par izmai\u0146\u0101m m\u016bsu t\u012bmek\u013ca vietn\u0113.<\/li>\n<li>Lai j\u016bs var\u0113tu piedal\u012bties m\u016bsu t\u012bmek\u013ca vietnes interakt\u012bvaj\u0101s funkcij\u0101s, kad vien to izv\u0113laties.<\/li>\n<li>Lai nodro\u0161in\u0101tu klientu apkalpo\u0161anu un atbalstu.<\/li>\n<li>Lai sniegtu anal\u012bzi vai v\u0113rt\u012bgu inform\u0101ciju, kas mums pal\u012bdz\u0113tu uzlabot t\u012bmek\u013ca vietni.<\/li>\n<li>Lai uzraudz\u012btu T\u012bmek\u013ca vietnes lieto\u0161anu.<\/li>\n<li>Lai atkl\u0101tu, nov\u0113rstu un risin\u0101tu tehniskas probl\u0113mas.<\/li>\n<\/ul>\n<h3>Datu p\u0101rs\u016bt\u012b\u0161ana<\/h3>\n<p>J\u016bsu inform\u0101cija, tostarp personas dati, var tikt p\u0101rs\u016bt\u012bta uz datoriem, kas atrodas \u0101rpus j\u016bsu \u0161tata, provinces, valsts vai citas vald\u012bbas jurisdikcijas, un tajos var tikt uztur\u0113ta datu aizsardz\u012bbas likumdo\u0161ana.<\/p>\n<p>Ja atrodaties \u0101rpus Latvijas Republikas un izv\u0113laties sniegt mums inform\u0101ciju, l\u016bdzu, \u0146emiet v\u0113r\u0101, ka m\u0113s nos\u016bt\u0101m datus, tostarp personas datus, uz Latvijas Republiku un apstr\u0101d\u0101jam tos tur.<\/p>\n<p>J\u016bsu piekri\u0161ana \u0161ai Priv\u0101tuma politikai, kam seko \u0161\u0101das inform\u0101cijas iesnieg\u0161ana, noz\u012bm\u0113 j\u016bsu piekri\u0161anu \u0161\u0101dai p\u0101rs\u016bt\u012b\u0161anai.<\/p>\n<p>M\u0113s veiksim visus pamatoti nepiecie\u0161amos pas\u0101kumus, lai nodro\u0161in\u0101tu, ka j\u016bsu dati tiek apstr\u0101d\u0101ti dro\u0161i un saska\u0146\u0101 ar \u0161o Priv\u0101tuma politiku, un j\u016bsu personas dati netiks p\u0101rs\u016bt\u012bti nevienai organiz\u0101cijai vai valstij, ja vien neb\u016bs ieviesti atbilsto\u0161i kontroles meh\u0101nismi, tostarp j\u016bsu datu un citas personas inform\u0101cijas dro\u0161\u012bbai.<\/p>\n<h3>Datu izpau\u0161ana<\/h3>\n<h4>Juridisk\u0101s pras\u012bbas<\/h4>\n<p>M\u0113s varam izpaust j\u016bsu personas datus labtic\u012bgi, uzskatot, ka \u0161\u0101da r\u012bc\u012bba ir nepiecie\u0161ama, lai:<\/p>\n<ul>\n<li>Lai izpild\u012btu juridisko pien\u0101kumu<\/li>\n<li>Lai aizsarg\u0101tu un aizst\u0101v\u0113tu SIA \u201cFlints Baltica\u201d un z\u012bmola \u201cWildcat\u201d ties\u012bbas vai \u012bpa\u0161umu<\/li>\n<li>Lai nov\u0113rstu vai izmekl\u0113tu iesp\u0113jamus p\u0101rk\u0101pumus saist\u012bb\u0101 ar t\u012bmek\u013ca vietni<\/li>\n<li>Lai aizsarg\u0101tu T\u012bmek\u013ca vietnes lietot\u0101ju vai sabiedr\u012bbas personisko dro\u0161\u012bbu<\/li>\n<li>Lai aizsarg\u0101tos pret juridisko atbild\u012bbu<\/li>\n<\/ul>\n<h3>Datu dro\u0161\u012bba<\/h3>\n<p>J\u016bsu datu dro\u0161\u012bba mums ir svar\u012bga, ta\u010du atcerieties, ka neviena p\u0101rraides metode internet\u0101 vai elektronisk\u0101s glab\u0101\u0161anas metode nav 100% dro\u0161a. Lai gan m\u0113s cen\u0161amies izmantot komerci\u0101li pie\u0146emamus l\u012bdzek\u013cus j\u016bsu personas datu aizsardz\u012bbai, m\u0113s nevaram garant\u0113t to absol\u016btu dro\u0161\u012bbu.<\/p>\n<h3>Pakalpojumu sniedz\u0113ji<\/h3>\n<p>M\u0113s varam nol\u012bgt tre\u0161o pu\u0161u uz\u0146\u0113mumus un personas, lai atvieglotu m\u016bsu T\u012bmek\u013ca vietnes darb\u012bbu (\u201cPakalpojumu sniedz\u0113ji\u201d), nodro\u0161in\u0101tu T\u012bmek\u013ca vietni m\u016bsu v\u0101rd\u0101, veiktu ar T\u012bmek\u013ca vietni saist\u012btus pakalpojumus vai pal\u012bdz\u0113tu mums analiz\u0113t, k\u0101 tiek izmantota m\u016bsu T\u012bmek\u013ca vietne.<\/p>\n<p>\u0160\u012bm tre\u0161aj\u0101m person\u0101m ir piek\u013cuve j\u016bsu personas datiem tikai, lai veiktu \u0161os uzdevumus m\u016bsu v\u0101rd\u0101, un t\u0101m ir pien\u0101kums tos neizpaust vai neizmantot nek\u0101diem citiem m\u0113r\u0137iem.<\/p>\n<h4>Anal\u012btika<\/h4>\n<p>M\u0113s varam izmantot tre\u0161o pu\u0161u pakalpojumu sniedz\u0113jus, lai uzraudz\u012btu un analiz\u0113tu m\u016bsu t\u012bmek\u013ca vietnes lieto\u0161anu.<\/p>\n<h5>Google Analytics<\/h5>\n<p>Google Analytics ir Google pied\u0101v\u0101ts t\u012bmek\u013ca anal\u012bzes pakalpojums, kas izseko un zi\u0146o par t\u012bmek\u013ca vietnes apmekl\u0113t\u012bbu. Google izmanto apkopotos datus, lai izsekotu un uzraudz\u012btu m\u016bsu t\u012bmek\u013ca vietnes lieto\u0161anu. \u0160ie dati tiek kop\u012bgoti ar citiem Google pakalpojumiem. Google var izmantot apkopotos datus, lai kontekstualiz\u0113tu un personaliz\u0113tu sava rekl\u0101mas t\u012bkla rekl\u0101mas. J\u016bs varat atteikties no j\u016bsu darb\u012bbas t\u012bmek\u013ca vietn\u0113 pieejam\u012bbas pakalpojumam Google Analytics, instal\u0113jot Google Analytics atteik\u0161an\u0101s p\u0101rl\u016bkprogrammas pievienojumprogrammu. Pievienojumprogramma ne\u013cauj Google Analytics JavaScript (ga.js, analytics.js un dc.js) kop\u012bgot inform\u0101ciju ar Google Analytics par apmekl\u0113jumu aktivit\u0101ti.<\/p>\n<p>Lai ieg\u016btu pla\u0161\u0101ku inform\u0101ciju par Google priv\u0101tuma praksi, l\u016bdzu, apmekl\u0113jiet Google priv\u0101tuma un noteikumu t\u012bmek\u013ca lapu: <a href=\"https:\/\/policies.google.com\/privacy?hl=en\">https:\/\/policies.google.com\/privacy?hl=en<\/a><\/p>\n<h3>Saites uz cit\u0101m vietn\u0113m<\/h3>\n<p>M\u016bsu t\u012bmek\u013ca vietne var satur\u0113t saites uz cit\u0101m vietn\u0113m, kuras m\u0113s nep\u0101rvald\u0101m. Ja noklik\u0161\u0137in\u0101sit uz tre\u0161\u0101s puses saites, j\u016bs tiksiet novirz\u012bts uz \u0161\u012bs tre\u0161\u0101s puses vietni. M\u0113s stingri iesak\u0101m p\u0101rskat\u012bt katras apmekl\u0113t\u0101s vietnes konfidencialit\u0101tes politiku.<\/p>\n<p>M\u0113s nekontrol\u0113jam un neuz\u0146emamies atbild\u012bbu par tre\u0161o pu\u0161u viet\u0146u vai pakalpojumu saturu, priv\u0101tuma politik\u0101m vai praksi.<\/p>\n<h3>B\u0113rnu priv\u0101tums<\/h3>\n<p>M\u016bsu t\u012bmek\u013ca vietne nav paredz\u0113ta person\u0101m, kas jaun\u0101kas par 18 gadiem (\u201cB\u0113rni\u201d).<\/p>\n<p>M\u0113s apzin\u0101ti nev\u0101cam personu identific\u0113jo\u0161u inform\u0101ciju no person\u0101m, kas jaun\u0101kas par 18 gadiem. Ja esat vec\u0101ks vai aizbildnis un zin\u0101t, ka j\u016bsu b\u0113rni mums ir sniegu\u0161i personas datus, l\u016bdzu, sazinieties ar mums. Ja m\u0113s uzzin\u0101m, ka esam apkopoju\u0161i personas datus no b\u0113rniem bez vec\u0101ku piekri\u0161anas p\u0101rbaudes, m\u0113s veicam pas\u0101kumus, lai no\u0146emtu \u0161o inform\u0101ciju no m\u016bsu serveriem.<\/p>\n<h3>Inform\u0101cija par j\u016bsu ties\u012bb\u0101m<\/h3>\n<p>Saska\u0146\u0101 ar piem\u0113rojamajiem datu priv\u0101tuma likumiem jums kopum\u0101 ir \u0161\u0101das ties\u012bbas:<\/p>\n<ul>\n<li>Ties\u012bbas sa\u0146emt inform\u0101ciju par j\u016bsu personas datiem, ko m\u0113s glab\u0101jam.<\/li>\n<li>Ties\u012bbas piepras\u012bt savu personas datu labo\u0161anu, dz\u0113\u0161anu vai apstr\u0101des ierobe\u017eo\u0161anu.<\/li>\n<li>Ties\u012bbas iebilst pret apstr\u0101di m\u016bsu likum\u012bgo intere\u0161u, sabiedr\u012bbas intere\u0161u vai profil\u0113\u0161anas iemeslu d\u0113\u013c, ja vien m\u0113s nevaram pier\u0101d\u012bt, ka past\u0101v p\u0101rliecino\u0161i, pamatoti iemesli, kas ir svar\u012bg\u0101ki par j\u016bsu interes\u0113m, ties\u012bb\u0101m un br\u012bv\u012bb\u0101m, vai ka \u0161\u0101da apstr\u0101de tiek veikta tiesved\u012bbas pras\u012bbu izvirz\u012b\u0161anas, \u012bsteno\u0161anas vai aizst\u0101v\u0113\u0161anas nol\u016bkos.<\/li>\n<li>Ties\u012bbas uz datu p\u0101rnesam\u012bbu.<\/li>\n<li>Ties\u012bbas iesniegt s\u016bdz\u012bbu datu aizsardz\u012bbas iest\u0101dei.<\/li>\n<\/ul>\n<p>J\u016bs jebkur\u0101 laik\u0101 varat atsaukt savu piekri\u0161anu savu personas datu v\u0101k\u0161anai, apstr\u0101dei un izmanto\u0161anai ar turpm\u0101ku sp\u0113ku. Lai ieg\u016btu pla\u0161\u0101ku inform\u0101ciju, l\u016bdzu, skatiet iepriek\u0161\u0113j\u0101s noda\u013cas, kur\u0101s aprakst\u012bta datu apstr\u0101de, pamatojoties uz j\u016bsu piekri\u0161anu.<\/p>\n<p>Ja v\u0113laties \u012bstenot savas ties\u012bbas, l\u016bdzu, adres\u0113jiet savu piepras\u012bjumu uz zem\u0101k nor\u0101d\u012bto kontaktinform\u0101cijas e-pasta adresi.<\/p>\n<h3>Kontakti<\/h3>\n<p>Ja jums rodas jaut\u0101jumi par \u0161o Priv\u0101tuma politiku un datu priv\u0101tumu, l\u016bdzu, rakstiet uz e-pastu: <a href=\"mailto:info@wildcatcampers.eu\">info@wildcatcampers.eu<\/a><\/p>\n<h3>Izmai\u0146as \u0161aj\u0101 konfidencialit\u0101tes politik\u0101<\/h3>\n<p>M\u0113s laiku pa laikam varam atjaunin\u0101t savu Priv\u0101tuma politiku. M\u0113s j\u016bs inform\u0113sim par vis\u0101m izmai\u0146\u0101m, public\u0113jot jauno Priv\u0101tuma politiku \u0161aj\u0101 lap\u0101.<\/p>\n<p>Pirms izmai\u0146u st\u0101\u0161an\u0101s sp\u0113k\u0101 m\u0113s j\u016bs inform\u0113sim pa e-pastu un\/vai ar redzamu pazi\u0146ojumu m\u016bsu t\u012bmek\u013ca vietn\u0113 un atjaunin\u0101sim \u201csp\u0113k\u0101 st\u0101\u0161an\u0101s datumu\u201d \u0161\u012bs Priv\u0101tuma politikas aug\u0161da\u013c\u0101.<\/p>\n<p>Ieteicams periodiski p\u0101rskat\u012bt \u0161o konfidencialit\u0101tes politiku, lai uzzin\u0101tu par vis\u0101m izmai\u0146\u0101m. \u0160\u012bs konfidencialit\u0101tes politikas izmai\u0146as st\u0101jas sp\u0113k\u0101 ar to public\u0113\u0161anas br\u012bdi \u0161aj\u0101 lap\u0101.<\/p>\n<p><strong>P\u0113d\u0113joreiz atjaunin\u0101ts: 2025. gada 13. august\u0101<\/strong><\/p>\n<hr \/>\n<h2>Nospiedums<\/h2>\n<p><strong>Public\u0113jis:<\/strong><br \/>SIA \u201cFlints Baltica\u201d<br \/>Uz\u0146\u0113muma re\u0123istr\u0101cijas Nr.: 40203300493<br \/>PVN re\u0123.nr.: LV40203300493<\/p>\n<p><strong>Juridisk\u0101 adrese:<\/strong><br \/>\u017dub\u012btes 55, k.1, J\u016brmala LV-2008<br \/>LATVIJA<\/p>\n<p><strong>Pasta adrese:<\/strong><br \/>\u017dub\u012btes 55, k.1,J\u016brmala LV-2008<br \/>LATVIJA<\/p>\t\t\t\t\t\t\t\t<\/div>\n\t\t\t\t\t<\/div>\n\t\t\t\t<\/div>\n\t\t\t\t<\/div>","protected":false},"excerpt":{"rendered":"<p>Privacy Policy This website (hereinafter the &#8220;Website&#8221;) is operated by SIA Flints Baltica and the brand Wildcat (&#8220;us&#8221;, &#8220;we&#8221;, or &#8220;our&#8221;). For further information regarding the provider of the Website, please refer to Imprint. This page informs you of our policies regarding the collection, use, and disclosure of personal data when you use our Website&hellip; <a class=\"more-link\" href=\"https:\/\/wildcatcampers.eu\/lv\/wildcat-campers-privacy-policy\/\">Turpin\u0101t las\u012bt <span class=\"screen-reader-text\">Priv\u0101tuma politika<\/span><\/a><\/p>","protected":false},"author":1,"featured_media":0,"parent":0,"menu_order":0,"comment_status":"closed","ping_status":"open","template":"","meta":{"footnotes":""},"class_list":["post-23765","page","type-page","status-publish","hentry","layout-1","product-add-to-cart-ajax"],"yoast_head":"<!-- This site is optimized with the Yoast SEO Premium plugin v25.2 (Yoast SEO v27.3) - https:\/\/yoast.com\/product\/yoast-seo-premium-wordpress\/ -->\n<title>Wildcat Campers Privacy Policy | Data Protection<\/title>\n<meta name=\"description\" content=\"Read the Wildcat Campers Privacy Policy to learn how we collect, use and protect your personal data in compliance with GDPR regulations.\" \/>\n<meta name=\"robots\" content=\"index, follow, max-snippet:-1, max-image-preview:large, max-video-preview:-1\" \/>\n<link rel=\"canonical\" href=\"https:\/\/wildcatcampers.eu\/lv\/wildcat-campers-privacy-policy\/\" \/>\n<meta property=\"og:locale\" content=\"lv_LV\" \/>\n<meta property=\"og:type\" content=\"article\" \/>\n<meta property=\"og:title\" content=\"Privacy Policy\" \/>\n<meta property=\"og:description\" content=\"Read the Wildcat Campers Privacy Policy to learn how we collect, use and protect your personal data in compliance with GDPR regulations.\" \/>\n<meta property=\"og:url\" content=\"https:\/\/wildcatcampers.eu\/lv\/wildcat-campers-privacy-policy\/\" \/>\n<meta property=\"og:site_name\" content=\"Wildcat Campers\" \/>\n<meta property=\"article:modified_time\" content=\"2026-01-30T09:52:54+00:00\" \/>\n<meta name=\"twitter:card\" content=\"summary_large_image\" \/>\n<meta name=\"twitter:label1\" content=\"Est. reading time\" \/>\n\t<meta name=\"twitter:data1\" content=\"7 min\u016btes\" \/>\n<script type=\"application\/ld+json\" class=\"yoast-schema-graph\">{\"@context\":\"https:\\\/\\\/schema.org\",\"@graph\":[{\"@type\":\"WebPage\",\"@id\":\"https:\\\/\\\/wildcatcampers.eu\\\/wildcat-campers-privacy-policy\\\/\",\"url\":\"https:\\\/\\\/wildcatcampers.eu\\\/wildcat-campers-privacy-policy\\\/\",\"name\":\"Wildcat Campers Privacy Policy | Data Protection\",\"isPartOf\":{\"@id\":\"https:\\\/\\\/wildcatcampers.eu\\\/#website\"},\"datePublished\":\"2024-08-12T04:50:45+00:00\",\"dateModified\":\"2026-01-30T09:52:54+00:00\",\"description\":\"Read the Wildcat Campers Privacy Policy to learn how we collect, use and protect your personal data in compliance with GDPR regulations.\",\"breadcrumb\":{\"@id\":\"https:\\\/\\\/wildcatcampers.eu\\\/wildcat-campers-privacy-policy\\\/#breadcrumb\"},\"inLanguage\":\"lv-LV\",\"potentialAction\":[{\"@type\":\"ReadAction\",\"target\":[\"https:\\\/\\\/wildcatcampers.eu\\\/wildcat-campers-privacy-policy\\\/\"]}]},{\"@type\":\"BreadcrumbList\",\"@id\":\"https:\\\/\\\/wildcatcampers.eu\\\/wildcat-campers-privacy-policy\\\/#breadcrumb\",\"itemListElement\":[{\"@type\":\"ListItem\",\"position\":1,\"name\":\"Home\",\"item\":\"https:\\\/\\\/wildcatcampers.eu\\\/\"},{\"@type\":\"ListItem\",\"position\":2,\"name\":\"Privacy Policy\"}]},{\"@type\":\"WebSite\",\"@id\":\"https:\\\/\\\/wildcatcampers.eu\\\/#website\",\"url\":\"https:\\\/\\\/wildcatcampers.eu\\\/\",\"name\":\"Wild Cat Campers\",\"description\":\"When Adventure Meets Comfort\",\"publisher\":{\"@id\":\"https:\\\/\\\/wildcatcampers.eu\\\/#organization\"},\"potentialAction\":[{\"@type\":\"SearchAction\",\"target\":{\"@type\":\"EntryPoint\",\"urlTemplate\":\"https:\\\/\\\/wildcatcampers.eu\\\/?s={search_term_string}\"},\"query-input\":{\"@type\":\"PropertyValueSpecification\",\"valueRequired\":true,\"valueName\":\"search_term_string\"}}],\"inLanguage\":\"lv-LV\"},{\"@type\":\"Organization\",\"@id\":\"https:\\\/\\\/wildcatcampers.eu\\\/#organization\",\"name\":\"Wild Cat Campers\",\"url\":\"https:\\\/\\\/wildcatcampers.eu\\\/\",\"logo\":{\"@type\":\"ImageObject\",\"inLanguage\":\"lv-LV\",\"@id\":\"https:\\\/\\\/wildcatcampers.eu\\\/#\\\/schema\\\/logo\\\/image\\\/\",\"url\":\"https:\\\/\\\/wildcatcampers.eu\\\/wp-content\\\/uploads\\\/2025\\\/04\\\/WildCat_Wheel-1.png\",\"contentUrl\":\"https:\\\/\\\/wildcatcampers.eu\\\/wp-content\\\/uploads\\\/2025\\\/04\\\/WildCat_Wheel-1.png\",\"width\":1520,\"height\":1586,\"caption\":\"Wild Cat Campers\"},\"image\":{\"@id\":\"https:\\\/\\\/wildcatcampers.eu\\\/#\\\/schema\\\/logo\\\/image\\\/\"}}]}<\/script>\n<!-- \/ Yoast SEO Premium plugin. -->","yoast_head_json":{"title":"Wildcat Campers priv\u0101tuma politika | Datu aizsardz\u012bba","description":"Izlasiet Wildcat Campers priv\u0101tuma politiku, lai uzzin\u0101tu, k\u0101 m\u0113s apkopojam, izmantojam un aizsarg\u0101jam j\u016bsu personas datus saska\u0146\u0101 ar GDPR noteikumiem.","robots":{"index":"index","follow":"follow","max-snippet":"max-snippet:-1","max-image-preview":"max-image-preview:large","max-video-preview":"max-video-preview:-1"},"canonical":"https:\/\/wildcatcampers.eu\/lv\/wildcat-campers-privacy-policy\/","og_locale":"lv_LV","og_type":"article","og_title":"Privacy Policy","og_description":"Read the Wildcat Campers Privacy Policy to learn how we collect, use and protect your personal data in compliance with GDPR regulations.","og_url":"https:\/\/wildcatcampers.eu\/lv\/wildcat-campers-privacy-policy\/","og_site_name":"Wildcat Campers","article_modified_time":"2026-01-30T09:52:54+00:00","twitter_card":"summary_large_image","twitter_misc":{"Est. reading time":"7 min\u016btes"},"schema":{"@context":"https:\/\/schema.org","@graph":[{"@type":"WebPage","@id":"https:\/\/wildcatcampers.eu\/wildcat-campers-privacy-policy\/","url":"https:\/\/wildcatcampers.eu\/wildcat-campers-privacy-policy\/","name":"Wildcat Campers priv\u0101tuma politika | Datu aizsardz\u012bba","isPartOf":{"@id":"https:\/\/wildcatcampers.eu\/#website"},"datePublished":"2024-08-12T04:50:45+00:00","dateModified":"2026-01-30T09:52:54+00:00","description":"Izlasiet Wildcat Campers priv\u0101tuma politiku, lai uzzin\u0101tu, k\u0101 m\u0113s apkopojam, izmantojam un aizsarg\u0101jam j\u016bsu personas datus saska\u0146\u0101 ar GDPR noteikumiem.","breadcrumb":{"@id":"https:\/\/wildcatcampers.eu\/wildcat-campers-privacy-policy\/#breadcrumb"},"inLanguage":"lv-LV","potentialAction":[{"@type":"ReadAction","target":["https:\/\/wildcatcampers.eu\/wildcat-campers-privacy-policy\/"]}]},{"@type":"BreadcrumbList","@id":"https:\/\/wildcatcampers.eu\/wildcat-campers-privacy-policy\/#breadcrumb","itemListElement":[{"@type":"ListItem","position":1,"name":"Home","item":"https:\/\/wildcatcampers.eu\/"},{"@type":"ListItem","position":2,"name":"Privacy Policy"}]},{"@type":"WebSite","@id":"https:\/\/wildcatcampers.eu\/#website","url":"https:\/\/wildcatcampers.eu\/","name":"Savva\u013cas ka\u0137u kempingi","description":"Kad piedz\u012bvojums satiekas ar komfortu","publisher":{"@id":"https:\/\/wildcatcampers.eu\/#organization"},"potentialAction":[{"@type":"SearchAction","target":{"@type":"EntryPoint","urlTemplate":"https:\/\/wildcatcampers.eu\/?s={search_term_string}"},"query-input":{"@type":"PropertyValueSpecification","valueRequired":true,"valueName":"search_term_string"}}],"inLanguage":"lv-LV"},{"@type":"Organization","@id":"https:\/\/wildcatcampers.eu\/#organization","name":"Savva\u013cas ka\u0137u kempingi","url":"https:\/\/wildcatcampers.eu\/","logo":{"@type":"ImageObject","inLanguage":"lv-LV","@id":"https:\/\/wildcatcampers.eu\/#\/schema\/logo\/image\/","url":"https:\/\/wildcatcampers.eu\/wp-content\/uploads\/2025\/04\/WildCat_Wheel-1.png","contentUrl":"https:\/\/wildcatcampers.eu\/wp-content\/uploads\/2025\/04\/WildCat_Wheel-1.png","width":1520,"height":1586,"caption":"Wild Cat Campers"},"image":{"@id":"https:\/\/wildcatcampers.eu\/#\/schema\/logo\/image\/"}}]}},"_links":{"self":[{"href":"https:\/\/wildcatcampers.eu\/lv\/wp-json\/wp\/v2\/pages\/23765","targetHints":{"allow":["GET"]}}],"collection":[{"href":"https:\/\/wildcatcampers.eu\/lv\/wp-json\/wp\/v2\/pages"}],"about":[{"href":"https:\/\/wildcatcampers.eu\/lv\/wp-json\/wp\/v2\/types\/page"}],"author":[{"embeddable":true,"href":"https:\/\/wildcatcampers.eu\/lv\/wp-json\/wp\/v2\/users\/1"}],"replies":[{"embeddable":true,"href":"https:\/\/wildcatcampers.eu\/lv\/wp-json\/wp\/v2\/comments?post=23765"}],"version-history":[{"count":4,"href":"https:\/\/wildcatcampers.eu\/lv\/wp-json\/wp\/v2\/pages\/23765\/revisions"}],"predecessor-version":[{"id":25554,"href":"https:\/\/wildcatcampers.eu\/lv\/wp-json\/wp\/v2\/pages\/23765\/revisions\/25554"}],"wp:attachment":[{"href":"https:\/\/wildcatcampers.eu\/lv\/wp-json\/wp\/v2\/media?parent=23765"}],"curies":[{"name":"wp","href":"https:\/\/api.w.org\/{rel}","templated":true}]}}