{"id":19490,"date":"2024-09-05T04:14:08","date_gmt":"2024-09-05T04:14:08","guid":{"rendered":"https:\/\/kamper.templaza.net\/?page_id=19490"},"modified":"2026-01-30T09:47:11","modified_gmt":"2026-01-30T09:47:11","slug":"wildcat-campers-blog","status":"publish","type":"page","link":"https:\/\/wildcatcampers.eu\/lv\/wildcat-campers-blog\/","title":{"rendered":"Blogs"},"content":{"rendered":"<div data-elementor-type=\"wp-page\" data-elementor-id=\"19490\" class=\"elementor elementor-19490\" data-elementor-post-type=\"page\">\n\t\t\t\t<div class=\"elementor-element elementor-element-0e00c57 e-con-full e-flex e-con e-parent\" data-id=\"0e00c57\" data-element_type=\"container\" data-e-type=\"container\">\n\t\t\t\t<div class=\"elementor-element elementor-element-841f2f8 elementor-widget elementor-widget-uipro-uiposts\" data-id=\"841f2f8\" data-element_type=\"widget\" data-e-type=\"widget\" data-widget_type=\"uipro-uiposts.default\">\n\t\t\t\t<div class=\"elementor-widget-container\">\n\t\t\t\t\t<div class=\"templaza-parallax templaza-widget-uiposts template-base\"><div data-scroll class=\"ui-posts base post\"><div class=\"ui-posts-list-items\" data-uk-grid><div class=\"ui-posts-intro-item uk-width-1-1\"><div class=\"ui-posts-items-outer uk-dark\"><div class=\"\"><div class=\"ui-post-items uk-child-width-1-3@xl uk-child-width-1-3@l uk-child-width-1-3@m uk-child-width-1-2@s uk-child-width-1-1\" data-uk-grid=\"\"><article class=\"article-item\" data-tag=\"\" data-cat=\"blog\" data-date=\"2026-03-16\" data-hits=\"171\"><div class=\"uk-article uk-card  templaza-thumb-roof  uk-transition-toggle  uk-card-custom\"><div class=\"ui-post-roof-effect  uk-cover-container\"><a class=\"tz-img   uk-height-1-1 ui-post-thumbnail uk-display-block uk-card-media-top tz-image-cover uk-cover-container\" href=\"https:\/\/wildcatcampers.eu\/lv\/a-new-wildcat-enters-the-belgian-camping-scene\/\"><img fetchpriority=\"high\" decoding=\"async\" width=\"580\" height=\"435\" src=\"https:\/\/wildcatcampers.eu\/wp-content\/uploads\/2026\/03\/1d301fa0-a1be-4a78-b1a3-9080186b15e7-1024x768.jpg\" class=\"uk-transition-zoomin-roof uk-transition-opaque\" alt=\"\" data-uk-cover=\"\" srcset=\"https:\/\/wildcatcampers.eu\/wp-content\/uploads\/2026\/03\/1d301fa0-a1be-4a78-b1a3-9080186b15e7-1024x768.jpg 1024w, https:\/\/wildcatcampers.eu\/wp-content\/uploads\/2026\/03\/1d301fa0-a1be-4a78-b1a3-9080186b15e7-300x225.jpg 300w, https:\/\/wildcatcampers.eu\/wp-content\/uploads\/2026\/03\/1d301fa0-a1be-4a78-b1a3-9080186b15e7-768x576.jpg 768w, https:\/\/wildcatcampers.eu\/wp-content\/uploads\/2026\/03\/1d301fa0-a1be-4a78-b1a3-9080186b15e7-1536x1152.jpg 1536w, https:\/\/wildcatcampers.eu\/wp-content\/uploads\/2026\/03\/1d301fa0-a1be-4a78-b1a3-9080186b15e7-16x12.jpg 16w, https:\/\/wildcatcampers.eu\/wp-content\/uploads\/2026\/03\/1d301fa0-a1be-4a78-b1a3-9080186b15e7-600x450.jpg 600w, https:\/\/wildcatcampers.eu\/wp-content\/uploads\/2026\/03\/1d301fa0-a1be-4a78-b1a3-9080186b15e7.jpg 1600w\" sizes=\"(max-width: 580px) 100vw, 580px\" \/> <\/a><\/div><div class=\"ui-post-info-wrap\"><div class=\"uk-card-body\"><div class=\"ui-post-meta-top uk-article-meta uk-margin-small\" data-uk-margin><span class=\"ui-post-meta-author\">ar <a href=\"https:\/\/wildcatcampers.eu\/lv\/author\/admin\/\" title=\"Wildcat Team publik\u0101cijas\" rel=\"author\">Wildcat komanda<\/a><\/span><span class=\"ui-post-meta-category\"><a href=\"https:\/\/wildcatcampers.eu\/lv\/category\/blog\/\" rel=\"category tag\">Blogs<\/a><\/span><\/div><h3 class=\"ui-title uk-margin-remove-top uk-h3 uk-margin-bottom tz-title-gradient\"><a href=\"https:\/\/wildcatcampers.eu\/lv\/a-new-wildcat-enters-the-belgian-camping-scene\/\">Be\u013c\u0123ijas kempinga ain\u0101 ien\u0101k jauns Wildcat<\/a><\/h3><div class=\"ui-post-introtext\">Be\u013c\u0123ija k\u013cuvusi nedaudz piedz\u012bvojumiem bag\u0101t\u0101ka. Jauna mini karav\u0101na ar nosaukumu Wildcat ir ofici\u0101li ieradusies Be\u013c\u0123ijas tirg\u016b, pateicoties sadarb\u012bbai ar \u0101ra\u2026<\/div><a class=\"ui-post-button uk-button uk-button-custom uk-margin-custom-top uk-border-rounded\" href=\"https:\/\/wildcatcampers.eu\/lv\/a-new-wildcat-enters-the-belgian-camping-scene\/\">Las\u012bt vair\u0101k<span class=\"uipost-btn-icon-box\"><i class=\"fas fa-arrow-right uipost-btn-icon\" aria-hidden=\"true\"><\/i><\/span><\/a><\/div><\/div><\/div><\/article><article class=\"article-item\" data-tag=\"\" data-cat=\"blog\" data-date=\"2026-01-30\" data-hits=\"607\"><div class=\"uk-article uk-card  templaza-thumb-roof  uk-transition-toggle  uk-card-custom\"><div class=\"ui-post-roof-effect  uk-cover-container\"><a class=\"tz-img   uk-height-1-1 ui-post-thumbnail uk-display-block uk-card-media-top tz-image-cover uk-cover-container\" href=\"https:\/\/wildcatcampers.eu\/lv\/when-is-the-best-time-to-order-your-wildcat-camper\/\"><img decoding=\"async\" width=\"580\" height=\"773\" src=\"https:\/\/wildcatcampers.eu\/wp-content\/uploads\/2026\/01\/wildcat1-768x1024.jpg\" class=\"uk-transition-zoomin-roof uk-transition-opaque\" alt=\"\" data-uk-cover=\"\" srcset=\"https:\/\/wildcatcampers.eu\/wp-content\/uploads\/2026\/01\/wildcat1-768x1024.jpg 768w, https:\/\/wildcatcampers.eu\/wp-content\/uploads\/2026\/01\/wildcat1-225x300.jpg 225w, https:\/\/wildcatcampers.eu\/wp-content\/uploads\/2026\/01\/wildcat1-1152x1536.jpg 1152w, https:\/\/wildcatcampers.eu\/wp-content\/uploads\/2026\/01\/wildcat1-9x12.jpg 9w, https:\/\/wildcatcampers.eu\/wp-content\/uploads\/2026\/01\/wildcat1-600x800.jpg 600w, https:\/\/wildcatcampers.eu\/wp-content\/uploads\/2026\/01\/wildcat1.jpg 1206w\" sizes=\"(max-width: 580px) 100vw, 580px\" \/> <\/a><\/div><div class=\"ui-post-info-wrap\"><div class=\"uk-card-body\"><div class=\"ui-post-meta-top uk-article-meta uk-margin-small\" data-uk-margin><span class=\"ui-post-meta-author\">ar <a href=\"https:\/\/wildcatcampers.eu\/lv\/author\/admin\/\" title=\"Wildcat Team publik\u0101cijas\" rel=\"author\">Wildcat komanda<\/a><\/span><span class=\"ui-post-meta-category\"><a href=\"https:\/\/wildcatcampers.eu\/lv\/category\/blog\/\" rel=\"category tag\">Blogs<\/a><\/span><\/div><h3 class=\"ui-title uk-margin-remove-top uk-h3 uk-margin-bottom tz-title-gradient\"><a href=\"https:\/\/wildcatcampers.eu\/lv\/when-is-the-best-time-to-order-your-wildcat-camper\/\">Kad ir lab\u0101kais laiks pas\u016bt\u012bt Wildcat kemperi?<\/a><\/h3><div class=\"ui-post-introtext\">Viens no visbie\u017e\u0101k uzdotajiem jaut\u0101jumiem ir vienk\u0101r\u0161s un \u013coti praktisks: Kad man j\u0101pas\u016bta Wildcat, lai tas b\u016btu gatavs vasarai? \u0160aj\u0101\u2026<\/div><a class=\"ui-post-button uk-button uk-button-custom uk-margin-custom-top uk-border-rounded\" href=\"https:\/\/wildcatcampers.eu\/lv\/when-is-the-best-time-to-order-your-wildcat-camper\/\">Las\u012bt vair\u0101k<span class=\"uipost-btn-icon-box\"><i class=\"fas fa-arrow-right uipost-btn-icon\" aria-hidden=\"true\"><\/i><\/span><\/a><\/div><\/div><\/div><\/article><article class=\"article-item\" data-tag=\"blog\" data-cat=\"blog\" data-date=\"2025-12-01\" data-hits=\"665\"><div class=\"uk-article uk-card  templaza-thumb-roof  uk-transition-toggle  uk-card-custom\"><div class=\"ui-post-roof-effect  uk-cover-container\"><a class=\"tz-img   uk-height-1-1 ui-post-thumbnail uk-display-block uk-card-media-top tz-image-cover uk-cover-container\" href=\"https:\/\/wildcatcampers.eu\/lv\/our-eco-initiative-wild-feast-2\/\"><img decoding=\"async\" width=\"580\" height=\"435\" src=\"https:\/\/wildcatcampers.eu\/wp-content\/uploads\/2025\/12\/thumb_show-1024x768.jpeg\" class=\"uk-transition-zoomin-roof uk-transition-opaque\" alt=\"Wildcat Campers p\u0101rveidots mini kemperis p\u0113c pas\u016bt\u012bjuma\" data-uk-cover=\"\" srcset=\"https:\/\/wildcatcampers.eu\/wp-content\/uploads\/2025\/12\/thumb_show-1024x768.jpeg 1024w, https:\/\/wildcatcampers.eu\/wp-content\/uploads\/2025\/12\/thumb_show-300x225.jpeg 300w, https:\/\/wildcatcampers.eu\/wp-content\/uploads\/2025\/12\/thumb_show-768x576.jpeg 768w, https:\/\/wildcatcampers.eu\/wp-content\/uploads\/2025\/12\/thumb_show-16x12.jpeg 16w, https:\/\/wildcatcampers.eu\/wp-content\/uploads\/2025\/12\/thumb_show-600x450.jpeg 600w, https:\/\/wildcatcampers.eu\/wp-content\/uploads\/2025\/12\/thumb_show.jpeg 1500w\" sizes=\"(max-width: 580px) 100vw, 580px\" \/> <\/a><\/div><div class=\"ui-post-info-wrap\"><div class=\"uk-card-body\"><div class=\"ui-post-meta-top uk-article-meta uk-margin-small\" data-uk-margin><span class=\"ui-post-meta-author\">ar <a href=\"https:\/\/wildcatcampers.eu\/lv\/author\/admin\/\" title=\"Wildcat Team publik\u0101cijas\" rel=\"author\">Wildcat komanda<\/a><\/span><span class=\"ui-post-meta-category\"><a href=\"https:\/\/wildcatcampers.eu\/lv\/category\/blog\/\" rel=\"category tag\">Blogs<\/a><\/span><\/div><h3 class=\"ui-title uk-margin-remove-top uk-h3 uk-margin-bottom tz-title-gradient\"><a href=\"https:\/\/wildcatcampers.eu\/lv\/our-eco-initiative-wild-feast-2\/\">M\u016bsu ekoinciat\u012bva: Savva\u013cas sv\u0113tki<\/a><\/h3><div class=\"ui-post-introtext\">Nosaukums Wildcat mums atg\u0101dina par dabu un br\u012bv\u012bbu, ko t\u0101 mums sniedz. T\u0101p\u0113c m\u0113s nol\u0113m\u0101m kaut ko dot atpaka\u013c. Wild Feast ir m\u016bsu mazais\u2026<\/div><a class=\"ui-post-button uk-button uk-button-custom uk-margin-custom-top uk-border-rounded\" href=\"https:\/\/wildcatcampers.eu\/lv\/our-eco-initiative-wild-feast-2\/\">Las\u012bt vair\u0101k<span class=\"uipost-btn-icon-box\"><i class=\"fas fa-arrow-right uipost-btn-icon\" aria-hidden=\"true\"><\/i><\/span><\/a><\/div><\/div><\/div><\/article><article class=\"article-item\" data-tag=\"blog\" data-cat=\"blog\" data-date=\"2025-12-01\" data-hits=\"688\"><div class=\"uk-article uk-card  templaza-thumb-roof  uk-transition-toggle  uk-card-custom\"><div class=\"ui-post-roof-effect  uk-cover-container\"><a class=\"tz-img   uk-height-1-1 ui-post-thumbnail uk-display-block uk-card-media-top tz-image-cover uk-cover-container\" href=\"https:\/\/wildcatcampers.eu\/lv\/where-wildcat-mini-caravan-is-made\/\"><img loading=\"lazy\" decoding=\"async\" width=\"580\" height=\"565\" src=\"https:\/\/wildcatcampers.eu\/wp-content\/uploads\/2025\/12\/Screenshot-2025-12-01-17.35.56.jpg\" class=\"uk-transition-zoomin-roof uk-transition-opaque\" alt=\"\" data-uk-cover=\"\" srcset=\"https:\/\/wildcatcampers.eu\/wp-content\/uploads\/2025\/12\/Screenshot-2025-12-01-17.35.56.jpg 613w, https:\/\/wildcatcampers.eu\/wp-content\/uploads\/2025\/12\/Screenshot-2025-12-01-17.35.56-300x292.jpg 300w, https:\/\/wildcatcampers.eu\/wp-content\/uploads\/2025\/12\/Screenshot-2025-12-01-17.35.56-12x12.jpg 12w, https:\/\/wildcatcampers.eu\/wp-content\/uploads\/2025\/12\/Screenshot-2025-12-01-17.35.56-600x584.jpg 600w\" sizes=\"(max-width: 580px) 100vw, 580px\" \/> <\/a><\/div><div class=\"ui-post-info-wrap\"><div class=\"uk-card-body\"><div class=\"ui-post-meta-top uk-article-meta uk-margin-small\" data-uk-margin><span class=\"ui-post-meta-author\">ar <a href=\"https:\/\/wildcatcampers.eu\/lv\/author\/admin\/\" title=\"Wildcat Team publik\u0101cijas\" rel=\"author\">Wildcat komanda<\/a><\/span><span class=\"ui-post-meta-category\"><a href=\"https:\/\/wildcatcampers.eu\/lv\/category\/blog\/\" rel=\"category tag\">Blogs<\/a><\/span><\/div><h3 class=\"ui-title uk-margin-remove-top uk-h3 uk-margin-bottom tz-title-gradient\"><a href=\"https:\/\/wildcatcampers.eu\/lv\/where-wildcat-mini-caravan-is-made\/\">Kur tiek ra\u017eota Wildcat mini karav\u0101na: Eiropas kvalit\u0101te, kurai varat uztic\u0113ties<\/a><\/h3><div class=\"ui-post-introtext\">Wildcat Campers m\u0113s koncentr\u0113jamies uz r\u016bp\u012bgu darbu, prec\u012bzu in\u017eenieriju un stabilu kvalit\u0101ti. M\u016bsu kemperi tiek ra\u017eoti Latvij\u0101, un ra\u017eo\u0161an\u0101 ir iesaist\u012bta vair\u0101k nek\u0101\u2026<\/div><a class=\"ui-post-button uk-button uk-button-custom uk-margin-custom-top uk-border-rounded\" href=\"https:\/\/wildcatcampers.eu\/lv\/where-wildcat-mini-caravan-is-made\/\">Las\u012bt vair\u0101k<span class=\"uipost-btn-icon-box\"><i class=\"fas fa-arrow-right uipost-btn-icon\" aria-hidden=\"true\"><\/i><\/span><\/a><\/div><\/div><\/div><\/article><article class=\"article-item\" data-tag=\"blog\" data-cat=\"blog\" data-date=\"2025-12-01\" data-hits=\"671\"><div class=\"uk-article uk-card  templaza-thumb-roof  uk-transition-toggle  uk-card-custom\"><div class=\"ui-post-roof-effect  uk-cover-container\"><a class=\"tz-img   uk-height-1-1 ui-post-thumbnail uk-display-block uk-card-media-top tz-image-cover uk-cover-container\" href=\"https:\/\/wildcatcampers.eu\/lv\/what-the-wildcat-trailer-body-is-made-of\/\"><img loading=\"lazy\" decoding=\"async\" width=\"580\" height=\"349\" src=\"https:\/\/wildcatcampers.eu\/wp-content\/uploads\/2025\/12\/VF405364-1024x616.jpg\" class=\"uk-transition-zoomin-roof uk-transition-opaque\" alt=\"\" data-uk-cover=\"\" srcset=\"https:\/\/wildcatcampers.eu\/wp-content\/uploads\/2025\/12\/VF405364-1024x616.jpg 1024w, https:\/\/wildcatcampers.eu\/wp-content\/uploads\/2025\/12\/VF405364-300x180.jpg 300w, https:\/\/wildcatcampers.eu\/wp-content\/uploads\/2025\/12\/VF405364-768x462.jpg 768w, https:\/\/wildcatcampers.eu\/wp-content\/uploads\/2025\/12\/VF405364-18x12.jpg 18w, https:\/\/wildcatcampers.eu\/wp-content\/uploads\/2025\/12\/VF405364-600x361.jpg 600w, https:\/\/wildcatcampers.eu\/wp-content\/uploads\/2025\/12\/VF405364.jpg 1500w\" sizes=\"(max-width: 580px) 100vw, 580px\" \/> <\/a><\/div><div class=\"ui-post-info-wrap\"><div class=\"uk-card-body\"><div class=\"ui-post-meta-top uk-article-meta uk-margin-small\" data-uk-margin><span class=\"ui-post-meta-author\">ar <a href=\"https:\/\/wildcatcampers.eu\/lv\/author\/admin\/\" title=\"Wildcat Team publik\u0101cijas\" rel=\"author\">Wildcat komanda<\/a><\/span><span class=\"ui-post-meta-category\"><a href=\"https:\/\/wildcatcampers.eu\/lv\/category\/blog\/\" rel=\"category tag\">Blogs<\/a><\/span><\/div><h3 class=\"ui-title uk-margin-remove-top uk-h3 uk-margin-bottom tz-title-gradient\"><a href=\"https:\/\/wildcatcampers.eu\/lv\/what-the-wildcat-trailer-body-is-made-of\/\">No k\u0101 izgatavots Wildcat piekabes virsb\u016bve<\/a><\/h3><div class=\"ui-post-introtext\">Wildcat mini karav\u0101nas jumts un aizmugur\u0113jais panelis ir izgatavoti no stikl\u0161\u0137iedras. Tas ir galvenais elements, kas nodro\u0161ina piekabes piln\u012bgu herm\u0113tiskumu\u2026<\/div><a class=\"ui-post-button uk-button uk-button-custom uk-margin-custom-top uk-border-rounded\" href=\"https:\/\/wildcatcampers.eu\/lv\/what-the-wildcat-trailer-body-is-made-of\/\">Las\u012bt vair\u0101k<span class=\"uipost-btn-icon-box\"><i class=\"fas fa-arrow-right uipost-btn-icon\" aria-hidden=\"true\"><\/i><\/span><\/a><\/div><\/div><\/div><\/article><\/div><\/div><\/div><\/div><\/div><div class=\"ui-post-pagination uk-text-center uk-margin-large-top\"><\/div><\/div><\/div>\t\t\t\t<\/div>\n\t\t\t\t<\/div>\n\t\t\t\t<\/div>\n\t\t\t\t<\/div>","protected":false},"excerpt":{"rendered":"<p>by Wildcat TeamBlog Our Eco Initiative: Wild Feast The name Wildcat reminds us of nature and the freedom it gives us. So we decided to give something back. Wild Feast is our small&#8230;Read more by Wildcat TeamBlog Where Wildcat mini caravan Is Made: European Quality You Can Trust At Wildcat Campers we focus on careful&hellip; <a class=\"more-link\" href=\"https:\/\/wildcatcampers.eu\/lv\/wildcat-campers-blog\/\">Turpin\u0101t las\u012bt <span class=\"screen-reader-text\">Blogs<\/span><\/a><\/p>","protected":false},"author":1,"featured_media":0,"parent":0,"menu_order":0,"comment_status":"closed","ping_status":"closed","template":"","meta":{"footnotes":""},"class_list":["post-19490","page","type-page","status-publish","hentry","layout-1","product-add-to-cart-ajax"],"yoast_head":"<!-- This site is optimized with the Yoast SEO Premium plugin v25.2 (Yoast SEO v27.3) - https:\/\/yoast.com\/product\/yoast-seo-premium-wordpress\/ -->\n<title>Wildcat Campers Blog | Van Life, Travel &amp; Camper Tips<\/title>\n<meta name=\"description\" content=\"Explore the Wildcat Campers blog for van life tips, camper travel guides, off-grid adventures and inspiration for your next journey.\" \/>\n<meta name=\"robots\" content=\"index, follow, max-snippet:-1, max-image-preview:large, max-video-preview:-1\" \/>\n<link rel=\"canonical\" href=\"https:\/\/wildcatcampers.eu\/lv\/wildcat-campers-blog\/\" \/>\n<meta property=\"og:locale\" content=\"lv_LV\" \/>\n<meta property=\"og:type\" content=\"article\" \/>\n<meta property=\"og:title\" content=\"Blog\" \/>\n<meta property=\"og:description\" content=\"Explore the Wildcat Campers blog for van life tips, camper travel guides, off-grid adventures and inspiration for your next journey.\" \/>\n<meta property=\"og:url\" content=\"https:\/\/wildcatcampers.eu\/lv\/wildcat-campers-blog\/\" \/>\n<meta property=\"og:site_name\" content=\"Wildcat Campers\" \/>\n<meta property=\"article:modified_time\" content=\"2026-01-30T09:47:11+00:00\" \/>\n<meta property=\"og:image\" content=\"https:\/\/wildcatcampers.eu\/wp-content\/uploads\/2025\/12\/thumb_show-1024x768.jpeg\" \/>\n<meta name=\"twitter:card\" content=\"summary_large_image\" \/>\n<meta name=\"twitter:label1\" content=\"Est. reading time\" \/>\n\t<meta name=\"twitter:data1\" content=\"3 min\u016btes\" \/>\n<script type=\"application\/ld+json\" class=\"yoast-schema-graph\">{\"@context\":\"https:\\\/\\\/schema.org\",\"@graph\":[{\"@type\":\"WebPage\",\"@id\":\"https:\\\/\\\/wildcatcampers.eu\\\/wildcat-campers-blog\\\/\",\"url\":\"https:\\\/\\\/wildcatcampers.eu\\\/wildcat-campers-blog\\\/\",\"name\":\"Wildcat Campers Blog | Van Life, Travel & Camper Tips\",\"isPartOf\":{\"@id\":\"https:\\\/\\\/wildcatcampers.eu\\\/#website\"},\"primaryImageOfPage\":{\"@id\":\"https:\\\/\\\/wildcatcampers.eu\\\/wildcat-campers-blog\\\/#primaryimage\"},\"image\":{\"@id\":\"https:\\\/\\\/wildcatcampers.eu\\\/wildcat-campers-blog\\\/#primaryimage\"},\"thumbnailUrl\":\"https:\\\/\\\/wildcatcampers.eu\\\/wp-content\\\/uploads\\\/2025\\\/12\\\/thumb_show-1024x768.jpeg\",\"datePublished\":\"2024-09-05T04:14:08+00:00\",\"dateModified\":\"2026-01-30T09:47:11+00:00\",\"description\":\"Explore the Wildcat Campers blog for van life tips, camper travel guides, off-grid adventures and inspiration for your next journey.\",\"breadcrumb\":{\"@id\":\"https:\\\/\\\/wildcatcampers.eu\\\/wildcat-campers-blog\\\/#breadcrumb\"},\"inLanguage\":\"lv-LV\",\"potentialAction\":[{\"@type\":\"ReadAction\",\"target\":[\"https:\\\/\\\/wildcatcampers.eu\\\/wildcat-campers-blog\\\/\"]}]},{\"@type\":\"ImageObject\",\"inLanguage\":\"lv-LV\",\"@id\":\"https:\\\/\\\/wildcatcampers.eu\\\/wildcat-campers-blog\\\/#primaryimage\",\"url\":\"https:\\\/\\\/wildcatcampers.eu\\\/wp-content\\\/uploads\\\/2025\\\/12\\\/thumb_show-1024x768.jpeg\",\"contentUrl\":\"https:\\\/\\\/wildcatcampers.eu\\\/wp-content\\\/uploads\\\/2025\\\/12\\\/thumb_show-1024x768.jpeg\"},{\"@type\":\"BreadcrumbList\",\"@id\":\"https:\\\/\\\/wildcatcampers.eu\\\/wildcat-campers-blog\\\/#breadcrumb\",\"itemListElement\":[{\"@type\":\"ListItem\",\"position\":1,\"name\":\"Home\",\"item\":\"https:\\\/\\\/wildcatcampers.eu\\\/\"},{\"@type\":\"ListItem\",\"position\":2,\"name\":\"Blog\"}]},{\"@type\":\"WebSite\",\"@id\":\"https:\\\/\\\/wildcatcampers.eu\\\/#website\",\"url\":\"https:\\\/\\\/wildcatcampers.eu\\\/\",\"name\":\"Wild Cat Campers\",\"description\":\"When Adventure Meets Comfort\",\"publisher\":{\"@id\":\"https:\\\/\\\/wildcatcampers.eu\\\/#organization\"},\"potentialAction\":[{\"@type\":\"SearchAction\",\"target\":{\"@type\":\"EntryPoint\",\"urlTemplate\":\"https:\\\/\\\/wildcatcampers.eu\\\/?s={search_term_string}\"},\"query-input\":{\"@type\":\"PropertyValueSpecification\",\"valueRequired\":true,\"valueName\":\"search_term_string\"}}],\"inLanguage\":\"lv-LV\"},{\"@type\":\"Organization\",\"@id\":\"https:\\\/\\\/wildcatcampers.eu\\\/#organization\",\"name\":\"Wild Cat Campers\",\"url\":\"https:\\\/\\\/wildcatcampers.eu\\\/\",\"logo\":{\"@type\":\"ImageObject\",\"inLanguage\":\"lv-LV\",\"@id\":\"https:\\\/\\\/wildcatcampers.eu\\\/#\\\/schema\\\/logo\\\/image\\\/\",\"url\":\"https:\\\/\\\/wildcatcampers.eu\\\/wp-content\\\/uploads\\\/2025\\\/04\\\/WildCat_Wheel-1.png\",\"contentUrl\":\"https:\\\/\\\/wildcatcampers.eu\\\/wp-content\\\/uploads\\\/2025\\\/04\\\/WildCat_Wheel-1.png\",\"width\":1520,\"height\":1586,\"caption\":\"Wild Cat Campers\"},\"image\":{\"@id\":\"https:\\\/\\\/wildcatcampers.eu\\\/#\\\/schema\\\/logo\\\/image\\\/\"}}]}<\/script>\n<!-- \/ Yoast SEO Premium plugin. -->","yoast_head_json":{"title":"Wildcat Campers emu\u0101rs | Dz\u012bve furgon\u0101, ce\u013co\u0161ana un padomi kemperiem","description":"Iepaz\u012bstieties ar Wildcat Campers emu\u0101ru, lai atrastu padomus par dz\u012bvi kemperos, ce\u013cojumu ce\u013cve\u017eus, piedz\u012bvojumus \u0101rpus elektrot\u012bkla un iedvesmu savam n\u0101kamajam ce\u013cojumam.","robots":{"index":"index","follow":"follow","max-snippet":"max-snippet:-1","max-image-preview":"max-image-preview:large","max-video-preview":"max-video-preview:-1"},"canonical":"https:\/\/wildcatcampers.eu\/lv\/wildcat-campers-blog\/","og_locale":"lv_LV","og_type":"article","og_title":"Blog","og_description":"Explore the Wildcat Campers blog for van life tips, camper travel guides, off-grid adventures and inspiration for your next journey.","og_url":"https:\/\/wildcatcampers.eu\/lv\/wildcat-campers-blog\/","og_site_name":"Wildcat Campers","article_modified_time":"2026-01-30T09:47:11+00:00","og_image":[{"url":"https:\/\/wildcatcampers.eu\/wp-content\/uploads\/2025\/12\/thumb_show-1024x768.jpeg","type":"","width":"","height":""}],"twitter_card":"summary_large_image","twitter_misc":{"Est. reading time":"3 min\u016btes"},"schema":{"@context":"https:\/\/schema.org","@graph":[{"@type":"WebPage","@id":"https:\/\/wildcatcampers.eu\/wildcat-campers-blog\/","url":"https:\/\/wildcatcampers.eu\/wildcat-campers-blog\/","name":"Wildcat Campers emu\u0101rs | Dz\u012bve furgon\u0101, ce\u013co\u0161ana un padomi kemperiem","isPartOf":{"@id":"https:\/\/wildcatcampers.eu\/#website"},"primaryImageOfPage":{"@id":"https:\/\/wildcatcampers.eu\/wildcat-campers-blog\/#primaryimage"},"image":{"@id":"https:\/\/wildcatcampers.eu\/wildcat-campers-blog\/#primaryimage"},"thumbnailUrl":"https:\/\/wildcatcampers.eu\/wp-content\/uploads\/2025\/12\/thumb_show-1024x768.jpeg","datePublished":"2024-09-05T04:14:08+00:00","dateModified":"2026-01-30T09:47:11+00:00","description":"Iepaz\u012bstieties ar Wildcat Campers emu\u0101ru, lai atrastu padomus par dz\u012bvi kemperos, ce\u013cojumu ce\u013cve\u017eus, piedz\u012bvojumus \u0101rpus elektrot\u012bkla un iedvesmu savam n\u0101kamajam ce\u013cojumam.","breadcrumb":{"@id":"https:\/\/wildcatcampers.eu\/wildcat-campers-blog\/#breadcrumb"},"inLanguage":"lv-LV","potentialAction":[{"@type":"ReadAction","target":["https:\/\/wildcatcampers.eu\/wildcat-campers-blog\/"]}]},{"@type":"ImageObject","inLanguage":"lv-LV","@id":"https:\/\/wildcatcampers.eu\/wildcat-campers-blog\/#primaryimage","url":"https:\/\/wildcatcampers.eu\/wp-content\/uploads\/2025\/12\/thumb_show-1024x768.jpeg","contentUrl":"https:\/\/wildcatcampers.eu\/wp-content\/uploads\/2025\/12\/thumb_show-1024x768.jpeg"},{"@type":"BreadcrumbList","@id":"https:\/\/wildcatcampers.eu\/wildcat-campers-blog\/#breadcrumb","itemListElement":[{"@type":"ListItem","position":1,"name":"Home","item":"https:\/\/wildcatcampers.eu\/"},{"@type":"ListItem","position":2,"name":"Blog"}]},{"@type":"WebSite","@id":"https:\/\/wildcatcampers.eu\/#website","url":"https:\/\/wildcatcampers.eu\/","name":"Savva\u013cas ka\u0137u kempingi","description":"Kad piedz\u012bvojums satiekas ar komfortu","publisher":{"@id":"https:\/\/wildcatcampers.eu\/#organization"},"potentialAction":[{"@type":"SearchAction","target":{"@type":"EntryPoint","urlTemplate":"https:\/\/wildcatcampers.eu\/?s={search_term_string}"},"query-input":{"@type":"PropertyValueSpecification","valueRequired":true,"valueName":"search_term_string"}}],"inLanguage":"lv-LV"},{"@type":"Organization","@id":"https:\/\/wildcatcampers.eu\/#organization","name":"Savva\u013cas ka\u0137u kempingi","url":"https:\/\/wildcatcampers.eu\/","logo":{"@type":"ImageObject","inLanguage":"lv-LV","@id":"https:\/\/wildcatcampers.eu\/#\/schema\/logo\/image\/","url":"https:\/\/wildcatcampers.eu\/wp-content\/uploads\/2025\/04\/WildCat_Wheel-1.png","contentUrl":"https:\/\/wildcatcampers.eu\/wp-content\/uploads\/2025\/04\/WildCat_Wheel-1.png","width":1520,"height":1586,"caption":"Wild Cat Campers"},"image":{"@id":"https:\/\/wildcatcampers.eu\/#\/schema\/logo\/image\/"}}]}},"_links":{"self":[{"href":"https:\/\/wildcatcampers.eu\/lv\/wp-json\/wp\/v2\/pages\/19490","targetHints":{"allow":["GET"]}}],"collection":[{"href":"https:\/\/wildcatcampers.eu\/lv\/wp-json\/wp\/v2\/pages"}],"about":[{"href":"https:\/\/wildcatcampers.eu\/lv\/wp-json\/wp\/v2\/types\/page"}],"author":[{"embeddable":true,"href":"https:\/\/wildcatcampers.eu\/lv\/wp-json\/wp\/v2\/users\/1"}],"replies":[{"embeddable":true,"href":"https:\/\/wildcatcampers.eu\/lv\/wp-json\/wp\/v2\/comments?post=19490"}],"version-history":[{"count":8,"href":"https:\/\/wildcatcampers.eu\/lv\/wp-json\/wp\/v2\/pages\/19490\/revisions"}],"predecessor-version":[{"id":25617,"href":"https:\/\/wildcatcampers.eu\/lv\/wp-json\/wp\/v2\/pages\/19490\/revisions\/25617"}],"wp:attachment":[{"href":"https:\/\/wildcatcampers.eu\/lv\/wp-json\/wp\/v2\/media?parent=19490"}],"curies":[{"name":"wp","href":"https:\/\/api.w.org\/{rel}","templated":true}]}}