{"id":16987,"date":"2025-04-13T17:00:44","date_gmt":"2025-04-13T16:00:44","guid":{"rendered":"https:\/\/wildcatcampers.eu\/cart\/"},"modified":"2025-11-24T10:27:24","modified_gmt":"2025-11-24T10:27:24","slug":"wildcat-campers-cart","status":"publish","type":"page","link":"https:\/\/wildcatcampers.eu\/lv\/wildcat-campers-cart\/","title":{"rendered":"Grozs"},"content":{"rendered":"<div data-block-name=\"woocommerce\/cart\" class=\"wp-block-woocommerce-cart alignwide is-loading\">\n<div data-block-name=\"woocommerce\/filled-cart-block\" class=\"wp-block-woocommerce-filled-cart-block\">\n<div data-block-name=\"woocommerce\/cart-items-block\" class=\"wp-block-woocommerce-cart-items-block\">\n<div data-block-name=\"woocommerce\/cart-line-items-block\" class=\"wp-block-woocommerce-cart-line-items-block\"><\/div>\n\n\n\n<div data-block-name=\"woocommerce\/cart-cross-sells-block\" class=\"wp-block-woocommerce-cart-cross-sells-block\">\n<h2 class=\"wp-block-heading has-large-font-size\">J\u016bs var\u0113tu interes\u0113t\u2026<\/h2>\n\n\n\n<div data-block-name=\"woocommerce\/cart-cross-sells-products-block\" class=\"wp-block-woocommerce-cart-cross-sells-products-block\"><\/div>\n<\/div>\n<\/div>\n\n\n\n<div data-block-name=\"woocommerce\/cart-totals-block\" class=\"wp-block-woocommerce-cart-totals-block\">\n<div data-block-name=\"woocommerce\/cart-order-summary-block\" class=\"wp-block-woocommerce-cart-order-summary-block\">\n<div data-block-name=\"woocommerce\/cart-order-summary-heading-block\" class=\"wp-block-woocommerce-cart-order-summary-heading-block\"><\/div><div data-block-name=\"woocommerce\/cart-order-summary-coupon-form-block\" class=\"wp-block-woocommerce-cart-order-summary-coupon-form-block\"><\/div><div data-block-name=\"woocommerce\/cart-order-summary-totals-block\" class=\"wp-block-woocommerce-cart-order-summary-totals-block\">\n<div data-block-name=\"woocommerce\/cart-order-summary-subtotal-block\" class=\"wp-block-woocommerce-cart-order-summary-subtotal-block\"><\/div>\n<div data-block-name=\"woocommerce\/cart-order-summary-discount-block\" class=\"wp-block-woocommerce-cart-order-summary-discount-block\"><\/div>\n<div data-block-name=\"woocommerce\/cart-order-summary-fee-block\" class=\"wp-block-woocommerce-cart-order-summary-fee-block\"><\/div>\n<div data-block-name=\"woocommerce\/cart-order-summary-shipping-block\" class=\"wp-block-woocommerce-cart-order-summary-shipping-block\"><\/div>\n<div data-block-name=\"woocommerce\/cart-order-summary-taxes-block\" class=\"wp-block-woocommerce-cart-order-summary-taxes-block\"><\/div><\/div>\n<\/div>\n\n\n\n<div data-block-name=\"woocommerce\/cart-express-payment-block\" class=\"wp-block-woocommerce-cart-express-payment-block\"><\/div>\n\n\n\n<div data-block-name=\"woocommerce\/proceed-to-checkout-block\" class=\"wp-block-woocommerce-proceed-to-checkout-block\"><\/div>\n\n\n\n<div data-block-name=\"woocommerce\/cart-accepted-payment-methods-block\" class=\"wp-block-woocommerce-cart-accepted-payment-methods-block\"><\/div>\n<\/div>\n<\/div>\n\n\n\n<div data-block-name=\"woocommerce\/empty-cart-block\" class=\"wp-block-woocommerce-empty-cart-block\">\n<h2 class=\"wp-block-heading has-text-align-center with-empty-cart-icon wc-block-cart__empty-cart__title\">J\u016bsu grozs pa\u0161laik ir tuk\u0161s!<\/h2>\n\n\n\n<hr class=\"wp-block-separator has-alpha-channel-opacity is-style-dots\"\/>\n\n\n\n<h2 class=\"wp-block-heading has-text-align-center\">Jaunums veikal\u0101<\/h2>\n\n\n<div data-block-name=\"woocommerce\/product-new\" data-columns=\"4\" data-rows=\"1\" class=\"wc-block-grid wp-block-product-new wp-block-woocommerce-product-new wc-block-product-new has-4-columns\"><ul class=\"wc-block-grid__products\"><li class=\"wc-block-grid__product\">\n\t\t\t\t<a href=\"https:\/\/wildcatcampers.eu\/lv\/product\/270-roof-side-awning-with-led-lighting\/\" class=\"wc-block-grid__product-link\">\n\t\t\t\t\t\n\t\t\t\t\t<div class=\"wc-block-grid__product-image\"><img fetchpriority=\"high\" decoding=\"async\" width=\"300\" height=\"300\" src=\"https:\/\/wildcatcampers.eu\/wp-content\/uploads\/2025\/05\/bebd0c1c-4615-4c8d-9d03-391225a9b9ae-2-1-300x300.jpg\" class=\"attachment-woocommerce_thumbnail size-woocommerce_thumbnail\" alt=\"270\u00b0 jumta s\u0101nu mark\u012bze ar LED apgaismojumu\" srcset=\"https:\/\/wildcatcampers.eu\/wp-content\/uploads\/2025\/05\/bebd0c1c-4615-4c8d-9d03-391225a9b9ae-2-1-300x300.jpg 300w, https:\/\/wildcatcampers.eu\/wp-content\/uploads\/2025\/05\/bebd0c1c-4615-4c8d-9d03-391225a9b9ae-2-1-150x150.jpg 150w, https:\/\/wildcatcampers.eu\/wp-content\/uploads\/2025\/05\/bebd0c1c-4615-4c8d-9d03-391225a9b9ae-2-1-500x500.jpg 500w\" sizes=\"(max-width: 300px) 100vw, 300px\" \/><\/div>\n\t\t\t\t\t<div class=\"wc-block-grid__product-title\">270\u00b0 jumta s\u0101nu mark\u012bze ar LED apgaismojumu<\/div>\n\t\t\t\t<\/a>\n\t\t\t\t<div class=\"wc-block-grid__product-price price\"><span class=\"woocommerce-Price-amount amount\">900,00&nbsp;<span class=\"woocommerce-Price-currencySymbol\">\u20ac<\/span><\/span><\/div>\n\t\t\t\t\n\t\t\t\t<div class=\"wp-block-button wc-block-grid__product-add-to-cart\"><a href=\"\/lv\/wp-json\/wp\/v2\/pages\/16987?add-to-cart=24498\" aria-label=\"Pievienot grozam: \u201c270\u00b0 jumta s\u0101nu mark\u012bze ar LED apgaismojumu\u201d\" data-quantity=\"1\" data-product_id=\"24498\" data-product_sku=\"\" data-price=\"900\" rel=\"nofollow\" class=\"wp-block-button__link  add_to_cart_button ajax_add_to_cart\">Pievienot grozam<\/a><\/div>\n\t\t\t<\/li><li class=\"wc-block-grid__product\">\n\t\t\t\t<a href=\"https:\/\/wildcatcampers.eu\/lv\/product\/270-degree-fan-awning-with-led-dark-grey\/\" class=\"wc-block-grid__product-link\">\n\t\t\t\t\t\n\t\t\t\t\t<div class=\"wc-block-grid__product-image\"><img decoding=\"async\" width=\"300\" height=\"300\" src=\"https:\/\/wildcatcampers.eu\/wp-content\/uploads\/2025\/05\/PHOTO-2025-05-06-12-10-58-300x300.jpg\" class=\"attachment-woocommerce_thumbnail size-woocommerce_thumbnail\" alt=\"270 gr\u0101du ventilatora mark\u012bze ar LED, tum\u0161i pel\u0113ka\" srcset=\"https:\/\/wildcatcampers.eu\/wp-content\/uploads\/2025\/05\/PHOTO-2025-05-06-12-10-58-300x300.jpg 300w, https:\/\/wildcatcampers.eu\/wp-content\/uploads\/2025\/05\/PHOTO-2025-05-06-12-10-58-150x150.jpg 150w, https:\/\/wildcatcampers.eu\/wp-content\/uploads\/2025\/05\/PHOTO-2025-05-06-12-10-58-500x500.jpg 500w\" sizes=\"(max-width: 300px) 100vw, 300px\" \/><\/div>\n\t\t\t\t\t<div class=\"wc-block-grid__product-title\">270 gr\u0101du ventilatora mark\u012bze ar LED, tum\u0161i pel\u0113ka<\/div>\n\t\t\t\t<\/a>\n\t\t\t\t<div class=\"wc-block-grid__product-price price\"><span class=\"woocommerce-Price-amount amount\">880,00&nbsp;<span class=\"woocommerce-Price-currencySymbol\">\u20ac<\/span><\/span><\/div>\n\t\t\t\t\n\t\t\t\t<div class=\"wp-block-button wc-block-grid__product-add-to-cart\"><a href=\"\/lv\/wp-json\/wp\/v2\/pages\/16987?add-to-cart=24494\" aria-label=\"Pievienot grozam: \u201c270 gr\u0101du ventilatora mark\u012bze ar LED gaismu, tum\u0161i pel\u0113ka\u201d\" data-quantity=\"1\" data-product_id=\"24494\" data-product_sku=\"\" data-price=\"880\" rel=\"nofollow\" class=\"wp-block-button__link  add_to_cart_button ajax_add_to_cart\">Pievienot grozam<\/a><\/div>\n\t\t\t<\/li><li class=\"wc-block-grid__product\">\n\t\t\t\t<a href=\"https:\/\/wildcatcampers.eu\/lv\/product\/aluminum-case-car-side-awning-tent\/\" class=\"wc-block-grid__product-link\">\n\t\t\t\t\t\n\t\t\t\t\t<div class=\"wc-block-grid__product-image\"><img decoding=\"async\" width=\"300\" height=\"300\" src=\"https:\/\/wildcatcampers.eu\/wp-content\/uploads\/2025\/05\/afd5d4c8-4e5a-4f7f-b66b-cffebbc464ac-300x300.jpg\" class=\"attachment-woocommerce_thumbnail size-woocommerce_thumbnail\" alt=\"Alum\u012bnija korpusa automa\u0161\u012bnas s\u0101nu tentu telts\" srcset=\"https:\/\/wildcatcampers.eu\/wp-content\/uploads\/2025\/05\/afd5d4c8-4e5a-4f7f-b66b-cffebbc464ac-300x300.jpg 300w, https:\/\/wildcatcampers.eu\/wp-content\/uploads\/2025\/05\/afd5d4c8-4e5a-4f7f-b66b-cffebbc464ac-150x150.jpg 150w, https:\/\/wildcatcampers.eu\/wp-content\/uploads\/2025\/05\/afd5d4c8-4e5a-4f7f-b66b-cffebbc464ac-500x500.jpg 500w\" sizes=\"(max-width: 300px) 100vw, 300px\" \/><\/div>\n\t\t\t\t\t<div class=\"wc-block-grid__product-title\">Alum\u012bnija korpusa automa\u0161\u012bnas s\u0101nu tentu telts<\/div>\n\t\t\t\t<\/a>\n\t\t\t\t<div class=\"wc-block-grid__product-price price\"><span class=\"woocommerce-Price-amount amount\">484,00&nbsp;<span class=\"woocommerce-Price-currencySymbol\">\u20ac<\/span><\/span><\/div>\n\t\t\t\t\n\t\t\t\t<div class=\"wp-block-button wc-block-grid__product-add-to-cart\"><a href=\"\/lv\/wp-json\/wp\/v2\/pages\/16987?add-to-cart=24492\" aria-label=\"Pievienot grozam: \u201cAlum\u012bnija korpusa automa\u0161\u012bnas s\u0101nu tentu telts\u201d\" data-quantity=\"1\" data-product_id=\"24492\" data-product_sku=\"\" data-price=\"484\" rel=\"nofollow\" class=\"wp-block-button__link  add_to_cart_button ajax_add_to_cart\">Pievienot grozam<\/a><\/div>\n\t\t\t<\/li><li class=\"wc-block-grid__product\">\n\t\t\t\t<a href=\"https:\/\/wildcatcampers.eu\/lv\/product\/car-side-awning-beige\/\" class=\"wc-block-grid__product-link\">\n\t\t\t\t\t\n\t\t\t\t\t<div class=\"wc-block-grid__product-image\"><img loading=\"lazy\" decoding=\"async\" width=\"300\" height=\"300\" src=\"https:\/\/wildcatcampers.eu\/wp-content\/uploads\/2025\/05\/PHOTO-2025-05-04-06-37-39-300x300.jpg\" class=\"attachment-woocommerce_thumbnail size-woocommerce_thumbnail\" alt=\"Automa\u0161\u012bnas s\u0101nu tenti\u0146\u0161 b\u0113\u0161s\" srcset=\"https:\/\/wildcatcampers.eu\/wp-content\/uploads\/2025\/05\/PHOTO-2025-05-04-06-37-39-300x300.jpg 300w, https:\/\/wildcatcampers.eu\/wp-content\/uploads\/2025\/05\/PHOTO-2025-05-04-06-37-39-150x150.jpg 150w, https:\/\/wildcatcampers.eu\/wp-content\/uploads\/2025\/05\/PHOTO-2025-05-04-06-37-39-500x500.jpg 500w\" sizes=\"(max-width: 300px) 100vw, 300px\" \/><\/div>\n\t\t\t\t\t<div class=\"wc-block-grid__product-title\">Automa\u0161\u012bnas s\u0101nu tenti\u0146\u0161 b\u0113\u0161s<\/div>\n\t\t\t\t<\/a>\n\t\t\t\t<div class=\"wc-block-grid__product-price price\"><span class=\"woocommerce-Price-amount amount\">505,00&nbsp;<span class=\"woocommerce-Price-currencySymbol\">\u20ac<\/span><\/span><\/div>\n\t\t\t\t\n\t\t\t\t<div class=\"wp-block-button wc-block-grid__product-add-to-cart\"><a href=\"\/lv\/wp-json\/wp\/v2\/pages\/16987?add-to-cart=24488\" aria-label=\"Pievienot grozam: \u201cAutoma\u0161\u012bnas s\u0101nu tenti\u0146\u0161 b\u0113\u0161\u0101 kr\u0101s\u0101\u201d\" data-quantity=\"1\" data-product_id=\"24488\" data-product_sku=\"\" data-price=\"505\" rel=\"nofollow\" class=\"wp-block-button__link  add_to_cart_button ajax_add_to_cart\">Pievienot grozam<\/a><\/div>\n\t\t\t<\/li><\/ul><\/div><\/div>\n<\/div>","protected":false},"excerpt":{"rendered":"","protected":false},"author":1,"featured_media":0,"parent":0,"menu_order":0,"comment_status":"closed","ping_status":"closed","template":"","meta":{"footnotes":""},"class_list":["post-16987","page","type-page","status-publish","hentry","layout-1","product-add-to-cart-ajax"],"yoast_head":"<!-- This site is optimized with the Yoast SEO Premium plugin v25.2 (Yoast SEO v27.3) - https:\/\/yoast.com\/product\/yoast-seo-premium-wordpress\/ -->\n<title>Wildcat Campers Cart<\/title>\n<meta name=\"description\" content=\"Check your Wildcat Campers cart, review selected items, update quantities and proceed securely to checkout when ready.\" \/>\n<meta name=\"robots\" content=\"index, follow, max-snippet:-1, max-image-preview:large, max-video-preview:-1\" \/>\n<link rel=\"canonical\" href=\"https:\/\/wildcatcampers.eu\/lv\/wildcat-campers-cart\/\" \/>\n<meta property=\"og:locale\" content=\"lv_LV\" \/>\n<meta property=\"og:type\" content=\"article\" \/>\n<meta property=\"og:title\" content=\"Cart\" \/>\n<meta property=\"og:description\" content=\"Check your Wildcat Campers cart, review selected items, update quantities and proceed securely to checkout when ready.\" \/>\n<meta property=\"og:url\" content=\"https:\/\/wildcatcampers.eu\/lv\/wildcat-campers-cart\/\" \/>\n<meta property=\"og:site_name\" content=\"Wildcat Campers\" \/>\n<meta property=\"article:modified_time\" content=\"2025-11-24T10:27:24+00:00\" \/>\n<meta name=\"twitter:card\" content=\"summary_large_image\" \/>\n<meta name=\"twitter:label1\" content=\"Est. reading time\" \/>\n\t<meta name=\"twitter:data1\" content=\"1 min\u016bte\" \/>\n<script type=\"application\/ld+json\" class=\"yoast-schema-graph\">{\"@context\":\"https:\\\/\\\/schema.org\",\"@graph\":[{\"@type\":\"WebPage\",\"@id\":\"https:\\\/\\\/wildcatcampers.eu\\\/wildcat-campers-cart\\\/\",\"url\":\"https:\\\/\\\/wildcatcampers.eu\\\/wildcat-campers-cart\\\/\",\"name\":\"Wildcat Campers Cart\",\"isPartOf\":{\"@id\":\"https:\\\/\\\/wildcatcampers.eu\\\/#website\"},\"datePublished\":\"2025-04-13T16:00:44+00:00\",\"dateModified\":\"2025-11-24T10:27:24+00:00\",\"description\":\"Check your Wildcat Campers cart, review selected items, update quantities and proceed securely to checkout when ready.\",\"breadcrumb\":{\"@id\":\"https:\\\/\\\/wildcatcampers.eu\\\/wildcat-campers-cart\\\/#breadcrumb\"},\"inLanguage\":\"lv-LV\",\"potentialAction\":[{\"@type\":\"ReadAction\",\"target\":[\"https:\\\/\\\/wildcatcampers.eu\\\/wildcat-campers-cart\\\/\"]}]},{\"@type\":\"BreadcrumbList\",\"@id\":\"https:\\\/\\\/wildcatcampers.eu\\\/wildcat-campers-cart\\\/#breadcrumb\",\"itemListElement\":[{\"@type\":\"ListItem\",\"position\":1,\"name\":\"Home\",\"item\":\"https:\\\/\\\/wildcatcampers.eu\\\/\"},{\"@type\":\"ListItem\",\"position\":2,\"name\":\"Cart\"}]},{\"@type\":\"WebSite\",\"@id\":\"https:\\\/\\\/wildcatcampers.eu\\\/#website\",\"url\":\"https:\\\/\\\/wildcatcampers.eu\\\/\",\"name\":\"Wild Cat Campers\",\"description\":\"When Adventure Meets Comfort\",\"publisher\":{\"@id\":\"https:\\\/\\\/wildcatcampers.eu\\\/#organization\"},\"potentialAction\":[{\"@type\":\"SearchAction\",\"target\":{\"@type\":\"EntryPoint\",\"urlTemplate\":\"https:\\\/\\\/wildcatcampers.eu\\\/?s={search_term_string}\"},\"query-input\":{\"@type\":\"PropertyValueSpecification\",\"valueRequired\":true,\"valueName\":\"search_term_string\"}}],\"inLanguage\":\"lv-LV\"},{\"@type\":\"Organization\",\"@id\":\"https:\\\/\\\/wildcatcampers.eu\\\/#organization\",\"name\":\"Wild Cat Campers\",\"url\":\"https:\\\/\\\/wildcatcampers.eu\\\/\",\"logo\":{\"@type\":\"ImageObject\",\"inLanguage\":\"lv-LV\",\"@id\":\"https:\\\/\\\/wildcatcampers.eu\\\/#\\\/schema\\\/logo\\\/image\\\/\",\"url\":\"https:\\\/\\\/wildcatcampers.eu\\\/wp-content\\\/uploads\\\/2025\\\/04\\\/WildCat_Wheel-1.png\",\"contentUrl\":\"https:\\\/\\\/wildcatcampers.eu\\\/wp-content\\\/uploads\\\/2025\\\/04\\\/WildCat_Wheel-1.png\",\"width\":1520,\"height\":1586,\"caption\":\"Wild Cat Campers\"},\"image\":{\"@id\":\"https:\\\/\\\/wildcatcampers.eu\\\/#\\\/schema\\\/logo\\\/image\\\/\"}}]}<\/script>\n<!-- \/ Yoast SEO Premium plugin. -->","yoast_head_json":{"title":"Wildcat Campers rati\u0146i","description":"P\u0101rbaudiet savu Wildcat Campers grozu, p\u0101rskatiet atlas\u012bt\u0101s preces, atjauniniet daudzumus un dro\u0161i p\u0101rejiet uz nor\u0113\u0137in\u0101\u0161anos, kad esat gatavs.","robots":{"index":"index","follow":"follow","max-snippet":"max-snippet:-1","max-image-preview":"max-image-preview:large","max-video-preview":"max-video-preview:-1"},"canonical":"https:\/\/wildcatcampers.eu\/lv\/wildcat-campers-cart\/","og_locale":"lv_LV","og_type":"article","og_title":"Cart","og_description":"Check your Wildcat Campers cart, review selected items, update quantities and proceed securely to checkout when ready.","og_url":"https:\/\/wildcatcampers.eu\/lv\/wildcat-campers-cart\/","og_site_name":"Wildcat Campers","article_modified_time":"2025-11-24T10:27:24+00:00","twitter_card":"summary_large_image","twitter_misc":{"Est. reading time":"1 min\u016bte"},"schema":{"@context":"https:\/\/schema.org","@graph":[{"@type":"WebPage","@id":"https:\/\/wildcatcampers.eu\/wildcat-campers-cart\/","url":"https:\/\/wildcatcampers.eu\/wildcat-campers-cart\/","name":"Wildcat Campers rati\u0146i","isPartOf":{"@id":"https:\/\/wildcatcampers.eu\/#website"},"datePublished":"2025-04-13T16:00:44+00:00","dateModified":"2025-11-24T10:27:24+00:00","description":"P\u0101rbaudiet savu Wildcat Campers grozu, p\u0101rskatiet atlas\u012bt\u0101s preces, atjauniniet daudzumus un dro\u0161i p\u0101rejiet uz nor\u0113\u0137in\u0101\u0161anos, kad esat gatavs.","breadcrumb":{"@id":"https:\/\/wildcatcampers.eu\/wildcat-campers-cart\/#breadcrumb"},"inLanguage":"lv-LV","potentialAction":[{"@type":"ReadAction","target":["https:\/\/wildcatcampers.eu\/wildcat-campers-cart\/"]}]},{"@type":"BreadcrumbList","@id":"https:\/\/wildcatcampers.eu\/wildcat-campers-cart\/#breadcrumb","itemListElement":[{"@type":"ListItem","position":1,"name":"Home","item":"https:\/\/wildcatcampers.eu\/"},{"@type":"ListItem","position":2,"name":"Cart"}]},{"@type":"WebSite","@id":"https:\/\/wildcatcampers.eu\/#website","url":"https:\/\/wildcatcampers.eu\/","name":"Savva\u013cas ka\u0137u kempingi","description":"Kad piedz\u012bvojums satiekas ar komfortu","publisher":{"@id":"https:\/\/wildcatcampers.eu\/#organization"},"potentialAction":[{"@type":"SearchAction","target":{"@type":"EntryPoint","urlTemplate":"https:\/\/wildcatcampers.eu\/?s={search_term_string}"},"query-input":{"@type":"PropertyValueSpecification","valueRequired":true,"valueName":"search_term_string"}}],"inLanguage":"lv-LV"},{"@type":"Organization","@id":"https:\/\/wildcatcampers.eu\/#organization","name":"Savva\u013cas ka\u0137u kempingi","url":"https:\/\/wildcatcampers.eu\/","logo":{"@type":"ImageObject","inLanguage":"lv-LV","@id":"https:\/\/wildcatcampers.eu\/#\/schema\/logo\/image\/","url":"https:\/\/wildcatcampers.eu\/wp-content\/uploads\/2025\/04\/WildCat_Wheel-1.png","contentUrl":"https:\/\/wildcatcampers.eu\/wp-content\/uploads\/2025\/04\/WildCat_Wheel-1.png","width":1520,"height":1586,"caption":"Wild Cat Campers"},"image":{"@id":"https:\/\/wildcatcampers.eu\/#\/schema\/logo\/image\/"}}]}},"_links":{"self":[{"href":"https:\/\/wildcatcampers.eu\/lv\/wp-json\/wp\/v2\/pages\/16987","targetHints":{"allow":["GET"]}}],"collection":[{"href":"https:\/\/wildcatcampers.eu\/lv\/wp-json\/wp\/v2\/pages"}],"about":[{"href":"https:\/\/wildcatcampers.eu\/lv\/wp-json\/wp\/v2\/types\/page"}],"author":[{"embeddable":true,"href":"https:\/\/wildcatcampers.eu\/lv\/wp-json\/wp\/v2\/users\/1"}],"replies":[{"embeddable":true,"href":"https:\/\/wildcatcampers.eu\/lv\/wp-json\/wp\/v2\/comments?post=16987"}],"version-history":[{"count":1,"href":"https:\/\/wildcatcampers.eu\/lv\/wp-json\/wp\/v2\/pages\/16987\/revisions"}],"predecessor-version":[{"id":25474,"href":"https:\/\/wildcatcampers.eu\/lv\/wp-json\/wp\/v2\/pages\/16987\/revisions\/25474"}],"wp:attachment":[{"href":"https:\/\/wildcatcampers.eu\/lv\/wp-json\/wp\/v2\/media?parent=16987"}],"curies":[{"name":"wp","href":"https:\/\/api.w.org\/{rel}","templated":true}]}}